{"id":9351,"date":"2025-11-22T23:26:13","date_gmt":"2025-11-22T23:26:13","guid":{"rendered":"https:\/\/nawarpharmacy.com\/?post_type=product&#038;p=9351"},"modified":"2026-02-05T18:55:23","modified_gmt":"2026-02-05T18:55:23","slug":"devita-d3k2-60-tablets","status":"publish","type":"product","link":"https:\/\/nawarpharmacy.com\/de\/produkt\/devita-d3k2-60-tablets\/","title":{"rendered":"Devita D3K2 60 Tabletten"},"content":{"rendered":"<article class=\"text-token-text-primary w-full focus:outline-none [--shadow-height:45px] has-data-writing-block:pointer-events-none has-data-writing-block:-mt-(--shadow-height) has-data-writing-block:pt-(--shadow-height) [&amp;:has([data-writing-block])&gt;*]:pointer-events-auto [content-visibility:auto] supports-[content-visibility:auto]:[contain-intrinsic-size:auto_100lvh] scroll-mt-[calc(var(--header-height)+min(200px,max(70px,20svh)))]\" dir=\"auto\" data-turn-id=\"request-692073f5-3f80-832c-872f-7626d4388ea8-63\" data-testid=\"conversation-turn-144\" data-scroll-anchor=\"true\" data-turn=\"assistant\">\n<div class=\"text-base my-auto mx-auto pb-10 [--thread-content-margin:--spacing(4)] thread-sm:[--thread-content-margin:--spacing(6)] thread-lg:[--thread-content-margin:--spacing(16)] px-(--thread-content-margin)\">\n<div class=\"[--thread-content-max-width:40rem] thread-lg:[--thread-content-max-width:48rem] mx-auto max-w-(--thread-content-max-width) flex-1 group\/turn-messages focus-visible:outline-hidden relative flex w-full min-w-0 flex-col agent-turn\">\n<div class=\"flex max-w-full flex-col grow\">\n<div class=\"min-h-8 text-message relative flex w-full flex-col items-end gap-2 text-start break-words whitespace-normal [.text-message+&amp;]:mt-1\" dir=\"auto\" data-message-author-role=\"assistant\" data-message-id=\"75e59861-b8f8-4ab6-bfa7-22070832328d\" data-message-model-slug=\"gpt-5-1\">\n<div class=\"flex w-full flex-col gap-1 empty:hidden first:pt-[1px]\">\n<div class=\"markdown prose dark:prose-invert w-full break-words light markdown-new-styling\">\n<p data-start=\"1538\" data-end=\"1567\"><strong data-start=\"1538\" data-end=\"1567\">Devita D3K2 60 Tabletten<\/strong><\/p>\n<p data-start=\"1569\" data-end=\"1602\"><strong data-start=\"1569\" data-end=\"1590\">Darreichungsform:<\/strong><br data-start=\"1590\" data-end=\"1593\" \/>Tabletten<\/p>\n<p data-start=\"1604\" data-end=\"1645\"><strong data-start=\"1604\" data-end=\"1643\">Aktive Bestandteile (pro Tablette):<\/strong><\/p>\n<ul data-start=\"1646\" data-end=\"1733\">\n<li data-start=\"1646\" data-end=\"1690\">\n<p data-start=\"1648\" data-end=\"1690\">Vitamin D\u2083 (Cholecalciferol) \u2014 1000 I.E.<\/p>\n<\/li>\n<li data-start=\"1691\" data-end=\"1733\">\n<p data-start=\"1693\" data-end=\"1733\">Vitamin K\u2082 (Menachinon-7, MK-7) \u2014 100 \u00b5g<\/p>\n<\/li>\n<\/ul>\n<p data-start=\"1735\" data-end=\"1759\"><strong data-start=\"1735\" data-end=\"1757\">Anwendungsgebiete:<\/strong><\/p>\n<ul data-start=\"1760\" data-end=\"1993\">\n<li data-start=\"1760\" data-end=\"1823\">\n<p data-start=\"1762\" data-end=\"1823\">Unterst\u00fctzung der Knochengesundheit und der Calciumaufnahme<\/p>\n<\/li>\n<li data-start=\"1824\" data-end=\"1849\">\n<p data-start=\"1826\" data-end=\"1849\">Erhalt gesunder Z\u00e4hne<\/p>\n<\/li>\n<li data-start=\"1850\" data-end=\"1945\">\n<p data-start=\"1852\" data-end=\"1945\">Unterst\u00fctzung der Herz-Kreislauf-Gesundheit durch eine korrekte Calciumverteilung im K\u00f6rper<\/p>\n<\/li>\n<li data-start=\"1946\" data-end=\"1993\">\n<p data-start=\"1948\" data-end=\"1993\">Geeignet bei Vitamin-D- oder Vitamin-K-Mangel<\/p>\n<\/li>\n<\/ul>\n<p data-start=\"1995\" data-end=\"2119\"><strong data-start=\"1995\" data-end=\"2023\">Dosierung und Anwendung:<\/strong><br data-start=\"2023\" data-end=\"2026\" \/>1 Tablette t\u00e4glich einnehmen, vorzugsweise zu einer Mahlzeit, oder gem\u00e4\u00df \u00e4rztlicher Anweisung<\/p>\n<p data-start=\"2121\" data-end=\"2141\"><strong data-start=\"2121\" data-end=\"2139\">Gegenanzeigen:<\/strong><\/p>\n<ul data-start=\"2142\" data-end=\"2297\">\n<li data-start=\"2142\" data-end=\"2207\">\n<p data-start=\"2144\" data-end=\"2207\">\u00dcberempfindlichkeit gegen einen der Bestandteile der Tablette<\/p>\n<\/li>\n<li data-start=\"2208\" data-end=\"2297\">\n<p data-start=\"2210\" data-end=\"2297\">Nicht empfohlen bei Patienten unter Antikoagulationstherapie ohne \u00e4rztliche \u00dcberwachung<\/p>\n<\/li>\n<\/ul>\n<p data-start=\"2299\" data-end=\"2324\"><strong data-start=\"2299\" data-end=\"2322\">Vorsichtsma\u00dfnahmen:<\/strong><\/p>\n<ul data-start=\"2325\" data-end=\"2523\">\n<li data-start=\"2325\" data-end=\"2373\">\n<p data-start=\"2327\" data-end=\"2373\">Die empfohlene Dosierung nicht \u00fcberschreiten<\/p>\n<\/li>\n<li data-start=\"2374\" data-end=\"2485\">\n<p data-start=\"2376\" data-end=\"2485\">R\u00fccksprache mit einem Arzt bei Schwangerschaft, Stillzeit oder bei langfristiger Einnahme von Arzneimitteln<\/p>\n<\/li>\n<li data-start=\"2486\" data-end=\"2523\">\n<p data-start=\"2488\" data-end=\"2523\">F\u00fcr Kinder unzug\u00e4nglich aufbewahren<\/p>\n<\/li>\n<\/ul>\n<p data-start=\"2525\" data-end=\"2546\"><strong data-start=\"2525\" data-end=\"2544\">Nebenwirkungen:<\/strong><\/p>\n<ul data-start=\"2547\" data-end=\"2659\">\n<li data-start=\"2547\" data-end=\"2579\">\n<p data-start=\"2549\" data-end=\"2579\">In der Regel gut vertr\u00e4glich<\/p>\n<\/li>\n<li data-start=\"2580\" data-end=\"2659\">\n<p data-start=\"2582\" data-end=\"2659\">Selten: \u00dcbelkeit, Magenbeschwerden, Kopfschmerzen oder allergische Reaktionen<\/p>\n<\/li>\n<\/ul>\n<p data-start=\"2661\" data-end=\"2737\"><strong data-start=\"2661\" data-end=\"2674\">Lagerung:<\/strong><br data-start=\"2674\" data-end=\"2677\" \/>K\u00fchl und trocken lagern, vor Licht und Feuchtigkeit sch\u00fctzen<\/p>\n<\/div>\n<\/div>\n<\/div>\n<\/div>\n<\/div>\n<\/div>\n<\/article>\n","protected":false},"excerpt":{"rendered":"<p>Devita D3K2 60 Tabletten Darreichungsform:Tabletten Aktive Bestandteile (pro Tablette): Vitamin D\u2083 (Cholecalciferol) \u2014 1000 I.E. Vitamin K\u2082 (Menachinon-7, MK-7) \u2014 100 \u00b5g Anwendungsgebiete: Unterst\u00fctzung der Knochengesundheit und der Calciumaufnahme Erhalt gesunder Z\u00e4hne Unterst\u00fctzung der Herz-Kreislauf-Gesundheit durch eine korrekte Calciumverteilung im K\u00f6rper Geeignet bei Vitamin-D- oder Vitamin-K-Mangel Dosierung und Anwendung:1 Tablette t\u00e4glich einnehmen, vorzugsweise zu einer&#8230;<\/p>\n","protected":false},"featured_media":9350,"comment_status":"open","ping_status":"closed","template":"","meta":{"rs_blank_template":"","rs_page_bg_color":"","slide_template_v7":"","_bst_post_transparent":"default","_bst_post_title":"","_bst_post_layout":"default","_bst_post_sidebar_id":"","_bst_post_content_style":"default","_bst_post_vertical_padding":"default","_bst_post_feature":"","_bst_post_feature_position":"","_bst_post_header":false,"_bst_post_footer":false},"product_brand":[],"product_cat":[351,239,217,457,229],"product_tag":[],"product_brands":[],"class_list":{"0":"post-9351","1":"product","2":"type-product","3":"status-publish","4":"has-post-thumbnail","6":"product_cat-medical-forms","7":"product_cat-bone-joint-health","8":"product_cat-medicines","9":"product_cat-tablets-capsules","10":"product_cat-vitamins-general-supplements","12":"first","13":"instock","14":"shipping-taxable","15":"purchasable","16":"product-type-simple","17":"entry","18":"content-bg","19":"loop-entry"},"_links":{"self":[{"href":"https:\/\/nawarpharmacy.com\/de\/wp-json\/wp\/v2\/product\/9351","targetHints":{"allow":["GET"]}}],"collection":[{"href":"https:\/\/nawarpharmacy.com\/de\/wp-json\/wp\/v2\/product"}],"about":[{"href":"https:\/\/nawarpharmacy.com\/de\/wp-json\/wp\/v2\/types\/product"}],"replies":[{"embeddable":true,"href":"https:\/\/nawarpharmacy.com\/de\/wp-json\/wp\/v2\/comments?post=9351"}],"wp:featuredmedia":[{"embeddable":true,"href":"https:\/\/nawarpharmacy.com\/de\/wp-json\/wp\/v2\/media\/9350"}],"wp:attachment":[{"href":"https:\/\/nawarpharmacy.com\/de\/wp-json\/wp\/v2\/media?parent=9351"}],"wp:term":[{"taxonomy":"product_brand","embeddable":true,"href":"https:\/\/nawarpharmacy.com\/de\/wp-json\/wp\/v2\/product_brand?post=9351"},{"taxonomy":"product_cat","embeddable":true,"href":"https:\/\/nawarpharmacy.com\/de\/wp-json\/wp\/v2\/product_cat?post=9351"},{"taxonomy":"product_tag","embeddable":true,"href":"https:\/\/nawarpharmacy.com\/de\/wp-json\/wp\/v2\/product_tag?post=9351"},{"taxonomy":"product_brands","embeddable":true,"href":"https:\/\/nawarpharmacy.com\/de\/wp-json\/wp\/v2\/product_brands?post=9351"}],"curies":[{"name":"wp","href":"https:\/\/api.w.org\/{rel}","templated":true}]}}