{"id":9347,"date":"2025-11-22T23:27:19","date_gmt":"2025-11-22T23:27:19","guid":{"rendered":"https:\/\/nawarpharmacy.com\/?post_type=product&#038;p=9347"},"modified":"2026-02-05T18:52:47","modified_gmt":"2026-02-05T18:52:47","slug":"dendra-30-tablets","status":"publish","type":"product","link":"https:\/\/nawarpharmacy.com\/de\/produkt\/dendra-30-tablets\/","title":{"rendered":"Dendra 30 Tabletten"},"content":{"rendered":"<article class=\"text-token-text-primary w-full focus:outline-none [--shadow-height:45px] has-data-writing-block:pointer-events-none has-data-writing-block:-mt-(--shadow-height) has-data-writing-block:pt-(--shadow-height) [&amp;:has([data-writing-block])&gt;*]:pointer-events-auto [content-visibility:auto] supports-[content-visibility:auto]:[contain-intrinsic-size:auto_100lvh] scroll-mt-[calc(var(--header-height)+min(200px,max(70px,20svh)))]\" dir=\"auto\" data-turn-id=\"6674e240-50ec-4667-8618-2e512c984c1a\" data-testid=\"conversation-turn-142\" data-scroll-anchor=\"true\" data-turn=\"assistant\">\n<div class=\"text-base my-auto mx-auto pb-10 [--thread-content-margin:--spacing(4)] thread-sm:[--thread-content-margin:--spacing(6)] thread-lg:[--thread-content-margin:--spacing(16)] px-(--thread-content-margin)\">\n<div class=\"[--thread-content-max-width:40rem] thread-lg:[--thread-content-max-width:48rem] mx-auto max-w-(--thread-content-max-width) flex-1 group\/turn-messages focus-visible:outline-hidden relative flex w-full min-w-0 flex-col agent-turn\">\n<div class=\"flex max-w-full flex-col grow\">\n<div class=\"min-h-8 text-message relative flex w-full flex-col items-end gap-2 text-start break-words whitespace-normal [.text-message+&amp;]:mt-1\" dir=\"auto\" data-message-author-role=\"assistant\" data-message-id=\"2ec4fd66-88cf-4d53-af1a-4fc468ff4254\" data-message-model-slug=\"gpt-5-1\">\n<div class=\"flex w-full flex-col gap-1 empty:hidden first:pt-[1px]\">\n<div class=\"markdown prose dark:prose-invert w-full break-words light markdown-new-styling\">\n<p data-start=\"1677\" data-end=\"1701\"><strong data-start=\"1677\" data-end=\"1701\">Dendra 30 Tabletten<\/strong><\/p>\n<p data-start=\"1703\" data-end=\"1736\"><strong data-start=\"1703\" data-end=\"1724\">Darreichungsform:<\/strong><br data-start=\"1724\" data-end=\"1727\" \/>Tabletten<\/p>\n<p data-start=\"1738\" data-end=\"1779\"><strong data-start=\"1738\" data-end=\"1777\">Aktive Bestandteile (pro Tablette):<\/strong><\/p>\n<ul data-start=\"1780\" data-end=\"1900\">\n<li data-start=\"1780\" data-end=\"1806\">\n<p data-start=\"1782\" data-end=\"1806\">Myo-Inositol \u2014 2000 mg<\/p>\n<\/li>\n<li data-start=\"1807\" data-end=\"1835\">\n<p data-start=\"1809\" data-end=\"1835\">D-Chiro-Inositol \u2014 50 mg<\/p>\n<\/li>\n<li data-start=\"1836\" data-end=\"1857\">\n<p data-start=\"1838\" data-end=\"1857\">Fols\u00e4ure \u2014 400 \u00b5g<\/p>\n<\/li>\n<li data-start=\"1858\" data-end=\"1900\">\n<p data-start=\"1860\" data-end=\"1900\">Vitamin D\u2083 (Cholecalciferol) \u2014 1000 I.E.<\/p>\n<\/li>\n<\/ul>\n<p data-start=\"1902\" data-end=\"1926\"><strong data-start=\"1902\" data-end=\"1924\">Anwendungsgebiete:<\/strong><\/p>\n<ul data-start=\"1927\" data-end=\"2247\">\n<li data-start=\"1927\" data-end=\"1986\">\n<p data-start=\"1929\" data-end=\"1986\">Unterst\u00fctzung des hormonellen Gleichgewichts bei Frauen<\/p>\n<\/li>\n<li data-start=\"1987\" data-end=\"2020\">\n<p data-start=\"1989\" data-end=\"2020\">F\u00f6rderung der Ovarialfunktion<\/p>\n<\/li>\n<li data-start=\"2021\" data-end=\"2077\">\n<p data-start=\"2023\" data-end=\"2077\">Unterst\u00fctzung eines regelm\u00e4\u00dfigen Menstruationszyklus<\/p>\n<\/li>\n<li data-start=\"2078\" data-end=\"2180\">\n<p data-start=\"2080\" data-end=\"2180\">Kann zur Verbesserung des metabolischen Profils bei polyzystischem Ovarialsyndrom (PCOS) beitragen<\/p>\n<\/li>\n<li data-start=\"2181\" data-end=\"2247\">\n<p data-start=\"2183\" data-end=\"2247\">Unterst\u00fctzung der Fruchtbarkeit und der reproduktiven Gesundheit<\/p>\n<\/li>\n<\/ul>\n<p data-start=\"2249\" data-end=\"2373\"><strong data-start=\"2249\" data-end=\"2277\">Dosierung und Anwendung:<\/strong><br data-start=\"2277\" data-end=\"2280\" \/>1 Tablette t\u00e4glich einnehmen, vorzugsweise zu einer Mahlzeit, oder gem\u00e4\u00df \u00e4rztlicher Anweisung<\/p>\n<p data-start=\"2375\" data-end=\"2395\"><strong data-start=\"2375\" data-end=\"2393\">Gegenanzeigen:<\/strong><\/p>\n<ul data-start=\"2396\" data-end=\"2460\">\n<li data-start=\"2396\" data-end=\"2460\">\n<p data-start=\"2398\" data-end=\"2460\">\u00dcberempfindlichkeit gegen einen der Bestandteile des Pr\u00e4parats<\/p>\n<\/li>\n<\/ul>\n<p data-start=\"2462\" data-end=\"2487\"><strong data-start=\"2462\" data-end=\"2485\">Vorsichtsma\u00dfnahmen:<\/strong><\/p>\n<ul data-start=\"2488\" data-end=\"2707\">\n<li data-start=\"2488\" data-end=\"2599\">\n<p data-start=\"2490\" data-end=\"2599\">R\u00fccksprache mit einem Arzt bei Schwangerschaft, Stillzeit oder gleichzeitiger Einnahme anderer Arzneimittel<\/p>\n<\/li>\n<li data-start=\"2600\" data-end=\"2669\">\n<p data-start=\"2602\" data-end=\"2669\">Kein Ersatz f\u00fcr eine ausgewogene und abwechslungsreiche Ern\u00e4hrung<\/p>\n<\/li>\n<li data-start=\"2670\" data-end=\"2707\">\n<p data-start=\"2672\" data-end=\"2707\">F\u00fcr Kinder unzug\u00e4nglich aufbewahren<\/p>\n<\/li>\n<\/ul>\n<p data-start=\"2709\" data-end=\"2730\"><strong data-start=\"2709\" data-end=\"2728\">Nebenwirkungen:<\/strong><\/p>\n<ul data-start=\"2731\" data-end=\"2840\">\n<li data-start=\"2731\" data-end=\"2763\">\n<p data-start=\"2733\" data-end=\"2763\">In der Regel gut vertr\u00e4glich<\/p>\n<\/li>\n<li data-start=\"2764\" data-end=\"2840\">\n<p data-start=\"2766\" data-end=\"2840\">Selten: leichte gastrointestinale Beschwerden, \u00dcbelkeit oder Kopfschmerzen<\/p>\n<\/li>\n<\/ul>\n<p data-start=\"2842\" data-end=\"2923\"><strong data-start=\"2842\" data-end=\"2855\">Lagerung:<\/strong><br data-start=\"2855\" data-end=\"2858\" \/>K\u00fchl und trocken lagern, vor direkter Sonneneinstrahlung sch\u00fctzen<\/p>\n<\/div>\n<\/div>\n<\/div>\n<\/div>\n<\/div>\n<\/div>\n<\/article>\n","protected":false},"excerpt":{"rendered":"<p>Dendra 30 Tabletten Darreichungsform:Tabletten Aktive Bestandteile (pro Tablette): Myo-Inositol \u2014 2000 mg D-Chiro-Inositol \u2014 50 mg Fols\u00e4ure \u2014 400 \u00b5g Vitamin D\u2083 (Cholecalciferol) \u2014 1000 I.E. Anwendungsgebiete: Unterst\u00fctzung des hormonellen Gleichgewichts bei Frauen F\u00f6rderung der Ovarialfunktion Unterst\u00fctzung eines regelm\u00e4\u00dfigen Menstruationszyklus Kann zur Verbesserung des metabolischen Profils bei polyzystischem Ovarialsyndrom (PCOS) beitragen Unterst\u00fctzung der Fruchtbarkeit und&#8230;<\/p>\n","protected":false},"featured_media":9346,"comment_status":"open","ping_status":"closed","template":"","meta":{"rs_blank_template":"","rs_page_bg_color":"","slide_template_v7":"","_bst_post_transparent":"default","_bst_post_title":"","_bst_post_layout":"default","_bst_post_sidebar_id":"","_bst_post_content_style":"default","_bst_post_vertical_padding":"default","_bst_post_feature":"","_bst_post_feature_position":"","_bst_post_header":false,"_bst_post_footer":false},"product_brand":[],"product_cat":[351,217,277,457,229],"product_tag":[],"product_brands":[],"class_list":{"0":"post-9347","1":"product","2":"type-product","3":"status-publish","4":"has-post-thumbnail","6":"product_cat-medical-forms","7":"product_cat-medicines","8":"product_cat-nervous-system-medications","9":"product_cat-tablets-capsules","10":"product_cat-vitamins-general-supplements","12":"first","13":"instock","14":"shipping-taxable","15":"purchasable","16":"product-type-simple","17":"entry","18":"content-bg","19":"loop-entry"},"_links":{"self":[{"href":"https:\/\/nawarpharmacy.com\/de\/wp-json\/wp\/v2\/product\/9347","targetHints":{"allow":["GET"]}}],"collection":[{"href":"https:\/\/nawarpharmacy.com\/de\/wp-json\/wp\/v2\/product"}],"about":[{"href":"https:\/\/nawarpharmacy.com\/de\/wp-json\/wp\/v2\/types\/product"}],"replies":[{"embeddable":true,"href":"https:\/\/nawarpharmacy.com\/de\/wp-json\/wp\/v2\/comments?post=9347"}],"wp:featuredmedia":[{"embeddable":true,"href":"https:\/\/nawarpharmacy.com\/de\/wp-json\/wp\/v2\/media\/9346"}],"wp:attachment":[{"href":"https:\/\/nawarpharmacy.com\/de\/wp-json\/wp\/v2\/media?parent=9347"}],"wp:term":[{"taxonomy":"product_brand","embeddable":true,"href":"https:\/\/nawarpharmacy.com\/de\/wp-json\/wp\/v2\/product_brand?post=9347"},{"taxonomy":"product_cat","embeddable":true,"href":"https:\/\/nawarpharmacy.com\/de\/wp-json\/wp\/v2\/product_cat?post=9347"},{"taxonomy":"product_tag","embeddable":true,"href":"https:\/\/nawarpharmacy.com\/de\/wp-json\/wp\/v2\/product_tag?post=9347"},{"taxonomy":"product_brands","embeddable":true,"href":"https:\/\/nawarpharmacy.com\/de\/wp-json\/wp\/v2\/product_brands?post=9347"}],"curies":[{"name":"wp","href":"https:\/\/api.w.org\/{rel}","templated":true}]}}