{"id":9341,"date":"2025-11-24T11:58:59","date_gmt":"2025-11-24T11:58:59","guid":{"rendered":"https:\/\/nawarpharmacy.com\/?post_type=product&#038;p=9341"},"modified":"2026-02-05T18:51:38","modified_gmt":"2026-02-05T18:51:38","slug":"royal-jelly-1000mg-12-capsules","status":"publish","type":"product","link":"https:\/\/nawarpharmacy.com\/de\/produkt\/royal-jelly-1000mg-12-capsules\/","title":{"rendered":"Gel\u00e9e Royale 1000mg 12 Kapseln"},"content":{"rendered":"<article class=\"text-token-text-primary w-full focus:outline-none [--shadow-height:45px] has-data-writing-block:pointer-events-none has-data-writing-block:-mt-(--shadow-height) has-data-writing-block:pt-(--shadow-height) [&amp;:has([data-writing-block])&gt;*]:pointer-events-auto [content-visibility:auto] supports-[content-visibility:auto]:[contain-intrinsic-size:auto_100lvh] scroll-mt-[calc(var(--header-height)+min(200px,max(70px,20svh)))]\" dir=\"auto\" data-turn-id=\"c85cfd62-7254-470d-8309-74f8d36f468b\" data-testid=\"conversation-turn-238\" data-scroll-anchor=\"true\" data-turn=\"assistant\">\n<div class=\"text-base my-auto mx-auto pb-10 [--thread-content-margin:--spacing(4)] thread-sm:[--thread-content-margin:--spacing(6)] thread-lg:[--thread-content-margin:--spacing(16)] px-(--thread-content-margin)\">\n<div class=\"[--thread-content-max-width:40rem] thread-lg:[--thread-content-max-width:48rem] mx-auto max-w-(--thread-content-max-width) flex-1 group\/turn-messages focus-visible:outline-hidden relative flex w-full min-w-0 flex-col agent-turn\">\n<div class=\"flex max-w-full flex-col grow\">\n<div class=\"min-h-8 text-message relative flex w-full flex-col items-end gap-2 text-start break-words whitespace-normal [.text-message+&amp;]:mt-1\" dir=\"auto\" data-message-author-role=\"assistant\" data-message-id=\"5fd6d155-49a0-4860-a2cf-622f43fba975\" data-message-model-slug=\"gpt-5-1\">\n<div class=\"flex w-full flex-col gap-1 empty:hidden first:pt-[1px]\">\n<div class=\"markdown prose dark:prose-invert w-full break-words light markdown-new-styling\">\n<p data-start=\"1498\" data-end=\"1534\"><strong data-start=\"1498\" data-end=\"1534\">Gel\u00e9e Royale 1000mg 12 Kapseln<\/strong><\/p>\n<p data-start=\"1536\" data-end=\"1567\"><strong data-start=\"1536\" data-end=\"1557\">Darreichungsform:<\/strong><br data-start=\"1557\" data-end=\"1560\" \/>Kapseln<\/p>\n<p data-start=\"1569\" data-end=\"1631\"><strong data-start=\"1569\" data-end=\"1606\">Aktive Bestandteile (pro Kapsel):<\/strong><br data-start=\"1606\" data-end=\"1609\" \/>Gel\u00e9e Royale \u2014 1000 mg<\/p>\n<p data-start=\"1633\" data-end=\"1657\"><strong data-start=\"1633\" data-end=\"1655\">Anwendungsgebiete:<\/strong><\/p>\n<ul data-start=\"1658\" data-end=\"1928\">\n<li data-start=\"1658\" data-end=\"1703\">\n<p data-start=\"1660\" data-end=\"1703\">Allgemeine Unterst\u00fctzung des Immunsystems<\/p>\n<\/li>\n<li data-start=\"1704\" data-end=\"1768\">\n<p data-start=\"1706\" data-end=\"1768\">Steigerung des Energieniveaus und Verringerung von M\u00fcdigkeit<\/p>\n<\/li>\n<li data-start=\"1769\" data-end=\"1847\">\n<p data-start=\"1771\" data-end=\"1847\">Unterst\u00fctzung der Haut- und Haargesundheit sowie der allgemeinen Vitalit\u00e4t<\/p>\n<\/li>\n<li data-start=\"1848\" data-end=\"1928\">\n<p data-start=\"1850\" data-end=\"1928\">Kann zur Verbesserung des Appetits und des allgemeinen Wohlbefindens beitragen<\/p>\n<\/li>\n<\/ul>\n<p data-start=\"1930\" data-end=\"2052\"><strong data-start=\"1930\" data-end=\"1958\">Dosierung und Anwendung:<\/strong><br data-start=\"1958\" data-end=\"1961\" \/>1 Kapsel t\u00e4glich einnehmen, vorzugsweise zu einer Mahlzeit, oder gem\u00e4\u00df \u00e4rztlicher Anweisung<\/p>\n<p data-start=\"2054\" data-end=\"2074\"><strong data-start=\"2054\" data-end=\"2072\">Gegenanzeigen:<\/strong><\/p>\n<ul data-start=\"2075\" data-end=\"2157\">\n<li data-start=\"2075\" data-end=\"2157\">\n<p data-start=\"2077\" data-end=\"2157\">\u00dcberempfindlichkeit gegen Bienenprodukte (Honig, Propolis, Pollen, Gel\u00e9e Royale)<\/p>\n<\/li>\n<\/ul>\n<p data-start=\"2159\" data-end=\"2184\"><strong data-start=\"2159\" data-end=\"2182\">Vorsichtsma\u00dfnahmen:<\/strong><\/p>\n<ul data-start=\"2185\" data-end=\"2344\">\n<li data-start=\"2185\" data-end=\"2259\">\n<p data-start=\"2187\" data-end=\"2259\">Vorsicht bei Patienten mit Asthma bronchiale oder atopischen Allergien<\/p>\n<\/li>\n<li data-start=\"2260\" data-end=\"2344\">\n<p data-start=\"2262\" data-end=\"2344\">W\u00e4hrend Schwangerschaft und Stillzeit nur nach R\u00fccksprache mit einem Arzt anwenden<\/p>\n<\/li>\n<\/ul>\n<p data-start=\"2346\" data-end=\"2367\"><strong data-start=\"2346\" data-end=\"2365\">Nebenwirkungen:<\/strong><\/p>\n<ul data-start=\"2368\" data-end=\"2549\">\n<li data-start=\"2368\" data-end=\"2465\">\n<p data-start=\"2370\" data-end=\"2465\">Selten: allergische Reaktionen wie Hautausschlag, Juckreiz, Schwellungen oder Atembeschwerden<\/p>\n<\/li>\n<li data-start=\"2466\" data-end=\"2549\">\n<p data-start=\"2468\" data-end=\"2549\">Leichte gastrointestinale Beschwerden k\u00f6nnen bei empfindlichen Personen auftreten<\/p>\n<\/li>\n<\/ul>\n<p data-start=\"2551\" data-end=\"2680\"><strong data-start=\"2551\" data-end=\"2564\">Lagerung:<\/strong><br data-start=\"2564\" data-end=\"2567\" \/>K\u00fchl und trocken lagern, vor Hitze und direkter Sonneneinstrahlung sch\u00fctzen<br data-start=\"2642\" data-end=\"2645\" \/>F\u00fcr Kinder unzug\u00e4nglich aufbewahren<\/p>\n<\/div>\n<\/div>\n<\/div>\n<\/div>\n<\/div>\n<\/div>\n<\/article>\n","protected":false},"excerpt":{"rendered":"<p>Gel\u00e9e Royale 1000mg 12 Kapseln Darreichungsform:Kapseln Aktive Bestandteile (pro Kapsel):Gel\u00e9e Royale \u2014 1000 mg Anwendungsgebiete: Allgemeine Unterst\u00fctzung des Immunsystems Steigerung des Energieniveaus und Verringerung von M\u00fcdigkeit Unterst\u00fctzung der Haut- und Haargesundheit sowie der allgemeinen Vitalit\u00e4t Kann zur Verbesserung des Appetits und des allgemeinen Wohlbefindens beitragen Dosierung und Anwendung:1 Kapsel t\u00e4glich einnehmen, vorzugsweise zu einer Mahlzeit,&#8230;<\/p>\n","protected":false},"featured_media":9340,"comment_status":"open","ping_status":"closed","template":"","meta":{"rs_blank_template":"","rs_page_bg_color":"","slide_template_v7":"","_bst_post_transparent":"default","_bst_post_title":"","_bst_post_layout":"default","_bst_post_sidebar_id":"","_bst_post_content_style":"default","_bst_post_vertical_padding":"default","_bst_post_feature":"","_bst_post_feature_position":"","_bst_post_header":false,"_bst_post_footer":false},"product_brand":[],"product_cat":[351,217,457,229],"product_tag":[],"product_brands":[],"class_list":{"0":"post-9341","1":"product","2":"type-product","3":"status-publish","4":"has-post-thumbnail","6":"product_cat-medical-forms","7":"product_cat-medicines","8":"product_cat-tablets-capsules","9":"product_cat-vitamins-general-supplements","11":"first","12":"instock","13":"shipping-taxable","14":"purchasable","15":"product-type-simple","16":"entry","17":"content-bg","18":"loop-entry"},"_links":{"self":[{"href":"https:\/\/nawarpharmacy.com\/de\/wp-json\/wp\/v2\/product\/9341","targetHints":{"allow":["GET"]}}],"collection":[{"href":"https:\/\/nawarpharmacy.com\/de\/wp-json\/wp\/v2\/product"}],"about":[{"href":"https:\/\/nawarpharmacy.com\/de\/wp-json\/wp\/v2\/types\/product"}],"replies":[{"embeddable":true,"href":"https:\/\/nawarpharmacy.com\/de\/wp-json\/wp\/v2\/comments?post=9341"}],"wp:featuredmedia":[{"embeddable":true,"href":"https:\/\/nawarpharmacy.com\/de\/wp-json\/wp\/v2\/media\/9340"}],"wp:attachment":[{"href":"https:\/\/nawarpharmacy.com\/de\/wp-json\/wp\/v2\/media?parent=9341"}],"wp:term":[{"taxonomy":"product_brand","embeddable":true,"href":"https:\/\/nawarpharmacy.com\/de\/wp-json\/wp\/v2\/product_brand?post=9341"},{"taxonomy":"product_cat","embeddable":true,"href":"https:\/\/nawarpharmacy.com\/de\/wp-json\/wp\/v2\/product_cat?post=9341"},{"taxonomy":"product_tag","embeddable":true,"href":"https:\/\/nawarpharmacy.com\/de\/wp-json\/wp\/v2\/product_tag?post=9341"},{"taxonomy":"product_brands","embeddable":true,"href":"https:\/\/nawarpharmacy.com\/de\/wp-json\/wp\/v2\/product_brands?post=9341"}],"curies":[{"name":"wp","href":"https:\/\/api.w.org\/{rel}","templated":true}]}}