{"id":9335,"date":"2025-11-24T12:00:14","date_gmt":"2025-11-24T12:00:14","guid":{"rendered":"https:\/\/nawarpharmacy.com\/?post_type=product&#038;p=9335"},"modified":"2026-02-05T18:48:18","modified_gmt":"2026-02-05T18:48:18","slug":"zinctron-30-capsules","status":"publish","type":"product","link":"https:\/\/nawarpharmacy.com\/de\/produkt\/zinctron-30-capsules\/","title":{"rendered":"Gel\u00e9e Royale 1000mg 12 Kapseln"},"content":{"rendered":"<article class=\"text-token-text-primary w-full focus:outline-none [--shadow-height:45px] has-data-writing-block:pointer-events-none has-data-writing-block:-mt-(--shadow-height) has-data-writing-block:pt-(--shadow-height) [&amp;:has([data-writing-block])&gt;*]:pointer-events-auto [content-visibility:auto] supports-[content-visibility:auto]:[contain-intrinsic-size:auto_100lvh] scroll-mt-[calc(var(--header-height)+min(200px,max(70px,20svh)))]\" dir=\"auto\" data-turn-id=\"request-692073f5-3f80-832c-872f-7626d4388ea8-111\" data-testid=\"conversation-turn-240\" data-scroll-anchor=\"true\" data-turn=\"assistant\">\n<div class=\"text-base my-auto mx-auto pb-10 [--thread-content-margin:--spacing(4)] thread-sm:[--thread-content-margin:--spacing(6)] thread-lg:[--thread-content-margin:--spacing(16)] px-(--thread-content-margin)\">\n<div class=\"[--thread-content-max-width:40rem] thread-lg:[--thread-content-max-width:48rem] mx-auto max-w-(--thread-content-max-width) flex-1 group\/turn-messages focus-visible:outline-hidden relative flex w-full min-w-0 flex-col agent-turn\">\n<div class=\"flex max-w-full flex-col grow\">\n<div class=\"min-h-8 text-message relative flex w-full flex-col items-end gap-2 text-start break-words whitespace-normal [.text-message+&amp;]:mt-1\" dir=\"auto\" data-message-author-role=\"assistant\" data-message-id=\"52354556-d033-4fe9-9be6-93223f9f92c3\" data-message-model-slug=\"gpt-5-1\">\n<div class=\"flex w-full flex-col gap-1 empty:hidden first:pt-[1px]\">\n<div class=\"markdown prose dark:prose-invert w-full break-words light markdown-new-styling\">\n<p><strong>Gel\u00e9e Royale 1000mg 12 Kapseln<\/strong><\/p>\n<p data-start=\"2388\" data-end=\"2419\"><strong data-start=\"2388\" data-end=\"2409\">Darreichungsform:<\/strong> Kapseln<\/p>\n<p data-start=\"2421\" data-end=\"2504\"><strong data-start=\"2421\" data-end=\"2454\">Zusammensetzung (pro Kapsel):<\/strong><br data-start=\"2454\" data-end=\"2457\" \/>Gel\u00e9e Royale (K\u00f6niginnenfuttersaft) \u2014 1000 mg<\/p>\n<p data-start=\"2506\" data-end=\"2530\"><strong data-start=\"2506\" data-end=\"2528\">Anwendungsgebiete:<\/strong><\/p>\n<ul data-start=\"2531\" data-end=\"2745\">\n<li data-start=\"2531\" data-end=\"2586\">\n<p data-start=\"2533\" data-end=\"2586\">Unterst\u00fctzung der allgemeinen Vitalit\u00e4t und Energie<\/p>\n<\/li>\n<li data-start=\"2587\" data-end=\"2616\">\n<p data-start=\"2589\" data-end=\"2616\">St\u00e4rkung des Immunsystems<\/p>\n<\/li>\n<li data-start=\"2617\" data-end=\"2695\">\n<p data-start=\"2619\" data-end=\"2695\">F\u00f6rderung der Haut- und Haargesundheit sowie des allgemeinen Wohlbefindens<\/p>\n<\/li>\n<li data-start=\"2696\" data-end=\"2745\">\n<p data-start=\"2698\" data-end=\"2745\">Kann zur Verringerung von M\u00fcdigkeit beitragen<\/p>\n<\/li>\n<\/ul>\n<p data-start=\"2747\" data-end=\"2826\"><strong data-start=\"2747\" data-end=\"2775\">Dosierung und Anwendung:<\/strong><br data-start=\"2775\" data-end=\"2778\" \/>1 Kapsel t\u00e4glich nach einer Mahlzeit einnehmen<\/p>\n<p data-start=\"2828\" data-end=\"2891\"><strong data-start=\"2828\" data-end=\"2846\">Gegenanzeigen:<\/strong><br data-start=\"2846\" data-end=\"2849\" \/>\u00dcberempfindlichkeit gegen Bienenprodukte<\/p>\n<p data-start=\"2893\" data-end=\"3037\"><strong data-start=\"2893\" data-end=\"2916\">Vorsichtsma\u00dfnahmen:<\/strong><br data-start=\"2916\" data-end=\"2919\" \/>Vorsicht bei Patienten mit Asthma bronchiale.<br data-start=\"2964\" data-end=\"2967\" \/>Bei Auftreten allergischer Reaktionen die Einnahme sofort abbrechen.<\/p>\n<p data-start=\"3039\" data-end=\"3166\"><strong data-start=\"3039\" data-end=\"3058\">Nebenwirkungen:<\/strong><br data-start=\"3058\" data-end=\"3061\" \/>Selten: Hautausschlag, Juckreiz, Schwellungen oder Atembeschwerden bei allergisch veranlagten Personen.<\/p>\n<p data-start=\"3168\" data-end=\"3263\"><strong data-start=\"3168\" data-end=\"3181\">Lagerung:<\/strong><br data-start=\"3181\" data-end=\"3184\" \/>K\u00fchl, trocken und lichtgesch\u00fctzt lagern.<br data-start=\"3224\" data-end=\"3227\" \/>F\u00fcr Kinder unzug\u00e4nglich aufbewahren.<\/p>\n<hr data-start=\"3265\" data-end=\"3268\" \/>\n<h3 data-start=\"3270\" data-end=\"3296\">Zinctron, 30 Kapseln<\/h3>\n<p data-start=\"3297\" data-end=\"3328\"><strong data-start=\"3297\" data-end=\"3318\">Darreichungsform:<\/strong> Kapseln<\/p>\n<p data-start=\"3330\" data-end=\"3460\"><strong data-start=\"3330\" data-end=\"3363\">Zusammensetzung (pro Kapsel):<\/strong><br data-start=\"3363\" data-end=\"3366\" \/>Zink \u2014 25 mg<br data-start=\"3378\" data-end=\"3381\" \/>Vitamin C (Ascorbins\u00e4ure) \u2014 60 mg<br data-start=\"3414\" data-end=\"3417\" \/><em data-start=\"3417\" data-end=\"3458\">(chargenabh\u00e4ngige Schwankungen m\u00f6glich)<\/em><\/p>\n<p data-start=\"3462\" data-end=\"3486\"><strong data-start=\"3462\" data-end=\"3484\">Anwendungsgebiete:<\/strong><\/p>\n<ul data-start=\"3487\" data-end=\"3683\">\n<li data-start=\"3487\" data-end=\"3522\">\n<p data-start=\"3489\" data-end=\"3522\">Unterst\u00fctzung der Immunfunktion<\/p>\n<\/li>\n<li data-start=\"3523\" data-end=\"3565\">\n<p data-start=\"3525\" data-end=\"3565\">F\u00f6rderung des Haar- und Nagelwachstums<\/p>\n<\/li>\n<li data-start=\"3566\" data-end=\"3618\">\n<p data-start=\"3568\" data-end=\"3618\">Unterst\u00fctzung der Wundheilung und Hautgesundheit<\/p>\n<\/li>\n<li data-start=\"3619\" data-end=\"3683\">\n<p data-start=\"3621\" data-end=\"3683\">Kann den Appetit verbessern und entz\u00fcndliche Akne reduzieren<\/p>\n<\/li>\n<\/ul>\n<p data-start=\"3685\" data-end=\"3759\"><strong data-start=\"3685\" data-end=\"3713\">Dosierung und Anwendung:<\/strong><br data-start=\"3713\" data-end=\"3716\" \/>1 Kapsel t\u00e4glich nach dem Essen einnehmen<\/p>\n<p data-start=\"3761\" data-end=\"3832\"><strong data-start=\"3761\" data-end=\"3779\">Gegenanzeigen:<\/strong><br data-start=\"3779\" data-end=\"3782\" \/>\u00dcberempfindlichkeit gegen einen der Bestandteile<\/p>\n<p data-start=\"3834\" data-end=\"4010\"><strong data-start=\"3834\" data-end=\"3857\">Vorsichtsma\u00dfnahmen:<\/strong><br data-start=\"3857\" data-end=\"3860\" \/>Empfohlene Dosis nicht \u00fcberschreiten, um eine Zinktoxizit\u00e4t zu vermeiden.<br data-start=\"3933\" data-end=\"3936\" \/>Langfristig hohe Zinkzufuhr kann den Kupferstoffwechsel beeintr\u00e4chtigen.<\/p>\n<p data-start=\"4012\" data-end=\"4122\"><strong data-start=\"4012\" data-end=\"4031\">Nebenwirkungen:<\/strong><br data-start=\"4031\" data-end=\"4034\" \/>Gelegentlich leichte \u00dcbelkeit oder Magenbeschwerden bei Einnahme auf n\u00fcchternen Magen.<\/p>\n<p data-start=\"4124\" data-end=\"4229\"><strong data-start=\"4124\" data-end=\"4137\">Lagerung:<\/strong><br data-start=\"4137\" data-end=\"4140\" \/>Trocken und vor Sonnenlicht gesch\u00fctzt lagern.<br data-start=\"4185\" data-end=\"4188\" \/>Au\u00dfer Reichweite von Kindern aufbewahren.<\/p>\n<\/div>\n<\/div>\n<\/div>\n<\/div>\n<\/div>\n<\/div>\n<\/article>\n","protected":false},"excerpt":{"rendered":"<p>Gel\u00e9e Royale 1000mg 12 Kapseln Darreichungsform: Kapseln Zusammensetzung (pro Kapsel):Gel\u00e9e Royale (K\u00f6niginnenfuttersaft) \u2014 1000 mg Anwendungsgebiete: Unterst\u00fctzung der allgemeinen Vitalit\u00e4t und Energie St\u00e4rkung des Immunsystems F\u00f6rderung der Haut- und Haargesundheit sowie des allgemeinen Wohlbefindens Kann zur Verringerung von M\u00fcdigkeit beitragen Dosierung und Anwendung:1 Kapsel t\u00e4glich nach einer Mahlzeit einnehmen Gegenanzeigen:\u00dcberempfindlichkeit gegen Bienenprodukte Vorsichtsma\u00dfnahmen:Vorsicht bei Patienten&#8230;<\/p>\n","protected":false},"featured_media":9334,"comment_status":"open","ping_status":"closed","template":"","meta":{"rs_blank_template":"","rs_page_bg_color":"","slide_template_v7":"","_bst_post_transparent":"default","_bst_post_title":"","_bst_post_layout":"default","_bst_post_sidebar_id":"","_bst_post_content_style":"default","_bst_post_vertical_padding":"default","_bst_post_feature":"","_bst_post_feature_position":"","_bst_post_header":false,"_bst_post_footer":false},"product_brand":[],"product_cat":[351,217,413,457,229],"product_tag":[],"product_brands":[],"class_list":{"0":"post-9335","1":"product","2":"type-product","3":"status-publish","4":"has-post-thumbnail","6":"product_cat-medical-forms","7":"product_cat-medicines","8":"product_cat-hair-nails-medications","9":"product_cat-tablets-capsules","10":"product_cat-vitamins-general-supplements","12":"first","13":"instock","14":"shipping-taxable","15":"purchasable","16":"product-type-simple","17":"entry","18":"content-bg","19":"loop-entry"},"_links":{"self":[{"href":"https:\/\/nawarpharmacy.com\/de\/wp-json\/wp\/v2\/product\/9335","targetHints":{"allow":["GET"]}}],"collection":[{"href":"https:\/\/nawarpharmacy.com\/de\/wp-json\/wp\/v2\/product"}],"about":[{"href":"https:\/\/nawarpharmacy.com\/de\/wp-json\/wp\/v2\/types\/product"}],"replies":[{"embeddable":true,"href":"https:\/\/nawarpharmacy.com\/de\/wp-json\/wp\/v2\/comments?post=9335"}],"wp:featuredmedia":[{"embeddable":true,"href":"https:\/\/nawarpharmacy.com\/de\/wp-json\/wp\/v2\/media\/9334"}],"wp:attachment":[{"href":"https:\/\/nawarpharmacy.com\/de\/wp-json\/wp\/v2\/media?parent=9335"}],"wp:term":[{"taxonomy":"product_brand","embeddable":true,"href":"https:\/\/nawarpharmacy.com\/de\/wp-json\/wp\/v2\/product_brand?post=9335"},{"taxonomy":"product_cat","embeddable":true,"href":"https:\/\/nawarpharmacy.com\/de\/wp-json\/wp\/v2\/product_cat?post=9335"},{"taxonomy":"product_tag","embeddable":true,"href":"https:\/\/nawarpharmacy.com\/de\/wp-json\/wp\/v2\/product_tag?post=9335"},{"taxonomy":"product_brands","embeddable":true,"href":"https:\/\/nawarpharmacy.com\/de\/wp-json\/wp\/v2\/product_brands?post=9335"}],"curies":[{"name":"wp","href":"https:\/\/api.w.org\/{rel}","templated":true}]}}