{"id":9330,"date":"2025-11-24T12:02:14","date_gmt":"2025-11-24T12:02:14","guid":{"rendered":"https:\/\/nawarpharmacy.com\/?post_type=product&#038;p=9330"},"modified":"2026-02-05T18:40:18","modified_gmt":"2026-02-05T18:40:18","slug":"sanso-potassium-200mg-28-tablets","status":"publish","type":"product","link":"https:\/\/nawarpharmacy.com\/de\/produkt\/sanso-potassium-200mg-28-tablets\/","title":{"rendered":"Sanso Kalium 200mg 28 Tabletten"},"content":{"rendered":"<p data-start=\"256\" data-end=\"293\"><strong data-start=\"256\" data-end=\"293\">Sanso Kalium 200mg 28 Tabletten<\/strong><\/p>\n<p data-start=\"1248\" data-end=\"1287\"><strong data-start=\"1248\" data-end=\"1262\">Wirkstoff:<\/strong><br data-start=\"1262\" data-end=\"1265\" \/>Kaliumchlorid 200 mg<\/p>\n<p data-start=\"1289\" data-end=\"1463\"><strong data-start=\"1289\" data-end=\"1303\">Anwendung:<\/strong><br data-start=\"1303\" data-end=\"1306\" \/>Zur Behandlung oder Vorbeugung niedriger Kaliumspiegel (Hypokali\u00e4mie). Unterst\u00fctzt die Muskelfunktion, die Nervenleitung und die Stabilit\u00e4t des Herzrhythmus.<\/p>\n<p data-start=\"1465\" data-end=\"1567\"><strong data-start=\"1465\" data-end=\"1479\">Dosierung:<\/strong><br data-start=\"1479\" data-end=\"1482\" \/>1 Tablette 1\u20132-mal t\u00e4glich, abh\u00e4ngig vom Kaliumspiegel und nach \u00e4rztlicher Anweisung.<\/p>\n<p data-start=\"1569\" data-end=\"1609\"><strong data-start=\"1569\" data-end=\"1607\">Warnhinweise &amp; Vorsichtsma\u00dfnahmen:<\/strong><\/p>\n<ul data-start=\"1610\" data-end=\"1878\">\n<li data-start=\"1610\" data-end=\"1659\">\n<p data-start=\"1612\" data-end=\"1659\">Nicht anwenden bei schwerer Nierenerkrankung.<\/p>\n<\/li>\n<li data-start=\"1660\" data-end=\"1749\">\n<p data-start=\"1662\" data-end=\"1749\">Kombination mit kaliumsparenden Diuretika vermeiden, sofern nicht \u00e4rztlich verordnet.<\/p>\n<\/li>\n<li data-start=\"1750\" data-end=\"1815\">\n<p data-start=\"1752\" data-end=\"1815\">Bei Langzeitanwendung Kaliumspiegel regelm\u00e4\u00dfig kontrollieren.<\/p>\n<\/li>\n<li data-start=\"1816\" data-end=\"1878\">\n<p data-start=\"1818\" data-end=\"1878\">Mit reichlich Wasser einnehmen, vorzugsweise nach dem Essen.<\/p>\n<\/li>\n<\/ul>\n<p data-start=\"1880\" data-end=\"1901\"><strong data-start=\"1880\" data-end=\"1899\">Nebenwirkungen:<\/strong><\/p>\n<ul data-start=\"1902\" data-end=\"2052\">\n<li data-start=\"1902\" data-end=\"1936\">\n<p data-start=\"1904\" data-end=\"1936\">Magenbeschwerden oder \u00dcbelkeit<\/p>\n<\/li>\n<li data-start=\"1937\" data-end=\"1950\">\n<p data-start=\"1939\" data-end=\"1950\">Durchfall<\/p>\n<\/li>\n<li data-start=\"1951\" data-end=\"2052\">\n<p data-start=\"1953\" data-end=\"2052\">Hyperkali\u00e4mie bei \u00dcberdosierung (m\u00f6gliche Anzeichen: Muskelschw\u00e4che oder unregelm\u00e4\u00dfiger Herzschlag)<\/p>\n<\/li>\n<\/ul>\n<p data-start=\"2054\" data-end=\"2077\"><strong data-start=\"2054\" data-end=\"2075\">Wechselwirkungen:<\/strong><\/p>\n<ul data-start=\"2078\" data-end=\"2230\" data-is-last-node=\"\" data-is-only-node=\"\">\n<li data-start=\"2078\" data-end=\"2092\">\n<p data-start=\"2080\" data-end=\"2092\">ACE-Hemmer<\/p>\n<\/li>\n<li data-start=\"2093\" data-end=\"2141\">\n<p data-start=\"2095\" data-end=\"2141\">Angiotensin-II-Rezeptorblocker (ARB\/Sartane)<\/p>\n<\/li>\n<li data-start=\"2142\" data-end=\"2170\">\n<p data-start=\"2144\" data-end=\"2170\">Kaliumsparende Diuretika<\/p>\n<\/li>\n<li data-start=\"2171\" data-end=\"2212\">\n<p data-start=\"2173\" data-end=\"2212\">NSAR (nichtsteroidale Antirheumatika)<\/p>\n<\/li>\n<li data-start=\"2213\" data-end=\"2230\" data-is-last-node=\"\">\n<p data-start=\"2215\" data-end=\"2230\" data-is-last-node=\"\">Einige Heparine<\/p>\n<\/li>\n<\/ul>\n","protected":false},"excerpt":{"rendered":"<p>Sanso Kalium 200mg 28 Tabletten Wirkstoff:Kaliumchlorid 200 mg Anwendung:Zur Behandlung oder Vorbeugung niedriger Kaliumspiegel (Hypokali\u00e4mie). Unterst\u00fctzt die Muskelfunktion, die Nervenleitung und die Stabilit\u00e4t des Herzrhythmus. Dosierung:1 Tablette 1\u20132-mal t\u00e4glich, abh\u00e4ngig vom Kaliumspiegel und nach \u00e4rztlicher Anweisung. Warnhinweise &amp; Vorsichtsma\u00dfnahmen: Nicht anwenden bei schwerer Nierenerkrankung. Kombination mit kaliumsparenden Diuretika vermeiden, sofern nicht \u00e4rztlich verordnet. Bei Langzeitanwendung&#8230;<\/p>\n","protected":false},"featured_media":9329,"comment_status":"open","ping_status":"closed","template":"","meta":{"rs_blank_template":"","rs_page_bg_color":"","slide_template_v7":"","_bst_post_transparent":"default","_bst_post_title":"","_bst_post_layout":"default","_bst_post_sidebar_id":"","_bst_post_content_style":"default","_bst_post_vertical_padding":"default","_bst_post_feature":"","_bst_post_feature_position":"","_bst_post_header":false,"_bst_post_footer":false},"product_brand":[],"product_cat":[351,217,457,229],"product_tag":[],"product_brands":[],"class_list":{"0":"post-9330","1":"product","2":"type-product","3":"status-publish","4":"has-post-thumbnail","6":"product_cat-medical-forms","7":"product_cat-medicines","8":"product_cat-tablets-capsules","9":"product_cat-vitamins-general-supplements","11":"first","12":"instock","13":"shipping-taxable","14":"purchasable","15":"product-type-simple","16":"entry","17":"content-bg","18":"loop-entry"},"_links":{"self":[{"href":"https:\/\/nawarpharmacy.com\/de\/wp-json\/wp\/v2\/product\/9330","targetHints":{"allow":["GET"]}}],"collection":[{"href":"https:\/\/nawarpharmacy.com\/de\/wp-json\/wp\/v2\/product"}],"about":[{"href":"https:\/\/nawarpharmacy.com\/de\/wp-json\/wp\/v2\/types\/product"}],"replies":[{"embeddable":true,"href":"https:\/\/nawarpharmacy.com\/de\/wp-json\/wp\/v2\/comments?post=9330"}],"wp:featuredmedia":[{"embeddable":true,"href":"https:\/\/nawarpharmacy.com\/de\/wp-json\/wp\/v2\/media\/9329"}],"wp:attachment":[{"href":"https:\/\/nawarpharmacy.com\/de\/wp-json\/wp\/v2\/media?parent=9330"}],"wp:term":[{"taxonomy":"product_brand","embeddable":true,"href":"https:\/\/nawarpharmacy.com\/de\/wp-json\/wp\/v2\/product_brand?post=9330"},{"taxonomy":"product_cat","embeddable":true,"href":"https:\/\/nawarpharmacy.com\/de\/wp-json\/wp\/v2\/product_cat?post=9330"},{"taxonomy":"product_tag","embeddable":true,"href":"https:\/\/nawarpharmacy.com\/de\/wp-json\/wp\/v2\/product_tag?post=9330"},{"taxonomy":"product_brands","embeddable":true,"href":"https:\/\/nawarpharmacy.com\/de\/wp-json\/wp\/v2\/product_brands?post=9330"}],"curies":[{"name":"wp","href":"https:\/\/api.w.org\/{rel}","templated":true}]}}