{"id":9324,"date":"2025-11-24T12:03:29","date_gmt":"2025-11-24T12:03:29","guid":{"rendered":"https:\/\/nawarpharmacy.com\/?post_type=product&#038;p=9324"},"modified":"2026-02-05T18:38:04","modified_gmt":"2026-02-05T18:38:04","slug":"sanso-zinc-25mg-30-capsules","status":"publish","type":"product","link":"https:\/\/nawarpharmacy.com\/de\/produkt\/sanso-zinc-25mg-30-capsules\/","title":{"rendered":"Sanso Zink 25mg 30 Kapseln"},"content":{"rendered":"<article class=\"text-token-text-primary w-full focus:outline-none [--shadow-height:45px] has-data-writing-block:pointer-events-none has-data-writing-block:-mt-(--shadow-height) has-data-writing-block:pt-(--shadow-height) [&amp;:has([data-writing-block])&gt;*]:pointer-events-auto [content-visibility:auto] supports-[content-visibility:auto]:[contain-intrinsic-size:auto_100lvh] scroll-mt-[calc(var(--header-height)+min(200px,max(70px,20svh)))]\" dir=\"auto\" data-turn-id=\"request-692073f5-3f80-832c-872f-7626d4388ea8-114\" data-testid=\"conversation-turn-246\" data-scroll-anchor=\"true\" data-turn=\"assistant\">\n<div class=\"text-base my-auto mx-auto pb-10 [--thread-content-margin:--spacing(4)] thread-sm:[--thread-content-margin:--spacing(6)] thread-lg:[--thread-content-margin:--spacing(16)] px-(--thread-content-margin)\">\n<div class=\"[--thread-content-max-width:40rem] thread-lg:[--thread-content-max-width:48rem] mx-auto max-w-(--thread-content-max-width) flex-1 group\/turn-messages focus-visible:outline-hidden relative flex w-full min-w-0 flex-col agent-turn\">\n<div class=\"flex max-w-full flex-col grow\">\n<div class=\"min-h-8 text-message relative flex w-full flex-col items-end gap-2 text-start break-words whitespace-normal [.text-message+&amp;]:mt-1\" dir=\"auto\" data-message-author-role=\"assistant\" data-message-id=\"9518c484-85c0-4241-970b-f4db21b9e539\" data-message-model-slug=\"gpt-5-1\">\n<div class=\"flex w-full flex-col gap-1 empty:hidden first:pt-[1px]\">\n<div class=\"markdown prose dark:prose-invert w-full break-words light markdown-new-styling\">\n<p data-start=\"951\" data-end=\"1032\"><strong data-start=\"951\" data-end=\"967\">Bezeichnung:<\/strong> Sanso Zinc 25 mg, 30 Kapseln<br data-start=\"996\" data-end=\"999\" \/><strong data-start=\"999\" data-end=\"1013\">Wirkstoff:<\/strong> Zinksulfat 25 mg<\/p>\n<p data-start=\"1034\" data-end=\"1205\"><strong data-start=\"1034\" data-end=\"1056\">Anwendungsgebiete:<\/strong> unterst\u00fctzt die Immunfunktion, verbessert die Hautgesundheit, f\u00f6rdert die Wundheilung, kann Haarausfall im Zusammenhang mit Zinkmangel reduzieren.<\/p>\n<p data-start=\"1207\" data-end=\"1347\"><strong data-start=\"1207\" data-end=\"1231\">Dosierung\/Anwendung:<\/strong> 1 Kapsel t\u00e4glich nach dem Essen oder nach Anweisung eines Arztes\/einer \u00c4rztin bzw. einer medizinischen Fachkraft.<\/p>\n<p data-start=\"1349\" data-end=\"1422\"><strong data-start=\"1349\" data-end=\"1367\">Gegenanzeigen:<\/strong> bekannte \u00dcberempfindlichkeit gegen Zinkverbindungen.<\/p>\n<p data-start=\"1424\" data-end=\"1515\"><strong data-start=\"1424\" data-end=\"1443\">Nebenwirkungen:<\/strong> \u00dcbelkeit, Magenbeschwerden, metallischer Geschmack, Bauchbeschwerden.<\/p>\n<p data-start=\"1517\" data-end=\"1723\"><strong data-start=\"1517\" data-end=\"1538\">Wechselwirkungen:<\/strong> kann die Resorption von Tetrazyklin- und Chinolon-Antibiotika vermindern; Einnahme mit mindestens 2 Stunden Abstand. Hochdosierte Eisenpr\u00e4parate k\u00f6nnen die Zinkresorption vermindern.<\/p>\n<p data-start=\"1725\" data-end=\"1800\" data-is-last-node=\"\" data-is-only-node=\"\"><strong data-start=\"1725\" data-end=\"1738\">Lagerung:<\/strong> k\u00fchl und trocken lagern, vor Hitze und Feuchtigkeit sch\u00fctzen.<\/p>\n<\/div>\n<\/div>\n<\/div>\n<\/div>\n<\/div>\n<\/div>\n<\/article>\n","protected":false},"excerpt":{"rendered":"<p>Bezeichnung: Sanso Zinc 25 mg, 30 KapselnWirkstoff: Zinksulfat 25 mg Anwendungsgebiete: unterst\u00fctzt die Immunfunktion, verbessert die Hautgesundheit, f\u00f6rdert die Wundheilung, kann Haarausfall im Zusammenhang mit Zinkmangel reduzieren. Dosierung\/Anwendung: 1 Kapsel t\u00e4glich nach dem Essen oder nach Anweisung eines Arztes\/einer \u00c4rztin bzw. einer medizinischen Fachkraft. Gegenanzeigen: bekannte \u00dcberempfindlichkeit gegen Zinkverbindungen. Nebenwirkungen: \u00dcbelkeit, Magenbeschwerden, metallischer Geschmack, Bauchbeschwerden&#8230;.<\/p>\n","protected":false},"featured_media":9323,"comment_status":"open","ping_status":"closed","template":"","meta":{"rs_blank_template":"","rs_page_bg_color":"","slide_template_v7":"","_bst_post_transparent":"default","_bst_post_title":"","_bst_post_layout":"default","_bst_post_sidebar_id":"","_bst_post_content_style":"default","_bst_post_vertical_padding":"default","_bst_post_feature":"","_bst_post_feature_position":"","_bst_post_header":false,"_bst_post_footer":false},"product_brand":[],"product_cat":[351,217,413,457,229],"product_tag":[],"product_brands":[],"class_list":{"0":"post-9324","1":"product","2":"type-product","3":"status-publish","4":"has-post-thumbnail","6":"product_cat-medical-forms","7":"product_cat-medicines","8":"product_cat-hair-nails-medications","9":"product_cat-tablets-capsules","10":"product_cat-vitamins-general-supplements","12":"first","13":"instock","14":"shipping-taxable","15":"purchasable","16":"product-type-simple","17":"entry","18":"content-bg","19":"loop-entry"},"_links":{"self":[{"href":"https:\/\/nawarpharmacy.com\/de\/wp-json\/wp\/v2\/product\/9324","targetHints":{"allow":["GET"]}}],"collection":[{"href":"https:\/\/nawarpharmacy.com\/de\/wp-json\/wp\/v2\/product"}],"about":[{"href":"https:\/\/nawarpharmacy.com\/de\/wp-json\/wp\/v2\/types\/product"}],"replies":[{"embeddable":true,"href":"https:\/\/nawarpharmacy.com\/de\/wp-json\/wp\/v2\/comments?post=9324"}],"wp:featuredmedia":[{"embeddable":true,"href":"https:\/\/nawarpharmacy.com\/de\/wp-json\/wp\/v2\/media\/9323"}],"wp:attachment":[{"href":"https:\/\/nawarpharmacy.com\/de\/wp-json\/wp\/v2\/media?parent=9324"}],"wp:term":[{"taxonomy":"product_brand","embeddable":true,"href":"https:\/\/nawarpharmacy.com\/de\/wp-json\/wp\/v2\/product_brand?post=9324"},{"taxonomy":"product_cat","embeddable":true,"href":"https:\/\/nawarpharmacy.com\/de\/wp-json\/wp\/v2\/product_cat?post=9324"},{"taxonomy":"product_tag","embeddable":true,"href":"https:\/\/nawarpharmacy.com\/de\/wp-json\/wp\/v2\/product_tag?post=9324"},{"taxonomy":"product_brands","embeddable":true,"href":"https:\/\/nawarpharmacy.com\/de\/wp-json\/wp\/v2\/product_brands?post=9324"}],"curies":[{"name":"wp","href":"https:\/\/api.w.org\/{rel}","templated":true}]}}