{"id":9317,"date":"2025-11-24T12:04:26","date_gmt":"2025-11-24T12:04:26","guid":{"rendered":"https:\/\/nawarpharmacy.com\/?post_type=product&#038;p=9317"},"modified":"2026-02-05T18:35:46","modified_gmt":"2026-02-05T18:35:46","slug":"sanso-c-plus-14-tablets","status":"publish","type":"product","link":"https:\/\/nawarpharmacy.com\/de\/produkt\/sanso-c-plus-14-tablets\/","title":{"rendered":"Sanso C Plus 14 Tabletten"},"content":{"rendered":"<article class=\"text-token-text-primary w-full focus:outline-none [--shadow-height:45px] has-data-writing-block:pointer-events-none has-data-writing-block:-mt-(--shadow-height) has-data-writing-block:pt-(--shadow-height) [&amp;:has([data-writing-block])&gt;*]:pointer-events-auto [content-visibility:auto] supports-[content-visibility:auto]:[contain-intrinsic-size:auto_100lvh] scroll-mt-[calc(var(--header-height)+min(200px,max(70px,20svh)))]\" dir=\"auto\" data-turn-id=\"request-692073f5-3f80-832c-872f-7626d4388ea8-115\" data-testid=\"conversation-turn-248\" data-scroll-anchor=\"true\" data-turn=\"assistant\">\n<div class=\"text-base my-auto mx-auto pb-10 [--thread-content-margin:--spacing(4)] thread-sm:[--thread-content-margin:--spacing(6)] thread-lg:[--thread-content-margin:--spacing(16)] px-(--thread-content-margin)\">\n<div class=\"[--thread-content-max-width:40rem] thread-lg:[--thread-content-max-width:48rem] mx-auto max-w-(--thread-content-max-width) flex-1 group\/turn-messages focus-visible:outline-hidden relative flex w-full min-w-0 flex-col agent-turn\">\n<div class=\"flex max-w-full flex-col grow\">\n<div class=\"min-h-8 text-message relative flex w-full flex-col items-end gap-2 text-start break-words whitespace-normal [.text-message+&amp;]:mt-1\" dir=\"auto\" data-message-author-role=\"assistant\" data-message-id=\"e19a9ad3-3b7a-45ce-9b35-4cceb83faa67\" data-message-model-slug=\"gpt-5-1\">\n<div class=\"flex w-full flex-col gap-1 empty:hidden first:pt-[1px]\">\n<div class=\"markdown prose dark:prose-invert w-full break-words light markdown-new-styling\">\n<p data-start=\"1069\" data-end=\"1213\"><strong data-start=\"1069\" data-end=\"1091\">Anwendungsgebiete:<\/strong><br data-start=\"1091\" data-end=\"1094\" \/>Unterst\u00fctzung des Immunsystems, Verringerung von Schwere und Dauer von Erk\u00e4ltungssymptomen sowie antioxidativer Schutz.<\/p>\n<p data-start=\"1215\" data-end=\"1294\"><strong data-start=\"1215\" data-end=\"1243\">Dosierung und Anwendung:<\/strong><br data-start=\"1243\" data-end=\"1246\" \/><strong data-start=\"1246\" data-end=\"1283\">1 Tablette t\u00e4glich nach dem Essen<\/strong> einnehmen.<\/p>\n<p data-start=\"1296\" data-end=\"1472\"><strong data-start=\"1296\" data-end=\"1310\">Wirkweise:<\/strong><br data-start=\"1310\" data-end=\"1313\" \/>Bietet antioxidative Unterst\u00fctzung und tr\u00e4gt zur Aufrechterhaltung normaler Zellfunktionen bei Krankheit oder Stress bei, indem es die Immunabwehr unterst\u00fctzt.<\/p>\n<p data-start=\"1474\" data-end=\"1591\"><strong data-start=\"1474\" data-end=\"1493\">Nebenwirkungen:<\/strong><br data-start=\"1493\" data-end=\"1496\" \/>Bei empfindlichen Personen k\u00f6nnen leichte Magenbeschwerden, \u00dcbelkeit oder Sodbrennen auftreten.<\/p>\n<p data-start=\"1593\" data-end=\"1736\"><strong data-start=\"1593\" data-end=\"1610\">Warnhinweise:<\/strong><br data-start=\"1610\" data-end=\"1613\" \/>Die empfohlene Tagesdosis nicht \u00fcberschreiten. Vorsicht bei <strong data-start=\"1673\" data-end=\"1705\">Nierensteinneigung\/-anamnese<\/strong> oder <strong data-start=\"1711\" data-end=\"1735\">erh\u00f6hten Eisenwerten<\/strong>.<\/p>\n<p data-start=\"1738\" data-end=\"1809\"><strong data-start=\"1738\" data-end=\"1756\">Gegenanzeigen:<\/strong><br data-start=\"1756\" data-end=\"1759\" \/>\u00dcberempfindlichkeit gegen einen der Inhaltsstoffe.<\/p>\n<p data-start=\"1811\" data-end=\"1889\" data-is-last-node=\"\" data-is-only-node=\"\"><strong data-start=\"1811\" data-end=\"1823\">Hinweis:<\/strong><br data-start=\"1823\" data-end=\"1826\" \/>Nach den Mahlzeiten einnehmen, um Magenreizungen zu reduzieren.<\/p>\n<\/div>\n<\/div>\n<\/div>\n<\/div>\n<\/div>\n<\/div>\n<\/article>\n","protected":false},"excerpt":{"rendered":"<p>Anwendungsgebiete:Unterst\u00fctzung des Immunsystems, Verringerung von Schwere und Dauer von Erk\u00e4ltungssymptomen sowie antioxidativer Schutz. Dosierung und Anwendung:1 Tablette t\u00e4glich nach dem Essen einnehmen. Wirkweise:Bietet antioxidative Unterst\u00fctzung und tr\u00e4gt zur Aufrechterhaltung normaler Zellfunktionen bei Krankheit oder Stress bei, indem es die Immunabwehr unterst\u00fctzt. Nebenwirkungen:Bei empfindlichen Personen k\u00f6nnen leichte Magenbeschwerden, \u00dcbelkeit oder Sodbrennen auftreten. Warnhinweise:Die empfohlene Tagesdosis nicht&#8230;<\/p>\n","protected":false},"featured_media":9316,"comment_status":"open","ping_status":"closed","template":"","meta":{"rs_blank_template":"","rs_page_bg_color":"","slide_template_v7":"","_bst_post_transparent":"default","_bst_post_title":"","_bst_post_layout":"default","_bst_post_sidebar_id":"","_bst_post_content_style":"default","_bst_post_vertical_padding":"default","_bst_post_feature":"","_bst_post_feature_position":"","_bst_post_header":false,"_bst_post_footer":false},"product_brand":[],"product_cat":[351,217,457,271,229],"product_tag":[],"product_brands":[],"class_list":{"0":"post-9317","1":"product","2":"type-product","3":"status-publish","4":"has-post-thumbnail","6":"product_cat-medical-forms","7":"product_cat-medicines","8":"product_cat-tablets-capsules","9":"product_cat-immunity-support","10":"product_cat-vitamins-general-supplements","12":"first","13":"instock","14":"shipping-taxable","15":"purchasable","16":"product-type-simple","17":"entry","18":"content-bg","19":"loop-entry"},"_links":{"self":[{"href":"https:\/\/nawarpharmacy.com\/de\/wp-json\/wp\/v2\/product\/9317","targetHints":{"allow":["GET"]}}],"collection":[{"href":"https:\/\/nawarpharmacy.com\/de\/wp-json\/wp\/v2\/product"}],"about":[{"href":"https:\/\/nawarpharmacy.com\/de\/wp-json\/wp\/v2\/types\/product"}],"replies":[{"embeddable":true,"href":"https:\/\/nawarpharmacy.com\/de\/wp-json\/wp\/v2\/comments?post=9317"}],"wp:featuredmedia":[{"embeddable":true,"href":"https:\/\/nawarpharmacy.com\/de\/wp-json\/wp\/v2\/media\/9316"}],"wp:attachment":[{"href":"https:\/\/nawarpharmacy.com\/de\/wp-json\/wp\/v2\/media?parent=9317"}],"wp:term":[{"taxonomy":"product_brand","embeddable":true,"href":"https:\/\/nawarpharmacy.com\/de\/wp-json\/wp\/v2\/product_brand?post=9317"},{"taxonomy":"product_cat","embeddable":true,"href":"https:\/\/nawarpharmacy.com\/de\/wp-json\/wp\/v2\/product_cat?post=9317"},{"taxonomy":"product_tag","embeddable":true,"href":"https:\/\/nawarpharmacy.com\/de\/wp-json\/wp\/v2\/product_tag?post=9317"},{"taxonomy":"product_brands","embeddable":true,"href":"https:\/\/nawarpharmacy.com\/de\/wp-json\/wp\/v2\/product_brands?post=9317"}],"curies":[{"name":"wp","href":"https:\/\/api.w.org\/{rel}","templated":true}]}}