{"id":9305,"date":"2025-11-24T12:08:07","date_gmt":"2025-11-24T12:08:07","guid":{"rendered":"https:\/\/nawarpharmacy.com\/?post_type=product&#038;p=9305"},"modified":"2026-02-05T18:31:26","modified_gmt":"2026-02-05T18:31:26","slug":"selenium-ace-30-tablets","status":"publish","type":"product","link":"https:\/\/nawarpharmacy.com\/de\/produkt\/selenium-ace-30-tablets\/","title":{"rendered":"Selen ACE 30 Tabletten"},"content":{"rendered":"<article class=\"text-token-text-primary w-full focus:outline-none [--shadow-height:45px] has-data-writing-block:pointer-events-none has-data-writing-block:-mt-(--shadow-height) has-data-writing-block:pt-(--shadow-height) [&amp;:has([data-writing-block])&gt;*]:pointer-events-auto [content-visibility:auto] supports-[content-visibility:auto]:[contain-intrinsic-size:auto_100lvh] scroll-mt-[calc(var(--header-height)+min(200px,max(70px,20svh)))]\" dir=\"auto\" data-turn-id=\"request-692073f5-3f80-832c-872f-7626d4388ea8-121\" data-testid=\"conversation-turn-260\" data-scroll-anchor=\"true\" data-turn=\"assistant\">\n<div class=\"text-base my-auto mx-auto pb-10 [--thread-content-margin:--spacing(4)] thread-sm:[--thread-content-margin:--spacing(6)] thread-lg:[--thread-content-margin:--spacing(16)] px-(--thread-content-margin)\">\n<div class=\"[--thread-content-max-width:40rem] thread-lg:[--thread-content-max-width:48rem] mx-auto max-w-(--thread-content-max-width) flex-1 group\/turn-messages focus-visible:outline-hidden relative flex w-full min-w-0 flex-col agent-turn\">\n<div class=\"flex max-w-full flex-col grow\">\n<div class=\"min-h-8 text-message relative flex w-full flex-col items-end gap-2 text-start break-words whitespace-normal [.text-message+&amp;]:mt-1\" dir=\"auto\" data-message-author-role=\"assistant\" data-message-id=\"a19ebe01-8364-4a64-8cbf-0be68222e6c6\" data-message-model-slug=\"gpt-5-mini\">\n<div class=\"flex w-full flex-col gap-1 empty:hidden first:pt-[1px]\">\n<div class=\"markdown prose dark:prose-invert w-full break-words light markdown-new-styling\">\n<p data-start=\"1129\" data-end=\"1158\"><strong>Selen ACE 30 Tabletten<\/strong><\/p>\n<p data-start=\"1160\" data-end=\"1191\"><strong data-start=\"1160\" data-end=\"1181\">Darreichungsform:<\/strong> Tabletten<\/p>\n<p data-start=\"1193\" data-end=\"1234\"><strong data-start=\"1193\" data-end=\"1232\">Aktive Bestandteile (pro Tablette):<\/strong><\/p>\n<ul data-start=\"1235\" data-end=\"1330\">\n<li data-start=\"1235\" data-end=\"1254\">\n<p data-start=\"1237\" data-end=\"1254\"><strong data-start=\"1237\" data-end=\"1252\">Selen 55 \u00b5g<\/strong><\/p>\n<\/li>\n<li data-start=\"1255\" data-end=\"1282\">\n<p data-start=\"1257\" data-end=\"1282\"><strong data-start=\"1257\" data-end=\"1280\">Vitamin A 5000 I.E.<\/strong><\/p>\n<\/li>\n<li data-start=\"1283\" data-end=\"1306\">\n<p data-start=\"1285\" data-end=\"1306\"><strong data-start=\"1285\" data-end=\"1304\">Vitamin C 60 mg<\/strong><\/p>\n<\/li>\n<li data-start=\"1307\" data-end=\"1330\">\n<p data-start=\"1309\" data-end=\"1330\"><strong data-start=\"1309\" data-end=\"1330\">Vitamin E 30 I.E.<\/strong><\/p>\n<\/li>\n<\/ul>\n<p data-start=\"1332\" data-end=\"1369\"><strong data-start=\"1332\" data-end=\"1367\">Anwendungsgebiete \/ Verwendung:<\/strong><\/p>\n<ul data-start=\"1370\" data-end=\"1551\">\n<li data-start=\"1370\" data-end=\"1395\">\n<p data-start=\"1372\" data-end=\"1395\">Antioxidativer Schutz<\/p>\n<\/li>\n<li data-start=\"1396\" data-end=\"1443\">\n<p data-start=\"1398\" data-end=\"1443\">Unterst\u00fctzung der Funktion des Immunsystems<\/p>\n<\/li>\n<li data-start=\"1444\" data-end=\"1492\">\n<p data-start=\"1446\" data-end=\"1492\">Unterst\u00fctzung gesunder Haut, Haare und N\u00e4gel<\/p>\n<\/li>\n<li data-start=\"1493\" data-end=\"1551\">\n<p data-start=\"1495\" data-end=\"1551\">Beitrag zur Verringerung von oxidativem Stress im K\u00f6rper<\/p>\n<\/li>\n<\/ul>\n<p data-start=\"1553\" data-end=\"1679\"><strong data-start=\"1553\" data-end=\"1579\">Anwendung \/ Dosierung:<\/strong><br data-start=\"1579\" data-end=\"1582\" \/><strong data-start=\"1582\" data-end=\"1604\">1 Tablette t\u00e4glich<\/strong>, vorzugsweise zu einer Mahlzeit, oder nach \u00e4rztlicher Anweisung einnehmen.<\/p>\n<p data-start=\"1681\" data-end=\"1701\"><strong data-start=\"1681\" data-end=\"1699\">Gegenanzeigen:<\/strong><\/p>\n<ul data-start=\"1702\" data-end=\"1785\">\n<li data-start=\"1702\" data-end=\"1785\">\n<p data-start=\"1704\" data-end=\"1785\">\u00dcberempfindlichkeit gegen Selen, die Vitamine A, C, E oder einen der Bestandteile<\/p>\n<\/li>\n<\/ul>\n<p data-start=\"1787\" data-end=\"1812\"><strong data-start=\"1787\" data-end=\"1810\">Vorsichtsma\u00dfnahmen:<\/strong><\/p>\n<ul data-start=\"1813\" data-end=\"1944\">\n<li data-start=\"1813\" data-end=\"1899\">\n<p data-start=\"1815\" data-end=\"1899\">Schwangere oder stillende Frauen sollten vor der Anwendung \u00e4rztlichen Rat einholen<\/p>\n<\/li>\n<li data-start=\"1900\" data-end=\"1944\">\n<p data-start=\"1902\" data-end=\"1944\">Kein Ersatz f\u00fcr eine ausgewogene Ern\u00e4hrung<\/p>\n<\/li>\n<\/ul>\n<p data-start=\"1946\" data-end=\"2067\"><strong data-start=\"1946\" data-end=\"1965\">Nebenwirkungen:<\/strong><br data-start=\"1965\" data-end=\"1968\" \/>In der Regel gut vertr\u00e4glich.<br data-start=\"1997\" data-end=\"2000\" \/>Selten: leichte Magen-Darm-Beschwerden oder allergische Reaktionen.<\/p>\n<p data-start=\"2069\" data-end=\"2204\" data-is-last-node=\"\" data-is-only-node=\"\"><strong data-start=\"2069\" data-end=\"2082\">Lagerung:<\/strong><br data-start=\"2082\" data-end=\"2085\" \/>K\u00fchl, trocken und vor direkter Sonneneinstrahlung gesch\u00fctzt lagern.<br data-start=\"2152\" data-end=\"2155\" \/>Au\u00dferhalb der Reichweite von Kindern aufbewahren.<\/p>\n<\/div>\n<\/div>\n<\/div>\n<\/div>\n<\/div>\n<\/div>\n<\/article>\n","protected":false},"excerpt":{"rendered":"<p>Selen ACE 30 Tabletten Darreichungsform: Tabletten Aktive Bestandteile (pro Tablette): Selen 55 \u00b5g Vitamin A 5000 I.E. Vitamin C 60 mg Vitamin E 30 I.E. Anwendungsgebiete \/ Verwendung: Antioxidativer Schutz Unterst\u00fctzung der Funktion des Immunsystems Unterst\u00fctzung gesunder Haut, Haare und N\u00e4gel Beitrag zur Verringerung von oxidativem Stress im K\u00f6rper Anwendung \/ Dosierung:1 Tablette t\u00e4glich, vorzugsweise&#8230;<\/p>\n","protected":false},"featured_media":9304,"comment_status":"open","ping_status":"closed","template":"","meta":{"rs_blank_template":"","rs_page_bg_color":"","slide_template_v7":"","_bst_post_transparent":"default","_bst_post_title":"","_bst_post_layout":"default","_bst_post_sidebar_id":"","_bst_post_content_style":"default","_bst_post_vertical_padding":"default","_bst_post_feature":"","_bst_post_feature_position":"","_bst_post_header":false,"_bst_post_footer":false},"product_brand":[],"product_cat":[351,217,457,229],"product_tag":[],"product_brands":[],"class_list":{"0":"post-9305","1":"product","2":"type-product","3":"status-publish","4":"has-post-thumbnail","6":"product_cat-medical-forms","7":"product_cat-medicines","8":"product_cat-tablets-capsules","9":"product_cat-vitamins-general-supplements","11":"first","12":"instock","13":"shipping-taxable","14":"purchasable","15":"product-type-simple","16":"entry","17":"content-bg","18":"loop-entry"},"_links":{"self":[{"href":"https:\/\/nawarpharmacy.com\/de\/wp-json\/wp\/v2\/product\/9305","targetHints":{"allow":["GET"]}}],"collection":[{"href":"https:\/\/nawarpharmacy.com\/de\/wp-json\/wp\/v2\/product"}],"about":[{"href":"https:\/\/nawarpharmacy.com\/de\/wp-json\/wp\/v2\/types\/product"}],"replies":[{"embeddable":true,"href":"https:\/\/nawarpharmacy.com\/de\/wp-json\/wp\/v2\/comments?post=9305"}],"wp:featuredmedia":[{"embeddable":true,"href":"https:\/\/nawarpharmacy.com\/de\/wp-json\/wp\/v2\/media\/9304"}],"wp:attachment":[{"href":"https:\/\/nawarpharmacy.com\/de\/wp-json\/wp\/v2\/media?parent=9305"}],"wp:term":[{"taxonomy":"product_brand","embeddable":true,"href":"https:\/\/nawarpharmacy.com\/de\/wp-json\/wp\/v2\/product_brand?post=9305"},{"taxonomy":"product_cat","embeddable":true,"href":"https:\/\/nawarpharmacy.com\/de\/wp-json\/wp\/v2\/product_cat?post=9305"},{"taxonomy":"product_tag","embeddable":true,"href":"https:\/\/nawarpharmacy.com\/de\/wp-json\/wp\/v2\/product_tag?post=9305"},{"taxonomy":"product_brands","embeddable":true,"href":"https:\/\/nawarpharmacy.com\/de\/wp-json\/wp\/v2\/product_brands?post=9305"}],"curies":[{"name":"wp","href":"https:\/\/api.w.org\/{rel}","templated":true}]}}