{"id":9301,"date":"2025-11-24T12:11:34","date_gmt":"2025-11-24T12:11:34","guid":{"rendered":"https:\/\/nawarpharmacy.com\/?post_type=product&#038;p=9301"},"modified":"2026-02-05T18:29:40","modified_gmt":"2026-02-05T18:29:40","slug":"super-kids-multigummies-120-pieces","status":"publish","type":"product","link":"https:\/\/nawarpharmacy.com\/de\/produkt\/super-kids-multigummies-120-pieces\/","title":{"rendered":"Super Kids Multigummis 120 St\u00fcck"},"content":{"rendered":"<article class=\"text-token-text-primary w-full focus:outline-none [--shadow-height:45px] has-data-writing-block:pointer-events-none has-data-writing-block:-mt-(--shadow-height) has-data-writing-block:pt-(--shadow-height) [&amp;:has([data-writing-block])&gt;*]:pointer-events-auto [content-visibility:auto] supports-[content-visibility:auto]:[contain-intrinsic-size:auto_100lvh] scroll-mt-[calc(var(--header-height)+min(200px,max(70px,20svh)))]\" dir=\"auto\" data-turn-id=\"request-692073f5-3f80-832c-872f-7626d4388ea8-123\" data-testid=\"conversation-turn-264\" data-scroll-anchor=\"true\" data-turn=\"assistant\">\n<div class=\"text-base my-auto mx-auto pb-10 [--thread-content-margin:--spacing(4)] thread-sm:[--thread-content-margin:--spacing(6)] thread-lg:[--thread-content-margin:--spacing(16)] px-(--thread-content-margin)\">\n<div class=\"[--thread-content-max-width:40rem] thread-lg:[--thread-content-max-width:48rem] mx-auto max-w-(--thread-content-max-width) flex-1 group\/turn-messages focus-visible:outline-hidden relative flex w-full min-w-0 flex-col agent-turn\">\n<div class=\"flex max-w-full flex-col grow\">\n<div class=\"min-h-8 text-message relative flex w-full flex-col items-end gap-2 text-start break-words whitespace-normal [.text-message+&amp;]:mt-1\" dir=\"auto\" data-message-author-role=\"assistant\" data-message-id=\"023b0047-b50f-416e-add6-ebf78cff2203\" data-message-model-slug=\"gpt-5-mini\">\n<div class=\"flex w-full flex-col gap-1 empty:hidden first:pt-[1px]\">\n<div class=\"markdown prose dark:prose-invert w-full break-words light markdown-new-styling\">\n<p data-start=\"1242\" data-end=\"1291\"><strong>Super Kids Multigummis 120 St\u00fcck<\/strong><\/p>\n<p data-start=\"1293\" data-end=\"1350\"><strong data-start=\"1293\" data-end=\"1314\">Darreichungsform:<\/strong> Kaubonbons \/ Gummib\u00e4rchen zum Kauen<\/p>\n<p data-start=\"1352\" data-end=\"1508\"><strong data-start=\"1352\" data-end=\"1390\">Aktive Bestandteile (pro Portion):<\/strong><br data-start=\"1390\" data-end=\"1393\" \/>Multivitamine und Mineralstoffe, darunter <strong data-start=\"1435\" data-end=\"1457\">Vitamin A, C, D, E<\/strong>, <strong data-start=\"1459\" data-end=\"1485\">B-Vitamine (B-Komplex)<\/strong>, <strong data-start=\"1487\" data-end=\"1495\">Zink<\/strong> und <strong data-start=\"1500\" data-end=\"1507\">Jod<\/strong>.<\/p>\n<p data-start=\"1510\" data-end=\"1547\"><strong data-start=\"1510\" data-end=\"1545\">Anwendungsgebiete \/ Verwendung:<\/strong><\/p>\n<ul data-start=\"1548\" data-end=\"1766\">\n<li data-start=\"1548\" data-end=\"1606\">\n<p data-start=\"1550\" data-end=\"1606\">Unterst\u00fctzung von Wachstum und Entwicklung bei Kindern<\/p>\n<\/li>\n<li data-start=\"1607\" data-end=\"1654\">\n<p data-start=\"1609\" data-end=\"1654\">Unterst\u00fctzung der Funktion des Immunsystems<\/p>\n<\/li>\n<li data-start=\"1655\" data-end=\"1717\">\n<p data-start=\"1657\" data-end=\"1717\">Unterst\u00fctzung gesunder Knochen, Z\u00e4hne und des Sehverm\u00f6gens<\/p>\n<\/li>\n<li data-start=\"1718\" data-end=\"1766\">\n<p data-start=\"1720\" data-end=\"1766\">Ausgleich von N\u00e4hrstoffl\u00fccken in der Ern\u00e4hrung<\/p>\n<\/li>\n<\/ul>\n<p data-start=\"1768\" data-end=\"1894\"><strong data-start=\"1768\" data-end=\"1794\">Anwendung \/ Dosierung:<\/strong><br data-start=\"1794\" data-end=\"1797\" \/>T\u00e4glich <strong data-start=\"1805\" data-end=\"1829\">2 Gummib\u00e4rchen kauen<\/strong>, vorzugsweise zu einer Mahlzeit, oder nach \u00e4rztlicher Anweisung.<\/p>\n<p data-start=\"1896\" data-end=\"1916\"><strong data-start=\"1896\" data-end=\"1914\">Gegenanzeigen:<\/strong><\/p>\n<ul data-start=\"1917\" data-end=\"1980\">\n<li data-start=\"1917\" data-end=\"1980\">\n<p data-start=\"1919\" data-end=\"1980\">Bekannte \u00dcberempfindlichkeit gegen\u00fcber einem der Bestandteile<\/p>\n<\/li>\n<\/ul>\n<p data-start=\"1982\" data-end=\"2007\"><strong data-start=\"1982\" data-end=\"2005\">Vorsichtsma\u00dfnahmen:<\/strong><\/p>\n<ul data-start=\"2008\" data-end=\"2198\">\n<li data-start=\"2008\" data-end=\"2054\">\n<p data-start=\"2010\" data-end=\"2054\">Kein Ersatz f\u00fcr eine ausgewogene Ern\u00e4hrung<\/p>\n<\/li>\n<li data-start=\"2055\" data-end=\"2113\">\n<p data-start=\"2057\" data-end=\"2113\"><strong data-start=\"2057\" data-end=\"2111\">F\u00fcr Kinder unter 3 Jahren unzug\u00e4nglich aufbewahren<\/strong><\/p>\n<\/li>\n<li data-start=\"2114\" data-end=\"2198\">\n<p data-start=\"2116\" data-end=\"2198\">Schwangere oder stillende Frauen sollten vor der Anwendung \u00e4rztlichen Rat einholen<\/p>\n<\/li>\n<\/ul>\n<p data-start=\"2200\" data-end=\"2321\"><strong data-start=\"2200\" data-end=\"2219\">Nebenwirkungen:<\/strong><br data-start=\"2219\" data-end=\"2222\" \/>In der Regel gut vertr\u00e4glich.<br data-start=\"2251\" data-end=\"2254\" \/>Selten: leichte Magen-Darm-Beschwerden oder allergische Reaktionen.<\/p>\n<p data-start=\"2323\" data-end=\"2458\" data-is-last-node=\"\" data-is-only-node=\"\"><strong data-start=\"2323\" data-end=\"2336\">Lagerung:<\/strong><br data-start=\"2336\" data-end=\"2339\" \/>K\u00fchl, trocken und vor direkter Sonneneinstrahlung gesch\u00fctzt lagern.<br data-start=\"2406\" data-end=\"2409\" \/>Au\u00dferhalb der Reichweite von Kindern aufbewahren.<\/p>\n<\/div>\n<\/div>\n<\/div>\n<\/div>\n<\/div>\n<\/div>\n<\/article>\n","protected":false},"excerpt":{"rendered":"<p>Super Kids Multigummis 120 St\u00fcck Darreichungsform: Kaubonbons \/ Gummib\u00e4rchen zum Kauen Aktive Bestandteile (pro Portion):Multivitamine und Mineralstoffe, darunter Vitamin A, C, D, E, B-Vitamine (B-Komplex), Zink und Jod. Anwendungsgebiete \/ Verwendung: Unterst\u00fctzung von Wachstum und Entwicklung bei Kindern Unterst\u00fctzung der Funktion des Immunsystems Unterst\u00fctzung gesunder Knochen, Z\u00e4hne und des Sehverm\u00f6gens Ausgleich von N\u00e4hrstoffl\u00fccken in der&#8230;<\/p>\n","protected":false},"featured_media":9300,"comment_status":"open","ping_status":"closed","template":"","meta":{"rs_blank_template":"","rs_page_bg_color":"","slide_template_v7":"","_bst_post_transparent":"default","_bst_post_title":"","_bst_post_layout":"default","_bst_post_sidebar_id":"","_bst_post_content_style":"default","_bst_post_vertical_padding":"default","_bst_post_feature":"","_bst_post_feature_position":"","_bst_post_header":false,"_bst_post_footer":false},"product_brand":[],"product_cat":[351,217,305],"product_tag":[],"product_brands":[],"class_list":{"0":"post-9301","1":"product","2":"type-product","3":"status-publish","4":"has-post-thumbnail","6":"product_cat-medical-forms","7":"product_cat-medicines","8":"product_cat-babychild-vitamins","10":"first","11":"instock","12":"shipping-taxable","13":"purchasable","14":"product-type-simple","15":"entry","16":"content-bg","17":"loop-entry"},"_links":{"self":[{"href":"https:\/\/nawarpharmacy.com\/de\/wp-json\/wp\/v2\/product\/9301","targetHints":{"allow":["GET"]}}],"collection":[{"href":"https:\/\/nawarpharmacy.com\/de\/wp-json\/wp\/v2\/product"}],"about":[{"href":"https:\/\/nawarpharmacy.com\/de\/wp-json\/wp\/v2\/types\/product"}],"replies":[{"embeddable":true,"href":"https:\/\/nawarpharmacy.com\/de\/wp-json\/wp\/v2\/comments?post=9301"}],"wp:featuredmedia":[{"embeddable":true,"href":"https:\/\/nawarpharmacy.com\/de\/wp-json\/wp\/v2\/media\/9300"}],"wp:attachment":[{"href":"https:\/\/nawarpharmacy.com\/de\/wp-json\/wp\/v2\/media?parent=9301"}],"wp:term":[{"taxonomy":"product_brand","embeddable":true,"href":"https:\/\/nawarpharmacy.com\/de\/wp-json\/wp\/v2\/product_brand?post=9301"},{"taxonomy":"product_cat","embeddable":true,"href":"https:\/\/nawarpharmacy.com\/de\/wp-json\/wp\/v2\/product_cat?post=9301"},{"taxonomy":"product_tag","embeddable":true,"href":"https:\/\/nawarpharmacy.com\/de\/wp-json\/wp\/v2\/product_tag?post=9301"},{"taxonomy":"product_brands","embeddable":true,"href":"https:\/\/nawarpharmacy.com\/de\/wp-json\/wp\/v2\/product_brands?post=9301"}],"curies":[{"name":"wp","href":"https:\/\/api.w.org\/{rel}","templated":true}]}}