{"id":9296,"date":"2025-11-24T12:12:05","date_gmt":"2025-11-24T12:12:05","guid":{"rendered":"https:\/\/nawarpharmacy.com\/?post_type=product&#038;p=9296"},"modified":"2026-02-05T18:27:35","modified_gmt":"2026-02-05T18:27:35","slug":"benebon-multivitaminsprobiotics-multigummies-120-pieces","status":"publish","type":"product","link":"https:\/\/nawarpharmacy.com\/de\/produkt\/benebon-multivitaminsprobiotics-multigummies-120-pieces\/","title":{"rendered":"Benebon Multivitamine &#038; Probiotika Multigummis 120 St\u00fcck"},"content":{"rendered":"<article class=\"text-token-text-primary w-full focus:outline-none [--shadow-height:45px] has-data-writing-block:pointer-events-none has-data-writing-block:-mt-(--shadow-height) has-data-writing-block:pt-(--shadow-height) [&amp;:has([data-writing-block])&gt;*]:pointer-events-auto [content-visibility:auto] supports-[content-visibility:auto]:[contain-intrinsic-size:auto_100lvh] scroll-mt-[calc(var(--header-height)+min(200px,max(70px,20svh)))]\" dir=\"auto\" data-turn-id=\"request-692073f5-3f80-832c-872f-7626d4388ea8-125\" data-testid=\"conversation-turn-268\" data-scroll-anchor=\"true\" data-turn=\"assistant\">\n<div class=\"text-base my-auto mx-auto pb-10 [--thread-content-margin:--spacing(4)] thread-sm:[--thread-content-margin:--spacing(6)] thread-lg:[--thread-content-margin:--spacing(16)] px-(--thread-content-margin)\">\n<div class=\"[--thread-content-max-width:40rem] thread-lg:[--thread-content-max-width:48rem] mx-auto max-w-(--thread-content-max-width) flex-1 group\/turn-messages focus-visible:outline-hidden relative flex w-full min-w-0 flex-col agent-turn\">\n<div class=\"flex max-w-full flex-col grow\">\n<div class=\"min-h-8 text-message relative flex w-full flex-col items-end gap-2 text-start break-words whitespace-normal [.text-message+&amp;]:mt-1\" dir=\"auto\" data-message-author-role=\"assistant\" data-message-id=\"623de865-1d67-4ce8-bc8c-4be0f7b248a0\" data-message-model-slug=\"gpt-5-mini\">\n<div class=\"flex w-full flex-col gap-1 empty:hidden first:pt-[1px]\">\n<div class=\"markdown prose dark:prose-invert w-full break-words light markdown-new-styling\">\n<div class=\"flex flex-col text-sm pb-25\">\n<article class=\"text-token-text-primary w-full focus:outline-none [--shadow-height:45px] has-data-writing-block:pointer-events-none has-data-writing-block:-mt-(--shadow-height) has-data-writing-block:pt-(--shadow-height) [&amp;:has([data-writing-block])&gt;*]:pointer-events-auto scroll-mt-[calc(var(--header-height)+min(200px,max(70px,20svh)))]\" dir=\"auto\" tabindex=\"-1\" data-turn-id=\"08f50009-cd33-4b82-b7c5-33fbc8ccc638\" data-testid=\"conversation-turn-56\" data-scroll-anchor=\"true\" data-turn=\"assistant\">\n<div class=\"text-base my-auto mx-auto pb-10 [--thread-content-margin:--spacing(4)] @w-sm\/main:[--thread-content-margin:--spacing(6)] @w-lg\/main:[--thread-content-margin:--spacing(16)] px-(--thread-content-margin)\">\n<div class=\"[--thread-content-max-width:40rem] @w-lg\/main:[--thread-content-max-width:48rem] mx-auto max-w-(--thread-content-max-width) flex-1 group\/turn-messages focus-visible:outline-hidden relative flex w-full min-w-0 flex-col agent-turn\" tabindex=\"-1\">\n<div class=\"flex max-w-full flex-col grow\">\n<div class=\"min-h-8 text-message relative flex w-full flex-col items-end gap-2 text-start break-words whitespace-normal [.text-message+&amp;]:mt-1\" dir=\"auto\" data-message-author-role=\"assistant\" data-message-id=\"4c765096-1281-464d-823f-c59c56f8957b\" data-message-model-slug=\"gpt-5-2-thinking\">\n<div class=\"flex w-full flex-col gap-1 empty:hidden first:pt-[1px]\">\n<div class=\"markdown prose dark:prose-invert w-full wrap-break-word dark markdown-new-styling\">\n<p data-start=\"1291\" data-end=\"1353\"><strong>Benebon Multivitamine &amp; Probiotika Multigummis 120 St\u00fcck<\/strong><\/p>\n<p data-start=\"1355\" data-end=\"1412\"><strong data-start=\"1355\" data-end=\"1376\">Darreichungsform:<\/strong> Kaubonbons \/ Gummib\u00e4rchen zum Kauen<\/p>\n<p data-start=\"1414\" data-end=\"1560\"><strong data-start=\"1414\" data-end=\"1452\">Aktive Bestandteile (pro Portion):<\/strong><br data-start=\"1452\" data-end=\"1455\" \/>Multivitamine (<strong data-start=\"1470\" data-end=\"1492\">Vitamin A, C, D, E<\/strong>, <strong data-start=\"1494\" data-end=\"1518\">B-Vitamine\/B-Komplex<\/strong>), <strong data-start=\"1521\" data-end=\"1529\">Zink<\/strong>, <strong data-start=\"1531\" data-end=\"1538\">Jod<\/strong> sowie <strong data-start=\"1545\" data-end=\"1559\">Probiotika<\/strong>.<\/p>\n<p data-start=\"1562\" data-end=\"1599\"><strong data-start=\"1562\" data-end=\"1597\">Anwendungsgebiete \/ Verwendung:<\/strong><\/p>\n<ul data-start=\"1600\" data-end=\"1867\">\n<li data-start=\"1600\" data-end=\"1658\">\n<p data-start=\"1602\" data-end=\"1658\">Unterst\u00fctzung von Wachstum und Entwicklung bei Kindern<\/p>\n<\/li>\n<li data-start=\"1659\" data-end=\"1706\">\n<p data-start=\"1661\" data-end=\"1706\">Unterst\u00fctzung der Funktion des Immunsystems<\/p>\n<\/li>\n<li data-start=\"1707\" data-end=\"1755\">\n<p data-start=\"1709\" data-end=\"1755\">Unterst\u00fctzung der Verdauung durch Probiotika<\/p>\n<\/li>\n<li data-start=\"1756\" data-end=\"1818\">\n<p data-start=\"1758\" data-end=\"1818\">Unterst\u00fctzung gesunder Knochen, Z\u00e4hne und des Sehverm\u00f6gens<\/p>\n<\/li>\n<li data-start=\"1819\" data-end=\"1867\">\n<p data-start=\"1821\" data-end=\"1867\">Ausgleich von N\u00e4hrstoffl\u00fccken in der Ern\u00e4hrung<\/p>\n<\/li>\n<\/ul>\n<p data-start=\"1869\" data-end=\"1995\"><strong data-start=\"1869\" data-end=\"1895\">Anwendung \/ Dosierung:<\/strong><br data-start=\"1895\" data-end=\"1898\" \/>T\u00e4glich <strong data-start=\"1906\" data-end=\"1930\">2 Gummib\u00e4rchen kauen<\/strong>, vorzugsweise zu einer Mahlzeit, oder nach \u00e4rztlicher Anweisung.<\/p>\n<p data-start=\"1997\" data-end=\"2017\"><strong data-start=\"1997\" data-end=\"2015\">Gegenanzeigen:<\/strong><\/p>\n<ul data-start=\"2018\" data-end=\"2081\">\n<li data-start=\"2018\" data-end=\"2081\">\n<p data-start=\"2020\" data-end=\"2081\">Bekannte \u00dcberempfindlichkeit gegen\u00fcber einem der Bestandteile<\/p>\n<\/li>\n<\/ul>\n<p data-start=\"2083\" data-end=\"2108\"><strong data-start=\"2083\" data-end=\"2106\">Vorsichtsma\u00dfnahmen:<\/strong><\/p>\n<ul data-start=\"2109\" data-end=\"2299\">\n<li data-start=\"2109\" data-end=\"2155\">\n<p data-start=\"2111\" data-end=\"2155\">Kein Ersatz f\u00fcr eine ausgewogene Ern\u00e4hrung<\/p>\n<\/li>\n<li data-start=\"2156\" data-end=\"2214\">\n<p data-start=\"2158\" data-end=\"2214\"><strong data-start=\"2158\" data-end=\"2212\">F\u00fcr Kinder unter 3 Jahren unzug\u00e4nglich aufbewahren<\/strong><\/p>\n<\/li>\n<li data-start=\"2215\" data-end=\"2299\">\n<p data-start=\"2217\" data-end=\"2299\">Schwangere oder stillende Frauen sollten vor der Anwendung \u00e4rztlichen Rat einholen<\/p>\n<\/li>\n<\/ul>\n<p data-start=\"2301\" data-end=\"2422\"><strong data-start=\"2301\" data-end=\"2320\">Nebenwirkungen:<\/strong><br data-start=\"2320\" data-end=\"2323\" \/>In der Regel gut vertr\u00e4glich.<br data-start=\"2352\" data-end=\"2355\" \/>Selten: leichte Magen-Darm-Beschwerden oder allergische Reaktionen.<\/p>\n<p data-start=\"2424\" data-end=\"2559\" data-is-last-node=\"\" data-is-only-node=\"\"><strong data-start=\"2424\" data-end=\"2437\">Lagerung:<\/strong><br data-start=\"2437\" data-end=\"2440\" \/>K\u00fchl, trocken und vor direkter Sonneneinstrahlung gesch\u00fctzt lagern.<br data-start=\"2507\" data-end=\"2510\" \/>Au\u00dferhalb der Reichweite von Kindern aufbewahren.<\/p>\n<\/div>\n<\/div>\n<\/div>\n<\/div>\n<div class=\"z-0 flex min-h-[46px] justify-start\"><\/div>\n<div class=\"mt-3 w-full empty:hidden\">\n<div class=\"text-center\"><\/div>\n<\/div>\n<\/div>\n<\/div>\n<\/article>\n<\/div>\n<div class=\"pointer-events-none h-px w-px absolute bottom-0\" aria-hidden=\"true\" data-edge=\"true\"><\/div>\n<\/div>\n<\/div>\n<\/div>\n<\/div>\n<\/div>\n<\/div>\n<\/article>\n","protected":false},"excerpt":{"rendered":"<p>Benebon Multivitamine &amp; Probiotika Multigummis 120 St\u00fcck Darreichungsform: Kaubonbons \/ Gummib\u00e4rchen zum Kauen Aktive Bestandteile (pro Portion):Multivitamine (Vitamin A, C, D, E, B-Vitamine\/B-Komplex), Zink, Jod sowie Probiotika. Anwendungsgebiete \/ Verwendung: Unterst\u00fctzung von Wachstum und Entwicklung bei Kindern Unterst\u00fctzung der Funktion des Immunsystems Unterst\u00fctzung der Verdauung durch Probiotika Unterst\u00fctzung gesunder Knochen, Z\u00e4hne und des Sehverm\u00f6gens Ausgleich&#8230;<\/p>\n","protected":false},"featured_media":9295,"comment_status":"open","ping_status":"closed","template":"","meta":{"rs_blank_template":"","rs_page_bg_color":"","slide_template_v7":"","_bst_post_transparent":"default","_bst_post_title":"","_bst_post_layout":"default","_bst_post_sidebar_id":"","_bst_post_content_style":"default","_bst_post_vertical_padding":"default","_bst_post_feature":"","_bst_post_feature_position":"","_bst_post_header":false,"_bst_post_footer":false},"product_brand":[],"product_cat":[351,217,271,305],"product_tag":[],"product_brands":[],"class_list":{"0":"post-9296","1":"product","2":"type-product","3":"status-publish","4":"has-post-thumbnail","6":"product_cat-medical-forms","7":"product_cat-medicines","8":"product_cat-immunity-support","9":"product_cat-babychild-vitamins","11":"first","12":"instock","13":"shipping-taxable","14":"purchasable","15":"product-type-simple","16":"entry","17":"content-bg","18":"loop-entry"},"_links":{"self":[{"href":"https:\/\/nawarpharmacy.com\/de\/wp-json\/wp\/v2\/product\/9296","targetHints":{"allow":["GET"]}}],"collection":[{"href":"https:\/\/nawarpharmacy.com\/de\/wp-json\/wp\/v2\/product"}],"about":[{"href":"https:\/\/nawarpharmacy.com\/de\/wp-json\/wp\/v2\/types\/product"}],"replies":[{"embeddable":true,"href":"https:\/\/nawarpharmacy.com\/de\/wp-json\/wp\/v2\/comments?post=9296"}],"wp:featuredmedia":[{"embeddable":true,"href":"https:\/\/nawarpharmacy.com\/de\/wp-json\/wp\/v2\/media\/9295"}],"wp:attachment":[{"href":"https:\/\/nawarpharmacy.com\/de\/wp-json\/wp\/v2\/media?parent=9296"}],"wp:term":[{"taxonomy":"product_brand","embeddable":true,"href":"https:\/\/nawarpharmacy.com\/de\/wp-json\/wp\/v2\/product_brand?post=9296"},{"taxonomy":"product_cat","embeddable":true,"href":"https:\/\/nawarpharmacy.com\/de\/wp-json\/wp\/v2\/product_cat?post=9296"},{"taxonomy":"product_tag","embeddable":true,"href":"https:\/\/nawarpharmacy.com\/de\/wp-json\/wp\/v2\/product_tag?post=9296"},{"taxonomy":"product_brands","embeddable":true,"href":"https:\/\/nawarpharmacy.com\/de\/wp-json\/wp\/v2\/product_brands?post=9296"}],"curies":[{"name":"wp","href":"https:\/\/api.w.org\/{rel}","templated":true}]}}