{"id":9285,"date":"2025-11-24T12:16:25","date_gmt":"2025-11-24T12:16:25","guid":{"rendered":"https:\/\/nawarpharmacy.com\/?post_type=product&#038;p=9285"},"modified":"2026-02-05T18:23:39","modified_gmt":"2026-02-05T18:23:39","slug":"ciren-vitamindcalcium-multigummies-120-pieces","status":"publish","type":"product","link":"https:\/\/nawarpharmacy.com\/de\/produkt\/ciren-vitamindcalcium-multigummies-120-pieces\/","title":{"rendered":"Ciren Vitamin D &#038; Calcium Multigummis 120 St\u00fcck"},"content":{"rendered":"<article class=\"text-token-text-primary w-full focus:outline-none [--shadow-height:45px] has-data-writing-block:pointer-events-none has-data-writing-block:-mt-(--shadow-height) has-data-writing-block:pt-(--shadow-height) [&amp;:has([data-writing-block])&gt;*]:pointer-events-auto [content-visibility:auto] supports-[content-visibility:auto]:[contain-intrinsic-size:auto_100lvh] scroll-mt-[calc(var(--header-height)+min(200px,max(70px,20svh)))]\" dir=\"auto\" data-turn-id=\"request-692073f5-3f80-832c-872f-7626d4388ea8-127\" data-testid=\"conversation-turn-272\" data-scroll-anchor=\"true\" data-turn=\"assistant\">\n<div class=\"text-base my-auto mx-auto pb-10 [--thread-content-margin:--spacing(4)] thread-sm:[--thread-content-margin:--spacing(6)] thread-lg:[--thread-content-margin:--spacing(16)] px-(--thread-content-margin)\">\n<div class=\"[--thread-content-max-width:40rem] thread-lg:[--thread-content-max-width:48rem] mx-auto max-w-(--thread-content-max-width) flex-1 group\/turn-messages focus-visible:outline-hidden relative flex w-full min-w-0 flex-col agent-turn\">\n<div class=\"flex max-w-full flex-col grow\">\n<div class=\"min-h-8 text-message relative flex w-full flex-col items-end gap-2 text-start break-words whitespace-normal [.text-message+&amp;]:mt-1\" dir=\"auto\" data-message-author-role=\"assistant\" data-message-id=\"bc36c53e-89ce-4a6f-bffb-44641d01e2e6\" data-message-model-slug=\"gpt-5-mini\">\n<div class=\"flex w-full flex-col gap-1 empty:hidden first:pt-[1px]\">\n<div class=\"markdown prose dark:prose-invert w-full break-words light markdown-new-styling\">\n<p data-start=\"49\" data-end=\"104\"><strong>Ciren Vitamin D &amp; Calcium Multigummis 120 St\u00fcck<\/strong><\/p>\n<p data-start=\"49\" data-end=\"104\">\n<\/div>\n<\/div>\n<\/div>\n<\/div>\n<\/div>\n<\/div>\n<\/article>\n<div class=\"pointer-events-none h-px w-px\" aria-hidden=\"true\" data-edge=\"true\">\n<p data-start=\"1269\" data-end=\"1326\"><strong data-start=\"1269\" data-end=\"1290\">Darreichungsform:<\/strong> Kaubonbons \/ Gummib\u00e4rchen zum Kauen<\/p>\n<p data-start=\"1328\" data-end=\"1435\"><strong data-start=\"1328\" data-end=\"1366\">Aktive Bestandteile (pro Portion):<\/strong><br data-start=\"1366\" data-end=\"1369\" \/><strong data-start=\"1369\" data-end=\"1383\">Vitamin D3<\/strong>, <strong data-start=\"1385\" data-end=\"1396\">Calcium<\/strong> sowie weitere unterst\u00fctzende Vitamine.<\/p>\n<p data-start=\"1437\" data-end=\"1474\"><strong data-start=\"1437\" data-end=\"1472\">Anwendungsgebiete \/ Verwendung:<\/strong><\/p>\n<ul data-start=\"1475\" data-end=\"1672\">\n<li data-start=\"1475\" data-end=\"1531\">\n<p data-start=\"1477\" data-end=\"1531\">Unterst\u00fctzung gesunder Knochen und Z\u00e4hne bei Kindern<\/p>\n<\/li>\n<li data-start=\"1532\" data-end=\"1576\">\n<p data-start=\"1534\" data-end=\"1576\">F\u00f6rderung einer normalen Calciumaufnahme<\/p>\n<\/li>\n<li data-start=\"1577\" data-end=\"1623\">\n<p data-start=\"1579\" data-end=\"1623\">Unterst\u00fctzung von Wachstum und Entwicklung<\/p>\n<\/li>\n<li data-start=\"1624\" data-end=\"1672\">\n<p data-start=\"1626\" data-end=\"1672\">Ausgleich von N\u00e4hrstoffl\u00fccken in der Ern\u00e4hrung<\/p>\n<\/li>\n<\/ul>\n<p data-start=\"1674\" data-end=\"1800\"><strong data-start=\"1674\" data-end=\"1700\">Anwendung \/ Dosierung:<\/strong><br data-start=\"1700\" data-end=\"1703\" \/>T\u00e4glich <strong data-start=\"1711\" data-end=\"1735\">2 Gummib\u00e4rchen kauen<\/strong>, vorzugsweise zu einer Mahlzeit, oder nach \u00e4rztlicher Anweisung.<\/p>\n<p data-start=\"1802\" data-end=\"1822\"><strong data-start=\"1802\" data-end=\"1820\">Gegenanzeigen:<\/strong><\/p>\n<ul data-start=\"1823\" data-end=\"1886\">\n<li data-start=\"1823\" data-end=\"1886\">\n<p data-start=\"1825\" data-end=\"1886\">Bekannte \u00dcberempfindlichkeit gegen\u00fcber einem der Bestandteile<\/p>\n<\/li>\n<\/ul>\n<p data-start=\"1888\" data-end=\"2025\"><strong data-start=\"1888\" data-end=\"1911\">Vorsichtsma\u00dfnahmen:<\/strong><br data-start=\"1911\" data-end=\"1914\" \/>If you are referring to children: \u201cKeep out of reach of children under 3 years\u201d is awkward in German; better:<\/p>\n<ul data-start=\"2026\" data-end=\"2237\">\n<li data-start=\"2026\" data-end=\"2105\">\n<p data-start=\"2028\" data-end=\"2105\"><strong data-start=\"2028\" data-end=\"2083\">F\u00fcr Kinder unter 3 Jahren unzug\u00e4nglich aufbewahren.<\/strong><br data-start=\"2083\" data-end=\"2086\" \/>Weitere Hinweise:<\/p>\n<\/li>\n<li data-start=\"2106\" data-end=\"2152\">\n<p data-start=\"2108\" data-end=\"2152\">Kein Ersatz f\u00fcr eine ausgewogene Ern\u00e4hrung<\/p>\n<\/li>\n<li data-start=\"2153\" data-end=\"2237\">\n<p data-start=\"2155\" data-end=\"2237\">Schwangere oder stillende Frauen sollten vor der Anwendung \u00e4rztlichen Rat einholen<\/p>\n<\/li>\n<\/ul>\n<p data-start=\"2239\" data-end=\"2360\"><strong data-start=\"2239\" data-end=\"2258\">Nebenwirkungen:<\/strong><br data-start=\"2258\" data-end=\"2261\" \/>In der Regel gut vertr\u00e4glich.<br data-start=\"2290\" data-end=\"2293\" \/>Selten: leichte Magen-Darm-Beschwerden oder allergische Reaktionen.<\/p>\n<p data-start=\"2362\" data-end=\"2497\" data-is-last-node=\"\" data-is-only-node=\"\"><strong data-start=\"2362\" data-end=\"2375\">Lagerung:<\/strong><br data-start=\"2375\" data-end=\"2378\" \/>K\u00fchl, trocken und vor direkter Sonneneinstrahlung gesch\u00fctzt lagern.<br data-start=\"2445\" data-end=\"2448\" \/>Au\u00dferhalb der Reichweite von Kindern aufbewahren.<\/p>\n<\/div>\n","protected":false},"excerpt":{"rendered":"<p>Ciren Vitamin D &amp; Calcium Multigummis 120 St\u00fcck Darreichungsform: Kaubonbons \/ Gummib\u00e4rchen zum Kauen Aktive Bestandteile (pro Portion):Vitamin D3, Calcium sowie weitere unterst\u00fctzende Vitamine. Anwendungsgebiete \/ Verwendung: Unterst\u00fctzung gesunder Knochen und Z\u00e4hne bei Kindern F\u00f6rderung einer normalen Calciumaufnahme Unterst\u00fctzung von Wachstum und Entwicklung Ausgleich von N\u00e4hrstoffl\u00fccken in der Ern\u00e4hrung Anwendung \/ Dosierung:T\u00e4glich 2 Gummib\u00e4rchen kauen,&#8230;<\/p>\n","protected":false},"featured_media":9284,"comment_status":"open","ping_status":"closed","template":"","meta":{"rs_blank_template":"","rs_page_bg_color":"","slide_template_v7":"","_bst_post_transparent":"default","_bst_post_title":"","_bst_post_layout":"default","_bst_post_sidebar_id":"","_bst_post_content_style":"default","_bst_post_vertical_padding":"default","_bst_post_feature":"","_bst_post_feature_position":"","_bst_post_header":false,"_bst_post_footer":false},"product_brand":[],"product_cat":[351,239,217,305],"product_tag":[],"product_brands":[],"class_list":{"0":"post-9285","1":"product","2":"type-product","3":"status-publish","4":"has-post-thumbnail","6":"product_cat-medical-forms","7":"product_cat-bone-joint-health","8":"product_cat-medicines","9":"product_cat-babychild-vitamins","11":"first","12":"instock","13":"shipping-taxable","14":"purchasable","15":"product-type-simple","16":"entry","17":"content-bg","18":"loop-entry"},"_links":{"self":[{"href":"https:\/\/nawarpharmacy.com\/de\/wp-json\/wp\/v2\/product\/9285","targetHints":{"allow":["GET"]}}],"collection":[{"href":"https:\/\/nawarpharmacy.com\/de\/wp-json\/wp\/v2\/product"}],"about":[{"href":"https:\/\/nawarpharmacy.com\/de\/wp-json\/wp\/v2\/types\/product"}],"replies":[{"embeddable":true,"href":"https:\/\/nawarpharmacy.com\/de\/wp-json\/wp\/v2\/comments?post=9285"}],"wp:featuredmedia":[{"embeddable":true,"href":"https:\/\/nawarpharmacy.com\/de\/wp-json\/wp\/v2\/media\/9284"}],"wp:attachment":[{"href":"https:\/\/nawarpharmacy.com\/de\/wp-json\/wp\/v2\/media?parent=9285"}],"wp:term":[{"taxonomy":"product_brand","embeddable":true,"href":"https:\/\/nawarpharmacy.com\/de\/wp-json\/wp\/v2\/product_brand?post=9285"},{"taxonomy":"product_cat","embeddable":true,"href":"https:\/\/nawarpharmacy.com\/de\/wp-json\/wp\/v2\/product_cat?post=9285"},{"taxonomy":"product_tag","embeddable":true,"href":"https:\/\/nawarpharmacy.com\/de\/wp-json\/wp\/v2\/product_tag?post=9285"},{"taxonomy":"product_brands","embeddable":true,"href":"https:\/\/nawarpharmacy.com\/de\/wp-json\/wp\/v2\/product_brands?post=9285"}],"curies":[{"name":"wp","href":"https:\/\/api.w.org\/{rel}","templated":true}]}}