{"id":9275,"date":"2025-11-24T12:19:52","date_gmt":"2025-11-24T12:19:52","guid":{"rendered":"https:\/\/nawarpharmacy.com\/?post_type=product&#038;p=9275"},"modified":"2026-02-05T18:19:59","modified_gmt":"2026-02-05T18:19:59","slug":"supermag-b6-30-tablets","status":"publish","type":"product","link":"https:\/\/nawarpharmacy.com\/de\/produkt\/supermag-b6-30-tablets\/","title":{"rendered":"Supermag B6 30 Tabletten"},"content":{"rendered":"<article class=\"text-token-text-primary w-full focus:outline-none [--shadow-height:45px] has-data-writing-block:pointer-events-none has-data-writing-block:-mt-(--shadow-height) has-data-writing-block:pt-(--shadow-height) [&amp;:has([data-writing-block])&gt;*]:pointer-events-auto [content-visibility:auto] supports-[content-visibility:auto]:[contain-intrinsic-size:auto_100lvh] scroll-mt-[calc(var(--header-height)+min(200px,max(70px,20svh)))]\" dir=\"auto\" data-turn-id=\"request-692073f5-3f80-832c-872f-7626d4388ea8-129\" data-testid=\"conversation-turn-276\" data-scroll-anchor=\"true\" data-turn=\"assistant\">\n<div class=\"text-base my-auto mx-auto pb-10 [--thread-content-margin:--spacing(4)] thread-sm:[--thread-content-margin:--spacing(6)] thread-lg:[--thread-content-margin:--spacing(16)] px-(--thread-content-margin)\">\n<div class=\"[--thread-content-max-width:40rem] thread-lg:[--thread-content-max-width:48rem] mx-auto max-w-(--thread-content-max-width) flex-1 group\/turn-messages focus-visible:outline-hidden relative flex w-full min-w-0 flex-col agent-turn\">\n<div class=\"flex max-w-full flex-col grow\">\n<div class=\"min-h-8 text-message relative flex w-full flex-col items-end gap-2 text-start break-words whitespace-normal [.text-message+&amp;]:mt-1\" dir=\"auto\" data-message-author-role=\"assistant\" data-message-id=\"6d322c43-4b12-4aaf-84cb-89845155f19b\" data-message-model-slug=\"gpt-5-mini\">\n<div class=\"flex w-full flex-col gap-1 empty:hidden first:pt-[1px]\">\n<div class=\"markdown prose dark:prose-invert w-full break-words light markdown-new-styling\">\n<p data-start=\"1188\" data-end=\"1230\"><strong>Supermag B6 30 Tabletten<\/strong><\/p>\n<p data-start=\"1232\" data-end=\"1263\"><strong data-start=\"1232\" data-end=\"1253\">Darreichungsform:<\/strong> Tabletten<\/p>\n<p data-start=\"1265\" data-end=\"1306\"><strong data-start=\"1265\" data-end=\"1304\">Aktive Bestandteile (pro Tablette):<\/strong><\/p>\n<ul data-start=\"1307\" data-end=\"1353\">\n<li data-start=\"1307\" data-end=\"1331\">\n<p data-start=\"1309\" data-end=\"1331\"><strong data-start=\"1309\" data-end=\"1329\">Magnesium 250 mg<\/strong><\/p>\n<\/li>\n<li data-start=\"1332\" data-end=\"1353\">\n<p data-start=\"1334\" data-end=\"1353\"><strong data-start=\"1334\" data-end=\"1353\">Vitamin B6 2 mg<\/strong><\/p>\n<\/li>\n<\/ul>\n<p data-start=\"1355\" data-end=\"1392\"><strong data-start=\"1355\" data-end=\"1390\">Anwendungsgebiete \/ Verwendung:<\/strong><\/p>\n<ul data-start=\"1393\" data-end=\"1605\">\n<li data-start=\"1393\" data-end=\"1441\">\n<p data-start=\"1395\" data-end=\"1441\">Unterst\u00fctzung der Muskel- und Nervenfunktion<\/p>\n<\/li>\n<li data-start=\"1442\" data-end=\"1493\">\n<p data-start=\"1444\" data-end=\"1493\">Erhaltung des normalen Elektrolytgleichgewichts<\/p>\n<\/li>\n<li data-start=\"1494\" data-end=\"1541\">\n<p data-start=\"1496\" data-end=\"1541\">Unterst\u00fctzung der Herz-Kreislauf-Gesundheit<\/p>\n<\/li>\n<li data-start=\"1542\" data-end=\"1605\">\n<p data-start=\"1544\" data-end=\"1605\">Kann zur Verringerung von M\u00fcdigkeit und Ersch\u00f6pfung beitragen<\/p>\n<\/li>\n<\/ul>\n<p data-start=\"1607\" data-end=\"1733\"><strong data-start=\"1607\" data-end=\"1633\">Anwendung \/ Dosierung:<\/strong><br data-start=\"1633\" data-end=\"1636\" \/><strong data-start=\"1636\" data-end=\"1658\">1 Tablette t\u00e4glich<\/strong>, vorzugsweise zu einer Mahlzeit, oder nach \u00e4rztlicher Anweisung einnehmen.<\/p>\n<p data-start=\"1735\" data-end=\"1755\"><strong data-start=\"1735\" data-end=\"1753\">Gegenanzeigen:<\/strong><\/p>\n<ul data-start=\"1756\" data-end=\"1866\">\n<li data-start=\"1756\" data-end=\"1835\">\n<p data-start=\"1758\" data-end=\"1835\">\u00dcberempfindlichkeit gegen Magnesium, Vitamin B6 oder einen der Bestandteile<\/p>\n<\/li>\n<li data-start=\"1836\" data-end=\"1866\">\n<p data-start=\"1838\" data-end=\"1866\"><strong data-start=\"1838\" data-end=\"1866\">Schwere Nierenerkrankung<\/strong><\/p>\n<\/li>\n<\/ul>\n<p data-start=\"1868\" data-end=\"1893\"><strong data-start=\"1868\" data-end=\"1891\">Vorsichtsma\u00dfnahmen:<\/strong><\/p>\n<ul data-start=\"1894\" data-end=\"2025\">\n<li data-start=\"1894\" data-end=\"1980\">\n<p data-start=\"1896\" data-end=\"1980\">Schwangere oder stillende Frauen sollten vor der Anwendung \u00e4rztlichen Rat einholen<\/p>\n<\/li>\n<li data-start=\"1981\" data-end=\"2025\">\n<p data-start=\"1983\" data-end=\"2025\">Kein Ersatz f\u00fcr eine ausgewogene Ern\u00e4hrung<\/p>\n<\/li>\n<\/ul>\n<p data-start=\"2027\" data-end=\"2174\"><strong data-start=\"2027\" data-end=\"2046\">Nebenwirkungen:<\/strong><br data-start=\"2046\" data-end=\"2049\" \/>In der Regel gut vertr\u00e4glich.<br data-start=\"2078\" data-end=\"2081\" \/>Selten: leichte Magen-Darm-Beschwerden oder Durchfall.<br data-start=\"2135\" data-end=\"2138\" \/>Sehr selten: allergische Reaktionen.<\/p>\n<p data-start=\"2176\" data-end=\"2311\" data-is-last-node=\"\" data-is-only-node=\"\"><strong data-start=\"2176\" data-end=\"2189\">Lagerung:<\/strong><br data-start=\"2189\" data-end=\"2192\" \/>K\u00fchl, trocken und vor direkter Sonneneinstrahlung gesch\u00fctzt lagern.<br data-start=\"2259\" data-end=\"2262\" \/>Au\u00dferhalb der Reichweite von Kindern aufbewahren.<\/p>\n<\/div>\n<\/div>\n<\/div>\n<\/div>\n<\/div>\n<\/div>\n<\/article>\n","protected":false},"excerpt":{"rendered":"<p>Supermag B6 30 Tabletten Darreichungsform: Tabletten Aktive Bestandteile (pro Tablette): Magnesium 250 mg Vitamin B6 2 mg Anwendungsgebiete \/ Verwendung: Unterst\u00fctzung der Muskel- und Nervenfunktion Erhaltung des normalen Elektrolytgleichgewichts Unterst\u00fctzung der Herz-Kreislauf-Gesundheit Kann zur Verringerung von M\u00fcdigkeit und Ersch\u00f6pfung beitragen Anwendung \/ Dosierung:1 Tablette t\u00e4glich, vorzugsweise zu einer Mahlzeit, oder nach \u00e4rztlicher Anweisung einnehmen. Gegenanzeigen:&#8230;<\/p>\n","protected":false},"featured_media":9274,"comment_status":"open","ping_status":"closed","template":"","meta":{"rs_blank_template":"","rs_page_bg_color":"","slide_template_v7":"","_bst_post_transparent":"default","_bst_post_title":"","_bst_post_layout":"default","_bst_post_sidebar_id":"","_bst_post_content_style":"default","_bst_post_vertical_padding":"default","_bst_post_feature":"","_bst_post_feature_position":"","_bst_post_header":false,"_bst_post_footer":false},"product_brand":[],"product_cat":[351,239,217,457,229],"product_tag":[],"product_brands":[],"class_list":{"0":"post-9275","1":"product","2":"type-product","3":"status-publish","4":"has-post-thumbnail","6":"product_cat-medical-forms","7":"product_cat-bone-joint-health","8":"product_cat-medicines","9":"product_cat-tablets-capsules","10":"product_cat-vitamins-general-supplements","12":"first","13":"instock","14":"shipping-taxable","15":"purchasable","16":"product-type-simple","17":"entry","18":"content-bg","19":"loop-entry"},"_links":{"self":[{"href":"https:\/\/nawarpharmacy.com\/de\/wp-json\/wp\/v2\/product\/9275","targetHints":{"allow":["GET"]}}],"collection":[{"href":"https:\/\/nawarpharmacy.com\/de\/wp-json\/wp\/v2\/product"}],"about":[{"href":"https:\/\/nawarpharmacy.com\/de\/wp-json\/wp\/v2\/types\/product"}],"replies":[{"embeddable":true,"href":"https:\/\/nawarpharmacy.com\/de\/wp-json\/wp\/v2\/comments?post=9275"}],"wp:featuredmedia":[{"embeddable":true,"href":"https:\/\/nawarpharmacy.com\/de\/wp-json\/wp\/v2\/media\/9274"}],"wp:attachment":[{"href":"https:\/\/nawarpharmacy.com\/de\/wp-json\/wp\/v2\/media?parent=9275"}],"wp:term":[{"taxonomy":"product_brand","embeddable":true,"href":"https:\/\/nawarpharmacy.com\/de\/wp-json\/wp\/v2\/product_brand?post=9275"},{"taxonomy":"product_cat","embeddable":true,"href":"https:\/\/nawarpharmacy.com\/de\/wp-json\/wp\/v2\/product_cat?post=9275"},{"taxonomy":"product_tag","embeddable":true,"href":"https:\/\/nawarpharmacy.com\/de\/wp-json\/wp\/v2\/product_tag?post=9275"},{"taxonomy":"product_brands","embeddable":true,"href":"https:\/\/nawarpharmacy.com\/de\/wp-json\/wp\/v2\/product_brands?post=9275"}],"curies":[{"name":"wp","href":"https:\/\/api.w.org\/{rel}","templated":true}]}}