{"id":9268,"date":"2025-11-24T12:22:23","date_gmt":"2025-11-24T12:22:23","guid":{"rendered":"https:\/\/nawarpharmacy.com\/?post_type=product&#038;p=9268"},"modified":"2026-02-05T18:18:22","modified_gmt":"2026-02-05T18:18:22","slug":"c-retard-500mg-10-capsules","status":"publish","type":"product","link":"https:\/\/nawarpharmacy.com\/de\/produkt\/c-retard-500mg-10-capsules\/","title":{"rendered":"C-Retard 500 mg 10 Kapseln"},"content":{"rendered":"<article class=\"text-token-text-primary w-full focus:outline-none [--shadow-height:45px] has-data-writing-block:pointer-events-none has-data-writing-block:-mt-(--shadow-height) has-data-writing-block:pt-(--shadow-height) [&amp;:has([data-writing-block])&gt;*]:pointer-events-auto [content-visibility:auto] supports-[content-visibility:auto]:[contain-intrinsic-size:auto_100lvh] scroll-mt-[calc(var(--header-height)+min(200px,max(70px,20svh)))]\" dir=\"auto\" data-turn-id=\"request-692073f5-3f80-832c-872f-7626d4388ea8-130\" data-testid=\"conversation-turn-278\" data-scroll-anchor=\"true\" data-turn=\"assistant\">\n<div class=\"text-base my-auto mx-auto pb-10 [--thread-content-margin:--spacing(4)] thread-sm:[--thread-content-margin:--spacing(6)] thread-lg:[--thread-content-margin:--spacing(16)] px-(--thread-content-margin)\">\n<div class=\"[--thread-content-max-width:40rem] thread-lg:[--thread-content-max-width:48rem] mx-auto max-w-(--thread-content-max-width) flex-1 group\/turn-messages focus-visible:outline-hidden relative flex w-full min-w-0 flex-col agent-turn\">\n<div class=\"flex max-w-full flex-col grow\">\n<div class=\"min-h-8 text-message relative flex w-full flex-col items-end gap-2 text-start break-words whitespace-normal [.text-message+&amp;]:mt-1\" dir=\"auto\" data-message-author-role=\"assistant\" data-message-id=\"b0b2a695-322d-4898-852d-ae766742ba3e\" data-message-model-slug=\"gpt-5-mini\">\n<div class=\"flex w-full flex-col gap-1 empty:hidden first:pt-[1px]\">\n<div class=\"markdown prose dark:prose-invert w-full break-words light markdown-new-styling\">\n<p data-start=\"1266\" data-end=\"1305\"><strong>C-Retard 500 mg 10 Kapseln<\/strong><\/p>\n<p data-start=\"1307\" data-end=\"1336\"><strong data-start=\"1307\" data-end=\"1328\">Darreichungsform:<\/strong> Kapseln<\/p>\n<p data-start=\"1338\" data-end=\"1406\"><strong data-start=\"1338\" data-end=\"1365\">Wirkstoff (pro Kapsel):<\/strong><br data-start=\"1365\" data-end=\"1368\" \/><strong data-start=\"1368\" data-end=\"1397\">Vitamin C (Ascorbins\u00e4ure)<\/strong> \u2014 500 mg<\/p>\n<p data-start=\"1408\" data-end=\"1445\"><strong data-start=\"1408\" data-end=\"1443\">Anwendungsgebiete \/ Verwendung:<\/strong><\/p>\n<ul data-start=\"1446\" data-end=\"1680\">\n<li data-start=\"1446\" data-end=\"1493\">\n<p data-start=\"1448\" data-end=\"1493\">Unterst\u00fctzung der Funktion des Immunsystems<\/p>\n<\/li>\n<li data-start=\"1494\" data-end=\"1558\">\n<p data-start=\"1496\" data-end=\"1558\">Verringerung von oxidativem Stress und antioxidativer Schutz<\/p>\n<\/li>\n<li data-start=\"1559\" data-end=\"1630\">\n<p data-start=\"1561\" data-end=\"1630\">F\u00f6rderung der Kollagenbildung f\u00fcr gesunde Haut, Knorpel und Knochen<\/p>\n<\/li>\n<li data-start=\"1631\" data-end=\"1680\">\n<p data-start=\"1633\" data-end=\"1680\">Unterst\u00fctzung der Eisenaufnahme aus der Nahrung<\/p>\n<\/li>\n<\/ul>\n<p data-start=\"1682\" data-end=\"1806\"><strong data-start=\"1682\" data-end=\"1708\">Anwendung \/ Dosierung:<\/strong><br data-start=\"1708\" data-end=\"1711\" \/><strong data-start=\"1711\" data-end=\"1731\">1 Kapsel t\u00e4glich<\/strong>, vorzugsweise zu einer Mahlzeit, oder nach \u00e4rztlicher Anweisung einnehmen.<\/p>\n<p data-start=\"1808\" data-end=\"1828\"><strong data-start=\"1808\" data-end=\"1826\">Gegenanzeigen:<\/strong><\/p>\n<ul data-start=\"1829\" data-end=\"1947\">\n<li data-start=\"1829\" data-end=\"1896\">\n<p data-start=\"1831\" data-end=\"1896\">\u00dcberempfindlichkeit gegen Vitamin C oder einen der Bestandteile<\/p>\n<\/li>\n<li data-start=\"1897\" data-end=\"1947\">\n<p data-start=\"1899\" data-end=\"1947\">Bei <strong data-start=\"1903\" data-end=\"1926\">Nierensteinanamnese<\/strong> ist Vorsicht geboten<\/p>\n<\/li>\n<\/ul>\n<p data-start=\"1949\" data-end=\"1974\"><strong data-start=\"1949\" data-end=\"1972\">Vorsichtsma\u00dfnahmen:<\/strong><\/p>\n<ul data-start=\"1975\" data-end=\"2106\">\n<li data-start=\"1975\" data-end=\"2061\">\n<p data-start=\"1977\" data-end=\"2061\">Schwangere oder stillende Frauen sollten vor der Anwendung \u00e4rztlichen Rat einholen<\/p>\n<\/li>\n<li data-start=\"2062\" data-end=\"2106\">\n<p data-start=\"2064\" data-end=\"2106\">Kein Ersatz f\u00fcr eine ausgewogene Ern\u00e4hrung<\/p>\n<\/li>\n<\/ul>\n<p data-start=\"2108\" data-end=\"2255\"><strong data-start=\"2108\" data-end=\"2127\">Nebenwirkungen:<\/strong><br data-start=\"2127\" data-end=\"2130\" \/>In der Regel gut vertr\u00e4glich.<br data-start=\"2159\" data-end=\"2162\" \/>Selten: leichte Magen-Darm-Beschwerden oder Durchfall.<br data-start=\"2216\" data-end=\"2219\" \/>Sehr selten: allergische Reaktionen.<\/p>\n<p data-start=\"2257\" data-end=\"2392\" data-is-last-node=\"\" data-is-only-node=\"\"><strong data-start=\"2257\" data-end=\"2270\">Lagerung:<\/strong><br data-start=\"2270\" data-end=\"2273\" \/>K\u00fchl, trocken und vor direkter Sonneneinstrahlung gesch\u00fctzt lagern.<br data-start=\"2340\" data-end=\"2343\" \/>Au\u00dferhalb der Reichweite von Kindern aufbewahren.<\/p>\n<\/div>\n<\/div>\n<\/div>\n<\/div>\n<\/div>\n<\/div>\n<\/article>\n","protected":false},"excerpt":{"rendered":"<p>C-Retard 500 mg 10 Kapseln Darreichungsform: Kapseln Wirkstoff (pro Kapsel):Vitamin C (Ascorbins\u00e4ure) \u2014 500 mg Anwendungsgebiete \/ Verwendung: Unterst\u00fctzung der Funktion des Immunsystems Verringerung von oxidativem Stress und antioxidativer Schutz F\u00f6rderung der Kollagenbildung f\u00fcr gesunde Haut, Knorpel und Knochen Unterst\u00fctzung der Eisenaufnahme aus der Nahrung Anwendung \/ Dosierung:1 Kapsel t\u00e4glich, vorzugsweise zu einer Mahlzeit, oder&#8230;<\/p>\n","protected":false},"featured_media":9267,"comment_status":"open","ping_status":"closed","template":"","meta":{"rs_blank_template":"","rs_page_bg_color":"","slide_template_v7":"","_bst_post_transparent":"default","_bst_post_title":"","_bst_post_layout":"default","_bst_post_sidebar_id":"","_bst_post_content_style":"default","_bst_post_vertical_padding":"default","_bst_post_feature":"","_bst_post_feature_position":"","_bst_post_header":false,"_bst_post_footer":false},"product_brand":[],"product_cat":[351,217,457,271,229],"product_tag":[],"product_brands":[],"class_list":{"0":"post-9268","1":"product","2":"type-product","3":"status-publish","4":"has-post-thumbnail","6":"product_cat-medical-forms","7":"product_cat-medicines","8":"product_cat-tablets-capsules","9":"product_cat-immunity-support","10":"product_cat-vitamins-general-supplements","12":"first","13":"instock","14":"shipping-taxable","15":"purchasable","16":"product-type-simple","17":"entry","18":"content-bg","19":"loop-entry"},"_links":{"self":[{"href":"https:\/\/nawarpharmacy.com\/de\/wp-json\/wp\/v2\/product\/9268","targetHints":{"allow":["GET"]}}],"collection":[{"href":"https:\/\/nawarpharmacy.com\/de\/wp-json\/wp\/v2\/product"}],"about":[{"href":"https:\/\/nawarpharmacy.com\/de\/wp-json\/wp\/v2\/types\/product"}],"replies":[{"embeddable":true,"href":"https:\/\/nawarpharmacy.com\/de\/wp-json\/wp\/v2\/comments?post=9268"}],"wp:featuredmedia":[{"embeddable":true,"href":"https:\/\/nawarpharmacy.com\/de\/wp-json\/wp\/v2\/media\/9267"}],"wp:attachment":[{"href":"https:\/\/nawarpharmacy.com\/de\/wp-json\/wp\/v2\/media?parent=9268"}],"wp:term":[{"taxonomy":"product_brand","embeddable":true,"href":"https:\/\/nawarpharmacy.com\/de\/wp-json\/wp\/v2\/product_brand?post=9268"},{"taxonomy":"product_cat","embeddable":true,"href":"https:\/\/nawarpharmacy.com\/de\/wp-json\/wp\/v2\/product_cat?post=9268"},{"taxonomy":"product_tag","embeddable":true,"href":"https:\/\/nawarpharmacy.com\/de\/wp-json\/wp\/v2\/product_tag?post=9268"},{"taxonomy":"product_brands","embeddable":true,"href":"https:\/\/nawarpharmacy.com\/de\/wp-json\/wp\/v2\/product_brands?post=9268"}],"curies":[{"name":"wp","href":"https:\/\/api.w.org\/{rel}","templated":true}]}}