{"id":9264,"date":"2025-11-24T12:23:18","date_gmt":"2025-11-24T12:23:18","guid":{"rendered":"https:\/\/nawarpharmacy.com\/?post_type=product&#038;p=9264"},"modified":"2026-02-05T18:16:09","modified_gmt":"2026-02-05T18:16:09","slug":"sideral-active-20-capsules","status":"publish","type":"product","link":"https:\/\/nawarpharmacy.com\/de\/produkt\/sideral-active-20-capsules\/","title":{"rendered":"Sideral Active 20 Kapseln"},"content":{"rendered":"<article class=\"text-token-text-primary w-full focus:outline-none [--shadow-height:45px] has-data-writing-block:pointer-events-none has-data-writing-block:-mt-(--shadow-height) has-data-writing-block:pt-(--shadow-height) [&amp;:has([data-writing-block])&gt;*]:pointer-events-auto [content-visibility:auto] supports-[content-visibility:auto]:[contain-intrinsic-size:auto_100lvh] scroll-mt-[calc(var(--header-height)+min(200px,max(70px,20svh)))]\" dir=\"auto\" data-turn-id=\"request-692073f5-3f80-832c-872f-7626d4388ea8-131\" data-testid=\"conversation-turn-280\" data-scroll-anchor=\"true\" data-turn=\"assistant\">\n<div class=\"text-base my-auto mx-auto pb-10 [--thread-content-margin:--spacing(4)] thread-sm:[--thread-content-margin:--spacing(6)] thread-lg:[--thread-content-margin:--spacing(16)] px-(--thread-content-margin)\">\n<div class=\"[--thread-content-max-width:40rem] thread-lg:[--thread-content-max-width:48rem] mx-auto max-w-(--thread-content-max-width) flex-1 group\/turn-messages focus-visible:outline-hidden relative flex w-full min-w-0 flex-col agent-turn\">\n<div class=\"flex max-w-full flex-col grow\">\n<div class=\"min-h-8 text-message relative flex w-full flex-col items-end gap-2 text-start break-words whitespace-normal [.text-message+&amp;]:mt-1\" dir=\"auto\" data-message-author-role=\"assistant\" data-message-id=\"4f2a5eda-7ffc-4904-8b43-18a922b410dd\" data-message-model-slug=\"gpt-5-mini\">\n<div class=\"flex w-full flex-col gap-1 empty:hidden first:pt-[1px]\">\n<div class=\"markdown prose dark:prose-invert w-full break-words light markdown-new-styling\">\n<p data-start=\"1557\" data-end=\"1587\"><strong data-start=\"1557\" data-end=\"1587\">Sideral Active 20 Kapseln<\/strong><\/p>\n<p data-start=\"1589\" data-end=\"1618\"><strong data-start=\"1589\" data-end=\"1610\">Darreichungsform:<\/strong> Kapseln<\/p>\n<p data-start=\"1620\" data-end=\"1659\"><strong data-start=\"1620\" data-end=\"1657\">Aktive Bestandteile (pro Kapsel):<\/strong><\/p>\n<ul data-start=\"1660\" data-end=\"1812\">\n<li data-start=\"1660\" data-end=\"1741\">\n<p data-start=\"1662\" data-end=\"1741\"><strong data-start=\"1662\" data-end=\"1671\">Eisen<\/strong> (Eisen(II)-sulfat 105 mg, entsprechend <strong data-start=\"1711\" data-end=\"1738\">35 mg elementarem Eisen<\/strong>)<\/p>\n<\/li>\n<li data-start=\"1742\" data-end=\"1765\">\n<p data-start=\"1744\" data-end=\"1765\"><strong data-start=\"1744\" data-end=\"1763\">Vitamin C 60 mg<\/strong><\/p>\n<\/li>\n<li data-start=\"1766\" data-end=\"1789\">\n<p data-start=\"1768\" data-end=\"1789\"><strong data-start=\"1768\" data-end=\"1787\">Fols\u00e4ure 200 \u00b5g<\/strong><\/p>\n<\/li>\n<li data-start=\"1790\" data-end=\"1812\">\n<p data-start=\"1792\" data-end=\"1812\"><strong data-start=\"1792\" data-end=\"1812\">Vitamin B12 1 \u00b5g<\/strong><\/p>\n<\/li>\n<\/ul>\n<p data-start=\"1814\" data-end=\"1851\"><strong data-start=\"1814\" data-end=\"1849\">Anwendungsgebiete \/ Verwendung:<\/strong><\/p>\n<ul data-start=\"1852\" data-end=\"2096\">\n<li data-start=\"1852\" data-end=\"1921\">\n<p data-start=\"1854\" data-end=\"1921\">Unterst\u00fctzung bei Behandlung und Vorbeugung von Eisenmangelan\u00e4mie<\/p>\n<\/li>\n<li data-start=\"1922\" data-end=\"1968\">\n<p data-start=\"1924\" data-end=\"1968\">F\u00f6rderung der Bildung roter Blutk\u00f6rperchen<\/p>\n<\/li>\n<li data-start=\"1969\" data-end=\"2035\">\n<p data-start=\"1971\" data-end=\"2035\">Unterst\u00fctzung des Energielevels und Verringerung von M\u00fcdigkeit<\/p>\n<\/li>\n<li data-start=\"2036\" data-end=\"2096\">\n<p data-start=\"2038\" data-end=\"2096\">Verbesserung der Eisenaufnahme durch zugesetztes Vitamin C<\/p>\n<\/li>\n<\/ul>\n<p data-start=\"2098\" data-end=\"2331\"><strong data-start=\"2098\" data-end=\"2124\">Anwendung \/ Dosierung:<\/strong><br data-start=\"2124\" data-end=\"2127\" \/><strong data-start=\"2127\" data-end=\"2147\">1 Kapsel t\u00e4glich<\/strong>, vorzugsweise zu einer Mahlzeit, oder nach \u00e4rztlicher Anweisung einnehmen.<br data-start=\"2222\" data-end=\"2225\" \/>Nicht zusammen mit <strong data-start=\"2244\" data-end=\"2279\">Tee, Kaffee oder Milchprodukten<\/strong> einnehmen, da diese die Aufnahme vermindern k\u00f6nnen.<\/p>\n<p data-start=\"2333\" data-end=\"2353\"><strong data-start=\"2333\" data-end=\"2351\">Gegenanzeigen:<\/strong><\/p>\n<ul data-start=\"2354\" data-end=\"2511\">\n<li data-start=\"2354\" data-end=\"2449\">\n<p data-start=\"2356\" data-end=\"2449\">Allergie\/\u00dcberempfindlichkeit gegen Eisen, Fols\u00e4ure, Vitamin B12 oder einen der Bestandteile<\/p>\n<\/li>\n<li data-start=\"2450\" data-end=\"2511\">\n<p data-start=\"2452\" data-end=\"2511\"><strong data-start=\"2452\" data-end=\"2470\">H\u00e4mochromatose<\/strong> oder andere Eisen\u00fcberladungserkrankungen<\/p>\n<\/li>\n<\/ul>\n<p data-start=\"2513\" data-end=\"2538\"><strong data-start=\"2513\" data-end=\"2536\">Vorsichtsma\u00dfnahmen:<\/strong><\/p>\n<ul data-start=\"2539\" data-end=\"2723\">\n<li data-start=\"2539\" data-end=\"2625\">\n<p data-start=\"2541\" data-end=\"2625\">Schwangere oder stillende Frauen sollten vor der Anwendung \u00e4rztlichen Rat einholen<\/p>\n<\/li>\n<li data-start=\"2626\" data-end=\"2678\">\n<p data-start=\"2628\" data-end=\"2678\">Au\u00dferhalb der Reichweite von Kindern aufbewahren<\/p>\n<\/li>\n<li data-start=\"2679\" data-end=\"2723\">\n<p data-start=\"2681\" data-end=\"2723\">Kein Ersatz f\u00fcr eine ausgewogene Ern\u00e4hrung<\/p>\n<\/li>\n<\/ul>\n<p data-start=\"2725\" data-end=\"2885\"><strong data-start=\"2725\" data-end=\"2744\">Nebenwirkungen:<\/strong><br data-start=\"2744\" data-end=\"2747\" \/>In der Regel gut vertr\u00e4glich.<br data-start=\"2776\" data-end=\"2779\" \/>M\u00f6glich: leichte Magen-Darm-Beschwerden, Verstopfung oder dunkler Stuhl.<br data-start=\"2851\" data-end=\"2854\" \/>Selten: allergische Reaktionen.<\/p>\n<p data-start=\"2887\" data-end=\"3022\" data-is-last-node=\"\" data-is-only-node=\"\"><strong data-start=\"2887\" data-end=\"2900\">Lagerung:<\/strong><br data-start=\"2900\" data-end=\"2903\" \/>K\u00fchl, trocken und vor direkter Sonneneinstrahlung gesch\u00fctzt lagern.<br data-start=\"2970\" data-end=\"2973\" \/>Au\u00dferhalb der Reichweite von Kindern aufbewahren.<\/p>\n<\/div>\n<\/div>\n<\/div>\n<\/div>\n<\/div>\n<\/div>\n<\/article>\n","protected":false},"excerpt":{"rendered":"<p>Sideral Active 20 Kapseln Darreichungsform: Kapseln Aktive Bestandteile (pro Kapsel): Eisen (Eisen(II)-sulfat 105 mg, entsprechend 35 mg elementarem Eisen) Vitamin C 60 mg Fols\u00e4ure 200 \u00b5g Vitamin B12 1 \u00b5g Anwendungsgebiete \/ Verwendung: Unterst\u00fctzung bei Behandlung und Vorbeugung von Eisenmangelan\u00e4mie F\u00f6rderung der Bildung roter Blutk\u00f6rperchen Unterst\u00fctzung des Energielevels und Verringerung von M\u00fcdigkeit Verbesserung der Eisenaufnahme&#8230;<\/p>\n","protected":false},"featured_media":9263,"comment_status":"open","ping_status":"closed","template":"","meta":{"rs_blank_template":"","rs_page_bg_color":"","slide_template_v7":"","_bst_post_transparent":"default","_bst_post_title":"","_bst_post_layout":"default","_bst_post_sidebar_id":"","_bst_post_content_style":"default","_bst_post_vertical_padding":"default","_bst_post_feature":"","_bst_post_feature_position":"","_bst_post_header":false,"_bst_post_footer":false},"product_brand":[],"product_cat":[351,217,457,229],"product_tag":[],"product_brands":[],"class_list":{"0":"post-9264","1":"product","2":"type-product","3":"status-publish","4":"has-post-thumbnail","6":"product_cat-medical-forms","7":"product_cat-medicines","8":"product_cat-tablets-capsules","9":"product_cat-vitamins-general-supplements","11":"first","12":"instock","13":"shipping-taxable","14":"purchasable","15":"product-type-simple","16":"entry","17":"content-bg","18":"loop-entry"},"_links":{"self":[{"href":"https:\/\/nawarpharmacy.com\/de\/wp-json\/wp\/v2\/product\/9264","targetHints":{"allow":["GET"]}}],"collection":[{"href":"https:\/\/nawarpharmacy.com\/de\/wp-json\/wp\/v2\/product"}],"about":[{"href":"https:\/\/nawarpharmacy.com\/de\/wp-json\/wp\/v2\/types\/product"}],"replies":[{"embeddable":true,"href":"https:\/\/nawarpharmacy.com\/de\/wp-json\/wp\/v2\/comments?post=9264"}],"wp:featuredmedia":[{"embeddable":true,"href":"https:\/\/nawarpharmacy.com\/de\/wp-json\/wp\/v2\/media\/9263"}],"wp:attachment":[{"href":"https:\/\/nawarpharmacy.com\/de\/wp-json\/wp\/v2\/media?parent=9264"}],"wp:term":[{"taxonomy":"product_brand","embeddable":true,"href":"https:\/\/nawarpharmacy.com\/de\/wp-json\/wp\/v2\/product_brand?post=9264"},{"taxonomy":"product_cat","embeddable":true,"href":"https:\/\/nawarpharmacy.com\/de\/wp-json\/wp\/v2\/product_cat?post=9264"},{"taxonomy":"product_tag","embeddable":true,"href":"https:\/\/nawarpharmacy.com\/de\/wp-json\/wp\/v2\/product_tag?post=9264"},{"taxonomy":"product_brands","embeddable":true,"href":"https:\/\/nawarpharmacy.com\/de\/wp-json\/wp\/v2\/product_brands?post=9264"}],"curies":[{"name":"wp","href":"https:\/\/api.w.org\/{rel}","templated":true}]}}