{"id":9253,"date":"2025-11-24T12:37:27","date_gmt":"2025-11-24T12:37:27","guid":{"rendered":"https:\/\/nawarpharmacy.com\/?post_type=product&#038;p=9253"},"modified":"2026-02-05T18:09:04","modified_gmt":"2026-02-05T18:09:04","slug":"vitamount-for-women-15-capsules","status":"publish","type":"product","link":"https:\/\/nawarpharmacy.com\/de\/produkt\/vitamount-for-women-15-capsules\/","title":{"rendered":"Vitamine f\u00fcr Frauen 15 Kapseln"},"content":{"rendered":"<article class=\"text-token-text-primary w-full focus:outline-none [--shadow-height:45px] has-data-writing-block:pointer-events-none has-data-writing-block:-mt-(--shadow-height) has-data-writing-block:pt-(--shadow-height) [&amp;:has([data-writing-block])&gt;*]:pointer-events-auto [content-visibility:auto] supports-[content-visibility:auto]:[contain-intrinsic-size:auto_100lvh] scroll-mt-[calc(var(--header-height)+min(200px,max(70px,20svh)))]\" dir=\"auto\" data-turn-id=\"request-692073f5-3f80-832c-872f-7626d4388ea8-144\" data-testid=\"conversation-turn-306\" data-scroll-anchor=\"true\" data-turn=\"assistant\">\n<div class=\"text-base my-auto mx-auto pb-10 [--thread-content-margin:--spacing(4)] thread-sm:[--thread-content-margin:--spacing(6)] thread-lg:[--thread-content-margin:--spacing(16)] px-(--thread-content-margin)\">\n<div class=\"[--thread-content-max-width:40rem] thread-lg:[--thread-content-max-width:48rem] mx-auto max-w-(--thread-content-max-width) flex-1 group\/turn-messages focus-visible:outline-hidden relative flex w-full min-w-0 flex-col agent-turn\">\n<div class=\"flex max-w-full flex-col grow\">\n<div class=\"min-h-8 text-message relative flex w-full flex-col items-end gap-2 text-start break-words whitespace-normal [.text-message+&amp;]:mt-1\" dir=\"auto\" data-message-author-role=\"assistant\" data-message-id=\"b880939c-9e4c-48c0-b692-9cb2a488675e\" data-message-model-slug=\"gpt-5-mini\">\n<div class=\"flex w-full flex-col gap-1 empty:hidden first:pt-[1px]\">\n<div class=\"markdown prose dark:prose-invert w-full break-words light markdown-new-styling\">\n<p data-start=\"1377\" data-end=\"1412\"><strong data-start=\"1377\" data-end=\"1412\">Vitamine f\u00fcr Frauen 15 Kapseln<\/strong><\/p>\n<p data-start=\"1414\" data-end=\"1443\"><strong data-start=\"1414\" data-end=\"1435\">Darreichungsform:<\/strong> Kapseln<\/p>\n<p data-start=\"1445\" data-end=\"1605\"><strong data-start=\"1445\" data-end=\"1482\">Aktive Bestandteile (pro Kapsel):<\/strong><br data-start=\"1482\" data-end=\"1485\" \/>Multivitamine: <strong data-start=\"1500\" data-end=\"1522\">Vitamin A, C, D, E<\/strong>, <strong data-start=\"1524\" data-end=\"1550\">B-Vitamine (B-Komplex)<\/strong>, <strong data-start=\"1552\" data-end=\"1567\">Eisen 18 mg<\/strong>, <strong data-start=\"1569\" data-end=\"1588\">Fols\u00e4ure 400 \u00b5g<\/strong>, <strong data-start=\"1590\" data-end=\"1604\">Zink 10 mg<\/strong>.<\/p>\n<p data-start=\"1607\" data-end=\"1644\"><strong data-start=\"1607\" data-end=\"1642\">Anwendungsgebiete \/ Verwendung:<\/strong><\/p>\n<ul data-start=\"1645\" data-end=\"1974\">\n<li data-start=\"1645\" data-end=\"1722\">\n<p data-start=\"1647\" data-end=\"1722\">Unterst\u00fctzung der allgemeinen Gesundheit und des Wohlbefindens bei Frauen<\/p>\n<\/li>\n<li data-start=\"1723\" data-end=\"1770\">\n<p data-start=\"1725\" data-end=\"1770\">Unterst\u00fctzung der Funktion des Immunsystems<\/p>\n<\/li>\n<li data-start=\"1771\" data-end=\"1844\">\n<p data-start=\"1773\" data-end=\"1844\">Unterst\u00fctzung des Energiestoffwechsels und Verringerung von M\u00fcdigkeit<\/p>\n<\/li>\n<li data-start=\"1845\" data-end=\"1898\">\n<p data-start=\"1847\" data-end=\"1898\">Erhaltung gesunder Haut, Haare, N\u00e4gel und Knochen<\/p>\n<\/li>\n<li data-start=\"1899\" data-end=\"1974\">\n<p data-start=\"1901\" data-end=\"1974\">Unterst\u00fctzung der reproduktiven Gesundheit und einer normalen Blutbildung<\/p>\n<\/li>\n<\/ul>\n<p data-start=\"1976\" data-end=\"2100\"><strong data-start=\"1976\" data-end=\"2002\">Anwendung \/ Dosierung:<\/strong><br data-start=\"2002\" data-end=\"2005\" \/><strong data-start=\"2005\" data-end=\"2025\">1 Kapsel t\u00e4glich<\/strong>, vorzugsweise zu einer Mahlzeit, oder nach \u00e4rztlicher Anweisung einnehmen.<\/p>\n<p data-start=\"2102\" data-end=\"2122\"><strong data-start=\"2102\" data-end=\"2120\">Gegenanzeigen:<\/strong><\/p>\n<ul data-start=\"2123\" data-end=\"2279\">\n<li data-start=\"2123\" data-end=\"2184\">\n<p data-start=\"2125\" data-end=\"2184\">Allergie\/\u00dcberempfindlichkeit gegen einen der Bestandteile<\/p>\n<\/li>\n<li data-start=\"2185\" data-end=\"2279\">\n<p data-start=\"2187\" data-end=\"2279\">Bei Eisen\u00fcberladungserkrankungen sollte eine Eisensupplementierung \u00e4rztlich \u00fcberwacht werden<\/p>\n<\/li>\n<\/ul>\n<p data-start=\"2281\" data-end=\"2306\"><strong data-start=\"2281\" data-end=\"2304\">Vorsichtsma\u00dfnahmen:<\/strong><\/p>\n<ul data-start=\"2307\" data-end=\"2438\">\n<li data-start=\"2307\" data-end=\"2393\">\n<p data-start=\"2309\" data-end=\"2393\">Schwangere oder stillende Frauen sollten vor der Anwendung \u00e4rztlichen Rat einholen<\/p>\n<\/li>\n<li data-start=\"2394\" data-end=\"2438\">\n<p data-start=\"2396\" data-end=\"2438\">Kein Ersatz f\u00fcr eine ausgewogene Ern\u00e4hrung<\/p>\n<\/li>\n<\/ul>\n<p data-start=\"2440\" data-end=\"2574\"><strong data-start=\"2440\" data-end=\"2459\">Nebenwirkungen:<\/strong><br data-start=\"2459\" data-end=\"2462\" \/>In der Regel gut vertr\u00e4glich.<br data-start=\"2491\" data-end=\"2494\" \/>Selten: leichte Magen-Darm-Beschwerden, Verstopfung oder allergische Reaktionen.<\/p>\n<p data-start=\"2576\" data-end=\"2711\" data-is-last-node=\"\" data-is-only-node=\"\"><strong data-start=\"2576\" data-end=\"2589\">Lagerung:<\/strong><br data-start=\"2589\" data-end=\"2592\" \/>K\u00fchl, trocken und vor direkter Sonneneinstrahlung gesch\u00fctzt lagern.<br data-start=\"2659\" data-end=\"2662\" \/>Au\u00dferhalb der Reichweite von Kindern aufbewahren.<\/p>\n<\/div>\n<\/div>\n<\/div>\n<\/div>\n<\/div>\n<\/div>\n<\/article>\n","protected":false},"excerpt":{"rendered":"<p>Vitamine f\u00fcr Frauen 15 Kapseln Darreichungsform: Kapseln Aktive Bestandteile (pro Kapsel):Multivitamine: Vitamin A, C, D, E, B-Vitamine (B-Komplex), Eisen 18 mg, Fols\u00e4ure 400 \u00b5g, Zink 10 mg. Anwendungsgebiete \/ Verwendung: Unterst\u00fctzung der allgemeinen Gesundheit und des Wohlbefindens bei Frauen Unterst\u00fctzung der Funktion des Immunsystems Unterst\u00fctzung des Energiestoffwechsels und Verringerung von M\u00fcdigkeit Erhaltung gesunder Haut, Haare,&#8230;<\/p>\n","protected":false},"featured_media":9252,"comment_status":"open","ping_status":"closed","template":"","meta":{"rs_blank_template":"","rs_page_bg_color":"","slide_template_v7":"","_bst_post_transparent":"default","_bst_post_title":"","_bst_post_layout":"default","_bst_post_sidebar_id":"","_bst_post_content_style":"default","_bst_post_vertical_padding":"default","_bst_post_feature":"","_bst_post_feature_position":"","_bst_post_header":false,"_bst_post_footer":false},"product_brand":[],"product_cat":[351,313,217,457,229],"product_tag":[],"product_brands":[],"class_list":{"0":"post-9253","1":"product","2":"type-product","3":"status-publish","4":"has-post-thumbnail","6":"product_cat-medical-forms","7":"product_cat-feminine-care","8":"product_cat-medicines","9":"product_cat-tablets-capsules","10":"product_cat-vitamins-general-supplements","12":"first","13":"instock","14":"shipping-taxable","15":"purchasable","16":"product-type-simple","17":"entry","18":"content-bg","19":"loop-entry"},"_links":{"self":[{"href":"https:\/\/nawarpharmacy.com\/de\/wp-json\/wp\/v2\/product\/9253","targetHints":{"allow":["GET"]}}],"collection":[{"href":"https:\/\/nawarpharmacy.com\/de\/wp-json\/wp\/v2\/product"}],"about":[{"href":"https:\/\/nawarpharmacy.com\/de\/wp-json\/wp\/v2\/types\/product"}],"replies":[{"embeddable":true,"href":"https:\/\/nawarpharmacy.com\/de\/wp-json\/wp\/v2\/comments?post=9253"}],"wp:featuredmedia":[{"embeddable":true,"href":"https:\/\/nawarpharmacy.com\/de\/wp-json\/wp\/v2\/media\/9252"}],"wp:attachment":[{"href":"https:\/\/nawarpharmacy.com\/de\/wp-json\/wp\/v2\/media?parent=9253"}],"wp:term":[{"taxonomy":"product_brand","embeddable":true,"href":"https:\/\/nawarpharmacy.com\/de\/wp-json\/wp\/v2\/product_brand?post=9253"},{"taxonomy":"product_cat","embeddable":true,"href":"https:\/\/nawarpharmacy.com\/de\/wp-json\/wp\/v2\/product_cat?post=9253"},{"taxonomy":"product_tag","embeddable":true,"href":"https:\/\/nawarpharmacy.com\/de\/wp-json\/wp\/v2\/product_tag?post=9253"},{"taxonomy":"product_brands","embeddable":true,"href":"https:\/\/nawarpharmacy.com\/de\/wp-json\/wp\/v2\/product_brands?post=9253"}],"curies":[{"name":"wp","href":"https:\/\/api.w.org\/{rel}","templated":true}]}}