{"id":9249,"date":"2025-11-24T12:38:26","date_gmt":"2025-11-24T12:38:26","guid":{"rendered":"https:\/\/nawarpharmacy.com\/?post_type=product&#038;p=9249"},"modified":"2026-02-05T18:08:10","modified_gmt":"2026-02-05T18:08:10","slug":"vitamount-for-men-15-capsules","status":"publish","type":"product","link":"https:\/\/nawarpharmacy.com\/de\/produkt\/vitamount-for-men-15-capsules\/","title":{"rendered":"Vitamine f\u00fcr M\u00e4nner 15 Kapseln"},"content":{"rendered":"<article class=\"text-token-text-primary w-full focus:outline-none [--shadow-height:45px] has-data-writing-block:pointer-events-none has-data-writing-block:-mt-(--shadow-height) has-data-writing-block:pt-(--shadow-height) [&amp;:has([data-writing-block])&gt;*]:pointer-events-auto [content-visibility:auto] supports-[content-visibility:auto]:[contain-intrinsic-size:auto_100lvh] scroll-mt-[calc(var(--header-height)+min(200px,max(70px,20svh)))]\" dir=\"auto\" data-turn-id=\"request-692073f5-3f80-832c-872f-7626d4388ea8-145\" data-testid=\"conversation-turn-308\" data-scroll-anchor=\"true\" data-turn=\"assistant\">\n<div class=\"text-base my-auto mx-auto pb-10 [--thread-content-margin:--spacing(4)] thread-sm:[--thread-content-margin:--spacing(6)] thread-lg:[--thread-content-margin:--spacing(16)] px-(--thread-content-margin)\">\n<div class=\"[--thread-content-max-width:40rem] thread-lg:[--thread-content-max-width:48rem] mx-auto max-w-(--thread-content-max-width) flex-1 group\/turn-messages focus-visible:outline-hidden relative flex w-full min-w-0 flex-col agent-turn\">\n<div class=\"flex max-w-full flex-col grow\">\n<div class=\"min-h-8 text-message relative flex w-full flex-col items-end gap-2 text-start break-words whitespace-normal [.text-message+&amp;]:mt-1\" dir=\"auto\" data-message-author-role=\"assistant\" data-message-id=\"5fafe11f-9f16-44b9-a96f-bb7e9b36500f\" data-message-model-slug=\"gpt-5-mini\">\n<div class=\"flex w-full flex-col gap-1 empty:hidden first:pt-[1px]\">\n<div class=\"markdown prose dark:prose-invert w-full break-words light markdown-new-styling\">\n<p data-start=\"1252\" data-end=\"1287\"><strong data-start=\"1252\" data-end=\"1287\">Vitamine f\u00fcr M\u00e4nner 15 Kapseln<\/strong><\/p>\n<p data-start=\"1289\" data-end=\"1318\"><strong data-start=\"1289\" data-end=\"1310\">Darreichungsform:<\/strong> Kapseln<\/p>\n<p data-start=\"1320\" data-end=\"1481\"><strong data-start=\"1320\" data-end=\"1357\">Aktive Bestandteile (pro Kapsel):<\/strong><br data-start=\"1357\" data-end=\"1360\" \/>Multivitamine: <strong data-start=\"1375\" data-end=\"1397\">Vitamin A, C, D, E<\/strong>, <strong data-start=\"1399\" data-end=\"1425\">B-Vitamine (B-Komplex)<\/strong>, <strong data-start=\"1427\" data-end=\"1441\">Zink 10 mg<\/strong>, <strong data-start=\"1443\" data-end=\"1458\">Selen 55 \u00b5g<\/strong>, <strong data-start=\"1460\" data-end=\"1480\">Magnesium 100 mg<\/strong>.<\/p>\n<p data-start=\"1483\" data-end=\"1520\"><strong data-start=\"1483\" data-end=\"1518\">Anwendungsgebiete \/ Verwendung:<\/strong><\/p>\n<ul data-start=\"1521\" data-end=\"1848\">\n<li data-start=\"1521\" data-end=\"1599\">\n<p data-start=\"1523\" data-end=\"1599\">Unterst\u00fctzung der allgemeinen Gesundheit und des Wohlbefindens bei M\u00e4nnern<\/p>\n<\/li>\n<li data-start=\"1600\" data-end=\"1647\">\n<p data-start=\"1602\" data-end=\"1647\">Unterst\u00fctzung der Funktion des Immunsystems<\/p>\n<\/li>\n<li data-start=\"1648\" data-end=\"1721\">\n<p data-start=\"1650\" data-end=\"1721\">Unterst\u00fctzung des Energiestoffwechsels und Verringerung von M\u00fcdigkeit<\/p>\n<\/li>\n<li data-start=\"1722\" data-end=\"1775\">\n<p data-start=\"1724\" data-end=\"1775\">Erhaltung gesunder Haut, Haare, N\u00e4gel und Knochen<\/p>\n<\/li>\n<li data-start=\"1776\" data-end=\"1848\">\n<p data-start=\"1778\" data-end=\"1848\">Unterst\u00fctzung der reproduktiven Gesundheit und der Testosteronfunktion<\/p>\n<\/li>\n<\/ul>\n<p data-start=\"1850\" data-end=\"1974\"><strong data-start=\"1850\" data-end=\"1876\">Anwendung \/ Dosierung:<\/strong><br data-start=\"1876\" data-end=\"1879\" \/><strong data-start=\"1879\" data-end=\"1899\">1 Kapsel t\u00e4glich<\/strong>, vorzugsweise zu einer Mahlzeit, oder nach \u00e4rztlicher Anweisung einnehmen.<\/p>\n<p data-start=\"1976\" data-end=\"1996\"><strong data-start=\"1976\" data-end=\"1994\">Gegenanzeigen:<\/strong><\/p>\n<ul data-start=\"1997\" data-end=\"2056\">\n<li data-start=\"1997\" data-end=\"2056\">\n<p data-start=\"1999\" data-end=\"2056\">Allergie\/\u00dcberempfindlichkeit gegen einen der Bestandteile<\/p>\n<\/li>\n<\/ul>\n<p data-start=\"2058\" data-end=\"2083\"><strong data-start=\"2058\" data-end=\"2081\">Vorsichtsma\u00dfnahmen:<\/strong><\/p>\n<ul data-start=\"2084\" data-end=\"2215\">\n<li data-start=\"2084\" data-end=\"2170\">\n<p data-start=\"2086\" data-end=\"2170\">Schwangere oder stillende Frauen sollten vor der Anwendung \u00e4rztlichen Rat einholen<\/p>\n<\/li>\n<li data-start=\"2171\" data-end=\"2215\">\n<p data-start=\"2173\" data-end=\"2215\">Kein Ersatz f\u00fcr eine ausgewogene Ern\u00e4hrung<\/p>\n<\/li>\n<\/ul>\n<p data-start=\"2217\" data-end=\"2338\"><strong data-start=\"2217\" data-end=\"2236\">Nebenwirkungen:<\/strong><br data-start=\"2236\" data-end=\"2239\" \/>In der Regel gut vertr\u00e4glich.<br data-start=\"2268\" data-end=\"2271\" \/>Selten: leichte Magen-Darm-Beschwerden oder allergische Reaktionen.<\/p>\n<p data-start=\"2340\" data-end=\"2475\" data-is-last-node=\"\" data-is-only-node=\"\"><strong data-start=\"2340\" data-end=\"2353\">Lagerung:<\/strong><br data-start=\"2353\" data-end=\"2356\" \/>K\u00fchl, trocken und vor direkter Sonneneinstrahlung gesch\u00fctzt lagern.<br data-start=\"2423\" data-end=\"2426\" \/>Au\u00dferhalb der Reichweite von Kindern aufbewahren.<\/p>\n<\/div>\n<\/div>\n<\/div>\n<\/div>\n<\/div>\n<\/div>\n<\/article>\n","protected":false},"excerpt":{"rendered":"<p>Vitamine f\u00fcr M\u00e4nner 15 Kapseln Darreichungsform: Kapseln Aktive Bestandteile (pro Kapsel):Multivitamine: Vitamin A, C, D, E, B-Vitamine (B-Komplex), Zink 10 mg, Selen 55 \u00b5g, Magnesium 100 mg. Anwendungsgebiete \/ Verwendung: Unterst\u00fctzung der allgemeinen Gesundheit und des Wohlbefindens bei M\u00e4nnern Unterst\u00fctzung der Funktion des Immunsystems Unterst\u00fctzung des Energiestoffwechsels und Verringerung von M\u00fcdigkeit Erhaltung gesunder Haut, Haare,&#8230;<\/p>\n","protected":false},"featured_media":9248,"comment_status":"open","ping_status":"closed","template":"","meta":{"rs_blank_template":"","rs_page_bg_color":"","slide_template_v7":"","_bst_post_transparent":"default","_bst_post_title":"","_bst_post_layout":"default","_bst_post_sidebar_id":"","_bst_post_content_style":"default","_bst_post_vertical_padding":"default","_bst_post_feature":"","_bst_post_feature_position":"","_bst_post_header":false,"_bst_post_footer":false},"product_brand":[],"product_cat":[351,217,457,229],"product_tag":[],"product_brands":[],"class_list":{"0":"post-9249","1":"product","2":"type-product","3":"status-publish","4":"has-post-thumbnail","6":"product_cat-medical-forms","7":"product_cat-medicines","8":"product_cat-tablets-capsules","9":"product_cat-vitamins-general-supplements","11":"first","12":"instock","13":"shipping-taxable","14":"purchasable","15":"product-type-simple","16":"entry","17":"content-bg","18":"loop-entry"},"_links":{"self":[{"href":"https:\/\/nawarpharmacy.com\/de\/wp-json\/wp\/v2\/product\/9249","targetHints":{"allow":["GET"]}}],"collection":[{"href":"https:\/\/nawarpharmacy.com\/de\/wp-json\/wp\/v2\/product"}],"about":[{"href":"https:\/\/nawarpharmacy.com\/de\/wp-json\/wp\/v2\/types\/product"}],"replies":[{"embeddable":true,"href":"https:\/\/nawarpharmacy.com\/de\/wp-json\/wp\/v2\/comments?post=9249"}],"wp:featuredmedia":[{"embeddable":true,"href":"https:\/\/nawarpharmacy.com\/de\/wp-json\/wp\/v2\/media\/9248"}],"wp:attachment":[{"href":"https:\/\/nawarpharmacy.com\/de\/wp-json\/wp\/v2\/media?parent=9249"}],"wp:term":[{"taxonomy":"product_brand","embeddable":true,"href":"https:\/\/nawarpharmacy.com\/de\/wp-json\/wp\/v2\/product_brand?post=9249"},{"taxonomy":"product_cat","embeddable":true,"href":"https:\/\/nawarpharmacy.com\/de\/wp-json\/wp\/v2\/product_cat?post=9249"},{"taxonomy":"product_tag","embeddable":true,"href":"https:\/\/nawarpharmacy.com\/de\/wp-json\/wp\/v2\/product_tag?post=9249"},{"taxonomy":"product_brands","embeddable":true,"href":"https:\/\/nawarpharmacy.com\/de\/wp-json\/wp\/v2\/product_brands?post=9249"}],"curies":[{"name":"wp","href":"https:\/\/api.w.org\/{rel}","templated":true}]}}