{"id":9244,"date":"2025-11-24T12:39:02","date_gmt":"2025-11-24T12:39:02","guid":{"rendered":"https:\/\/nawarpharmacy.com\/?post_type=product&#038;p=9244"},"modified":"2026-02-05T18:07:01","modified_gmt":"2026-02-05T18:07:01","slug":"vitamin-e-1000mg-24capsules","status":"publish","type":"product","link":"https:\/\/nawarpharmacy.com\/de\/produkt\/vitamin-e-1000mg-24capsules\/","title":{"rendered":"Vitamin E 1000mg 24Weichkapseln"},"content":{"rendered":"<article class=\"text-token-text-primary w-full focus:outline-none [--shadow-height:45px] has-data-writing-block:pointer-events-none has-data-writing-block:-mt-(--shadow-height) has-data-writing-block:pt-(--shadow-height) [&amp;:has([data-writing-block])&gt;*]:pointer-events-auto [content-visibility:auto] supports-[content-visibility:auto]:[contain-intrinsic-size:auto_100lvh] scroll-mt-[calc(var(--header-height)+min(200px,max(70px,20svh)))]\" dir=\"auto\" data-turn-id=\"request-WEB:d24dbb17-1635-465e-afce-835fdb073a4a-148\" data-testid=\"conversation-turn-4\" data-scroll-anchor=\"true\" data-turn=\"assistant\">\n<div class=\"text-base my-auto mx-auto pb-10 [--thread-content-margin:--spacing(4)] thread-sm:[--thread-content-margin:--spacing(6)] thread-lg:[--thread-content-margin:--spacing(16)] px-(--thread-content-margin)\">\n<div class=\"[--thread-content-max-width:40rem] thread-lg:[--thread-content-max-width:48rem] mx-auto max-w-(--thread-content-max-width) flex-1 group\/turn-messages focus-visible:outline-hidden relative flex w-full min-w-0 flex-col agent-turn\">\n<div class=\"flex max-w-full flex-col grow\">\n<div class=\"min-h-8 text-message relative flex w-full flex-col items-end gap-2 text-start break-words whitespace-normal [.text-message+&amp;]:mt-1\" dir=\"auto\" data-message-author-role=\"assistant\" data-message-id=\"7e85688b-b5f1-4bc9-9ce9-f416f41ce779\" data-message-model-slug=\"gpt-5-mini\">\n<div class=\"flex w-full flex-col gap-1 empty:hidden first:pt-[1px]\">\n<div class=\"markdown prose dark:prose-invert w-full break-words light markdown-new-styling\">\n<p data-start=\"1179\" data-end=\"1217\"><strong data-start=\"1179\" data-end=\"1217\">Vitamin E 1000mg 24Weichkapseln<\/strong><\/p>\n<p data-start=\"1219\" data-end=\"1257\"><strong data-start=\"1219\" data-end=\"1233\">Kategorie:<\/strong><br data-start=\"1233\" data-end=\"1236\" \/>Vitamin \/ Antioxidans<\/p>\n<p data-start=\"1259\" data-end=\"1335\"><strong data-start=\"1259\" data-end=\"1273\">Wirkstoff:<\/strong><br data-start=\"1273\" data-end=\"1276\" \/><strong data-start=\"1276\" data-end=\"1314\">Vitamin E (als d-alpha-Tocopherol)<\/strong> \u2014 1000 mg pro Kapsel<\/p>\n<p data-start=\"1337\" data-end=\"1361\"><strong data-start=\"1337\" data-end=\"1359\">Anwendungsgebiete:<\/strong><\/p>\n<ul data-start=\"1362\" data-end=\"1597\">\n<li data-start=\"1362\" data-end=\"1409\">\n<p data-start=\"1364\" data-end=\"1409\">Unterst\u00fctzung der Funktion des Immunsystems<\/p>\n<\/li>\n<li data-start=\"1410\" data-end=\"1453\">\n<p data-start=\"1412\" data-end=\"1453\">Schutz der Zellen vor oxidativem Stress<\/p>\n<\/li>\n<li data-start=\"1454\" data-end=\"1491\">\n<p data-start=\"1456\" data-end=\"1491\">F\u00f6rderung gesunder Haut und Augen<\/p>\n<\/li>\n<li data-start=\"1492\" data-end=\"1597\">\n<p data-start=\"1494\" data-end=\"1597\">Kann zur Vorbeugung chronischer Erkrankungen beitragen, die mit freien Radikalen in Zusammenhang stehen<\/p>\n<\/li>\n<\/ul>\n<p data-start=\"1599\" data-end=\"1801\"><strong data-start=\"1599\" data-end=\"1627\">Dosierung und Anwendung:<\/strong><br data-start=\"1627\" data-end=\"1630\" \/>Erwachsene: 1 Kapsel t\u00e4glich, vorzugsweise zu einer Mahlzeit einnehmen.<br data-start=\"1701\" data-end=\"1704\" \/>Wenn h\u00f6here Dosierungen empfohlen werden, den Anweisungen des medizinischen Fachpersonals folgen.<\/p>\n<p data-start=\"1803\" data-end=\"1823\"><strong data-start=\"1803\" data-end=\"1821\">Gegenanzeigen:<\/strong><\/p>\n<ul data-start=\"1824\" data-end=\"1962\">\n<li data-start=\"1824\" data-end=\"1900\">\n<p data-start=\"1826\" data-end=\"1900\">Bekannte \u00dcberempfindlichkeit gegen Vitamin E oder einen der Bestandteile<\/p>\n<\/li>\n<li data-start=\"1901\" data-end=\"1962\">\n<p data-start=\"1903\" data-end=\"1962\">Vorsicht bei gleichzeitiger Behandlung mit Antikoagulanzien<\/p>\n<\/li>\n<\/ul>\n<p data-start=\"1964\" data-end=\"2114\"><strong data-start=\"1964\" data-end=\"1983\">Nebenwirkungen:<\/strong><br data-start=\"1983\" data-end=\"1986\" \/>Selten: \u00dcbelkeit, Durchfall, Bauchkr\u00e4mpfe, Kopfschmerzen.<br data-start=\"2043\" data-end=\"2046\" \/>Hohe Dosen \u00fcber l\u00e4ngere Zeitr\u00e4ume k\u00f6nnen das Blutungsrisiko erh\u00f6hen.<\/p>\n<p data-start=\"2116\" data-end=\"2251\"><strong data-start=\"2116\" data-end=\"2129\">Lagerung:<\/strong><br data-start=\"2129\" data-end=\"2132\" \/>K\u00fchl, trocken und vor direkter Sonneneinstrahlung gesch\u00fctzt lagern.<br data-start=\"2199\" data-end=\"2202\" \/>Au\u00dferhalb der Reichweite von Kindern aufbewahren.<\/p>\n<p data-start=\"2253\" data-end=\"2314\" data-is-last-node=\"\" data-is-only-node=\"\"><strong data-start=\"2253\" data-end=\"2274\">Darreichungsform:<\/strong><br data-start=\"2274\" data-end=\"2277\" \/>Weichkapseln \u2014 24 Kapseln pro Packung<\/p>\n<\/div>\n<\/div>\n<\/div>\n<\/div>\n<\/div>\n<\/div>\n<\/article>\n","protected":false},"excerpt":{"rendered":"<p>Vitamin E 1000mg 24Weichkapseln Kategorie:Vitamin \/ Antioxidans Wirkstoff:Vitamin E (als d-alpha-Tocopherol) \u2014 1000 mg pro Kapsel Anwendungsgebiete: Unterst\u00fctzung der Funktion des Immunsystems Schutz der Zellen vor oxidativem Stress F\u00f6rderung gesunder Haut und Augen Kann zur Vorbeugung chronischer Erkrankungen beitragen, die mit freien Radikalen in Zusammenhang stehen Dosierung und Anwendung:Erwachsene: 1 Kapsel t\u00e4glich, vorzugsweise zu einer&#8230;<\/p>\n","protected":false},"featured_media":9243,"comment_status":"open","ping_status":"closed","template":"","meta":{"rs_blank_template":"","rs_page_bg_color":"","slide_template_v7":"","_bst_post_transparent":"default","_bst_post_title":"","_bst_post_layout":"default","_bst_post_sidebar_id":"","_bst_post_content_style":"default","_bst_post_vertical_padding":"default","_bst_post_feature":"","_bst_post_feature_position":"","_bst_post_header":false,"_bst_post_footer":false},"product_brand":[],"product_cat":[351,217,457,229],"product_tag":[],"product_brands":[],"class_list":{"0":"post-9244","1":"product","2":"type-product","3":"status-publish","4":"has-post-thumbnail","6":"product_cat-medical-forms","7":"product_cat-medicines","8":"product_cat-tablets-capsules","9":"product_cat-vitamins-general-supplements","11":"first","12":"instock","13":"shipping-taxable","14":"purchasable","15":"product-type-simple","16":"entry","17":"content-bg","18":"loop-entry"},"_links":{"self":[{"href":"https:\/\/nawarpharmacy.com\/de\/wp-json\/wp\/v2\/product\/9244","targetHints":{"allow":["GET"]}}],"collection":[{"href":"https:\/\/nawarpharmacy.com\/de\/wp-json\/wp\/v2\/product"}],"about":[{"href":"https:\/\/nawarpharmacy.com\/de\/wp-json\/wp\/v2\/types\/product"}],"replies":[{"embeddable":true,"href":"https:\/\/nawarpharmacy.com\/de\/wp-json\/wp\/v2\/comments?post=9244"}],"wp:featuredmedia":[{"embeddable":true,"href":"https:\/\/nawarpharmacy.com\/de\/wp-json\/wp\/v2\/media\/9243"}],"wp:attachment":[{"href":"https:\/\/nawarpharmacy.com\/de\/wp-json\/wp\/v2\/media?parent=9244"}],"wp:term":[{"taxonomy":"product_brand","embeddable":true,"href":"https:\/\/nawarpharmacy.com\/de\/wp-json\/wp\/v2\/product_brand?post=9244"},{"taxonomy":"product_cat","embeddable":true,"href":"https:\/\/nawarpharmacy.com\/de\/wp-json\/wp\/v2\/product_cat?post=9244"},{"taxonomy":"product_tag","embeddable":true,"href":"https:\/\/nawarpharmacy.com\/de\/wp-json\/wp\/v2\/product_tag?post=9244"},{"taxonomy":"product_brands","embeddable":true,"href":"https:\/\/nawarpharmacy.com\/de\/wp-json\/wp\/v2\/product_brands?post=9244"}],"curies":[{"name":"wp","href":"https:\/\/api.w.org\/{rel}","templated":true}]}}