{"id":9228,"date":"2025-11-24T12:46:06","date_gmt":"2025-11-24T12:46:06","guid":{"rendered":"https:\/\/nawarpharmacy.com\/?post_type=product&#038;p=9228"},"modified":"2026-02-05T18:00:06","modified_gmt":"2026-02-05T18:00:06","slug":"vitonex-20-capsules","status":"publish","type":"product","link":"https:\/\/nawarpharmacy.com\/de\/produkt\/vitonex-20-capsules\/","title":{"rendered":"Vitonex 20 Kapseln"},"content":{"rendered":"<article class=\"text-token-text-primary w-full focus:outline-none [--shadow-height:45px] has-data-writing-block:pointer-events-none has-data-writing-block:-mt-(--shadow-height) has-data-writing-block:pt-(--shadow-height) [&amp;:has([data-writing-block])&gt;*]:pointer-events-auto [content-visibility:auto] supports-[content-visibility:auto]:[contain-intrinsic-size:auto_100lvh] scroll-mt-[calc(var(--header-height)+min(200px,max(70px,20svh)))]\" dir=\"auto\" data-turn-id=\"request-WEB:d24dbb17-1635-465e-afce-835fdb073a4a-152\" data-testid=\"conversation-turn-12\" data-scroll-anchor=\"true\" data-turn=\"assistant\">\n<div class=\"text-base my-auto mx-auto pb-10 [--thread-content-margin:--spacing(4)] thread-sm:[--thread-content-margin:--spacing(6)] thread-lg:[--thread-content-margin:--spacing(16)] px-(--thread-content-margin)\">\n<div class=\"[--thread-content-max-width:40rem] thread-lg:[--thread-content-max-width:48rem] mx-auto max-w-(--thread-content-max-width) flex-1 group\/turn-messages focus-visible:outline-hidden relative flex w-full min-w-0 flex-col agent-turn\">\n<div class=\"flex max-w-full flex-col grow\">\n<div class=\"min-h-8 text-message relative flex w-full flex-col items-end gap-2 text-start break-words whitespace-normal [.text-message+&amp;]:mt-1\" dir=\"auto\" data-message-author-role=\"assistant\" data-message-id=\"ad51e632-ca66-4499-adc2-d45e57ef3a71\" data-message-model-slug=\"gpt-5-mini\">\n<div class=\"flex w-full flex-col gap-1 empty:hidden first:pt-[1px]\">\n<div class=\"markdown prose dark:prose-invert w-full break-words light markdown-new-styling\">\n<p data-start=\"1230\" data-end=\"1253\"><strong data-start=\"1230\" data-end=\"1253\">Vitonex 20 Kapseln<\/strong><\/p>\n<p data-start=\"1255\" data-end=\"1319\"><strong data-start=\"1255\" data-end=\"1269\">Kategorie:<\/strong><br data-start=\"1269\" data-end=\"1272\" \/>Multivitaminpr\u00e4parat \/ Nahrungserg\u00e4nzungsmittel<\/p>\n<p data-start=\"1321\" data-end=\"1360\"><strong data-start=\"1321\" data-end=\"1358\">Aktive Bestandteile (pro Kapsel):<\/strong><\/p>\n<ul data-start=\"1361\" data-end=\"1535\">\n<li data-start=\"1361\" data-end=\"1419\">\n<p data-start=\"1363\" data-end=\"1419\"><strong data-start=\"1363\" data-end=\"1376\">Vitamine:<\/strong> A, C, D, E, B-Vitamine (B1, B2, B6, B12)<\/p>\n<\/li>\n<li data-start=\"1420\" data-end=\"1465\">\n<p data-start=\"1422\" data-end=\"1465\"><strong data-start=\"1422\" data-end=\"1440\">Mineralstoffe:<\/strong> Zink, Selen, Magnesium<\/p>\n<\/li>\n<li data-start=\"1466\" data-end=\"1535\">\n<p data-start=\"1468\" data-end=\"1535\"><strong data-start=\"1468\" data-end=\"1490\">Weitere N\u00e4hrstoffe<\/strong> zur Unterst\u00fctzung der allgemeinen Gesundheit<\/p>\n<\/li>\n<\/ul>\n<p data-start=\"1537\" data-end=\"1561\"><strong data-start=\"1537\" data-end=\"1559\">Anwendungsgebiete:<\/strong><\/p>\n<ul data-start=\"1562\" data-end=\"1797\">\n<li data-start=\"1562\" data-end=\"1628\">\n<p data-start=\"1564\" data-end=\"1628\">Unterst\u00fctzung der allgemeinen Gesundheit und des Wohlbefindens<\/p>\n<\/li>\n<li data-start=\"1629\" data-end=\"1676\">\n<p data-start=\"1631\" data-end=\"1676\">Unterst\u00fctzung der Funktion des Immunsystems<\/p>\n<\/li>\n<li data-start=\"1677\" data-end=\"1750\">\n<p data-start=\"1679\" data-end=\"1750\">Unterst\u00fctzung des Energiestoffwechsels und Verringerung von M\u00fcdigkeit<\/p>\n<\/li>\n<li data-start=\"1751\" data-end=\"1797\">\n<p data-start=\"1753\" data-end=\"1797\">Unterst\u00fctzung gesunder Haut, Haare und N\u00e4gel<\/p>\n<\/li>\n<\/ul>\n<p data-start=\"1799\" data-end=\"1987\"><strong data-start=\"1799\" data-end=\"1827\">Dosierung und Anwendung:<\/strong><br data-start=\"1827\" data-end=\"1830\" \/>Erwachsene: 1 Kapsel t\u00e4glich, vorzugsweise zu einer Mahlzeit einnehmen.<br data-start=\"1901\" data-end=\"1904\" \/>Bei besonderen Erkrankungen den Anweisungen des medizinischen Fachpersonals folgen.<\/p>\n<p data-start=\"1989\" data-end=\"2009\"><strong data-start=\"1989\" data-end=\"2007\">Gegenanzeigen:<\/strong><\/p>\n<ul data-start=\"2010\" data-end=\"2136\">\n<li data-start=\"2010\" data-end=\"2076\">\n<p data-start=\"2012\" data-end=\"2076\">Bekannte \u00dcberempfindlichkeit gegen\u00fcber einem der Inhaltsstoffe<\/p>\n<\/li>\n<li data-start=\"2077\" data-end=\"2136\">\n<p data-start=\"2079\" data-end=\"2136\">Vorsicht bei Patienten mit Nieren- oder Lebererkrankungen<\/p>\n<\/li>\n<\/ul>\n<p data-start=\"2138\" data-end=\"2311\"><strong data-start=\"2138\" data-end=\"2157\">Nebenwirkungen:<\/strong><br data-start=\"2157\" data-end=\"2160\" \/>Selten: leichte \u00dcbelkeit, Magenbeschwerden oder Kopfschmerzen.<br data-start=\"2222\" data-end=\"2225\" \/>Hohe Dosen bestimmter Vitamine\/Mineralstoffe k\u00f6nnen Verdauungsbeschwerden verursachen.<\/p>\n<p data-start=\"2313\" data-end=\"2448\"><strong data-start=\"2313\" data-end=\"2326\">Lagerung:<\/strong><br data-start=\"2326\" data-end=\"2329\" \/>K\u00fchl, trocken und vor direkter Sonneneinstrahlung gesch\u00fctzt lagern.<br data-start=\"2396\" data-end=\"2399\" \/>Au\u00dferhalb der Reichweite von Kindern aufbewahren.<\/p>\n<p data-start=\"2450\" data-end=\"2506\" data-is-last-node=\"\" data-is-only-node=\"\"><strong data-start=\"2450\" data-end=\"2471\">Darreichungsform:<\/strong><br data-start=\"2471\" data-end=\"2474\" \/>Kapseln \u2014 20 Kapseln pro Packung<\/p>\n<\/div>\n<\/div>\n<\/div>\n<\/div>\n<\/div>\n<\/div>\n<\/article>\n","protected":false},"excerpt":{"rendered":"<p>Vitonex 20 Kapseln Kategorie:Multivitaminpr\u00e4parat \/ Nahrungserg\u00e4nzungsmittel Aktive Bestandteile (pro Kapsel): Vitamine: A, C, D, E, B-Vitamine (B1, B2, B6, B12) Mineralstoffe: Zink, Selen, Magnesium Weitere N\u00e4hrstoffe zur Unterst\u00fctzung der allgemeinen Gesundheit Anwendungsgebiete: Unterst\u00fctzung der allgemeinen Gesundheit und des Wohlbefindens Unterst\u00fctzung der Funktion des Immunsystems Unterst\u00fctzung des Energiestoffwechsels und Verringerung von M\u00fcdigkeit Unterst\u00fctzung gesunder Haut, Haare&#8230;<\/p>\n","protected":false},"featured_media":9227,"comment_status":"open","ping_status":"closed","template":"","meta":{"rs_blank_template":"","rs_page_bg_color":"","slide_template_v7":"","_bst_post_transparent":"default","_bst_post_title":"","_bst_post_layout":"default","_bst_post_sidebar_id":"","_bst_post_content_style":"default","_bst_post_vertical_padding":"default","_bst_post_feature":"","_bst_post_feature_position":"","_bst_post_header":false,"_bst_post_footer":false},"product_brand":[],"product_cat":[351,217,457,229],"product_tag":[],"product_brands":[],"class_list":{"0":"post-9228","1":"product","2":"type-product","3":"status-publish","4":"has-post-thumbnail","6":"product_cat-medical-forms","7":"product_cat-medicines","8":"product_cat-tablets-capsules","9":"product_cat-vitamins-general-supplements","11":"first","12":"instock","13":"shipping-taxable","14":"purchasable","15":"product-type-simple","16":"entry","17":"content-bg","18":"loop-entry"},"_links":{"self":[{"href":"https:\/\/nawarpharmacy.com\/de\/wp-json\/wp\/v2\/product\/9228","targetHints":{"allow":["GET"]}}],"collection":[{"href":"https:\/\/nawarpharmacy.com\/de\/wp-json\/wp\/v2\/product"}],"about":[{"href":"https:\/\/nawarpharmacy.com\/de\/wp-json\/wp\/v2\/types\/product"}],"replies":[{"embeddable":true,"href":"https:\/\/nawarpharmacy.com\/de\/wp-json\/wp\/v2\/comments?post=9228"}],"wp:featuredmedia":[{"embeddable":true,"href":"https:\/\/nawarpharmacy.com\/de\/wp-json\/wp\/v2\/media\/9227"}],"wp:attachment":[{"href":"https:\/\/nawarpharmacy.com\/de\/wp-json\/wp\/v2\/media?parent=9228"}],"wp:term":[{"taxonomy":"product_brand","embeddable":true,"href":"https:\/\/nawarpharmacy.com\/de\/wp-json\/wp\/v2\/product_brand?post=9228"},{"taxonomy":"product_cat","embeddable":true,"href":"https:\/\/nawarpharmacy.com\/de\/wp-json\/wp\/v2\/product_cat?post=9228"},{"taxonomy":"product_tag","embeddable":true,"href":"https:\/\/nawarpharmacy.com\/de\/wp-json\/wp\/v2\/product_tag?post=9228"},{"taxonomy":"product_brands","embeddable":true,"href":"https:\/\/nawarpharmacy.com\/de\/wp-json\/wp\/v2\/product_brands?post=9228"}],"curies":[{"name":"wp","href":"https:\/\/api.w.org\/{rel}","templated":true}]}}