{"id":9226,"date":"2025-11-24T12:47:43","date_gmt":"2025-11-24T12:47:43","guid":{"rendered":"https:\/\/nawarpharmacy.com\/?post_type=product&#038;p=9226"},"modified":"2026-02-05T17:58:51","modified_gmt":"2026-02-05T17:58:51","slug":"vigoton-plus-30-capsules","status":"publish","type":"product","link":"https:\/\/nawarpharmacy.com\/de\/produkt\/vigoton-plus-30-capsules\/","title":{"rendered":"Vigoton Plus 30 Kapseln"},"content":{"rendered":"<p data-start=\"1322\" data-end=\"1350\"><strong data-start=\"1322\" data-end=\"1350\">Vigoton Plus 30 Kapseln<\/strong><\/p>\n<p data-start=\"1352\" data-end=\"1411\"><strong data-start=\"1352\" data-end=\"1366\">Kategorie:<\/strong><br data-start=\"1366\" data-end=\"1369\" \/>Energie &amp; Vitalit\u00e4t \/ Multivitaminpr\u00e4parat<\/p>\n<p data-start=\"1413\" data-end=\"1452\"><strong data-start=\"1413\" data-end=\"1450\">Aktive Bestandteile (pro Kapsel):<\/strong><\/p>\n<ul data-start=\"1453\" data-end=\"1641\">\n<li data-start=\"1453\" data-end=\"1489\">\n<p data-start=\"1455\" data-end=\"1489\"><strong data-start=\"1455\" data-end=\"1487\">B-Vitamine (B1, B2, B6, B12)<\/strong><\/p>\n<\/li>\n<li data-start=\"1490\" data-end=\"1507\">\n<p data-start=\"1492\" data-end=\"1507\"><strong data-start=\"1492\" data-end=\"1505\">Vitamin C<\/strong><\/p>\n<\/li>\n<li data-start=\"1508\" data-end=\"1520\">\n<p data-start=\"1510\" data-end=\"1520\"><strong data-start=\"1510\" data-end=\"1518\">Zink<\/strong><\/p>\n<\/li>\n<li data-start=\"1521\" data-end=\"1585\">\n<p data-start=\"1523\" data-end=\"1585\"><strong data-start=\"1523\" data-end=\"1560\">L-Arginin oder andere Aminos\u00e4uren<\/strong> (je nach Formulierung)<\/p>\n<\/li>\n<li data-start=\"1586\" data-end=\"1641\">\n<p data-start=\"1588\" data-end=\"1641\"><strong data-start=\"1588\" data-end=\"1641\">Weitere unterst\u00fctzende Vitamine und Mineralstoffe<\/strong><\/p>\n<\/li>\n<\/ul>\n<p data-start=\"1643\" data-end=\"1667\"><strong data-start=\"1643\" data-end=\"1665\">Anwendungsgebiete:<\/strong><\/p>\n<ul data-start=\"1668\" data-end=\"1933\">\n<li data-start=\"1668\" data-end=\"1735\">\n<p data-start=\"1670\" data-end=\"1735\">Unterst\u00fctzung der Energieproduktion und Reduktion von M\u00fcdigkeit<\/p>\n<\/li>\n<li data-start=\"1736\" data-end=\"1811\">\n<p data-start=\"1738\" data-end=\"1811\">F\u00f6rderung der allgemeinen Vitalit\u00e4t und k\u00f6rperlichen Leistungsf\u00e4higkeit<\/p>\n<\/li>\n<li data-start=\"1812\" data-end=\"1859\">\n<p data-start=\"1814\" data-end=\"1859\">Unterst\u00fctzung der Funktion des Immunsystems<\/p>\n<\/li>\n<li data-start=\"1860\" data-end=\"1933\">\n<p data-start=\"1862\" data-end=\"1933\">Beitrag zur Verbesserung des allgemeinen Wohlbefindens und der Ausdauer<\/p>\n<\/li>\n<\/ul>\n<p data-start=\"1935\" data-end=\"2108\"><strong data-start=\"1935\" data-end=\"1963\">Dosierung und Anwendung:<\/strong><br data-start=\"1963\" data-end=\"1966\" \/>Erwachsene: 1 Kapsel t\u00e4glich, vorzugsweise zu einer Mahlzeit einnehmen.<br data-start=\"2037\" data-end=\"2040\" \/>Bei besonderen gesundheitlichen Bedingungen \u00e4rztlichen Rat befolgen.<\/p>\n<p data-start=\"2110\" data-end=\"2130\"><strong data-start=\"2110\" data-end=\"2128\">Gegenanzeigen:<\/strong><\/p>\n<ul data-start=\"2131\" data-end=\"2260\">\n<li data-start=\"2131\" data-end=\"2197\">\n<p data-start=\"2133\" data-end=\"2197\">Bekannte \u00dcberempfindlichkeit gegen\u00fcber einem der Inhaltsstoffe<\/p>\n<\/li>\n<li data-start=\"2198\" data-end=\"2260\">\n<p data-start=\"2200\" data-end=\"2260\">Nicht empfohlen f\u00fcr Kinder, au\u00dfer nach \u00e4rztlicher Verordnung<\/p>\n<\/li>\n<\/ul>\n<p data-start=\"2262\" data-end=\"2431\"><strong data-start=\"2262\" data-end=\"2281\">Nebenwirkungen:<\/strong><br data-start=\"2281\" data-end=\"2284\" \/>Selten: leichte \u00dcbelkeit, Magenbeschwerden oder Kopfschmerzen.<br data-start=\"2346\" data-end=\"2349\" \/>Bei Auftreten von Nebenwirkungen die Einnahme beenden und \u00e4rztlichen Rat einholen.<\/p>\n<p data-start=\"2433\" data-end=\"2568\"><strong data-start=\"2433\" data-end=\"2446\">Lagerung:<\/strong><br data-start=\"2446\" data-end=\"2449\" \/>K\u00fchl, trocken und vor direkter Sonneneinstrahlung gesch\u00fctzt lagern.<br data-start=\"2516\" data-end=\"2519\" \/>Au\u00dferhalb der Reichweite von Kindern aufbewahren.<\/p>\n<p data-start=\"2570\" data-end=\"2626\"><strong data-start=\"2570\" data-end=\"2591\">Darreichungsform:<\/strong><br data-start=\"2591\" data-end=\"2594\" \/>Kapseln \u2014 30 Kapseln pro Packung<\/p>\n","protected":false},"excerpt":{"rendered":"<p>Vigoton Plus 30 Kapseln Kategorie:Energie &amp; Vitalit\u00e4t \/ Multivitaminpr\u00e4parat Aktive Bestandteile (pro Kapsel): B-Vitamine (B1, B2, B6, B12) Vitamin C Zink L-Arginin oder andere Aminos\u00e4uren (je nach Formulierung) Weitere unterst\u00fctzende Vitamine und Mineralstoffe Anwendungsgebiete: Unterst\u00fctzung der Energieproduktion und Reduktion von M\u00fcdigkeit F\u00f6rderung der allgemeinen Vitalit\u00e4t und k\u00f6rperlichen Leistungsf\u00e4higkeit Unterst\u00fctzung der Funktion des Immunsystems Beitrag zur&#8230;<\/p>\n","protected":false},"featured_media":9225,"comment_status":"open","ping_status":"closed","template":"","meta":{"rs_blank_template":"","rs_page_bg_color":"","slide_template_v7":"","_bst_post_transparent":"default","_bst_post_title":"","_bst_post_layout":"default","_bst_post_sidebar_id":"","_bst_post_content_style":"default","_bst_post_vertical_padding":"default","_bst_post_feature":"","_bst_post_feature_position":"","_bst_post_header":false,"_bst_post_footer":false},"product_brand":[],"product_cat":[351,217,457,229],"product_tag":[],"product_brands":[],"class_list":{"0":"post-9226","1":"product","2":"type-product","3":"status-publish","4":"has-post-thumbnail","6":"product_cat-medical-forms","7":"product_cat-medicines","8":"product_cat-tablets-capsules","9":"product_cat-vitamins-general-supplements","11":"first","12":"instock","13":"shipping-taxable","14":"purchasable","15":"product-type-simple","16":"entry","17":"content-bg","18":"loop-entry"},"_links":{"self":[{"href":"https:\/\/nawarpharmacy.com\/de\/wp-json\/wp\/v2\/product\/9226","targetHints":{"allow":["GET"]}}],"collection":[{"href":"https:\/\/nawarpharmacy.com\/de\/wp-json\/wp\/v2\/product"}],"about":[{"href":"https:\/\/nawarpharmacy.com\/de\/wp-json\/wp\/v2\/types\/product"}],"replies":[{"embeddable":true,"href":"https:\/\/nawarpharmacy.com\/de\/wp-json\/wp\/v2\/comments?post=9226"}],"wp:featuredmedia":[{"embeddable":true,"href":"https:\/\/nawarpharmacy.com\/de\/wp-json\/wp\/v2\/media\/9225"}],"wp:attachment":[{"href":"https:\/\/nawarpharmacy.com\/de\/wp-json\/wp\/v2\/media?parent=9226"}],"wp:term":[{"taxonomy":"product_brand","embeddable":true,"href":"https:\/\/nawarpharmacy.com\/de\/wp-json\/wp\/v2\/product_brand?post=9226"},{"taxonomy":"product_cat","embeddable":true,"href":"https:\/\/nawarpharmacy.com\/de\/wp-json\/wp\/v2\/product_cat?post=9226"},{"taxonomy":"product_tag","embeddable":true,"href":"https:\/\/nawarpharmacy.com\/de\/wp-json\/wp\/v2\/product_tag?post=9226"},{"taxonomy":"product_brands","embeddable":true,"href":"https:\/\/nawarpharmacy.com\/de\/wp-json\/wp\/v2\/product_brands?post=9226"}],"curies":[{"name":"wp","href":"https:\/\/api.w.org\/{rel}","templated":true}]}}