{"id":9212,"date":"2025-12-21T23:12:08","date_gmt":"2025-12-21T23:12:08","guid":{"rendered":"https:\/\/nawarpharmacy.com\/?post_type=product&#038;p=9212"},"modified":"2026-02-05T17:54:33","modified_gmt":"2026-02-05T17:54:33","slug":"ferroduonal-30-capsules","status":"publish","type":"product","link":"https:\/\/nawarpharmacy.com\/de\/produkt\/ferroduonal-30-capsules\/","title":{"rendered":"Ferroduonal 30 Kapseln"},"content":{"rendered":"<div class=\"flex flex-col text-sm pb-25\">\n<article class=\"text-token-text-primary w-full focus:outline-none [--shadow-height:45px] has-data-writing-block:pointer-events-none has-data-writing-block:-mt-(--shadow-height) has-data-writing-block:pt-(--shadow-height) [&amp;:has([data-writing-block])&gt;*]:pointer-events-auto scroll-mt-[calc(var(--header-height)+min(200px,max(70px,20svh)))]\" dir=\"auto\" tabindex=\"-1\" data-turn-id=\"request-WEB:7af450d0-e0c0-494f-bc78-beea60f79960-7\" data-testid=\"conversation-turn-16\" data-scroll-anchor=\"true\" data-turn=\"assistant\">\n<div class=\"text-base my-auto mx-auto pb-10 [--thread-content-margin:--spacing(4)] @w-sm\/main:[--thread-content-margin:--spacing(6)] @w-lg\/main:[--thread-content-margin:--spacing(16)] px-(--thread-content-margin)\">\n<div class=\"[--thread-content-max-width:40rem] @w-lg\/main:[--thread-content-max-width:48rem] mx-auto max-w-(--thread-content-max-width) flex-1 group\/turn-messages focus-visible:outline-hidden relative flex w-full min-w-0 flex-col agent-turn\" tabindex=\"-1\">\n<div class=\"flex max-w-full flex-col grow\">\n<div class=\"min-h-8 text-message relative flex w-full flex-col items-end gap-2 text-start break-words whitespace-normal [.text-message+&amp;]:mt-1\" dir=\"auto\" data-message-author-role=\"assistant\" data-message-id=\"023f1fa9-d6d7-4ba1-a930-596a885a9002\" data-message-model-slug=\"gpt-5-2-thinking\">\n<div class=\"flex w-full flex-col gap-1 empty:hidden first:pt-[1px]\">\n<div class=\"markdown prose dark:prose-invert w-full wrap-break-word dark markdown-new-styling\">\n<p data-start=\"1745\" data-end=\"1772\"><strong data-start=\"1745\" data-end=\"1772\">Ferroduonal 30 Kapseln<\/strong><\/p>\n<p data-start=\"1774\" data-end=\"2030\"><strong data-start=\"1774\" data-end=\"1791\">Beschreibung:<\/strong><br data-start=\"1791\" data-end=\"1794\" \/>Nahrungserg\u00e4nzungsmittel zur Unterst\u00fctzung eines gesunden Eisenstatus und zur F\u00f6rderung der Bildung roter Blutk\u00f6rperchen. H\u00e4ufig kombiniert mit N\u00e4hrstoffen, die die Eisenaufnahme verbessern und typische Nebenwirkungen reduzieren k\u00f6nnen.<\/p>\n<p data-start=\"2032\" data-end=\"2318\"><strong data-start=\"2032\" data-end=\"2054\">Anwendungsgebiete:<\/strong><br data-start=\"2054\" data-end=\"2057\" \/>Unterst\u00fctzung bei Eisenmangel oder niedrigen Eisenspeichern; Erhalt einer normalen H\u00e4moglobinbildung; Verringerung von M\u00fcdigkeit und Ersch\u00f6pfung im Zusammenhang mit Eisenmangel; Unterst\u00fctzung des Energieniveaus bei unzureichender Eisenzufuhr \u00fcber die Ern\u00e4hrung.<\/p>\n<p data-start=\"2320\" data-end=\"2361\"><strong data-start=\"2320\" data-end=\"2359\">Wichtige Bestandteile (pro Kapsel):<\/strong><\/p>\n<ul data-start=\"2362\" data-end=\"2555\">\n<li data-start=\"2362\" data-end=\"2420\">\n<p data-start=\"2364\" data-end=\"2420\"><strong data-start=\"2364\" data-end=\"2385\">Eisen (elementar)<\/strong> \u2014 Dosierung je nach Formulierung<\/p>\n<\/li>\n<li data-start=\"2421\" data-end=\"2469\">\n<p data-start=\"2423\" data-end=\"2469\"><strong data-start=\"2423\" data-end=\"2436\">Vitamin C<\/strong> \u2014 verbessert die Eisenaufnahme<\/p>\n<\/li>\n<li data-start=\"2470\" data-end=\"2555\">\n<p data-start=\"2472\" data-end=\"2555\"><strong data-start=\"2472\" data-end=\"2509\">Weitere unterst\u00fctzende N\u00e4hrstoffe<\/strong> \u2014 k\u00f6nnen den Eisenstoffwechsel unterst\u00fctzen<\/p>\n<\/li>\n<\/ul>\n<p data-start=\"2557\" data-end=\"2681\"><strong data-start=\"2557\" data-end=\"2582\">Empfohlene Dosierung:<\/strong><br data-start=\"2582\" data-end=\"2585\" \/>1 Kapsel t\u00e4glich zu einer Mahlzeit einnehmen oder nach Anweisung von medizinischem Fachpersonal.<\/p>\n<p data-start=\"2683\" data-end=\"3061\"><strong data-start=\"2683\" data-end=\"2700\">Warnhinweise:<\/strong><br data-start=\"2700\" data-end=\"2703\" \/>Die empfohlene Tagesdosis nicht \u00fcberschreiten. Au\u00dferhalb der Reichweite von Kindern aufbewahren. Eisenpr\u00e4parate sollten bei Erkrankungen wie H\u00e4mochromatose oder anderen Eisen\u00fcberladungssyndromen mit Vorsicht verwendet werden. Vor der Anwendung \u00e4rztlichen Rat einholen, wenn Sie schwanger sind, stillen, Arzneimittel einnehmen oder an einer Erkrankung leiden.<\/p>\n<p data-start=\"3063\" data-end=\"3450\" data-is-last-node=\"\" data-is-only-node=\"\"><strong data-start=\"3063\" data-end=\"3094\">H\u00e4ufige Vorsichtsma\u00dfnahmen:<\/strong><br data-start=\"3094\" data-end=\"3097\" \/>Eisen kann bei einigen Personen Magen-Darm-Beschwerden wie \u00dcbelkeit oder Verstopfung verursachen. Die Einnahme zu einer Mahlzeit kann Magenbeschwerden vermindern, kann jedoch die Aufnahme beeinflussen; beachten Sie die Empfehlungen des medizinischen Fachpersonals. Bei l\u00e4ngerer Anwendung kann eine regelm\u00e4\u00dfige Kontrolle des Eisenstatus empfohlen werden.<\/p>\n<\/div>\n<\/div>\n<\/div>\n<\/div>\n<div class=\"z-0 flex min-h-[46px] justify-start\"><\/div>\n<div class=\"mt-3 w-full empty:hidden\">\n<div class=\"text-center\"><\/div>\n<\/div>\n<\/div>\n<\/div>\n<\/article>\n<\/div>\n<div class=\"pointer-events-none h-px w-px absolute bottom-0\" aria-hidden=\"true\" data-edge=\"true\"><\/div>\n","protected":false},"excerpt":{"rendered":"<p>Ferroduonal 30 Kapseln Beschreibung:Nahrungserg\u00e4nzungsmittel zur Unterst\u00fctzung eines gesunden Eisenstatus und zur F\u00f6rderung der Bildung roter Blutk\u00f6rperchen. H\u00e4ufig kombiniert mit N\u00e4hrstoffen, die die Eisenaufnahme verbessern und typische Nebenwirkungen reduzieren k\u00f6nnen. Anwendungsgebiete:Unterst\u00fctzung bei Eisenmangel oder niedrigen Eisenspeichern; Erhalt einer normalen H\u00e4moglobinbildung; Verringerung von M\u00fcdigkeit und Ersch\u00f6pfung im Zusammenhang mit Eisenmangel; Unterst\u00fctzung des Energieniveaus bei unzureichender Eisenzufuhr \u00fcber&#8230;<\/p>\n","protected":false},"featured_media":9210,"comment_status":"open","ping_status":"closed","template":"","meta":{"rs_blank_template":"","rs_page_bg_color":"","slide_template_v7":"","_bst_post_transparent":"default","_bst_post_title":"","_bst_post_layout":"default","_bst_post_sidebar_id":"","_bst_post_content_style":"default","_bst_post_vertical_padding":"default","_bst_post_feature":"","_bst_post_feature_position":"","_bst_post_header":false,"_bst_post_footer":false},"product_brand":[],"product_cat":[351,217,457,229],"product_tag":[],"product_brands":[],"class_list":{"0":"post-9212","1":"product","2":"type-product","3":"status-publish","4":"has-post-thumbnail","6":"product_cat-medical-forms","7":"product_cat-medicines","8":"product_cat-tablets-capsules","9":"product_cat-vitamins-general-supplements","11":"first","12":"instock","13":"shipping-taxable","14":"purchasable","15":"product-type-simple","16":"entry","17":"content-bg","18":"loop-entry"},"_links":{"self":[{"href":"https:\/\/nawarpharmacy.com\/de\/wp-json\/wp\/v2\/product\/9212","targetHints":{"allow":["GET"]}}],"collection":[{"href":"https:\/\/nawarpharmacy.com\/de\/wp-json\/wp\/v2\/product"}],"about":[{"href":"https:\/\/nawarpharmacy.com\/de\/wp-json\/wp\/v2\/types\/product"}],"replies":[{"embeddable":true,"href":"https:\/\/nawarpharmacy.com\/de\/wp-json\/wp\/v2\/comments?post=9212"}],"wp:featuredmedia":[{"embeddable":true,"href":"https:\/\/nawarpharmacy.com\/de\/wp-json\/wp\/v2\/media\/9210"}],"wp:attachment":[{"href":"https:\/\/nawarpharmacy.com\/de\/wp-json\/wp\/v2\/media?parent=9212"}],"wp:term":[{"taxonomy":"product_brand","embeddable":true,"href":"https:\/\/nawarpharmacy.com\/de\/wp-json\/wp\/v2\/product_brand?post=9212"},{"taxonomy":"product_cat","embeddable":true,"href":"https:\/\/nawarpharmacy.com\/de\/wp-json\/wp\/v2\/product_cat?post=9212"},{"taxonomy":"product_tag","embeddable":true,"href":"https:\/\/nawarpharmacy.com\/de\/wp-json\/wp\/v2\/product_tag?post=9212"},{"taxonomy":"product_brands","embeddable":true,"href":"https:\/\/nawarpharmacy.com\/de\/wp-json\/wp\/v2\/product_brands?post=9212"}],"curies":[{"name":"wp","href":"https:\/\/api.w.org\/{rel}","templated":true}]}}