{"id":9207,"date":"2025-12-21T23:13:19","date_gmt":"2025-12-21T23:13:19","guid":{"rendered":"https:\/\/nawarpharmacy.com\/?post_type=product&#038;p=9207"},"modified":"2026-02-05T17:53:16","modified_gmt":"2026-02-05T17:53:16","slug":"vinax-30-tablets","status":"publish","type":"product","link":"https:\/\/nawarpharmacy.com\/de\/produkt\/vinax-30-tablets\/","title":{"rendered":"Vinax 30 Tabletten"},"content":{"rendered":"<p data-start=\"1608\" data-end=\"1631\"><strong data-start=\"1608\" data-end=\"1631\">Vinax 30 Tabletten<\/strong><\/p>\n<p data-start=\"1633\" data-end=\"1916\"><strong data-start=\"1633\" data-end=\"1650\">Beschreibung:<\/strong><br data-start=\"1650\" data-end=\"1653\" \/>Nahrungserg\u00e4nzungsmittel zur Unterst\u00fctzung der Immunfunktion und des allgemeinen Wohlbefindens durch eine Kombination aus Vitaminen, Mineralstoffen und Antioxidantien, die zur normalen Funktion des Immunsystems beitragen und vor oxidativem Stress sch\u00fctzen k\u00f6nnen.<\/p>\n<p data-start=\"1918\" data-end=\"2150\"><strong data-start=\"1918\" data-end=\"1940\">Anwendungsgebiete:<\/strong><br data-start=\"1940\" data-end=\"1943\" \/>Unterst\u00fctzung der Immunabwehr, Beitrag zu normalen Stoffwechselprozessen sowie Unterst\u00fctzung bei der Aufrechterhaltung ausreichender Mikron\u00e4hrstoffspiegel, wenn die Zufuhr \u00fcber die Ern\u00e4hrung nicht ausreicht.<\/p>\n<p data-start=\"2152\" data-end=\"2255\"><strong data-start=\"2152\" data-end=\"2193\">Wichtige Bestandteile (pro Tablette):<\/strong><br data-start=\"2193\" data-end=\"2196\" \/>Typische Inhaltsstoffe von Immunformeln k\u00f6nnen enthalten:<\/p>\n<ul data-start=\"2256\" data-end=\"2517\">\n<li data-start=\"2256\" data-end=\"2319\">\n<p data-start=\"2258\" data-end=\"2319\"><strong data-start=\"2258\" data-end=\"2271\">Vitamin C<\/strong> \u2014 Antioxidans, Unterst\u00fctzung des Immunsystems<\/p>\n<\/li>\n<li data-start=\"2320\" data-end=\"2381\">\n<p data-start=\"2322\" data-end=\"2381\"><strong data-start=\"2322\" data-end=\"2335\">Vitamin D<\/strong> \u2014 Unterst\u00fctzung von Immunsystem und Knochen<\/p>\n<\/li>\n<li data-start=\"2382\" data-end=\"2437\">\n<p data-start=\"2384\" data-end=\"2437\"><strong data-start=\"2384\" data-end=\"2392\">Zink<\/strong> \u2014 unterst\u00fctzt die Funktion von Immunzellen<\/p>\n<\/li>\n<li data-start=\"2438\" data-end=\"2517\">\n<p data-start=\"2440\" data-end=\"2517\"><strong data-start=\"2440\" data-end=\"2478\">Weitere Vitamine und Mineralstoffe<\/strong> \u2014 Beitrag zur allgemeinen Gesundheit<\/p>\n<\/li>\n<\/ul>\n<p data-start=\"2519\" data-end=\"2584\"><em data-start=\"2519\" data-end=\"2584\">(Die genaue Zusammensetzung kann je nach Hersteller variieren.)<\/em><\/p>\n<p data-start=\"2586\" data-end=\"2712\"><strong data-start=\"2586\" data-end=\"2611\">Empfohlene Dosierung:<\/strong><br data-start=\"2611\" data-end=\"2614\" \/>1 Tablette t\u00e4glich zu einer Mahlzeit einnehmen oder nach Anweisung von medizinischem Fachpersonal.<\/p>\n<p data-start=\"2714\" data-end=\"2963\"><strong data-start=\"2714\" data-end=\"2731\">Warnhinweise:<\/strong><br data-start=\"2731\" data-end=\"2734\" \/>Die empfohlene Tagesdosis nicht \u00fcberschreiten. Au\u00dferhalb der Reichweite von Kindern aufbewahren. Vor der Anwendung \u00e4rztlichen Rat einholen, wenn Sie schwanger sind, stillen, Arzneimittel einnehmen oder an einer Erkrankung leiden.<\/p>\n<p data-start=\"2965\" data-end=\"3208\" data-is-last-node=\"\" data-is-only-node=\"\"><strong data-start=\"2965\" data-end=\"2996\">H\u00e4ufige Vorsichtsma\u00dfnahmen:<\/strong><br data-start=\"2996\" data-end=\"2999\" \/>Eine hohe Zufuhr bestimmter Vitamine oder Mineralstoffe kann bei einigen Personen leichte Verdauungsbeschwerden verursachen. Bei Auftretenden Nebenwirkungen die Einnahme beenden und medizinischen Rat einholen.<\/p>\n","protected":false},"excerpt":{"rendered":"<p>Vinax 30 Tabletten Beschreibung:Nahrungserg\u00e4nzungsmittel zur Unterst\u00fctzung der Immunfunktion und des allgemeinen Wohlbefindens durch eine Kombination aus Vitaminen, Mineralstoffen und Antioxidantien, die zur normalen Funktion des Immunsystems beitragen und vor oxidativem Stress sch\u00fctzen k\u00f6nnen. Anwendungsgebiete:Unterst\u00fctzung der Immunabwehr, Beitrag zu normalen Stoffwechselprozessen sowie Unterst\u00fctzung bei der Aufrechterhaltung ausreichender Mikron\u00e4hrstoffspiegel, wenn die Zufuhr \u00fcber die Ern\u00e4hrung nicht ausreicht&#8230;.<\/p>\n","protected":false},"featured_media":9206,"comment_status":"open","ping_status":"closed","template":"","meta":{"rs_blank_template":"","rs_page_bg_color":"","slide_template_v7":"","_bst_post_transparent":"default","_bst_post_title":"","_bst_post_layout":"default","_bst_post_sidebar_id":"","_bst_post_content_style":"default","_bst_post_vertical_padding":"default","_bst_post_feature":"","_bst_post_feature_position":"","_bst_post_header":false,"_bst_post_footer":false},"product_brand":[],"product_cat":[351,217,457,229],"product_tag":[],"product_brands":[],"class_list":{"0":"post-9207","1":"product","2":"type-product","3":"status-publish","4":"has-post-thumbnail","6":"product_cat-medical-forms","7":"product_cat-medicines","8":"product_cat-tablets-capsules","9":"product_cat-vitamins-general-supplements","11":"first","12":"instock","13":"shipping-taxable","14":"purchasable","15":"product-type-simple","16":"entry","17":"content-bg","18":"loop-entry"},"_links":{"self":[{"href":"https:\/\/nawarpharmacy.com\/de\/wp-json\/wp\/v2\/product\/9207","targetHints":{"allow":["GET"]}}],"collection":[{"href":"https:\/\/nawarpharmacy.com\/de\/wp-json\/wp\/v2\/product"}],"about":[{"href":"https:\/\/nawarpharmacy.com\/de\/wp-json\/wp\/v2\/types\/product"}],"replies":[{"embeddable":true,"href":"https:\/\/nawarpharmacy.com\/de\/wp-json\/wp\/v2\/comments?post=9207"}],"wp:featuredmedia":[{"embeddable":true,"href":"https:\/\/nawarpharmacy.com\/de\/wp-json\/wp\/v2\/media\/9206"}],"wp:attachment":[{"href":"https:\/\/nawarpharmacy.com\/de\/wp-json\/wp\/v2\/media?parent=9207"}],"wp:term":[{"taxonomy":"product_brand","embeddable":true,"href":"https:\/\/nawarpharmacy.com\/de\/wp-json\/wp\/v2\/product_brand?post=9207"},{"taxonomy":"product_cat","embeddable":true,"href":"https:\/\/nawarpharmacy.com\/de\/wp-json\/wp\/v2\/product_cat?post=9207"},{"taxonomy":"product_tag","embeddable":true,"href":"https:\/\/nawarpharmacy.com\/de\/wp-json\/wp\/v2\/product_tag?post=9207"},{"taxonomy":"product_brands","embeddable":true,"href":"https:\/\/nawarpharmacy.com\/de\/wp-json\/wp\/v2\/product_brands?post=9207"}],"curies":[{"name":"wp","href":"https:\/\/api.w.org\/{rel}","templated":true}]}}