{"id":9166,"date":"2025-12-21T23:21:42","date_gmt":"2025-12-21T23:21:42","guid":{"rendered":"https:\/\/nawarpharmacy.com\/?post_type=product&#038;p=9166"},"modified":"2026-02-05T17:40:00","modified_gmt":"2026-02-05T17:40:00","slug":"caldin-c-30-tablets","status":"publish","type":"product","link":"https:\/\/nawarpharmacy.com\/de\/produkt\/caldin-c-30-tablets\/","title":{"rendered":"Caldin C 30 Tabletten"},"content":{"rendered":"<p data-start=\"1570\" data-end=\"1597\"><strong data-start=\"1570\" data-end=\"1597\">Caldin C 30 Tabletten<\/strong><\/p>\n<p data-start=\"1599\" data-end=\"1814\"><strong data-start=\"1599\" data-end=\"1616\">Beschreibung:<\/strong><br data-start=\"1616\" data-end=\"1619\" \/>Ein Nahrungserg\u00e4nzungsmittel mit Vitamin C, einem essenziellen wasserl\u00f6slichen Vitamin und Antioxidans, zur Unterst\u00fctzung der Immunfunktion, der Gewebereparatur und des allgemeinen Wohlbefindens.<\/p>\n<p data-start=\"1816\" data-end=\"2069\"><strong data-start=\"1816\" data-end=\"1838\">Anwendungsgebiete:<\/strong><br data-start=\"1838\" data-end=\"1841\" \/>Zur Unterst\u00fctzung des Immunsystems, zur Mitwirkung an der Kollagenbildung f\u00fcr gesunde Haut und Bindegewebe, zum antioxidativen Zellschutz sowie zur Unterst\u00fctzung normaler Stoffwechselprozesse bei unzureichender Vitamin-C-Zufuhr.<\/p>\n<p data-start=\"2071\" data-end=\"2182\"><strong data-start=\"2071\" data-end=\"2100\">Wirkstoff (pro Tablette):<\/strong><br data-start=\"2100\" data-end=\"2103\" \/>Vitamin C (Ascorbins\u00e4ure) \u2014 Dosierung abh\u00e4ngig von der jeweiligen Formulierung.<\/p>\n<p data-start=\"2184\" data-end=\"2302\"><strong data-start=\"2184\" data-end=\"2209\">Empfohlene Dosierung:<\/strong><br data-start=\"2209\" data-end=\"2212\" \/>Einmal t\u00e4glich eine Tablette zu einer Mahlzeit einnehmen oder gem\u00e4\u00df \u00e4rztlicher Empfehlung.<\/p>\n<p data-start=\"2304\" data-end=\"2587\"><strong data-start=\"2304\" data-end=\"2321\">Warnhinweise:<\/strong><br data-start=\"2321\" data-end=\"2324\" \/>Die empfohlene Tagesdosis nicht \u00fcberschreiten. F\u00fcr Kinder unzug\u00e4nglich aufbewahren. Vor der Anwendung R\u00fccksprache mit einem Arzt oder Apotheker halten bei Schwangerschaft, Stillzeit, bei gleichzeitiger Einnahme von Arzneimitteln oder bei bestehenden Erkrankungen.<\/p>\n<p data-start=\"2589\" data-end=\"2838\"><strong data-start=\"2589\" data-end=\"2623\">Allgemeine Vorsichtsma\u00dfnahmen:<\/strong><br data-start=\"2623\" data-end=\"2626\" \/>Hohe Dosen von Vitamin C k\u00f6nnen bei manchen Personen Magen-Darm-Beschwerden wie Bauchschmerzen oder Durchfall verursachen. Bei Auftreten unerw\u00fcnschter Wirkungen die Einnahme abbrechen und einen Arzt konsultieren.<\/p>\n","protected":false},"excerpt":{"rendered":"<p>Caldin C 30 Tabletten Beschreibung:Ein Nahrungserg\u00e4nzungsmittel mit Vitamin C, einem essenziellen wasserl\u00f6slichen Vitamin und Antioxidans, zur Unterst\u00fctzung der Immunfunktion, der Gewebereparatur und des allgemeinen Wohlbefindens. Anwendungsgebiete:Zur Unterst\u00fctzung des Immunsystems, zur Mitwirkung an der Kollagenbildung f\u00fcr gesunde Haut und Bindegewebe, zum antioxidativen Zellschutz sowie zur Unterst\u00fctzung normaler Stoffwechselprozesse bei unzureichender Vitamin-C-Zufuhr. Wirkstoff (pro Tablette):Vitamin C (Ascorbins\u00e4ure)&#8230;<\/p>\n","protected":false},"featured_media":9165,"comment_status":"open","ping_status":"closed","template":"","meta":{"rs_blank_template":"","rs_page_bg_color":"","slide_template_v7":"","_bst_post_transparent":"default","_bst_post_title":"","_bst_post_layout":"default","_bst_post_sidebar_id":"","_bst_post_content_style":"default","_bst_post_vertical_padding":"default","_bst_post_feature":"","_bst_post_feature_position":"","_bst_post_header":false,"_bst_post_footer":false},"product_brand":[],"product_cat":[351,239,217,457,229],"product_tag":[],"product_brands":[],"class_list":{"0":"post-9166","1":"product","2":"type-product","3":"status-publish","4":"has-post-thumbnail","6":"product_cat-medical-forms","7":"product_cat-bone-joint-health","8":"product_cat-medicines","9":"product_cat-tablets-capsules","10":"product_cat-vitamins-general-supplements","12":"first","13":"instock","14":"shipping-taxable","15":"purchasable","16":"product-type-simple","17":"entry","18":"content-bg","19":"loop-entry"},"_links":{"self":[{"href":"https:\/\/nawarpharmacy.com\/de\/wp-json\/wp\/v2\/product\/9166","targetHints":{"allow":["GET"]}}],"collection":[{"href":"https:\/\/nawarpharmacy.com\/de\/wp-json\/wp\/v2\/product"}],"about":[{"href":"https:\/\/nawarpharmacy.com\/de\/wp-json\/wp\/v2\/types\/product"}],"replies":[{"embeddable":true,"href":"https:\/\/nawarpharmacy.com\/de\/wp-json\/wp\/v2\/comments?post=9166"}],"wp:featuredmedia":[{"embeddable":true,"href":"https:\/\/nawarpharmacy.com\/de\/wp-json\/wp\/v2\/media\/9165"}],"wp:attachment":[{"href":"https:\/\/nawarpharmacy.com\/de\/wp-json\/wp\/v2\/media?parent=9166"}],"wp:term":[{"taxonomy":"product_brand","embeddable":true,"href":"https:\/\/nawarpharmacy.com\/de\/wp-json\/wp\/v2\/product_brand?post=9166"},{"taxonomy":"product_cat","embeddable":true,"href":"https:\/\/nawarpharmacy.com\/de\/wp-json\/wp\/v2\/product_cat?post=9166"},{"taxonomy":"product_tag","embeddable":true,"href":"https:\/\/nawarpharmacy.com\/de\/wp-json\/wp\/v2\/product_tag?post=9166"},{"taxonomy":"product_brands","embeddable":true,"href":"https:\/\/nawarpharmacy.com\/de\/wp-json\/wp\/v2\/product_brands?post=9166"}],"curies":[{"name":"wp","href":"https:\/\/api.w.org\/{rel}","templated":true}]}}