{"id":9158,"date":"2025-12-21T23:24:03","date_gmt":"2025-12-21T23:24:03","guid":{"rendered":"https:\/\/nawarpharmacy.com\/?post_type=product&#038;p=9158"},"modified":"2026-02-05T17:37:38","modified_gmt":"2026-02-05T17:37:38","slug":"calci-max-plus-30-tablets","status":"publish","type":"product","link":"https:\/\/nawarpharmacy.com\/de\/produkt\/calci-max-plus-30-tablets\/","title":{"rendered":"Calci Max Plus 30 Tabletten"},"content":{"rendered":"<div class=\"flex flex-col text-sm pb-25\">\n<article class=\"text-token-text-primary w-full focus:outline-none [--shadow-height:45px] has-data-writing-block:pointer-events-none has-data-writing-block:-mt-(--shadow-height) has-data-writing-block:pt-(--shadow-height) [&amp;:has([data-writing-block])&gt;*]:pointer-events-auto scroll-mt-[calc(var(--header-height)+min(200px,max(70px,20svh)))]\" dir=\"auto\" data-turn-id=\"request-694e6b10-04e8-832b-952c-d7399b2e4344-3\" data-testid=\"conversation-turn-140\" data-scroll-anchor=\"true\" data-turn=\"assistant\">\n<div class=\"text-base my-auto mx-auto pb-10 [--thread-content-margin:--spacing(4)] @w-sm\/main:[--thread-content-margin:--spacing(6)] @w-lg\/main:[--thread-content-margin:--spacing(16)] px-(--thread-content-margin)\">\n<div class=\"[--thread-content-max-width:40rem] @w-lg\/main:[--thread-content-max-width:48rem] mx-auto max-w-(--thread-content-max-width) flex-1 group\/turn-messages focus-visible:outline-hidden relative flex w-full min-w-0 flex-col agent-turn\">\n<div class=\"flex max-w-full flex-col grow\">\n<div class=\"min-h-8 text-message relative flex w-full flex-col items-end gap-2 text-start break-words whitespace-normal [.text-message+&amp;]:mt-1\" dir=\"auto\" data-message-author-role=\"assistant\" data-message-id=\"ebbf7dc5-8bb9-4911-9d94-4dcbe35956b8\" data-message-model-slug=\"gpt-5-2\">\n<div class=\"flex w-full flex-col gap-1 empty:hidden first:pt-[1px]\">\n<div class=\"markdown prose dark:prose-invert w-full break-words light markdown-new-styling\">\n<p data-start=\"1786\" data-end=\"1819\"><strong data-start=\"1786\" data-end=\"1819\">Calci Max Plus 30 Tabletten<\/strong><\/p>\n<p data-start=\"1821\" data-end=\"2086\"><strong data-start=\"1821\" data-end=\"1838\">Beschreibung:<\/strong><br data-start=\"1838\" data-end=\"1841\" \/>Ein Nahrungserg\u00e4nzungsmittel zur Unterst\u00fctzung der Knochengesundheit und -st\u00e4rke durch eine Kombination aus Calcium und unterst\u00fctzenden N\u00e4hrstoffen wie Vitamin D sowie weiteren Mineralstoffen, die die Aufnahme und Verwertung von Calcium f\u00f6rdern.<\/p>\n<p data-start=\"2088\" data-end=\"2304\"><strong data-start=\"2088\" data-end=\"2110\">Anwendungsgebiete:<\/strong><br data-start=\"2110\" data-end=\"2113\" \/>Zur Unterst\u00fctzung der normalen Knochenmineralisierung, der Zahngesundheit, der Muskelfunktion und der allgemeinen Skelettgesundheit bei unzureichender Calciumzufuhr oder Vitamin-D-Versorgung.<\/p>\n<p data-start=\"2306\" data-end=\"2338\"><strong data-start=\"2306\" data-end=\"2336\">Wirkstoffe (pro Tablette):<\/strong><\/p>\n<ul data-start=\"2339\" data-end=\"2597\">\n<li data-start=\"2339\" data-end=\"2415\">\n<p data-start=\"2341\" data-end=\"2415\"><strong data-start=\"2341\" data-end=\"2364\">Calcium (elementar)<\/strong> \u2014 tr\u00e4gt zur Knochenstruktur und -festigkeit bei;<\/p>\n<\/li>\n<li data-start=\"2416\" data-end=\"2485\">\n<p data-start=\"2418\" data-end=\"2485\"><strong data-start=\"2418\" data-end=\"2450\">Vitamin D3 (Cholecalciferol)<\/strong> \u2014 f\u00f6rdert die Calciumresorption;<\/p>\n<\/li>\n<li data-start=\"2486\" data-end=\"2597\">\n<p data-start=\"2488\" data-end=\"2597\"><strong data-start=\"2488\" data-end=\"2528\">Weitere unterst\u00fctzende Mineralstoffe<\/strong>, wie Magnesium oder Zink (abh\u00e4ngig von der jeweiligen Formulierung).<\/p>\n<\/li>\n<\/ul>\n<p data-start=\"2599\" data-end=\"2717\"><strong data-start=\"2599\" data-end=\"2624\">Empfohlene Dosierung:<\/strong><br data-start=\"2624\" data-end=\"2627\" \/>Einmal t\u00e4glich eine Tablette zu einer Mahlzeit einnehmen oder gem\u00e4\u00df \u00e4rztlicher Empfehlung.<\/p>\n<p data-start=\"2719\" data-end=\"3079\"><strong data-start=\"2719\" data-end=\"2736\">Warnhinweise:<\/strong><br data-start=\"2736\" data-end=\"2739\" \/>Die empfohlene Tagesdosis nicht \u00fcberschreiten. F\u00fcr Kinder unzug\u00e4nglich aufbewahren. Vor der Anwendung R\u00fccksprache mit einem Arzt oder Apotheker halten bei Schwangerschaft, Stillzeit, bei gleichzeitiger Einnahme von Arzneimitteln oder bei bestehenden Erkrankungen, insbesondere bei Nierenerkrankungen oder St\u00f6rungen des Calciumstoffwechsels.<\/p>\n<p data-start=\"3081\" data-end=\"3302\"><strong data-start=\"3081\" data-end=\"3115\">Allgemeine Vorsichtsma\u00dfnahmen:<\/strong><br data-start=\"3115\" data-end=\"3118\" \/>Eine \u00fcberm\u00e4\u00dfige Calciumzufuhr kann Magen-Darm-Beschwerden wie Verstopfung verursachen. Bei l\u00e4ngerer Anwendung kann eine \u00dcberwachung der Calcium- und Vitamin-D-Spiegel empfohlen werden.<\/p>\n<\/div>\n<\/div>\n<\/div>\n<\/div>\n<\/div>\n<\/div>\n<\/article>\n<\/div>\n","protected":false},"excerpt":{"rendered":"<p>Calci Max Plus 30 Tabletten Beschreibung:Ein Nahrungserg\u00e4nzungsmittel zur Unterst\u00fctzung der Knochengesundheit und -st\u00e4rke durch eine Kombination aus Calcium und unterst\u00fctzenden N\u00e4hrstoffen wie Vitamin D sowie weiteren Mineralstoffen, die die Aufnahme und Verwertung von Calcium f\u00f6rdern. Anwendungsgebiete:Zur Unterst\u00fctzung der normalen Knochenmineralisierung, der Zahngesundheit, der Muskelfunktion und der allgemeinen Skelettgesundheit bei unzureichender Calciumzufuhr oder Vitamin-D-Versorgung. Wirkstoffe (pro&#8230;<\/p>\n","protected":false},"featured_media":9157,"comment_status":"open","ping_status":"closed","template":"","meta":{"rs_blank_template":"","rs_page_bg_color":"","slide_template_v7":"","_bst_post_transparent":"default","_bst_post_title":"","_bst_post_layout":"default","_bst_post_sidebar_id":"","_bst_post_content_style":"default","_bst_post_vertical_padding":"default","_bst_post_feature":"","_bst_post_feature_position":"","_bst_post_header":false,"_bst_post_footer":false},"product_brand":[],"product_cat":[351,239,217,457,229],"product_tag":[],"product_brands":[],"class_list":{"0":"post-9158","1":"product","2":"type-product","3":"status-publish","4":"has-post-thumbnail","6":"product_cat-medical-forms","7":"product_cat-bone-joint-health","8":"product_cat-medicines","9":"product_cat-tablets-capsules","10":"product_cat-vitamins-general-supplements","12":"first","13":"instock","14":"shipping-taxable","15":"purchasable","16":"product-type-simple","17":"entry","18":"content-bg","19":"loop-entry"},"_links":{"self":[{"href":"https:\/\/nawarpharmacy.com\/de\/wp-json\/wp\/v2\/product\/9158","targetHints":{"allow":["GET"]}}],"collection":[{"href":"https:\/\/nawarpharmacy.com\/de\/wp-json\/wp\/v2\/product"}],"about":[{"href":"https:\/\/nawarpharmacy.com\/de\/wp-json\/wp\/v2\/types\/product"}],"replies":[{"embeddable":true,"href":"https:\/\/nawarpharmacy.com\/de\/wp-json\/wp\/v2\/comments?post=9158"}],"wp:featuredmedia":[{"embeddable":true,"href":"https:\/\/nawarpharmacy.com\/de\/wp-json\/wp\/v2\/media\/9157"}],"wp:attachment":[{"href":"https:\/\/nawarpharmacy.com\/de\/wp-json\/wp\/v2\/media?parent=9158"}],"wp:term":[{"taxonomy":"product_brand","embeddable":true,"href":"https:\/\/nawarpharmacy.com\/de\/wp-json\/wp\/v2\/product_brand?post=9158"},{"taxonomy":"product_cat","embeddable":true,"href":"https:\/\/nawarpharmacy.com\/de\/wp-json\/wp\/v2\/product_cat?post=9158"},{"taxonomy":"product_tag","embeddable":true,"href":"https:\/\/nawarpharmacy.com\/de\/wp-json\/wp\/v2\/product_tag?post=9158"},{"taxonomy":"product_brands","embeddable":true,"href":"https:\/\/nawarpharmacy.com\/de\/wp-json\/wp\/v2\/product_brands?post=9158"}],"curies":[{"name":"wp","href":"https:\/\/api.w.org\/{rel}","templated":true}]}}