{"id":9153,"date":"2025-12-21T23:25:08","date_gmt":"2025-12-21T23:25:08","guid":{"rendered":"https:\/\/nawarpharmacy.com\/?post_type=product&#038;p=9153"},"modified":"2026-02-05T17:36:15","modified_gmt":"2026-02-05T17:36:15","slug":"calcimate-500mg-12-capsules","status":"publish","type":"product","link":"https:\/\/nawarpharmacy.com\/de\/produkt\/calcimate-500mg-12-capsules\/","title":{"rendered":"Calcimate 500mg 12 Kapseln"},"content":{"rendered":"<div class=\"flex flex-col text-sm pb-25\">\n<article class=\"text-token-text-primary w-full focus:outline-none [--shadow-height:45px] has-data-writing-block:pointer-events-none has-data-writing-block:-mt-(--shadow-height) has-data-writing-block:pt-(--shadow-height) [&amp;:has([data-writing-block])&gt;*]:pointer-events-auto scroll-mt-[calc(var(--header-height)+min(200px,max(70px,20svh)))]\" dir=\"auto\" data-turn-id=\"request-694e6b10-04e8-832b-952c-d7399b2e4344-2\" data-testid=\"conversation-turn-138\" data-scroll-anchor=\"true\" data-turn=\"assistant\">\n<div class=\"text-base my-auto mx-auto pb-10 [--thread-content-margin:--spacing(4)] @w-sm\/main:[--thread-content-margin:--spacing(6)] @w-lg\/main:[--thread-content-margin:--spacing(16)] px-(--thread-content-margin)\">\n<div class=\"[--thread-content-max-width:40rem] @w-lg\/main:[--thread-content-max-width:48rem] mx-auto max-w-(--thread-content-max-width) flex-1 group\/turn-messages focus-visible:outline-hidden relative flex w-full min-w-0 flex-col agent-turn\">\n<div class=\"flex max-w-full flex-col grow\">\n<div class=\"min-h-8 text-message relative flex w-full flex-col items-end gap-2 text-start break-words whitespace-normal [.text-message+&amp;]:mt-1\" dir=\"auto\" data-message-author-role=\"assistant\" data-message-id=\"592bb622-4b49-4766-8023-e2c3c1871386\" data-message-model-slug=\"gpt-5-2\">\n<div class=\"flex w-full flex-col gap-1 empty:hidden first:pt-[1px]\">\n<div class=\"markdown prose dark:prose-invert w-full break-words light markdown-new-styling\">\n<p data-start=\"1474\" data-end=\"1507\"><strong data-start=\"1474\" data-end=\"1507\">Calcimate 500mg 12 Kapseln<\/strong><\/p>\n<p data-start=\"1509\" data-end=\"1681\"><strong data-start=\"1509\" data-end=\"1526\">Beschreibung:<\/strong><br data-start=\"1526\" data-end=\"1529\" \/>Ein Nahrungserg\u00e4nzungsmittel mit Calcium in praktischer Kapselform zur Unterst\u00fctzung der Knochengesundheit und der normalen Funktion des Skelettsystems.<\/p>\n<p data-start=\"1683\" data-end=\"1888\"><strong data-start=\"1683\" data-end=\"1705\">Anwendungsgebiete:<\/strong><br data-start=\"1705\" data-end=\"1708\" \/>Zur Unterst\u00fctzung gesunder Knochen und Z\u00e4hne; geeignet bei unzureichender Calciumzufuhr \u00fcber die Ern\u00e4hrung oder bei Personen mit erh\u00f6htem Risiko f\u00fcr eine verminderte Knochendichte.<\/p>\n<p data-start=\"1890\" data-end=\"1949\"><strong data-start=\"1890\" data-end=\"1917\">Wirkstoff (pro Kapsel):<\/strong><br data-start=\"1917\" data-end=\"1920\" \/>Calcium (elementar) \u2014 500 mg.<\/p>\n<p data-start=\"1951\" data-end=\"2067\"><strong data-start=\"1951\" data-end=\"1976\">Empfohlene Dosierung:<\/strong><br data-start=\"1976\" data-end=\"1979\" \/>Einmal t\u00e4glich eine Kapsel zu einer Mahlzeit einnehmen oder gem\u00e4\u00df \u00e4rztlicher Empfehlung.<\/p>\n<p data-start=\"2069\" data-end=\"2429\"><strong data-start=\"2069\" data-end=\"2086\">Warnhinweise:<\/strong><br data-start=\"2086\" data-end=\"2089\" \/>Die empfohlene Tagesdosis nicht \u00fcberschreiten. F\u00fcr Kinder unzug\u00e4nglich aufbewahren. Vor der Anwendung R\u00fccksprache mit einem Arzt oder Apotheker halten bei Schwangerschaft, Stillzeit, bei gleichzeitiger Einnahme von Arzneimitteln oder bei bestehenden Erkrankungen, insbesondere bei Nierenerkrankungen oder St\u00f6rungen des Calciumstoffwechsels.<\/p>\n<p data-start=\"2431\" data-end=\"2662\"><strong data-start=\"2431\" data-end=\"2465\">Allgemeine Vorsichtsma\u00dfnahmen:<\/strong><br data-start=\"2465\" data-end=\"2468\" \/>Eine \u00fcberm\u00e4\u00dfige Calciumzufuhr kann Magen-Darm-Beschwerden wie Verstopfung verursachen. Bei langfristiger Einnahme hoher Dosierungen kann eine \u00dcberwachung der Serumcalciumwerte erforderlich sein.<\/p>\n<\/div>\n<\/div>\n<\/div>\n<\/div>\n<\/div>\n<\/div>\n<\/article>\n<\/div>\n","protected":false},"excerpt":{"rendered":"<p>Calcimate 500mg 12 Kapseln Beschreibung:Ein Nahrungserg\u00e4nzungsmittel mit Calcium in praktischer Kapselform zur Unterst\u00fctzung der Knochengesundheit und der normalen Funktion des Skelettsystems. Anwendungsgebiete:Zur Unterst\u00fctzung gesunder Knochen und Z\u00e4hne; geeignet bei unzureichender Calciumzufuhr \u00fcber die Ern\u00e4hrung oder bei Personen mit erh\u00f6htem Risiko f\u00fcr eine verminderte Knochendichte. Wirkstoff (pro Kapsel):Calcium (elementar) \u2014 500 mg. Empfohlene Dosierung:Einmal t\u00e4glich eine&#8230;<\/p>\n","protected":false},"featured_media":9152,"comment_status":"open","ping_status":"closed","template":"","meta":{"rs_blank_template":"","rs_page_bg_color":"","slide_template_v7":"","_bst_post_transparent":"default","_bst_post_title":"","_bst_post_layout":"default","_bst_post_sidebar_id":"","_bst_post_content_style":"default","_bst_post_vertical_padding":"default","_bst_post_feature":"","_bst_post_feature_position":"","_bst_post_header":false,"_bst_post_footer":false},"product_brand":[],"product_cat":[351,239,217,457,229],"product_tag":[],"product_brands":[],"class_list":{"0":"post-9153","1":"product","2":"type-product","3":"status-publish","4":"has-post-thumbnail","6":"product_cat-medical-forms","7":"product_cat-bone-joint-health","8":"product_cat-medicines","9":"product_cat-tablets-capsules","10":"product_cat-vitamins-general-supplements","12":"first","13":"instock","14":"shipping-taxable","15":"purchasable","16":"product-type-simple","17":"entry","18":"content-bg","19":"loop-entry"},"_links":{"self":[{"href":"https:\/\/nawarpharmacy.com\/de\/wp-json\/wp\/v2\/product\/9153","targetHints":{"allow":["GET"]}}],"collection":[{"href":"https:\/\/nawarpharmacy.com\/de\/wp-json\/wp\/v2\/product"}],"about":[{"href":"https:\/\/nawarpharmacy.com\/de\/wp-json\/wp\/v2\/types\/product"}],"replies":[{"embeddable":true,"href":"https:\/\/nawarpharmacy.com\/de\/wp-json\/wp\/v2\/comments?post=9153"}],"wp:featuredmedia":[{"embeddable":true,"href":"https:\/\/nawarpharmacy.com\/de\/wp-json\/wp\/v2\/media\/9152"}],"wp:attachment":[{"href":"https:\/\/nawarpharmacy.com\/de\/wp-json\/wp\/v2\/media?parent=9153"}],"wp:term":[{"taxonomy":"product_brand","embeddable":true,"href":"https:\/\/nawarpharmacy.com\/de\/wp-json\/wp\/v2\/product_brand?post=9153"},{"taxonomy":"product_cat","embeddable":true,"href":"https:\/\/nawarpharmacy.com\/de\/wp-json\/wp\/v2\/product_cat?post=9153"},{"taxonomy":"product_tag","embeddable":true,"href":"https:\/\/nawarpharmacy.com\/de\/wp-json\/wp\/v2\/product_tag?post=9153"},{"taxonomy":"product_brands","embeddable":true,"href":"https:\/\/nawarpharmacy.com\/de\/wp-json\/wp\/v2\/product_brands?post=9153"}],"curies":[{"name":"wp","href":"https:\/\/api.w.org\/{rel}","templated":true}]}}