{"id":9149,"date":"2025-12-21T23:26:13","date_gmt":"2025-12-21T23:26:13","guid":{"rendered":"https:\/\/nawarpharmacy.com\/?post_type=product&#038;p=9149"},"modified":"2026-02-05T17:35:02","modified_gmt":"2026-02-05T17:35:02","slug":"calcium-d3f-30-tabletten","status":"publish","type":"product","link":"https:\/\/nawarpharmacy.com\/de\/produkt\/calcium-d3f-30-tabletten\/","title":{"rendered":"Calcium D3F 30 Tabletten"},"content":{"rendered":"<p data-start=\"1760\" data-end=\"1790\"><strong data-start=\"1760\" data-end=\"1790\">Calcium D3F 30 Tabletten<\/strong><\/p>\n<p data-start=\"1792\" data-end=\"1993\"><strong data-start=\"1792\" data-end=\"1809\">Beschreibung:<\/strong><br data-start=\"1809\" data-end=\"1812\" \/>Ein Nahrungserg\u00e4nzungsmittel zur Unterst\u00fctzung der Knochengesundheit, das Calcium mit Vitamin D3 kombiniert. Vitamin D3 verbessert die Aufnahme und Verwertung von Calcium im K\u00f6rper.<\/p>\n<p data-start=\"1995\" data-end=\"2243\"><strong data-start=\"1995\" data-end=\"2017\">Anwendungsgebiete:<\/strong><br data-start=\"2017\" data-end=\"2020\" \/>Zur Unterst\u00fctzung der normalen Knochenmineralisierung und -st\u00e4rke, zur Erhaltung gesunder Z\u00e4hne sowie zur Unterst\u00fctzung der Muskel- und Nervenfunktion bei unzureichender Zufuhr von Calcium oder Vitamin D \u00fcber die Ern\u00e4hrung.<\/p>\n<p data-start=\"2245\" data-end=\"2277\"><strong data-start=\"2245\" data-end=\"2275\">Wirkstoffe (pro Tablette):<\/strong><\/p>\n<ul data-start=\"2278\" data-end=\"2468\">\n<li data-start=\"2278\" data-end=\"2354\">\n<p data-start=\"2280\" data-end=\"2354\"><strong data-start=\"2280\" data-end=\"2303\">Calcium (elementar)<\/strong> \u2014 tr\u00e4gt zur Knochenstruktur und -festigkeit bei;<\/p>\n<\/li>\n<li data-start=\"2355\" data-end=\"2468\">\n<p data-start=\"2357\" data-end=\"2468\"><strong data-start=\"2357\" data-end=\"2389\">Vitamin D3 (Cholecalciferol)<\/strong> \u2014 f\u00f6rdert die Calciumresorption und unterst\u00fctzt die Funktion des Immunsystems.<\/p>\n<\/li>\n<\/ul>\n<p data-start=\"2470\" data-end=\"2588\"><strong data-start=\"2470\" data-end=\"2495\">Empfohlene Dosierung:<\/strong><br data-start=\"2495\" data-end=\"2498\" \/>Einmal t\u00e4glich eine Tablette zu einer Mahlzeit einnehmen oder gem\u00e4\u00df \u00e4rztlicher Empfehlung.<\/p>\n<p data-start=\"2590\" data-end=\"2953\"><strong data-start=\"2590\" data-end=\"2607\">Warnhinweise:<\/strong><br data-start=\"2607\" data-end=\"2610\" \/>Die empfohlene Tagesdosis nicht \u00fcberschreiten. F\u00fcr Kinder unzug\u00e4nglich aufbewahren. Vor der Anwendung R\u00fccksprache mit einem Arzt oder Apotheker halten bei Schwangerschaft, Stillzeit, bei gleichzeitiger Einnahme anderer Arzneimittel oder bei bestehenden Erkrankungen, insbesondere bei Nierenerkrankungen oder St\u00f6rungen des Calciumstoffwechsels.<\/p>\n<p data-start=\"2955\" data-end=\"3203\"><strong data-start=\"2955\" data-end=\"2989\">Allgemeine Vorsichtsma\u00dfnahmen:<\/strong><br data-start=\"2989\" data-end=\"2992\" \/>Eine \u00fcberm\u00e4\u00dfige Calciumzufuhr kann Magen-Darm-Beschwerden wie Verstopfung verursachen. Bei l\u00e4ngerer Einnahme hoher Vitamin-D-Dosen sollten die Serumwerte \u00fcberwacht werden, um erh\u00f6hte Calciumspiegel zu vermeiden.<\/p>\n","protected":false},"excerpt":{"rendered":"<p>Calcium D3F 30 Tabletten Beschreibung:Ein Nahrungserg\u00e4nzungsmittel zur Unterst\u00fctzung der Knochengesundheit, das Calcium mit Vitamin D3 kombiniert. Vitamin D3 verbessert die Aufnahme und Verwertung von Calcium im K\u00f6rper. Anwendungsgebiete:Zur Unterst\u00fctzung der normalen Knochenmineralisierung und -st\u00e4rke, zur Erhaltung gesunder Z\u00e4hne sowie zur Unterst\u00fctzung der Muskel- und Nervenfunktion bei unzureichender Zufuhr von Calcium oder Vitamin D \u00fcber die&#8230;<\/p>\n","protected":false},"featured_media":9148,"comment_status":"open","ping_status":"closed","template":"","meta":{"rs_blank_template":"","rs_page_bg_color":"","slide_template_v7":"","_bst_post_transparent":"default","_bst_post_title":"","_bst_post_layout":"default","_bst_post_sidebar_id":"","_bst_post_content_style":"default","_bst_post_vertical_padding":"default","_bst_post_feature":"","_bst_post_feature_position":"","_bst_post_header":false,"_bst_post_footer":false},"product_brand":[],"product_cat":[351,239,217,457,229],"product_tag":[],"product_brands":[],"class_list":{"0":"post-9149","1":"product","2":"type-product","3":"status-publish","4":"has-post-thumbnail","6":"product_cat-medical-forms","7":"product_cat-bone-joint-health","8":"product_cat-medicines","9":"product_cat-tablets-capsules","10":"product_cat-vitamins-general-supplements","12":"first","13":"instock","14":"shipping-taxable","15":"purchasable","16":"product-type-simple","17":"entry","18":"content-bg","19":"loop-entry"},"_links":{"self":[{"href":"https:\/\/nawarpharmacy.com\/de\/wp-json\/wp\/v2\/product\/9149","targetHints":{"allow":["GET"]}}],"collection":[{"href":"https:\/\/nawarpharmacy.com\/de\/wp-json\/wp\/v2\/product"}],"about":[{"href":"https:\/\/nawarpharmacy.com\/de\/wp-json\/wp\/v2\/types\/product"}],"replies":[{"embeddable":true,"href":"https:\/\/nawarpharmacy.com\/de\/wp-json\/wp\/v2\/comments?post=9149"}],"wp:featuredmedia":[{"embeddable":true,"href":"https:\/\/nawarpharmacy.com\/de\/wp-json\/wp\/v2\/media\/9148"}],"wp:attachment":[{"href":"https:\/\/nawarpharmacy.com\/de\/wp-json\/wp\/v2\/media?parent=9149"}],"wp:term":[{"taxonomy":"product_brand","embeddable":true,"href":"https:\/\/nawarpharmacy.com\/de\/wp-json\/wp\/v2\/product_brand?post=9149"},{"taxonomy":"product_cat","embeddable":true,"href":"https:\/\/nawarpharmacy.com\/de\/wp-json\/wp\/v2\/product_cat?post=9149"},{"taxonomy":"product_tag","embeddable":true,"href":"https:\/\/nawarpharmacy.com\/de\/wp-json\/wp\/v2\/product_tag?post=9149"},{"taxonomy":"product_brands","embeddable":true,"href":"https:\/\/nawarpharmacy.com\/de\/wp-json\/wp\/v2\/product_brands?post=9149"}],"curies":[{"name":"wp","href":"https:\/\/api.w.org\/{rel}","templated":true}]}}