{"id":9135,"date":"2025-12-21T23:29:38","date_gmt":"2025-12-21T23:29:38","guid":{"rendered":"https:\/\/nawarpharmacy.com\/?post_type=product&#038;p=9135"},"modified":"2026-02-05T17:30:42","modified_gmt":"2026-02-05T17:30:42","slug":"cobal-500mcg-30-tablets","status":"publish","type":"product","link":"https:\/\/nawarpharmacy.com\/de\/produkt\/cobal-500mcg-30-tablets\/","title":{"rendered":"Cobal 500MCG 30 Tablets"},"content":{"rendered":"<p data-start=\"1514\" data-end=\"1545\"><strong data-start=\"1514\" data-end=\"1545\">Cobal 500\u00b5g 30 Tabletten<\/strong><\/p>\n<p data-start=\"1547\" data-end=\"1745\"><strong data-start=\"1547\" data-end=\"1564\">Beschreibung:<\/strong><br data-start=\"1564\" data-end=\"1567\" \/>Ein Nahrungserg\u00e4nzungsmittel mit Vitamin B12 (Cobalamin) zur Unterst\u00fctzung der normalen Bildung roter Blutk\u00f6rperchen, der Funktion des Nervensystems und des Energiestoffwechsels.<\/p>\n<p data-start=\"1747\" data-end=\"1959\"><strong data-start=\"1747\" data-end=\"1769\">Anwendungsgebiete:<\/strong><br data-start=\"1769\" data-end=\"1772\" \/>Zur Unterst\u00fctzung bei Vitamin-B12-Mangel, zur Erhaltung einer gesunden Nervenfunktion sowie zur Verringerung von M\u00fcdigkeit und Erm\u00fcdung im Zusammenhang mit niedrigen Vitamin-B12-Spiegeln.<\/p>\n<p data-start=\"1961\" data-end=\"2026\"><strong data-start=\"1961\" data-end=\"1990\">Wirkstoff (pro Tablette):<\/strong><br data-start=\"1990\" data-end=\"1993\" \/>Vitamin B12 (Cobalamin) \u2014 500 \u00b5g.<\/p>\n<p data-start=\"2028\" data-end=\"2146\"><strong data-start=\"2028\" data-end=\"2053\">Empfohlene Dosierung:<\/strong><br data-start=\"2053\" data-end=\"2056\" \/>Einmal t\u00e4glich eine Tablette zu einer Mahlzeit einnehmen oder gem\u00e4\u00df \u00e4rztlicher Empfehlung.<\/p>\n<p data-start=\"2148\" data-end=\"2434\"><strong data-start=\"2148\" data-end=\"2165\">Warnhinweise:<\/strong><br data-start=\"2165\" data-end=\"2168\" \/>Die empfohlene Tagesdosis nicht \u00fcberschreiten. F\u00fcr Kinder unzug\u00e4nglich aufbewahren. Vor der Anwendung R\u00fccksprache mit einem Arzt oder Apotheker halten bei Schwangerschaft, Stillzeit, bei gleichzeitiger Einnahme anderer Arzneimittel oder bei bestehenden Erkrankungen.<\/p>\n<p data-start=\"2436\" data-end=\"2746\"><strong data-start=\"2436\" data-end=\"2470\">Allgemeine Vorsichtsma\u00dfnahmen:<\/strong><br data-start=\"2470\" data-end=\"2473\" \/>Personen mit Resorptionsst\u00f6rungen, An\u00e4mie oder bei langfristiger Einnahme von Arzneimitteln, die die N\u00e4hrstoffaufnahme beeinflussen, sollten vor der Anwendung \u00e4rztlichen Rat einholen. Bei Auftreten unerw\u00fcnschter Wirkungen die Einnahme abbrechen und einen Arzt konsultieren.<\/p>\n","protected":false},"excerpt":{"rendered":"<p>Cobal 500\u00b5g 30 Tabletten Beschreibung:Ein Nahrungserg\u00e4nzungsmittel mit Vitamin B12 (Cobalamin) zur Unterst\u00fctzung der normalen Bildung roter Blutk\u00f6rperchen, der Funktion des Nervensystems und des Energiestoffwechsels. Anwendungsgebiete:Zur Unterst\u00fctzung bei Vitamin-B12-Mangel, zur Erhaltung einer gesunden Nervenfunktion sowie zur Verringerung von M\u00fcdigkeit und Erm\u00fcdung im Zusammenhang mit niedrigen Vitamin-B12-Spiegeln. Wirkstoff (pro Tablette):Vitamin B12 (Cobalamin) \u2014 500 \u00b5g. Empfohlene Dosierung:Einmal&#8230;<\/p>\n","protected":false},"featured_media":9134,"comment_status":"open","ping_status":"closed","template":"","meta":{"rs_blank_template":"","rs_page_bg_color":"","slide_template_v7":"","_bst_post_transparent":"default","_bst_post_title":"","_bst_post_layout":"default","_bst_post_sidebar_id":"","_bst_post_content_style":"default","_bst_post_vertical_padding":"default","_bst_post_feature":"","_bst_post_feature_position":"","_bst_post_header":false,"_bst_post_footer":false},"product_brand":[],"product_cat":[351,217,457,229],"product_tag":[],"product_brands":[],"class_list":{"0":"post-9135","1":"product","2":"type-product","3":"status-publish","4":"has-post-thumbnail","6":"product_cat-medical-forms","7":"product_cat-medicines","8":"product_cat-tablets-capsules","9":"product_cat-vitamins-general-supplements","11":"first","12":"instock","13":"shipping-taxable","14":"purchasable","15":"product-type-simple","16":"entry","17":"content-bg","18":"loop-entry"},"_links":{"self":[{"href":"https:\/\/nawarpharmacy.com\/de\/wp-json\/wp\/v2\/product\/9135","targetHints":{"allow":["GET"]}}],"collection":[{"href":"https:\/\/nawarpharmacy.com\/de\/wp-json\/wp\/v2\/product"}],"about":[{"href":"https:\/\/nawarpharmacy.com\/de\/wp-json\/wp\/v2\/types\/product"}],"replies":[{"embeddable":true,"href":"https:\/\/nawarpharmacy.com\/de\/wp-json\/wp\/v2\/comments?post=9135"}],"wp:featuredmedia":[{"embeddable":true,"href":"https:\/\/nawarpharmacy.com\/de\/wp-json\/wp\/v2\/media\/9134"}],"wp:attachment":[{"href":"https:\/\/nawarpharmacy.com\/de\/wp-json\/wp\/v2\/media?parent=9135"}],"wp:term":[{"taxonomy":"product_brand","embeddable":true,"href":"https:\/\/nawarpharmacy.com\/de\/wp-json\/wp\/v2\/product_brand?post=9135"},{"taxonomy":"product_cat","embeddable":true,"href":"https:\/\/nawarpharmacy.com\/de\/wp-json\/wp\/v2\/product_cat?post=9135"},{"taxonomy":"product_tag","embeddable":true,"href":"https:\/\/nawarpharmacy.com\/de\/wp-json\/wp\/v2\/product_tag?post=9135"},{"taxonomy":"product_brands","embeddable":true,"href":"https:\/\/nawarpharmacy.com\/de\/wp-json\/wp\/v2\/product_brands?post=9135"}],"curies":[{"name":"wp","href":"https:\/\/api.w.org\/{rel}","templated":true}]}}