{"id":9042,"date":"2025-12-22T00:09:32","date_gmt":"2025-12-22T00:09:32","guid":{"rendered":"https:\/\/nawarpharmacy.com\/?post_type=product&#038;p=9042"},"modified":"2026-01-29T18:20:49","modified_gmt":"2026-01-29T18:20:49","slug":"choletrix-d3-1000iu-20-tablets","status":"publish","type":"product","link":"https:\/\/nawarpharmacy.com\/de\/produkt\/choletrix-d3-1000iu-20-tablets\/","title":{"rendered":"Choletrix D3 1000IE 20 Tabletten"},"content":{"rendered":"<p data-start=\"1749\" data-end=\"1790\"><strong data-start=\"1749\" data-end=\"1790\">Choletrix D3 1000 IE 20 Tabletten<\/strong><\/p>\n<p data-start=\"1792\" data-end=\"2116\"><strong data-start=\"1792\" data-end=\"1809\">Beschreibung:<\/strong><br data-start=\"1809\" data-end=\"1812\" \/>Ein Nahrungserg\u00e4nzungsmittel mit Vitamin D3 (Cholecalciferol) zur Unterst\u00fctzung der Knochengesundheit, der Calciumaufnahme und der normalen Funktion des Immunsystems. Vitamin D3 spielt eine wesentliche Rolle bei der Aufrechterhaltung der normalen Knochenmineralisierung und des allgemeinen Wohlbefindens.<\/p>\n<p data-start=\"2118\" data-end=\"2390\"><strong data-start=\"2118\" data-end=\"2140\">Anwendungsgebiete:<\/strong><br data-start=\"2140\" data-end=\"2143\" \/>Zur Unterst\u00fctzung der Knochengesundheit und -st\u00e4rke, zur Aufrechterhaltung eines normalen Calciumspiegels sowie zur Unterst\u00fctzung der Funktion des Immunsystems bei unzureichender Zufuhr \u00fcber die Ern\u00e4hrung oder bei eingeschr\u00e4nkter Sonnenexposition.<\/p>\n<p data-start=\"2392\" data-end=\"2464\"><strong data-start=\"2392\" data-end=\"2421\">Wirkstoff (pro Tablette):<\/strong><br data-start=\"2421\" data-end=\"2424\" \/>Vitamin D3 (Cholecalciferol) \u2014 1000 I.E.<\/p>\n<p data-start=\"2466\" data-end=\"2584\"><strong data-start=\"2466\" data-end=\"2491\">Empfohlene Dosierung:<\/strong><br data-start=\"2491\" data-end=\"2494\" \/>Einmal t\u00e4glich eine Tablette zu einer Mahlzeit einnehmen oder gem\u00e4\u00df \u00e4rztlicher Empfehlung.<\/p>\n<p data-start=\"2586\" data-end=\"2963\"><strong data-start=\"2586\" data-end=\"2603\">Warnhinweise:<\/strong><br data-start=\"2603\" data-end=\"2606\" \/>Die empfohlene Tagesdosis nicht \u00fcberschreiten. F\u00fcr Kinder unzug\u00e4nglich aufbewahren. Vor der Anwendung R\u00fccksprache mit einem Arzt oder Apotheker halten bei Schwangerschaft, Stillzeit, bei gleichzeitiger Einnahme von Arzneimitteln oder bei bestehenden Erkrankungen, insbesondere bei Nierenerkrankungen oder St\u00f6rungen des Calcium- oder Vitamin-D-Stoffwechsels.<\/p>\n<p data-start=\"2965\" data-end=\"3194\"><strong data-start=\"2965\" data-end=\"2999\">Allgemeine Vorsichtsma\u00dfnahmen:<\/strong><br data-start=\"2999\" data-end=\"3002\" \/>Bei l\u00e4ngerer Anwendung sollten Vitamin-D- und Calciumwerte \u00fcberwacht werden. Anzeichen einer \u00fcberm\u00e4\u00dfigen Vitamin-D-Zufuhr k\u00f6nnen \u00dcbelkeit, Schw\u00e4chegef\u00fchl und erh\u00f6hte Calciumwerte im Blut sein.<\/p>\n","protected":false},"excerpt":{"rendered":"<p>Choletrix D3 1000 IE 20 Tabletten Beschreibung:Ein Nahrungserg\u00e4nzungsmittel mit Vitamin D3 (Cholecalciferol) zur Unterst\u00fctzung der Knochengesundheit, der Calciumaufnahme und der normalen Funktion des Immunsystems. Vitamin D3 spielt eine wesentliche Rolle bei der Aufrechterhaltung der normalen Knochenmineralisierung und des allgemeinen Wohlbefindens. Anwendungsgebiete:Zur Unterst\u00fctzung der Knochengesundheit und -st\u00e4rke, zur Aufrechterhaltung eines normalen Calciumspiegels sowie zur Unterst\u00fctzung der&#8230;<\/p>\n","protected":false},"featured_media":9041,"comment_status":"open","ping_status":"closed","template":"","meta":{"rs_blank_template":"","rs_page_bg_color":"","slide_template_v7":"","_bst_post_transparent":"default","_bst_post_title":"","_bst_post_layout":"default","_bst_post_sidebar_id":"","_bst_post_content_style":"default","_bst_post_vertical_padding":"default","_bst_post_feature":"","_bst_post_feature_position":"","_bst_post_header":false,"_bst_post_footer":false},"product_brand":[],"product_cat":[351,239,217,457,229],"product_tag":[],"product_brands":[],"class_list":{"0":"post-9042","1":"product","2":"type-product","3":"status-publish","4":"has-post-thumbnail","6":"product_cat-medical-forms","7":"product_cat-bone-joint-health","8":"product_cat-medicines","9":"product_cat-tablets-capsules","10":"product_cat-vitamins-general-supplements","12":"first","13":"instock","14":"shipping-taxable","15":"purchasable","16":"product-type-simple","17":"entry","18":"content-bg","19":"loop-entry"},"_links":{"self":[{"href":"https:\/\/nawarpharmacy.com\/de\/wp-json\/wp\/v2\/product\/9042","targetHints":{"allow":["GET"]}}],"collection":[{"href":"https:\/\/nawarpharmacy.com\/de\/wp-json\/wp\/v2\/product"}],"about":[{"href":"https:\/\/nawarpharmacy.com\/de\/wp-json\/wp\/v2\/types\/product"}],"replies":[{"embeddable":true,"href":"https:\/\/nawarpharmacy.com\/de\/wp-json\/wp\/v2\/comments?post=9042"}],"wp:featuredmedia":[{"embeddable":true,"href":"https:\/\/nawarpharmacy.com\/de\/wp-json\/wp\/v2\/media\/9041"}],"wp:attachment":[{"href":"https:\/\/nawarpharmacy.com\/de\/wp-json\/wp\/v2\/media?parent=9042"}],"wp:term":[{"taxonomy":"product_brand","embeddable":true,"href":"https:\/\/nawarpharmacy.com\/de\/wp-json\/wp\/v2\/product_brand?post=9042"},{"taxonomy":"product_cat","embeddable":true,"href":"https:\/\/nawarpharmacy.com\/de\/wp-json\/wp\/v2\/product_cat?post=9042"},{"taxonomy":"product_tag","embeddable":true,"href":"https:\/\/nawarpharmacy.com\/de\/wp-json\/wp\/v2\/product_tag?post=9042"},{"taxonomy":"product_brands","embeddable":true,"href":"https:\/\/nawarpharmacy.com\/de\/wp-json\/wp\/v2\/product_brands?post=9042"}],"curies":[{"name":"wp","href":"https:\/\/api.w.org\/{rel}","templated":true}]}}