{"id":9029,"date":"2025-12-22T00:12:34","date_gmt":"2025-12-22T00:12:34","guid":{"rendered":"https:\/\/nawarpharmacy.com\/?post_type=product&#038;p=9029"},"modified":"2026-01-29T18:15:11","modified_gmt":"2026-01-29T18:15:11","slug":"liposom-d3-10000iu-30-capsules","status":"publish","type":"product","link":"https:\/\/nawarpharmacy.com\/de\/produkt\/liposom-d3-10000iu-30-capsules\/","title":{"rendered":"Liposomales Vitamin D3 10000 IE 30 Kapseln"},"content":{"rendered":"<p data-start=\"1756\" data-end=\"1807\"><strong data-start=\"1756\" data-end=\"1807\">Liposomales Vitamin D3 10000 IE 30 Kapseln<\/strong><\/p>\n<p data-start=\"1809\" data-end=\"2121\"><strong data-start=\"1809\" data-end=\"1826\">Beschreibung:<\/strong><br data-start=\"1826\" data-end=\"1829\" \/>Ein hochdosiertes Nahrungserg\u00e4nzungsmittel mit Vitamin D3 in liposomaler Form zur verbesserten Aufnahme und zur Unterst\u00fctzung eines optimalen Vitamin-D-Status. Vitamin D3 (Cholecalciferol) ist essenziell f\u00fcr die Knochengesundheit, die Funktion des Immunsystems und die normale Muskelfunktion.<\/p>\n<p data-start=\"2123\" data-end=\"2386\"><strong data-start=\"2123\" data-end=\"2145\">Anwendungsgebiete:<\/strong><br data-start=\"2145\" data-end=\"2148\" \/>Zur Unterst\u00fctzung der normalen Knochenmineralisierung, der Calciumaufnahme, der Immunfunktion sowie zur Aufrechterhaltung eines gesunden Vitamin-D-Spiegels bei unzureichender Sonnenexposition oder unzureichender Zufuhr \u00fcber die Ern\u00e4hrung.<\/p>\n<p data-start=\"2388\" data-end=\"2495\"><strong data-start=\"2388\" data-end=\"2415\">Wirkstoff (pro Kapsel):<\/strong><br data-start=\"2415\" data-end=\"2418\" \/>Vitamin D3 (Cholecalciferol) \u2014 10.000 I.E. in einem liposomalen Tr\u00e4gersystem.<\/p>\n<p data-start=\"2497\" data-end=\"2613\"><strong data-start=\"2497\" data-end=\"2522\">Empfohlene Dosierung:<\/strong><br data-start=\"2522\" data-end=\"2525\" \/>Einmal t\u00e4glich eine Kapsel zu einer Mahlzeit einnehmen oder gem\u00e4\u00df \u00e4rztlicher Empfehlung.<\/p>\n<p data-start=\"2615\" data-end=\"2975\"><strong data-start=\"2615\" data-end=\"2632\">Warnhinweise:<\/strong><br data-start=\"2632\" data-end=\"2635\" \/>Die empfohlene Tagesdosis nicht \u00fcberschreiten. F\u00fcr Kinder unzug\u00e4nglich aufbewahren. Vor der Anwendung R\u00fccksprache mit einem Arzt oder Apotheker halten bei Schwangerschaft, Stillzeit, bei gleichzeitiger Einnahme von Arzneimitteln oder bei bestehenden Erkrankungen, insbesondere bei Nierenerkrankungen oder St\u00f6rungen des Calciumstoffwechsels.<\/p>\n<p data-start=\"2977\" data-end=\"3228\"><strong data-start=\"2977\" data-end=\"3011\">Allgemeine Vorsichtsma\u00dfnahmen:<\/strong><br data-start=\"3011\" data-end=\"3014\" \/>Bei l\u00e4ngerer Anwendung sollten die Vitamin-D- und Calciumspiegel im Serum \u00fcberwacht werden. Anzeichen einer \u00fcberm\u00e4\u00dfigen Vitamin-D-Zufuhr k\u00f6nnen \u00dcbelkeit, Schw\u00e4chegef\u00fchl, Durst und erh\u00f6hte Calciumwerte im Blut sein.<\/p>\n","protected":false},"excerpt":{"rendered":"<p>Liposomales Vitamin D3 10000 IE 30 Kapseln Beschreibung:Ein hochdosiertes Nahrungserg\u00e4nzungsmittel mit Vitamin D3 in liposomaler Form zur verbesserten Aufnahme und zur Unterst\u00fctzung eines optimalen Vitamin-D-Status. Vitamin D3 (Cholecalciferol) ist essenziell f\u00fcr die Knochengesundheit, die Funktion des Immunsystems und die normale Muskelfunktion. Anwendungsgebiete:Zur Unterst\u00fctzung der normalen Knochenmineralisierung, der Calciumaufnahme, der Immunfunktion sowie zur Aufrechterhaltung eines gesunden&#8230;<\/p>\n","protected":false},"featured_media":9028,"comment_status":"open","ping_status":"closed","template":"","meta":{"rs_blank_template":"","rs_page_bg_color":"","slide_template_v7":"","_bst_post_transparent":"default","_bst_post_title":"","_bst_post_layout":"default","_bst_post_sidebar_id":"","_bst_post_content_style":"default","_bst_post_vertical_padding":"default","_bst_post_feature":"","_bst_post_feature_position":"","_bst_post_header":false,"_bst_post_footer":false},"product_brand":[],"product_cat":[351,239,217,457,229],"product_tag":[],"product_brands":[],"class_list":{"0":"post-9029","1":"product","2":"type-product","3":"status-publish","4":"has-post-thumbnail","6":"product_cat-medical-forms","7":"product_cat-bone-joint-health","8":"product_cat-medicines","9":"product_cat-tablets-capsules","10":"product_cat-vitamins-general-supplements","12":"first","13":"instock","14":"shipping-taxable","15":"purchasable","16":"product-type-simple","17":"entry","18":"content-bg","19":"loop-entry"},"_links":{"self":[{"href":"https:\/\/nawarpharmacy.com\/de\/wp-json\/wp\/v2\/product\/9029","targetHints":{"allow":["GET"]}}],"collection":[{"href":"https:\/\/nawarpharmacy.com\/de\/wp-json\/wp\/v2\/product"}],"about":[{"href":"https:\/\/nawarpharmacy.com\/de\/wp-json\/wp\/v2\/types\/product"}],"replies":[{"embeddable":true,"href":"https:\/\/nawarpharmacy.com\/de\/wp-json\/wp\/v2\/comments?post=9029"}],"wp:featuredmedia":[{"embeddable":true,"href":"https:\/\/nawarpharmacy.com\/de\/wp-json\/wp\/v2\/media\/9028"}],"wp:attachment":[{"href":"https:\/\/nawarpharmacy.com\/de\/wp-json\/wp\/v2\/media?parent=9029"}],"wp:term":[{"taxonomy":"product_brand","embeddable":true,"href":"https:\/\/nawarpharmacy.com\/de\/wp-json\/wp\/v2\/product_brand?post=9029"},{"taxonomy":"product_cat","embeddable":true,"href":"https:\/\/nawarpharmacy.com\/de\/wp-json\/wp\/v2\/product_cat?post=9029"},{"taxonomy":"product_tag","embeddable":true,"href":"https:\/\/nawarpharmacy.com\/de\/wp-json\/wp\/v2\/product_tag?post=9029"},{"taxonomy":"product_brands","embeddable":true,"href":"https:\/\/nawarpharmacy.com\/de\/wp-json\/wp\/v2\/product_brands?post=9029"}],"curies":[{"name":"wp","href":"https:\/\/api.w.org\/{rel}","templated":true}]}}