{"id":9017,"date":"2025-12-22T00:16:09","date_gmt":"2025-12-22T00:16:09","guid":{"rendered":"https:\/\/nawarpharmacy.com\/?post_type=product&#038;p=9017"},"modified":"2026-01-29T18:11:13","modified_gmt":"2026-01-29T18:11:13","slug":"limitless-ossofortin-d3-5000iu-30-tablets","status":"publish","type":"product","link":"https:\/\/nawarpharmacy.com\/de\/produkt\/limitless-ossofortin-d3-5000iu-30-tablets\/","title":{"rendered":"Limitless Ossofortin D3 5000IE 30 Tabletten"},"content":{"rendered":"<p data-start=\"1726\" data-end=\"1778\"><strong data-start=\"1726\" data-end=\"1778\">Limitless Ossofortin D3 5000IE 30 Tabletten<\/strong><\/p>\n<p data-start=\"1780\" data-end=\"2070\"><strong data-start=\"1780\" data-end=\"1797\">Beschreibung:<\/strong><br data-start=\"1797\" data-end=\"1800\" \/>Ein hochdosiertes Nahrungserg\u00e4nzungsmittel mit Vitamin D3 zur Unterst\u00fctzung der Knochengesundheit, der Calciumaufnahme und der normalen Funktion des Immunsystems. Vitamin D3 ist ein wesentlicher N\u00e4hrstoff f\u00fcr den Erhalt starker Knochen und einer normalen Muskelfunktion.<\/p>\n<p data-start=\"2072\" data-end=\"2334\"><strong data-start=\"2072\" data-end=\"2094\">Anwendungsgebiete:<\/strong><br data-start=\"2094\" data-end=\"2097\" \/>Zur Unterst\u00fctzung der normalen Knochenmineralisierung, zur Aufrechterhaltung eines gesunden Calciumspiegels sowie zur Unterst\u00fctzung der Immunfunktion bei unzureichender Zufuhr \u00fcber die Ern\u00e4hrung oder bei eingeschr\u00e4nkter Sonnenexposition.<\/p>\n<p data-start=\"2336\" data-end=\"2408\"><strong data-start=\"2336\" data-end=\"2365\">Wirkstoff (pro Tablette):<\/strong><br data-start=\"2365\" data-end=\"2368\" \/>Vitamin D3 (Cholecalciferol) \u2014 5000 I.E.<\/p>\n<p data-start=\"2410\" data-end=\"2528\"><strong data-start=\"2410\" data-end=\"2435\">Empfohlene Dosierung:<\/strong><br data-start=\"2435\" data-end=\"2438\" \/>Einmal t\u00e4glich eine Tablette zu einer Mahlzeit einnehmen oder gem\u00e4\u00df \u00e4rztlicher Empfehlung.<\/p>\n<p data-start=\"2530\" data-end=\"2890\"><strong data-start=\"2530\" data-end=\"2547\">Warnhinweise:<\/strong><br data-start=\"2547\" data-end=\"2550\" \/>Die empfohlene Tagesdosis nicht \u00fcberschreiten. F\u00fcr Kinder unzug\u00e4nglich aufbewahren. Vor der Anwendung R\u00fccksprache mit einem Arzt oder Apotheker halten bei Schwangerschaft, Stillzeit, bei gleichzeitiger Einnahme von Arzneimitteln oder bei bestehenden Erkrankungen, insbesondere bei Nierenerkrankungen oder St\u00f6rungen des Calciumstoffwechsels.<\/p>\n<p data-start=\"2892\" data-end=\"3122\"><strong data-start=\"2892\" data-end=\"2926\">Allgemeine Vorsichtsma\u00dfnahmen:<\/strong><br data-start=\"2926\" data-end=\"2929\" \/>Bei l\u00e4ngerer Anwendung sollten Vitamin-D- und Calciumwerte \u00fcberwacht werden. Anzeichen einer \u00dcberdosierung von Vitamin D k\u00f6nnen \u00dcbelkeit, Schw\u00e4chegef\u00fchl und erh\u00f6hte Calciumspiegel im Blut sein.<\/p>\n","protected":false},"excerpt":{"rendered":"<p>Limitless Ossofortin D3 5000IE 30 Tabletten Beschreibung:Ein hochdosiertes Nahrungserg\u00e4nzungsmittel mit Vitamin D3 zur Unterst\u00fctzung der Knochengesundheit, der Calciumaufnahme und der normalen Funktion des Immunsystems. Vitamin D3 ist ein wesentlicher N\u00e4hrstoff f\u00fcr den Erhalt starker Knochen und einer normalen Muskelfunktion. Anwendungsgebiete:Zur Unterst\u00fctzung der normalen Knochenmineralisierung, zur Aufrechterhaltung eines gesunden Calciumspiegels sowie zur Unterst\u00fctzung der Immunfunktion bei&#8230;<\/p>\n","protected":false},"featured_media":9016,"comment_status":"open","ping_status":"closed","template":"","meta":{"rs_blank_template":"","rs_page_bg_color":"","slide_template_v7":"","_bst_post_transparent":"default","_bst_post_title":"","_bst_post_layout":"default","_bst_post_sidebar_id":"","_bst_post_content_style":"default","_bst_post_vertical_padding":"default","_bst_post_feature":"","_bst_post_feature_position":"","_bst_post_header":false,"_bst_post_footer":false},"product_brand":[],"product_cat":[351,239,217,457,229],"product_tag":[],"product_brands":[],"class_list":{"0":"post-9017","1":"product","2":"type-product","3":"status-publish","4":"has-post-thumbnail","6":"product_cat-medical-forms","7":"product_cat-bone-joint-health","8":"product_cat-medicines","9":"product_cat-tablets-capsules","10":"product_cat-vitamins-general-supplements","12":"first","13":"instock","14":"shipping-taxable","15":"purchasable","16":"product-type-simple","17":"entry","18":"content-bg","19":"loop-entry"},"_links":{"self":[{"href":"https:\/\/nawarpharmacy.com\/de\/wp-json\/wp\/v2\/product\/9017","targetHints":{"allow":["GET"]}}],"collection":[{"href":"https:\/\/nawarpharmacy.com\/de\/wp-json\/wp\/v2\/product"}],"about":[{"href":"https:\/\/nawarpharmacy.com\/de\/wp-json\/wp\/v2\/types\/product"}],"replies":[{"embeddable":true,"href":"https:\/\/nawarpharmacy.com\/de\/wp-json\/wp\/v2\/comments?post=9017"}],"wp:featuredmedia":[{"embeddable":true,"href":"https:\/\/nawarpharmacy.com\/de\/wp-json\/wp\/v2\/media\/9016"}],"wp:attachment":[{"href":"https:\/\/nawarpharmacy.com\/de\/wp-json\/wp\/v2\/media?parent=9017"}],"wp:term":[{"taxonomy":"product_brand","embeddable":true,"href":"https:\/\/nawarpharmacy.com\/de\/wp-json\/wp\/v2\/product_brand?post=9017"},{"taxonomy":"product_cat","embeddable":true,"href":"https:\/\/nawarpharmacy.com\/de\/wp-json\/wp\/v2\/product_cat?post=9017"},{"taxonomy":"product_tag","embeddable":true,"href":"https:\/\/nawarpharmacy.com\/de\/wp-json\/wp\/v2\/product_tag?post=9017"},{"taxonomy":"product_brands","embeddable":true,"href":"https:\/\/nawarpharmacy.com\/de\/wp-json\/wp\/v2\/product_brands?post=9017"}],"curies":[{"name":"wp","href":"https:\/\/api.w.org\/{rel}","templated":true}]}}