{"id":9013,"date":"2025-12-22T00:16:41","date_gmt":"2025-12-22T00:16:41","guid":{"rendered":"https:\/\/nawarpharmacy.com\/?post_type=product&#038;p=9013"},"modified":"2026-01-29T18:09:40","modified_gmt":"2026-01-29T18:09:40","slug":"limitless-osteodense-original-30-tablets","status":"publish","type":"product","link":"https:\/\/nawarpharmacy.com\/de\/produkt\/limitless-osteodense-original-30-tablets\/","title":{"rendered":"Limitless Osteodense Original 30 Tabletten"},"content":{"rendered":"<p data-start=\"2021\" data-end=\"2069\"><strong data-start=\"2021\" data-end=\"2069\">Limitless Osteodense Original 30 Tabletten<\/strong><\/p>\n<p data-start=\"2071\" data-end=\"2293\"><strong data-start=\"2071\" data-end=\"2088\">Beschreibung:<\/strong><br data-start=\"2088\" data-end=\"2091\" \/>Ein Nahrungserg\u00e4nzungsmittel zur Unterst\u00fctzung der Knochengesundheit und -st\u00e4rke durch eine Kombination essenzieller Mineralstoffe und Vitamine, die zur normalen Knochenbildung und -erhaltung beitragen.<\/p>\n<p data-start=\"2295\" data-end=\"2540\"><strong data-start=\"2295\" data-end=\"2317\">Anwendungsgebiete:<\/strong><br data-start=\"2317\" data-end=\"2320\" \/>Zur Unterst\u00fctzung gesunder Knochen, der Calciumaufnahme und der allgemeinen Stabilit\u00e4t des Skeletts bei unzureichender N\u00e4hrstoffzufuhr, insbesondere bei Erwachsenen mit erh\u00f6htem Risiko f\u00fcr eine verminderte Knochendichte.<\/p>\n<p data-start=\"2542\" data-end=\"2641\"><strong data-start=\"2542\" data-end=\"2586\">Wesentliche Bestandteile (pro Tablette):<\/strong><br data-start=\"2586\" data-end=\"2589\" \/>Typische Inhaltsstoffe von Knochenpr\u00e4paraten sind:<\/p>\n<ul data-start=\"2642\" data-end=\"3010\">\n<li data-start=\"2642\" data-end=\"2695\">\n<p data-start=\"2644\" data-end=\"2695\"><strong data-start=\"2644\" data-end=\"2655\">Calcium<\/strong> \u2014 essenziell f\u00fcr die Knochenstruktur;<\/p>\n<\/li>\n<li data-start=\"2696\" data-end=\"2747\">\n<p data-start=\"2698\" data-end=\"2747\"><strong data-start=\"2698\" data-end=\"2712\">Vitamin D3<\/strong> \u2014 f\u00f6rdert die Calciumresorption;<\/p>\n<\/li>\n<li data-start=\"2748\" data-end=\"2804\">\n<p data-start=\"2750\" data-end=\"2804\"><strong data-start=\"2750\" data-end=\"2763\">Magnesium<\/strong> \u2014 unterst\u00fctzt den Knochenstoffwechsel;<\/p>\n<\/li>\n<li data-start=\"2805\" data-end=\"2891\">\n<p data-start=\"2807\" data-end=\"2891\"><strong data-start=\"2807\" data-end=\"2821\">Vitamin K2<\/strong> \u2014 tr\u00e4gt dazu bei, Calcium gezielt in das Knochengewebe einzulagern;<\/p>\n<\/li>\n<li data-start=\"2892\" data-end=\"3010\">\n<p data-start=\"2894\" data-end=\"3010\"><strong data-start=\"2894\" data-end=\"2919\">Weitere Mineralstoffe<\/strong>, wie Zink oder Mangan.<br data-start=\"2942\" data-end=\"2945\" \/><em data-start=\"2945\" data-end=\"3010\">(Die genaue Zusammensetzung kann je nach Hersteller variieren.)<\/em><\/p>\n<\/li>\n<\/ul>\n<p data-start=\"3012\" data-end=\"3130\"><strong data-start=\"3012\" data-end=\"3037\">Empfohlene Dosierung:<\/strong><br data-start=\"3037\" data-end=\"3040\" \/>Einmal t\u00e4glich eine Tablette zu einer Mahlzeit einnehmen oder gem\u00e4\u00df \u00e4rztlicher Empfehlung.<\/p>\n<p data-start=\"3132\" data-end=\"3492\"><strong data-start=\"3132\" data-end=\"3149\">Warnhinweise:<\/strong><br data-start=\"3149\" data-end=\"3152\" \/>Die empfohlene Tagesdosis nicht \u00fcberschreiten. F\u00fcr Kinder unzug\u00e4nglich aufbewahren. Vor der Anwendung R\u00fccksprache mit einem Arzt oder Apotheker halten bei Schwangerschaft, Stillzeit, bei gleichzeitiger Einnahme von Arzneimitteln oder bei bestehenden Erkrankungen, insbesondere bei Nierenerkrankungen oder St\u00f6rungen des Calciumstoffwechsels.<\/p>\n<p data-start=\"3494\" data-end=\"3718\"><strong data-start=\"3494\" data-end=\"3528\">Allgemeine Vorsichtsma\u00dfnahmen:<\/strong><br data-start=\"3528\" data-end=\"3531\" \/>Eine \u00fcberm\u00e4\u00dfige Calciumzufuhr kann zu Magen-Darm-Beschwerden oder erh\u00f6hten Calciumwerten im Blut f\u00fchren. Bei l\u00e4ngerer Anwendung kann eine regelm\u00e4\u00dfige \u00e4rztliche Kontrolle empfohlen werden.<\/p>\n","protected":false},"excerpt":{"rendered":"<p>Limitless Osteodense Original 30 Tabletten Beschreibung:Ein Nahrungserg\u00e4nzungsmittel zur Unterst\u00fctzung der Knochengesundheit und -st\u00e4rke durch eine Kombination essenzieller Mineralstoffe und Vitamine, die zur normalen Knochenbildung und -erhaltung beitragen. Anwendungsgebiete:Zur Unterst\u00fctzung gesunder Knochen, der Calciumaufnahme und der allgemeinen Stabilit\u00e4t des Skeletts bei unzureichender N\u00e4hrstoffzufuhr, insbesondere bei Erwachsenen mit erh\u00f6htem Risiko f\u00fcr eine verminderte Knochendichte. Wesentliche Bestandteile (pro&#8230;<\/p>\n","protected":false},"featured_media":9012,"comment_status":"open","ping_status":"closed","template":"","meta":{"rs_blank_template":"","rs_page_bg_color":"","slide_template_v7":"","_bst_post_transparent":"default","_bst_post_title":"","_bst_post_layout":"default","_bst_post_sidebar_id":"","_bst_post_content_style":"default","_bst_post_vertical_padding":"default","_bst_post_feature":"","_bst_post_feature_position":"","_bst_post_header":false,"_bst_post_footer":false},"product_brand":[],"product_cat":[351,239,217,457,229],"product_tag":[],"product_brands":[],"class_list":{"0":"post-9013","1":"product","2":"type-product","3":"status-publish","4":"has-post-thumbnail","6":"product_cat-medical-forms","7":"product_cat-bone-joint-health","8":"product_cat-medicines","9":"product_cat-tablets-capsules","10":"product_cat-vitamins-general-supplements","12":"first","13":"instock","14":"shipping-taxable","15":"purchasable","16":"product-type-simple","17":"entry","18":"content-bg","19":"loop-entry"},"_links":{"self":[{"href":"https:\/\/nawarpharmacy.com\/de\/wp-json\/wp\/v2\/product\/9013","targetHints":{"allow":["GET"]}}],"collection":[{"href":"https:\/\/nawarpharmacy.com\/de\/wp-json\/wp\/v2\/product"}],"about":[{"href":"https:\/\/nawarpharmacy.com\/de\/wp-json\/wp\/v2\/types\/product"}],"replies":[{"embeddable":true,"href":"https:\/\/nawarpharmacy.com\/de\/wp-json\/wp\/v2\/comments?post=9013"}],"wp:featuredmedia":[{"embeddable":true,"href":"https:\/\/nawarpharmacy.com\/de\/wp-json\/wp\/v2\/media\/9012"}],"wp:attachment":[{"href":"https:\/\/nawarpharmacy.com\/de\/wp-json\/wp\/v2\/media?parent=9013"}],"wp:term":[{"taxonomy":"product_brand","embeddable":true,"href":"https:\/\/nawarpharmacy.com\/de\/wp-json\/wp\/v2\/product_brand?post=9013"},{"taxonomy":"product_cat","embeddable":true,"href":"https:\/\/nawarpharmacy.com\/de\/wp-json\/wp\/v2\/product_cat?post=9013"},{"taxonomy":"product_tag","embeddable":true,"href":"https:\/\/nawarpharmacy.com\/de\/wp-json\/wp\/v2\/product_tag?post=9013"},{"taxonomy":"product_brands","embeddable":true,"href":"https:\/\/nawarpharmacy.com\/de\/wp-json\/wp\/v2\/product_brands?post=9013"}],"curies":[{"name":"wp","href":"https:\/\/api.w.org\/{rel}","templated":true}]}}