{"id":9006,"date":"2025-12-22T00:17:53","date_gmt":"2025-12-22T00:17:53","guid":{"rendered":"https:\/\/nawarpharmacy.com\/?post_type=product&#038;p=9006"},"modified":"2026-01-29T18:08:26","modified_gmt":"2026-01-29T18:08:26","slug":"limitless-omega-3-fish-oil-60-capsules","status":"publish","type":"product","link":"https:\/\/nawarpharmacy.com\/de\/produkt\/limitless-omega-3-fish-oil-60-capsules\/","title":{"rendered":"Limitless Omega 3 Fisch\u00f6l 60 Kapseln"},"content":{"rendered":"<ul class=\"a-unordered-list a-vertical a-spacing-mini\">\n<li class=\"a-spacing-mini\">\n<p data-start=\"1458\" data-end=\"1759\">Die hohe DHA-Konzentration (1000 mg) weist auf die hohe Qualit\u00e4t des Produkts hin und unterst\u00fctzt Ged\u00e4chtnisleistung sowie Konzentrationsf\u00e4higkeit. Zus\u00e4tzlich mit Vitamin D3 angereichert zur Unterst\u00fctzung der Stimmungslage und zur verbesserten Aufnahme von Omega-3-Fetts\u00e4uren.<\/p>\n<\/li>\n<li class=\"a-spacing-mini\">\n<p data-start=\"1458\" data-end=\"1759\">Liefert die dreifache Menge an Omega-3-Fetts\u00e4uren im Vergleich zu herk\u00f6mmlichen Fisch\u00f6len. Die Anreicherung mit Vitamin D3 f\u00f6rdert die Bioverf\u00fcgbarkeit und unterst\u00fctzt den gesamten Organismus.<\/p>\n<\/li>\n<li class=\"a-spacing-mini\">\n<p data-start=\"1761\" data-end=\"2004\">Die Formulierung tr\u00e4gt zur Unterst\u00fctzung der Herz-Kreislauf-Funktion, der Gelenkbeweglichkeit sowie der Immunabwehr bei, dank hochwertiger DHA- und EPA-Fetts\u00e4uren.<\/p>\n<\/li>\n<li class=\"a-spacing-mini\">\n<p data-start=\"1761\" data-end=\"2004\">Verwendet wird die hoch bioverf\u00fcgbare Triglyceridform, die klinisch nachweislich eine bessere Omega-3-Aufnahme erm\u00f6glicht als Ethylester-Formen.<\/p>\n<\/li>\n<li class=\"a-spacing-mini\">\n<p data-start=\"2226\" data-end=\"2421\">Molekular destilliert und auf Schwermetalle gepr\u00fcft. Die Weichkapseln sind leicht zu schlucken und verursachen keinen unangenehmen Fischgeschmack.<\/p>\n<\/li>\n<\/ul>\n","protected":false},"excerpt":{"rendered":"<p>Die hohe DHA-Konzentration (1000 mg) weist auf die hohe Qualit\u00e4t des Produkts hin und unterst\u00fctzt Ged\u00e4chtnisleistung sowie Konzentrationsf\u00e4higkeit. Zus\u00e4tzlich mit Vitamin D3 angereichert zur Unterst\u00fctzung der Stimmungslage und zur verbesserten Aufnahme von Omega-3-Fetts\u00e4uren. Liefert die dreifache Menge an Omega-3-Fetts\u00e4uren im Vergleich zu herk\u00f6mmlichen Fisch\u00f6len. Die Anreicherung mit Vitamin D3 f\u00f6rdert die Bioverf\u00fcgbarkeit und unterst\u00fctzt den&#8230;<\/p>\n","protected":false},"featured_media":9005,"comment_status":"open","ping_status":"closed","template":"","meta":{"rs_blank_template":"","rs_page_bg_color":"","slide_template_v7":"","_bst_post_transparent":"default","_bst_post_title":"","_bst_post_layout":"default","_bst_post_sidebar_id":"","_bst_post_content_style":"default","_bst_post_vertical_padding":"default","_bst_post_feature":"","_bst_post_feature_position":"","_bst_post_header":false,"_bst_post_footer":false},"product_brand":[],"product_cat":[351,217,457,229],"product_tag":[],"product_brands":[],"class_list":{"0":"post-9006","1":"product","2":"type-product","3":"status-publish","4":"has-post-thumbnail","6":"product_cat-medical-forms","7":"product_cat-medicines","8":"product_cat-tablets-capsules","9":"product_cat-vitamins-general-supplements","11":"first","12":"instock","13":"shipping-taxable","14":"purchasable","15":"product-type-simple","16":"entry","17":"content-bg","18":"loop-entry"},"_links":{"self":[{"href":"https:\/\/nawarpharmacy.com\/de\/wp-json\/wp\/v2\/product\/9006","targetHints":{"allow":["GET"]}}],"collection":[{"href":"https:\/\/nawarpharmacy.com\/de\/wp-json\/wp\/v2\/product"}],"about":[{"href":"https:\/\/nawarpharmacy.com\/de\/wp-json\/wp\/v2\/types\/product"}],"replies":[{"embeddable":true,"href":"https:\/\/nawarpharmacy.com\/de\/wp-json\/wp\/v2\/comments?post=9006"}],"wp:featuredmedia":[{"embeddable":true,"href":"https:\/\/nawarpharmacy.com\/de\/wp-json\/wp\/v2\/media\/9005"}],"wp:attachment":[{"href":"https:\/\/nawarpharmacy.com\/de\/wp-json\/wp\/v2\/media?parent=9006"}],"wp:term":[{"taxonomy":"product_brand","embeddable":true,"href":"https:\/\/nawarpharmacy.com\/de\/wp-json\/wp\/v2\/product_brand?post=9006"},{"taxonomy":"product_cat","embeddable":true,"href":"https:\/\/nawarpharmacy.com\/de\/wp-json\/wp\/v2\/product_cat?post=9006"},{"taxonomy":"product_tag","embeddable":true,"href":"https:\/\/nawarpharmacy.com\/de\/wp-json\/wp\/v2\/product_tag?post=9006"},{"taxonomy":"product_brands","embeddable":true,"href":"https:\/\/nawarpharmacy.com\/de\/wp-json\/wp\/v2\/product_brands?post=9006"}],"curies":[{"name":"wp","href":"https:\/\/api.w.org\/{rel}","templated":true}]}}