{"id":9001,"date":"2025-12-22T00:19:49","date_gmt":"2025-12-22T00:19:49","guid":{"rendered":"https:\/\/nawarpharmacy.com\/?post_type=product&#038;p=9001"},"modified":"2026-01-29T18:03:50","modified_gmt":"2026-01-29T18:03:50","slug":"limitless-prenatal-max-30-tablets","status":"publish","type":"product","link":"https:\/\/nawarpharmacy.com\/de\/produkt\/limitless-prenatal-max-30-tablets\/","title":{"rendered":"Limitless Prenatal Max 30 Tabletten"},"content":{"rendered":"<p data-start=\"2118\" data-end=\"2159\"><strong data-start=\"2118\" data-end=\"2159\">Limitless Prenatal Max 30 Tabletten<\/strong><\/p>\n<p data-start=\"2161\" data-end=\"2470\"><strong data-start=\"2161\" data-end=\"2178\">Beschreibung:<\/strong><br data-start=\"2178\" data-end=\"2181\" \/>Ein umfassendes pr\u00e4natales Vitamin- und Mineralstoffpr\u00e4parat zur Unterst\u00fctzung des N\u00e4hrstoffbedarfs von Frauen vor der Empf\u00e4ngnis, w\u00e4hrend der Schwangerschaft und in der Stillzeit. Liefert wichtige N\u00e4hrstoffe, die zur Gesundheit der Mutter und zur normalen Entwicklung des F\u00f6tus beitragen.<\/p>\n<p data-start=\"2472\" data-end=\"2778\"><strong data-start=\"2472\" data-end=\"2494\">Anwendungsgebiete:<\/strong><br data-start=\"2494\" data-end=\"2497\" \/>Zur Unterst\u00fctzung des m\u00fctterlichen N\u00e4hrstoffbedarfs, des gesunden Wachstums und der Entwicklung des F\u00f6tus, zur Aufrechterhaltung des Energiehaushalts der Mutter sowie zur F\u00f6rderung des allgemeinen Wohlbefindens w\u00e4hrend der Phase der Schwangerschaftsplanung und der Schwangerschaft.<\/p>\n<p data-start=\"2780\" data-end=\"2877\"><strong data-start=\"2780\" data-end=\"2824\">Wesentliche Bestandteile (pro Tablette):<\/strong><br data-start=\"2824\" data-end=\"2827\" \/>Pr\u00e4natale Formulierungen enthalten in der Regel:<\/p>\n<ul data-start=\"2878\" data-end=\"3343\">\n<li data-start=\"2878\" data-end=\"2959\">\n<p data-start=\"2880\" data-end=\"2959\"><strong data-start=\"2880\" data-end=\"2892\">Fols\u00e4ure<\/strong> \u2014 unterst\u00fctzt die normale Entwicklung des Neuralrohrs des F\u00f6tus;<\/p>\n<\/li>\n<li data-start=\"2960\" data-end=\"3037\">\n<p data-start=\"2962\" data-end=\"3037\"><strong data-start=\"2962\" data-end=\"2971\">Eisen<\/strong> \u2014 tr\u00e4gt zur Blutbildung bei und hilft, Eisenmangel vorzubeugen;<\/p>\n<\/li>\n<li data-start=\"3038\" data-end=\"3105\">\n<p data-start=\"3040\" data-end=\"3105\"><strong data-start=\"3040\" data-end=\"3065\">Calcium und Vitamin D<\/strong> \u2014 unterst\u00fctzen die Knochengesundheit;<\/p>\n<\/li>\n<li data-start=\"3106\" data-end=\"3178\">\n<p data-start=\"3108\" data-end=\"3178\"><strong data-start=\"3108\" data-end=\"3136\">Vitamine des B-Komplexes<\/strong> \u2014 unterst\u00fctzen den Energiestoffwechsel;<\/p>\n<\/li>\n<li data-start=\"3179\" data-end=\"3261\">\n<p data-start=\"3181\" data-end=\"3261\"><strong data-start=\"3181\" data-end=\"3213\">Vitamin C und Antioxidantien<\/strong> \u2014 unterst\u00fctzen die Funktion des Immunsystems;<\/p>\n<\/li>\n<li data-start=\"3262\" data-end=\"3343\">\n<p data-start=\"3264\" data-end=\"3343\"><strong data-start=\"3264\" data-end=\"3291\">Weitere Mikron\u00e4hrstoffe<\/strong>, die w\u00e4hrend der Schwangerschaft von Nutzen sind.<\/p>\n<\/li>\n<\/ul>\n<p data-start=\"3345\" data-end=\"3463\"><strong data-start=\"3345\" data-end=\"3370\">Empfohlene Dosierung:<\/strong><br data-start=\"3370\" data-end=\"3373\" \/>Einmal t\u00e4glich eine Tablette zu einer Mahlzeit einnehmen oder gem\u00e4\u00df \u00e4rztlicher Empfehlung.<\/p>\n<p data-start=\"3465\" data-end=\"3748\"><strong data-start=\"3465\" data-end=\"3482\">Warnhinweise:<\/strong><br data-start=\"3482\" data-end=\"3485\" \/>Die empfohlene Tagesdosis nicht \u00fcberschreiten. F\u00fcr Kinder unzug\u00e4nglich aufbewahren. Vor der Anwendung R\u00fccksprache mit einem Arzt oder Apotheker halten bei Schwangerschaft, Stillzeit, bei gleichzeitiger Einnahme von Arzneimitteln oder bei bestehenden Erkrankungen.<\/p>\n<p data-start=\"3750\" data-end=\"4013\"><strong data-start=\"3750\" data-end=\"3784\">Allgemeine Vorsichtsma\u00dfnahmen:<\/strong><br data-start=\"3784\" data-end=\"3787\" \/>Eisenhaltige Pr\u00e4parate k\u00f6nnen bei einigen Personen Magen-Darm-Beschwerden verursachen. W\u00e4hrend der Schwangerschaft wird eine regelm\u00e4\u00dfige \u00e4rztliche \u00dcberwachung empfohlen, um eine angemessene N\u00e4hrstoffversorgung sicherzustellen.<\/p>\n","protected":false},"excerpt":{"rendered":"<p>Limitless Prenatal Max 30 Tabletten Beschreibung:Ein umfassendes pr\u00e4natales Vitamin- und Mineralstoffpr\u00e4parat zur Unterst\u00fctzung des N\u00e4hrstoffbedarfs von Frauen vor der Empf\u00e4ngnis, w\u00e4hrend der Schwangerschaft und in der Stillzeit. Liefert wichtige N\u00e4hrstoffe, die zur Gesundheit der Mutter und zur normalen Entwicklung des F\u00f6tus beitragen. Anwendungsgebiete:Zur Unterst\u00fctzung des m\u00fctterlichen N\u00e4hrstoffbedarfs, des gesunden Wachstums und der Entwicklung des F\u00f6tus,&#8230;<\/p>\n","protected":false},"featured_media":9000,"comment_status":"open","ping_status":"closed","template":"","meta":{"rs_blank_template":"","rs_page_bg_color":"","slide_template_v7":"","_bst_post_transparent":"default","_bst_post_title":"","_bst_post_layout":"default","_bst_post_sidebar_id":"","_bst_post_content_style":"default","_bst_post_vertical_padding":"default","_bst_post_feature":"","_bst_post_feature_position":"","_bst_post_header":false,"_bst_post_footer":false},"product_brand":[],"product_cat":[351,217,457,229],"product_tag":[],"product_brands":[],"class_list":{"0":"post-9001","1":"product","2":"type-product","3":"status-publish","4":"has-post-thumbnail","6":"product_cat-medical-forms","7":"product_cat-medicines","8":"product_cat-tablets-capsules","9":"product_cat-vitamins-general-supplements","11":"first","12":"instock","13":"shipping-taxable","14":"purchasable","15":"product-type-simple","16":"entry","17":"content-bg","18":"loop-entry"},"_links":{"self":[{"href":"https:\/\/nawarpharmacy.com\/de\/wp-json\/wp\/v2\/product\/9001","targetHints":{"allow":["GET"]}}],"collection":[{"href":"https:\/\/nawarpharmacy.com\/de\/wp-json\/wp\/v2\/product"}],"about":[{"href":"https:\/\/nawarpharmacy.com\/de\/wp-json\/wp\/v2\/types\/product"}],"replies":[{"embeddable":true,"href":"https:\/\/nawarpharmacy.com\/de\/wp-json\/wp\/v2\/comments?post=9001"}],"wp:featuredmedia":[{"embeddable":true,"href":"https:\/\/nawarpharmacy.com\/de\/wp-json\/wp\/v2\/media\/9000"}],"wp:attachment":[{"href":"https:\/\/nawarpharmacy.com\/de\/wp-json\/wp\/v2\/media?parent=9001"}],"wp:term":[{"taxonomy":"product_brand","embeddable":true,"href":"https:\/\/nawarpharmacy.com\/de\/wp-json\/wp\/v2\/product_brand?post=9001"},{"taxonomy":"product_cat","embeddable":true,"href":"https:\/\/nawarpharmacy.com\/de\/wp-json\/wp\/v2\/product_cat?post=9001"},{"taxonomy":"product_tag","embeddable":true,"href":"https:\/\/nawarpharmacy.com\/de\/wp-json\/wp\/v2\/product_tag?post=9001"},{"taxonomy":"product_brands","embeddable":true,"href":"https:\/\/nawarpharmacy.com\/de\/wp-json\/wp\/v2\/product_brands?post=9001"}],"curies":[{"name":"wp","href":"https:\/\/api.w.org\/{rel}","templated":true}]}}