{"id":8980,"date":"2025-12-22T00:24:26","date_gmt":"2025-12-22T00:24:26","guid":{"rendered":"https:\/\/nawarpharmacy.com\/?post_type=product&#038;p=8980"},"modified":"2026-01-29T18:00:09","modified_gmt":"2026-01-29T18:00:09","slug":"limitless-sleep-aid-30-tablets","status":"publish","type":"product","link":"https:\/\/nawarpharmacy.com\/de\/produkt\/limitless-sleep-aid-30-tablets\/","title":{"rendered":"Limitless Sleep Aid 30 Tabletten"},"content":{"rendered":"<p data-start=\"1941\" data-end=\"1979\"><strong data-start=\"1941\" data-end=\"1979\">Limitless Sleep Aid 30 Tabletten<\/strong><\/p>\n<p data-start=\"1981\" data-end=\"2267\"><strong data-start=\"1981\" data-end=\"1998\">Beschreibung:<\/strong><br data-start=\"1998\" data-end=\"2001\" \/>Ein Nahrungserg\u00e4nzungsmittel zur Unterst\u00fctzung gesunder Schlafmuster und zur F\u00f6rderung der Entspannung. Enth\u00e4lt eine Kombination nat\u00fcrlicher Inhaltsstoffe, die traditionell zur Unterst\u00fctzung des Einschlafens und zur Verbesserung der Schlafqualit\u00e4t eingesetzt werden.<\/p>\n<p data-start=\"2269\" data-end=\"2453\"><strong data-start=\"2269\" data-end=\"2291\">Anwendungsgebiete:<\/strong><br data-start=\"2291\" data-end=\"2294\" \/>Zur Unterst\u00fctzung eines leichteren Einschlafens und zur Aufrechterhaltung eines normalen Nachtschlafs bei gelegentlichen Schlafst\u00f6rungen oder unruhigem Schlaf.<\/p>\n<p data-start=\"2455\" data-end=\"2555\"><strong data-start=\"2455\" data-end=\"2499\">Wesentliche Bestandteile (pro Tablette):<\/strong><br data-start=\"2499\" data-end=\"2502\" \/>Typische schlaff\u00f6rdernde Inhaltsstoffe k\u00f6nnen sein:<\/p>\n<ul data-start=\"2556\" data-end=\"2868\">\n<li data-start=\"2556\" data-end=\"2628\">\n<p data-start=\"2558\" data-end=\"2628\"><strong data-start=\"2558\" data-end=\"2571\">Melatonin<\/strong> \u2014 unterst\u00fctzt die Regulation des Schlaf-Wach-Rhythmus;<\/p>\n<\/li>\n<li data-start=\"2629\" data-end=\"2732\">\n<p data-start=\"2631\" data-end=\"2732\"><strong data-start=\"2631\" data-end=\"2655\">Pflanzliche Extrakte<\/strong>, wie Baldrianwurzel, Kamille oder Passionsblume \u2014 f\u00f6rdern die Entspannung;<\/p>\n<\/li>\n<li data-start=\"2733\" data-end=\"2868\">\n<p data-start=\"2735\" data-end=\"2868\"><strong data-start=\"2735\" data-end=\"2769\">Weitere beruhigende N\u00e4hrstoffe<\/strong>, wie Magnesium oder L-Theanin.<br data-start=\"2800\" data-end=\"2803\" \/><em data-start=\"2803\" data-end=\"2868\">(Die genaue Zusammensetzung kann je nach Hersteller variieren.)<\/em><\/p>\n<\/li>\n<\/ul>\n<p data-start=\"2870\" data-end=\"2993\"><strong data-start=\"2870\" data-end=\"2895\">Empfohlene Dosierung:<\/strong><br data-start=\"2895\" data-end=\"2898\" \/>Eine Tablette etwa 30 Minuten vor dem Schlafengehen einnehmen oder gem\u00e4\u00df \u00e4rztlicher Empfehlung.<\/p>\n<p data-start=\"2995\" data-end=\"3406\"><strong data-start=\"2995\" data-end=\"3012\">Warnhinweise:<\/strong><br data-start=\"3012\" data-end=\"3015\" \/>Die empfohlene Tagesdosis nicht \u00fcberschreiten. F\u00fcr Kinder unzug\u00e4nglich aufbewahren. Nach der Einnahme kein Fahrzeug f\u00fchren und keine Maschinen bedienen. Vor der Anwendung R\u00fccksprache mit einem Arzt oder Apotheker halten bei Schwangerschaft, Stillzeit, bei gleichzeitiger Einnahme von Arzneimitteln (insbesondere Sedativa oder zentral d\u00e4mpfenden Substanzen) oder bei bestehenden Erkrankungen.<\/p>\n<p data-start=\"3408\" data-end=\"3632\"><strong data-start=\"3408\" data-end=\"3442\">Allgemeine Vorsichtsma\u00dfnahmen:<\/strong><br data-start=\"3442\" data-end=\"3445\" \/>Kann Schl\u00e4frigkeit verursachen; w\u00e4hrend der Anwendung sollte auf Alkoholkonsum verzichtet werden. Bei Auftreten unerw\u00fcnschter Wirkungen die Einnahme abbrechen und \u00e4rztlichen Rat einholen.<\/p>\n","protected":false},"excerpt":{"rendered":"<p>Limitless Sleep Aid 30 Tabletten Beschreibung:Ein Nahrungserg\u00e4nzungsmittel zur Unterst\u00fctzung gesunder Schlafmuster und zur F\u00f6rderung der Entspannung. Enth\u00e4lt eine Kombination nat\u00fcrlicher Inhaltsstoffe, die traditionell zur Unterst\u00fctzung des Einschlafens und zur Verbesserung der Schlafqualit\u00e4t eingesetzt werden. Anwendungsgebiete:Zur Unterst\u00fctzung eines leichteren Einschlafens und zur Aufrechterhaltung eines normalen Nachtschlafs bei gelegentlichen Schlafst\u00f6rungen oder unruhigem Schlaf. Wesentliche Bestandteile (pro Tablette):Typische&#8230;<\/p>\n","protected":false},"featured_media":8979,"comment_status":"open","ping_status":"closed","template":"","meta":{"rs_blank_template":"","rs_page_bg_color":"","slide_template_v7":"","_bst_post_transparent":"default","_bst_post_title":"","_bst_post_layout":"default","_bst_post_sidebar_id":"","_bst_post_content_style":"default","_bst_post_vertical_padding":"default","_bst_post_feature":"","_bst_post_feature_position":"","_bst_post_header":false,"_bst_post_footer":false},"product_brand":[],"product_cat":[351,217,419,457,229],"product_tag":[],"product_brands":[],"class_list":{"0":"post-8980","1":"product","2":"type-product","3":"status-publish","4":"has-post-thumbnail","6":"product_cat-medical-forms","7":"product_cat-medicines","8":"product_cat-sleep-sedative-medicines","9":"product_cat-tablets-capsules","10":"product_cat-vitamins-general-supplements","12":"first","13":"instock","14":"shipping-taxable","15":"purchasable","16":"product-type-simple","17":"entry","18":"content-bg","19":"loop-entry"},"_links":{"self":[{"href":"https:\/\/nawarpharmacy.com\/de\/wp-json\/wp\/v2\/product\/8980","targetHints":{"allow":["GET"]}}],"collection":[{"href":"https:\/\/nawarpharmacy.com\/de\/wp-json\/wp\/v2\/product"}],"about":[{"href":"https:\/\/nawarpharmacy.com\/de\/wp-json\/wp\/v2\/types\/product"}],"replies":[{"embeddable":true,"href":"https:\/\/nawarpharmacy.com\/de\/wp-json\/wp\/v2\/comments?post=8980"}],"wp:featuredmedia":[{"embeddable":true,"href":"https:\/\/nawarpharmacy.com\/de\/wp-json\/wp\/v2\/media\/8979"}],"wp:attachment":[{"href":"https:\/\/nawarpharmacy.com\/de\/wp-json\/wp\/v2\/media?parent=8980"}],"wp:term":[{"taxonomy":"product_brand","embeddable":true,"href":"https:\/\/nawarpharmacy.com\/de\/wp-json\/wp\/v2\/product_brand?post=8980"},{"taxonomy":"product_cat","embeddable":true,"href":"https:\/\/nawarpharmacy.com\/de\/wp-json\/wp\/v2\/product_cat?post=8980"},{"taxonomy":"product_tag","embeddable":true,"href":"https:\/\/nawarpharmacy.com\/de\/wp-json\/wp\/v2\/product_tag?post=8980"},{"taxonomy":"product_brands","embeddable":true,"href":"https:\/\/nawarpharmacy.com\/de\/wp-json\/wp\/v2\/product_brands?post=8980"}],"curies":[{"name":"wp","href":"https:\/\/api.w.org\/{rel}","templated":true}]}}