{"id":8976,"date":"2025-12-22T00:26:05","date_gmt":"2025-12-22T00:26:05","guid":{"rendered":"https:\/\/nawarpharmacy.com\/?post_type=product&#038;p=8976"},"modified":"2026-01-29T17:59:06","modified_gmt":"2026-01-29T17:59:06","slug":"limitless-vit-b12-30-odf","status":"publish","type":"product","link":"https:\/\/nawarpharmacy.com\/de\/produkt\/limitless-vit-b12-30-odf\/","title":{"rendered":"Limitless Vitamin B12 30 Schmelzfilme"},"content":{"rendered":"<p data-start=\"1777\" data-end=\"1826\"><strong data-start=\"1777\" data-end=\"1826\">Limitless Vitamin B12 30 Schmelzfilme<\/strong><\/p>\n<p data-start=\"1828\" data-end=\"2142\"><strong data-start=\"1828\" data-end=\"1845\">Beschreibung:<\/strong><br data-start=\"1845\" data-end=\"1848\" \/>Ein Nahrungserg\u00e4nzungsmittel in Form eines oral l\u00f6slichen Schmelzfilms mit Vitamin B12 zur Unterst\u00fctzung des Energiestoffwechsels, der Funktion des Nervensystems und der Bildung roter Blutk\u00f6rperchen. Der Film l\u00f6st sich auf der Zunge ohne Wasser auf und erm\u00f6glicht eine einfache Anwendung.<\/p>\n<p data-start=\"2144\" data-end=\"2371\"><strong data-start=\"2144\" data-end=\"2166\">Anwendungsgebiete:<\/strong><br data-start=\"2166\" data-end=\"2169\" \/>Zur Unterst\u00fctzung der normalen Energiefreisetzung aus der Nahrung, zur Erhaltung einer gesunden Nervenfunktion sowie zur F\u00f6rderung der Bildung roter Blutk\u00f6rperchen bei unzureichender Vitamin-B12-Zufuhr.<\/p>\n<p data-start=\"2373\" data-end=\"2478\"><strong data-start=\"2373\" data-end=\"2398\">Wirkstoff (pro Film):<\/strong><br data-start=\"2398\" data-end=\"2401\" \/>Vitamin B12 (Cobalamin) \u2014 Dosierung abh\u00e4ngig von der jeweiligen Formulierung.<\/p>\n<p data-start=\"2480\" data-end=\"2641\"><strong data-start=\"2480\" data-end=\"2505\">Empfohlene Dosierung:<\/strong><br data-start=\"2505\" data-end=\"2508\" \/>Einen Schmelzfilm auf die Zunge legen und vollst\u00e4ndig aufl\u00f6sen lassen, in der Regel einmal t\u00e4glich, oder gem\u00e4\u00df \u00e4rztlicher Empfehlung.<\/p>\n<p data-start=\"2643\" data-end=\"2926\"><strong data-start=\"2643\" data-end=\"2660\">Warnhinweise:<\/strong><br data-start=\"2660\" data-end=\"2663\" \/>Die empfohlene Tagesdosis nicht \u00fcberschreiten. F\u00fcr Kinder unzug\u00e4nglich aufbewahren. Vor der Anwendung R\u00fccksprache mit einem Arzt oder Apotheker halten bei Schwangerschaft, Stillzeit, bei gleichzeitiger Einnahme von Arzneimitteln oder bei bestehenden Erkrankungen.<\/p>\n<p data-start=\"2928\" data-end=\"3192\"><strong data-start=\"2928\" data-end=\"2962\">Allgemeine Vorsichtsma\u00dfnahmen:<\/strong><br data-start=\"2962\" data-end=\"2965\" \/>Personen mit bestimmten Erkrankungen oder bei langfristiger medikament\u00f6ser Behandlung sollten vor der Anwendung \u00e4rztlichen Rat einholen. Bei Auftreten unerw\u00fcnschter Wirkungen die Anwendung abbrechen und einen Arzt konsultieren.<\/p>\n","protected":false},"excerpt":{"rendered":"<p>Limitless Vitamin B12 30 Schmelzfilme Beschreibung:Ein Nahrungserg\u00e4nzungsmittel in Form eines oral l\u00f6slichen Schmelzfilms mit Vitamin B12 zur Unterst\u00fctzung des Energiestoffwechsels, der Funktion des Nervensystems und der Bildung roter Blutk\u00f6rperchen. Der Film l\u00f6st sich auf der Zunge ohne Wasser auf und erm\u00f6glicht eine einfache Anwendung. Anwendungsgebiete:Zur Unterst\u00fctzung der normalen Energiefreisetzung aus der Nahrung, zur Erhaltung einer&#8230;<\/p>\n","protected":false},"featured_media":8975,"comment_status":"open","ping_status":"closed","template":"","meta":{"rs_blank_template":"","rs_page_bg_color":"","slide_template_v7":"","_bst_post_transparent":"default","_bst_post_title":"","_bst_post_layout":"default","_bst_post_sidebar_id":"","_bst_post_content_style":"default","_bst_post_vertical_padding":"default","_bst_post_feature":"","_bst_post_feature_position":"","_bst_post_header":false,"_bst_post_footer":false},"product_brand":[],"product_cat":[351,217,277,363,229],"product_tag":[],"product_brands":[],"class_list":{"0":"post-8976","1":"product","2":"type-product","3":"status-publish","4":"has-post-thumbnail","6":"product_cat-medical-forms","7":"product_cat-medicines","8":"product_cat-nervous-system-medications","9":"product_cat-oral-films","10":"product_cat-vitamins-general-supplements","12":"first","13":"instock","14":"shipping-taxable","15":"purchasable","16":"product-type-simple","17":"entry","18":"content-bg","19":"loop-entry"},"_links":{"self":[{"href":"https:\/\/nawarpharmacy.com\/de\/wp-json\/wp\/v2\/product\/8976","targetHints":{"allow":["GET"]}}],"collection":[{"href":"https:\/\/nawarpharmacy.com\/de\/wp-json\/wp\/v2\/product"}],"about":[{"href":"https:\/\/nawarpharmacy.com\/de\/wp-json\/wp\/v2\/types\/product"}],"replies":[{"embeddable":true,"href":"https:\/\/nawarpharmacy.com\/de\/wp-json\/wp\/v2\/comments?post=8976"}],"wp:featuredmedia":[{"embeddable":true,"href":"https:\/\/nawarpharmacy.com\/de\/wp-json\/wp\/v2\/media\/8975"}],"wp:attachment":[{"href":"https:\/\/nawarpharmacy.com\/de\/wp-json\/wp\/v2\/media?parent=8976"}],"wp:term":[{"taxonomy":"product_brand","embeddable":true,"href":"https:\/\/nawarpharmacy.com\/de\/wp-json\/wp\/v2\/product_brand?post=8976"},{"taxonomy":"product_cat","embeddable":true,"href":"https:\/\/nawarpharmacy.com\/de\/wp-json\/wp\/v2\/product_cat?post=8976"},{"taxonomy":"product_tag","embeddable":true,"href":"https:\/\/nawarpharmacy.com\/de\/wp-json\/wp\/v2\/product_tag?post=8976"},{"taxonomy":"product_brands","embeddable":true,"href":"https:\/\/nawarpharmacy.com\/de\/wp-json\/wp\/v2\/product_brands?post=8976"}],"curies":[{"name":"wp","href":"https:\/\/api.w.org\/{rel}","templated":true}]}}