{"id":8972,"date":"2025-12-22T00:27:47","date_gmt":"2025-12-22T00:27:47","guid":{"rendered":"https:\/\/nawarpharmacy.com\/?post_type=product&#038;p=8972"},"modified":"2026-01-29T17:57:27","modified_gmt":"2026-01-29T17:57:27","slug":"limitless-co-q10-30-capsules","status":"publish","type":"product","link":"https:\/\/nawarpharmacy.com\/de\/produkt\/limitless-co-q10-30-capsules\/","title":{"rendered":"Limitless Coenzym Q10 30 Kapseln"},"content":{"rendered":"<p data-start=\"1554\" data-end=\"1592\"><strong data-start=\"1554\" data-end=\"1592\">Limitless Coenzym Q10 30 Kapseln<\/strong><\/p>\n<p data-start=\"1594\" data-end=\"1855\"><strong data-start=\"1594\" data-end=\"1611\">Beschreibung:<\/strong><br data-start=\"1611\" data-end=\"1614\" \/>Ein Nahrungserg\u00e4nzungsmittel mit Coenzym Q10 (CoQ10), einem nat\u00fcrlich vorkommenden Antioxidans, das eine zentrale Rolle in der zellul\u00e4ren Energieproduktion spielt und zur Unterst\u00fctzung der Herz-Kreislauf- und Stoffwechselgesundheit beitr\u00e4gt.<\/p>\n<p data-start=\"1857\" data-end=\"2095\"><strong data-start=\"1857\" data-end=\"1879\">Anwendungsgebiete:<\/strong><br data-start=\"1879\" data-end=\"1882\" \/>Zur Unterst\u00fctzung der Herzgesundheit, des Energiestoffwechsels, des antioxidativen Schutzes sowie der normalen Zellfunktion; geeignet bei unzureichender Zufuhr oder verminderten k\u00f6rpereigenen Coenzym-Q10-Spiegeln.<\/p>\n<p data-start=\"2097\" data-end=\"2192\"><strong data-start=\"2097\" data-end=\"2124\">Wirkstoff (pro Kapsel):<\/strong><br data-start=\"2124\" data-end=\"2127\" \/>Coenzym Q10 \u2014 Dosierung abh\u00e4ngig von der jeweiligen Formulierung.<\/p>\n<p data-start=\"2194\" data-end=\"2310\"><strong data-start=\"2194\" data-end=\"2219\">Empfohlene Dosierung:<\/strong><br data-start=\"2219\" data-end=\"2222\" \/>Einmal t\u00e4glich eine Kapsel zu einer Mahlzeit einnehmen oder gem\u00e4\u00df \u00e4rztlicher Empfehlung.<\/p>\n<p data-start=\"2312\" data-end=\"2625\"><strong data-start=\"2312\" data-end=\"2329\">Warnhinweise:<\/strong><br data-start=\"2329\" data-end=\"2332\" \/>Die empfohlene Tagesdosis nicht \u00fcberschreiten. F\u00fcr Kinder unzug\u00e4nglich aufbewahren. Vor der Anwendung R\u00fccksprache mit einem Arzt oder Apotheker halten bei Schwangerschaft, Stillzeit, bei gleichzeitiger Einnahme von Arzneimitteln (insbesondere Blutverd\u00fcnnern) oder bei bestehenden Erkrankungen.<\/p>\n<p data-start=\"2627\" data-end=\"2823\"><strong data-start=\"2627\" data-end=\"2661\">Allgemeine Vorsichtsma\u00dfnahmen:<\/strong><br data-start=\"2661\" data-end=\"2664\" \/>Bei einigen Personen k\u00f6nnen leichte Magen-Darm-Beschwerden auftreten. Bei Auftreten unerw\u00fcnschter Wirkungen die Einnahme abbrechen und \u00e4rztlichen Rat einholen.<\/p>\n","protected":false},"excerpt":{"rendered":"<p>Limitless Coenzym Q10 30 Kapseln Beschreibung:Ein Nahrungserg\u00e4nzungsmittel mit Coenzym Q10 (CoQ10), einem nat\u00fcrlich vorkommenden Antioxidans, das eine zentrale Rolle in der zellul\u00e4ren Energieproduktion spielt und zur Unterst\u00fctzung der Herz-Kreislauf- und Stoffwechselgesundheit beitr\u00e4gt. Anwendungsgebiete:Zur Unterst\u00fctzung der Herzgesundheit, des Energiestoffwechsels, des antioxidativen Schutzes sowie der normalen Zellfunktion; geeignet bei unzureichender Zufuhr oder verminderten k\u00f6rpereigenen Coenzym-Q10-Spiegeln. Wirkstoff (pro&#8230;<\/p>\n","protected":false},"featured_media":8971,"comment_status":"open","ping_status":"closed","template":"","meta":{"rs_blank_template":"","rs_page_bg_color":"","slide_template_v7":"","_bst_post_transparent":"default","_bst_post_title":"","_bst_post_layout":"default","_bst_post_sidebar_id":"","_bst_post_content_style":"default","_bst_post_vertical_padding":"default","_bst_post_feature":"","_bst_post_feature_position":"","_bst_post_header":false,"_bst_post_footer":false},"product_brand":[],"product_cat":[351,217,457,229],"product_tag":[],"product_brands":[],"class_list":{"0":"post-8972","1":"product","2":"type-product","3":"status-publish","4":"has-post-thumbnail","6":"product_cat-medical-forms","7":"product_cat-medicines","8":"product_cat-tablets-capsules","9":"product_cat-vitamins-general-supplements","11":"first","12":"instock","13":"shipping-taxable","14":"purchasable","15":"product-type-simple","16":"entry","17":"content-bg","18":"loop-entry"},"_links":{"self":[{"href":"https:\/\/nawarpharmacy.com\/de\/wp-json\/wp\/v2\/product\/8972","targetHints":{"allow":["GET"]}}],"collection":[{"href":"https:\/\/nawarpharmacy.com\/de\/wp-json\/wp\/v2\/product"}],"about":[{"href":"https:\/\/nawarpharmacy.com\/de\/wp-json\/wp\/v2\/types\/product"}],"replies":[{"embeddable":true,"href":"https:\/\/nawarpharmacy.com\/de\/wp-json\/wp\/v2\/comments?post=8972"}],"wp:featuredmedia":[{"embeddable":true,"href":"https:\/\/nawarpharmacy.com\/de\/wp-json\/wp\/v2\/media\/8971"}],"wp:attachment":[{"href":"https:\/\/nawarpharmacy.com\/de\/wp-json\/wp\/v2\/media?parent=8972"}],"wp:term":[{"taxonomy":"product_brand","embeddable":true,"href":"https:\/\/nawarpharmacy.com\/de\/wp-json\/wp\/v2\/product_brand?post=8972"},{"taxonomy":"product_cat","embeddable":true,"href":"https:\/\/nawarpharmacy.com\/de\/wp-json\/wp\/v2\/product_cat?post=8972"},{"taxonomy":"product_tag","embeddable":true,"href":"https:\/\/nawarpharmacy.com\/de\/wp-json\/wp\/v2\/product_tag?post=8972"},{"taxonomy":"product_brands","embeddable":true,"href":"https:\/\/nawarpharmacy.com\/de\/wp-json\/wp\/v2\/product_brands?post=8972"}],"curies":[{"name":"wp","href":"https:\/\/api.w.org\/{rel}","templated":true}]}}