{"id":8961,"date":"2025-12-22T00:30:20","date_gmt":"2025-12-22T00:30:20","guid":{"rendered":"https:\/\/nawarpharmacy.com\/?post_type=product&#038;p=8961"},"modified":"2026-01-29T17:54:50","modified_gmt":"2026-01-29T17:54:50","slug":"limitless-lipoferrex-30-tablets","status":"publish","type":"product","link":"https:\/\/nawarpharmacy.com\/de\/produkt\/limitless-lipoferrex-30-tablets\/","title":{"rendered":"Limitless Lipoferrex 30 Tabletten"},"content":{"rendered":"<p data-start=\"2141\" data-end=\"2180\"><strong data-start=\"2141\" data-end=\"2180\">Limitless Lipoferrex 30 Tabletten<\/strong><\/p>\n<p data-start=\"2182\" data-end=\"2470\"><strong data-start=\"2182\" data-end=\"2199\">Beschreibung:<\/strong><br data-start=\"2199\" data-end=\"2202\" \/>Ein Nahrungserg\u00e4nzungsmittel zur Unterst\u00fctzung des Eisenhaushalts und zur Aufrechterhaltung der normalen H\u00e4moglobinbildung. Enth\u00e4lt eine gut bioverf\u00fcgbare Form von Eisen in Kombination mit unterst\u00fctzenden N\u00e4hrstoffen, die die Eisenaufnahme und die Blutbildung f\u00f6rdern.<\/p>\n<p data-start=\"2472\" data-end=\"2816\"><strong data-start=\"2472\" data-end=\"2494\">Anwendungsgebiete:<\/strong><br data-start=\"2494\" data-end=\"2497\" \/>Zur Unterst\u00fctzung bei Eisenmangel oder niedrigen Eisenspeichern, zur Erhaltung einer gesunden Bildung roter Blutk\u00f6rperchen, zur Verringerung von M\u00fcdigkeit und Erm\u00fcdung im Zusammenhang mit niedrigem Eisenstatus sowie zur Unterst\u00fctzung des allgemeinen Energiehaushalts bei unzureichender Eisenaufnahme \u00fcber die Ern\u00e4hrung.<\/p>\n<p data-start=\"2818\" data-end=\"2864\"><strong data-start=\"2818\" data-end=\"2862\">Wesentliche Bestandteile (pro Tablette):<\/strong><\/p>\n<ul data-start=\"2865\" data-end=\"3088\">\n<li data-start=\"2865\" data-end=\"2944\">\n<p data-start=\"2867\" data-end=\"2944\"><strong data-start=\"2867\" data-end=\"2888\">Eisen (elementar)<\/strong> \u2014 Dosierung abh\u00e4ngig von der jeweiligen Formulierung;<\/p>\n<\/li>\n<li data-start=\"2945\" data-end=\"3088\">\n<p data-start=\"2947\" data-end=\"3088\"><strong data-start=\"2947\" data-end=\"2976\">Unterst\u00fctzende N\u00e4hrstoffe<\/strong>, wie Vitamin C zur Verbesserung der Eisenresorption sowie weitere Kofaktoren, die die H\u00e4matopoese unterst\u00fctzen.<\/p>\n<\/li>\n<\/ul>\n<p data-start=\"3090\" data-end=\"3208\"><strong data-start=\"3090\" data-end=\"3115\">Empfohlene Dosierung:<\/strong><br data-start=\"3115\" data-end=\"3118\" \/>Einmal t\u00e4glich eine Tablette zu einer Mahlzeit einnehmen oder gem\u00e4\u00df \u00e4rztlicher Empfehlung.<\/p>\n<p data-start=\"3210\" data-end=\"3623\"><strong data-start=\"3210\" data-end=\"3227\">Warnhinweise:<\/strong><br data-start=\"3227\" data-end=\"3230\" \/>Die empfohlene Tagesdosis nicht \u00fcberschreiten. F\u00fcr Kinder unzug\u00e4nglich aufbewahren. Eisenpr\u00e4parate sollten bei Personen mit H\u00e4mochromatose oder anderen Eisen\u00fcberladungsst\u00f6rungen nur mit Vorsicht angewendet werden. Vor der Anwendung R\u00fccksprache mit einem Arzt oder Apotheker halten bei Schwangerschaft, Stillzeit, bei gleichzeitiger Einnahme von Arzneimitteln oder bei bestehenden Erkrankungen.<\/p>\n<p data-start=\"3625\" data-end=\"3991\"><strong data-start=\"3625\" data-end=\"3659\">Allgemeine Vorsichtsma\u00dfnahmen:<\/strong><br data-start=\"3659\" data-end=\"3662\" \/>Eisen kann bei manchen Personen Magen-Darm-Beschwerden wie Verstopfung oder \u00dcbelkeit verursachen. Die Einnahme zu einer Mahlzeit kann Magenbeschwerden reduzieren, jedoch die Aufnahme beeinflussen; \u00e4rztliche Hinweise sollten beachtet werden. Bei l\u00e4ngerer Anwendung kann eine regelm\u00e4\u00dfige Kontrolle des Eisenstatus empfohlen werden.<\/p>\n","protected":false},"excerpt":{"rendered":"<p>Limitless Lipoferrex 30 Tabletten Beschreibung:Ein Nahrungserg\u00e4nzungsmittel zur Unterst\u00fctzung des Eisenhaushalts und zur Aufrechterhaltung der normalen H\u00e4moglobinbildung. Enth\u00e4lt eine gut bioverf\u00fcgbare Form von Eisen in Kombination mit unterst\u00fctzenden N\u00e4hrstoffen, die die Eisenaufnahme und die Blutbildung f\u00f6rdern. Anwendungsgebiete:Zur Unterst\u00fctzung bei Eisenmangel oder niedrigen Eisenspeichern, zur Erhaltung einer gesunden Bildung roter Blutk\u00f6rperchen, zur Verringerung von M\u00fcdigkeit und Erm\u00fcdung&#8230;<\/p>\n","protected":false},"featured_media":8960,"comment_status":"open","ping_status":"closed","template":"","meta":{"rs_blank_template":"","rs_page_bg_color":"","slide_template_v7":"","_bst_post_transparent":"default","_bst_post_title":"","_bst_post_layout":"default","_bst_post_sidebar_id":"","_bst_post_content_style":"default","_bst_post_vertical_padding":"default","_bst_post_feature":"","_bst_post_feature_position":"","_bst_post_header":false,"_bst_post_footer":false},"product_brand":[],"product_cat":[351,217,457,229],"product_tag":[],"product_brands":[],"class_list":{"0":"post-8961","1":"product","2":"type-product","3":"status-publish","4":"has-post-thumbnail","6":"product_cat-medical-forms","7":"product_cat-medicines","8":"product_cat-tablets-capsules","9":"product_cat-vitamins-general-supplements","11":"first","12":"instock","13":"shipping-taxable","14":"purchasable","15":"product-type-simple","16":"entry","17":"content-bg","18":"loop-entry"},"_links":{"self":[{"href":"https:\/\/nawarpharmacy.com\/de\/wp-json\/wp\/v2\/product\/8961","targetHints":{"allow":["GET"]}}],"collection":[{"href":"https:\/\/nawarpharmacy.com\/de\/wp-json\/wp\/v2\/product"}],"about":[{"href":"https:\/\/nawarpharmacy.com\/de\/wp-json\/wp\/v2\/types\/product"}],"replies":[{"embeddable":true,"href":"https:\/\/nawarpharmacy.com\/de\/wp-json\/wp\/v2\/comments?post=8961"}],"wp:featuredmedia":[{"embeddable":true,"href":"https:\/\/nawarpharmacy.com\/de\/wp-json\/wp\/v2\/media\/8960"}],"wp:attachment":[{"href":"https:\/\/nawarpharmacy.com\/de\/wp-json\/wp\/v2\/media?parent=8961"}],"wp:term":[{"taxonomy":"product_brand","embeddable":true,"href":"https:\/\/nawarpharmacy.com\/de\/wp-json\/wp\/v2\/product_brand?post=8961"},{"taxonomy":"product_cat","embeddable":true,"href":"https:\/\/nawarpharmacy.com\/de\/wp-json\/wp\/v2\/product_cat?post=8961"},{"taxonomy":"product_tag","embeddable":true,"href":"https:\/\/nawarpharmacy.com\/de\/wp-json\/wp\/v2\/product_tag?post=8961"},{"taxonomy":"product_brands","embeddable":true,"href":"https:\/\/nawarpharmacy.com\/de\/wp-json\/wp\/v2\/product_brands?post=8961"}],"curies":[{"name":"wp","href":"https:\/\/api.w.org\/{rel}","templated":true}]}}