{"id":8949,"date":"2025-12-22T00:32:02","date_gmt":"2025-12-22T00:32:02","guid":{"rendered":"https:\/\/nawarpharmacy.com\/?post_type=product&#038;p=8949"},"modified":"2026-01-29T17:45:07","modified_gmt":"2026-01-29T17:45:07","slug":"limitless-milga-max-30-tablets","status":"publish","type":"product","link":"https:\/\/nawarpharmacy.com\/de\/produkt\/limitless-milga-max-30-tablets\/","title":{"rendered":"Limitless Milga Max 30 Tabletten"},"content":{"rendered":"<div class=\"flex flex-col text-sm pb-25\">\n<article class=\"text-token-text-primary w-full focus:outline-none [--shadow-height:45px] has-data-writing-block:pointer-events-none has-data-writing-block:-mt-(--shadow-height) has-data-writing-block:pt-(--shadow-height) [&amp;:has([data-writing-block])&gt;*]:pointer-events-auto scroll-mt-[calc(var(--header-height)+min(200px,max(70px,20svh)))]\" dir=\"auto\" data-turn-id=\"request-694e6b10-04e8-832b-952c-d7399b2e4344-21\" data-testid=\"conversation-turn-92\" data-scroll-anchor=\"true\" data-turn=\"assistant\">\n<div class=\"text-base my-auto mx-auto pb-10 [--thread-content-margin:--spacing(4)] @w-sm\/main:[--thread-content-margin:--spacing(6)] @w-lg\/main:[--thread-content-margin:--spacing(16)] px-(--thread-content-margin)\">\n<div class=\"[--thread-content-max-width:40rem] @w-lg\/main:[--thread-content-max-width:48rem] mx-auto max-w-(--thread-content-max-width) flex-1 group\/turn-messages focus-visible:outline-hidden relative flex w-full min-w-0 flex-col agent-turn\">\n<div class=\"flex max-w-full flex-col grow\">\n<div class=\"min-h-8 text-message relative flex w-full flex-col items-end gap-2 text-start break-words whitespace-normal [.text-message+&amp;]:mt-1\" dir=\"auto\" data-message-author-role=\"assistant\" data-message-id=\"65c8c0fc-0702-4e5d-b0c7-1d83a59d7846\" data-message-model-slug=\"gpt-5-mini\">\n<div class=\"flex w-full flex-col gap-1 empty:hidden first:pt-[1px]\">\n<div class=\"markdown prose dark:prose-invert w-full break-words light markdown-new-styling\">\n<p data-start=\"1710\" data-end=\"1748\"><strong data-start=\"1710\" data-end=\"1748\">Limitless Milga Max 30 Tabletten<\/strong><\/p>\n<p data-start=\"1750\" data-end=\"2002\"><strong data-start=\"1750\" data-end=\"1767\">Beschreibung:<\/strong><br data-start=\"1767\" data-end=\"1770\" \/>Ein Nahrungserg\u00e4nzungsmittel zur Unterst\u00fctzung der Nervengesundheit und zur Linderung nervenbedingter Beschwerden durch eine Kombination aus B-Vitaminen und weiteren N\u00e4hrstoffen, die an der Funktion des Nervensystems beteiligt sind.<\/p>\n<p data-start=\"2004\" data-end=\"2194\"><strong data-start=\"2004\" data-end=\"2026\">Anwendungsgebiete:<\/strong><br data-start=\"2026\" data-end=\"2029\" \/>Zur Unterst\u00fctzung der peripheren Nervenfunktion und zur Linderung von nervenbedingten Beschwerden, wenn die N\u00e4hrstoffzufuhr \u00fcber die Ern\u00e4hrung nicht ausreichend ist.<\/p>\n<p data-start=\"2196\" data-end=\"2326\"><strong data-start=\"2196\" data-end=\"2240\">Wesentliche Bestandteile (pro Tablette):<\/strong><br data-start=\"2240\" data-end=\"2243\" \/>Enth\u00e4lt in der Regel eine Kombination nervenunterst\u00fctzender N\u00e4hrstoffe, darunter:<\/p>\n<ul data-start=\"2327\" data-end=\"2526\">\n<li data-start=\"2327\" data-end=\"2355\">\n<p data-start=\"2329\" data-end=\"2355\"><strong data-start=\"2329\" data-end=\"2353\">Vitamin B1 (Thiamin)<\/strong><\/p>\n<\/li>\n<li data-start=\"2356\" data-end=\"2386\">\n<p data-start=\"2358\" data-end=\"2386\"><strong data-start=\"2358\" data-end=\"2384\">Vitamin B6 (Pyridoxin)<\/strong><\/p>\n<\/li>\n<li data-start=\"2387\" data-end=\"2418\">\n<p data-start=\"2389\" data-end=\"2418\"><strong data-start=\"2389\" data-end=\"2416\">Vitamin B12 (Cobalamin)<\/strong><\/p>\n<\/li>\n<li data-start=\"2419\" data-end=\"2526\">\n<p data-start=\"2421\" data-end=\"2526\"><strong data-start=\"2421\" data-end=\"2458\">Weitere unterst\u00fctzende Kofaktoren<\/strong><br data-start=\"2458\" data-end=\"2461\" \/><em data-start=\"2461\" data-end=\"2526\">(Die genaue Zusammensetzung kann je nach Hersteller variieren.)<\/em><\/p>\n<\/li>\n<\/ul>\n<p data-start=\"2528\" data-end=\"2646\"><strong data-start=\"2528\" data-end=\"2553\">Empfohlene Dosierung:<\/strong><br data-start=\"2553\" data-end=\"2556\" \/>Einmal t\u00e4glich eine Tablette zu einer Mahlzeit einnehmen oder gem\u00e4\u00df \u00e4rztlicher Empfehlung.<\/p>\n<p data-start=\"2648\" data-end=\"2931\"><strong data-start=\"2648\" data-end=\"2665\">Warnhinweise:<\/strong><br data-start=\"2665\" data-end=\"2668\" \/>Die empfohlene Tagesdosis nicht \u00fcberschreiten. F\u00fcr Kinder unzug\u00e4nglich aufbewahren. Vor der Anwendung R\u00fccksprache mit einem Arzt oder Apotheker halten bei Schwangerschaft, Stillzeit, bei gleichzeitiger Einnahme von Arzneimitteln oder bei bestehenden Erkrankungen.<\/p>\n<p data-start=\"2933\" data-end=\"3169\"><strong data-start=\"2933\" data-end=\"2967\">Allgemeine Vorsichtsma\u00dfnahmen:<\/strong><br data-start=\"2967\" data-end=\"2970\" \/>Personen mit spezifischen Nervenerkrankungen oder bei langfristiger medikament\u00f6ser Therapie sollten vor der Anwendung \u00e4rztlichen Rat einholen, um eine individuelle und sichere Empfehlung zu erhalten.<\/p>\n<\/div>\n<\/div>\n<\/div>\n<\/div>\n<\/div>\n<\/div>\n<\/article>\n<\/div>\n","protected":false},"excerpt":{"rendered":"<p>Limitless Milga Max 30 Tabletten Beschreibung:Ein Nahrungserg\u00e4nzungsmittel zur Unterst\u00fctzung der Nervengesundheit und zur Linderung nervenbedingter Beschwerden durch eine Kombination aus B-Vitaminen und weiteren N\u00e4hrstoffen, die an der Funktion des Nervensystems beteiligt sind. Anwendungsgebiete:Zur Unterst\u00fctzung der peripheren Nervenfunktion und zur Linderung von nervenbedingten Beschwerden, wenn die N\u00e4hrstoffzufuhr \u00fcber die Ern\u00e4hrung nicht ausreichend ist. Wesentliche Bestandteile (pro&#8230;<\/p>\n","protected":false},"featured_media":8948,"comment_status":"open","ping_status":"closed","template":"","meta":{"rs_blank_template":"","rs_page_bg_color":"","slide_template_v7":"","_bst_post_transparent":"default","_bst_post_title":"","_bst_post_layout":"default","_bst_post_sidebar_id":"","_bst_post_content_style":"default","_bst_post_vertical_padding":"default","_bst_post_feature":"","_bst_post_feature_position":"","_bst_post_header":false,"_bst_post_footer":false},"product_brand":[],"product_cat":[351,217,277,457,229],"product_tag":[],"product_brands":[],"class_list":{"0":"post-8949","1":"product","2":"type-product","3":"status-publish","4":"has-post-thumbnail","6":"product_cat-medical-forms","7":"product_cat-medicines","8":"product_cat-nervous-system-medications","9":"product_cat-tablets-capsules","10":"product_cat-vitamins-general-supplements","12":"first","13":"instock","14":"shipping-taxable","15":"purchasable","16":"product-type-simple","17":"entry","18":"content-bg","19":"loop-entry"},"_links":{"self":[{"href":"https:\/\/nawarpharmacy.com\/de\/wp-json\/wp\/v2\/product\/8949","targetHints":{"allow":["GET"]}}],"collection":[{"href":"https:\/\/nawarpharmacy.com\/de\/wp-json\/wp\/v2\/product"}],"about":[{"href":"https:\/\/nawarpharmacy.com\/de\/wp-json\/wp\/v2\/types\/product"}],"replies":[{"embeddable":true,"href":"https:\/\/nawarpharmacy.com\/de\/wp-json\/wp\/v2\/comments?post=8949"}],"wp:featuredmedia":[{"embeddable":true,"href":"https:\/\/nawarpharmacy.com\/de\/wp-json\/wp\/v2\/media\/8948"}],"wp:attachment":[{"href":"https:\/\/nawarpharmacy.com\/de\/wp-json\/wp\/v2\/media?parent=8949"}],"wp:term":[{"taxonomy":"product_brand","embeddable":true,"href":"https:\/\/nawarpharmacy.com\/de\/wp-json\/wp\/v2\/product_brand?post=8949"},{"taxonomy":"product_cat","embeddable":true,"href":"https:\/\/nawarpharmacy.com\/de\/wp-json\/wp\/v2\/product_cat?post=8949"},{"taxonomy":"product_tag","embeddable":true,"href":"https:\/\/nawarpharmacy.com\/de\/wp-json\/wp\/v2\/product_tag?post=8949"},{"taxonomy":"product_brands","embeddable":true,"href":"https:\/\/nawarpharmacy.com\/de\/wp-json\/wp\/v2\/product_brands?post=8949"}],"curies":[{"name":"wp","href":"https:\/\/api.w.org\/{rel}","templated":true}]}}