{"id":8943,"date":"2025-12-22T00:33:37","date_gmt":"2025-12-22T00:33:37","guid":{"rendered":"https:\/\/nawarpharmacy.com\/?post_type=product&#038;p=8943"},"modified":"2026-01-29T17:35:12","modified_gmt":"2026-01-29T17:35:12","slug":"limitless-prenatal-original-30-tablets","status":"publish","type":"product","link":"https:\/\/nawarpharmacy.com\/de\/produkt\/limitless-prenatal-original-30-tablets\/","title":{"rendered":"Limitless Prenatal Original 30 Tabletten"},"content":{"rendered":"<p data-start=\"2153\" data-end=\"2199\"><strong data-start=\"2153\" data-end=\"2199\">Limitless Prenatal Original 30 Tabletten<\/strong><\/p>\n<p data-start=\"2201\" data-end=\"2405\"><strong data-start=\"2201\" data-end=\"2218\">Beschreibung:<\/strong><br data-start=\"2218\" data-end=\"2221\" \/>Ein umfassendes pr\u00e4natales Vitamin- und Mineralstoffpr\u00e4parat, das speziell zur Unterst\u00fctzung des N\u00e4hrstoffbedarfs von Frauen vor, w\u00e4hrend und nach der Schwangerschaft entwickelt wurde.<\/p>\n<p data-start=\"2407\" data-end=\"2718\"><strong data-start=\"2407\" data-end=\"2429\">Anwendungsgebiete:<\/strong><br data-start=\"2429\" data-end=\"2432\" \/>Zur Unterst\u00fctzung des m\u00fctterlichen N\u00e4hrstoffbedarfs w\u00e4hrend der Phase der Schwangerschaftsplanung, der Schwangerschaft und der Stillzeit; tr\u00e4gt zur normalen Entwicklung des F\u00f6tus, zur Aufrechterhaltung des Energiehaushalts der Mutter sowie zu einem gesunden Schwangerschaftsverlauf bei.<\/p>\n<p data-start=\"2720\" data-end=\"2916\"><strong data-start=\"2720\" data-end=\"2764\">Wesentliche Bestandteile (pro Tablette):<\/strong><br data-start=\"2764\" data-end=\"2767\" \/>Enth\u00e4lt eine ausgewogene Kombination essenzieller Vitamine und Mineralstoffe, die \u00fcblicherweise f\u00fcr die Schwangerschaft empfohlen werden, darunter:<\/p>\n<ul data-start=\"2917\" data-end=\"3375\">\n<li data-start=\"2917\" data-end=\"2998\">\n<p data-start=\"2919\" data-end=\"2998\"><strong data-start=\"2919\" data-end=\"2931\">Fols\u00e4ure<\/strong> \u2014 unterst\u00fctzt die normale Entwicklung des Neuralrohrs des F\u00f6tus;<\/p>\n<\/li>\n<li data-start=\"2999\" data-end=\"3073\">\n<p data-start=\"3001\" data-end=\"3073\"><strong data-start=\"3001\" data-end=\"3010\">Eisen<\/strong> \u2014 unterst\u00fctzt die Blutbildung und hilft, An\u00e4mie vorzubeugen;<\/p>\n<\/li>\n<li data-start=\"3074\" data-end=\"3148\">\n<p data-start=\"3076\" data-end=\"3148\"><strong data-start=\"3076\" data-end=\"3101\">Calcium und Vitamin D<\/strong> \u2014 tragen zur Erhaltung gesunder Knochen bei;<\/p>\n<\/li>\n<li data-start=\"3149\" data-end=\"3221\">\n<p data-start=\"3151\" data-end=\"3221\"><strong data-start=\"3151\" data-end=\"3179\">Vitamine des B-Komplexes<\/strong> \u2014 unterst\u00fctzen den Energiestoffwechsel;<\/p>\n<\/li>\n<li data-start=\"3222\" data-end=\"3292\">\n<p data-start=\"3224\" data-end=\"3292\"><strong data-start=\"3224\" data-end=\"3256\">Vitamin C und Antioxidantien<\/strong> \u2014 unterst\u00fctzen die Immunfunktion;<\/p>\n<\/li>\n<li data-start=\"3293\" data-end=\"3375\">\n<p data-start=\"3295\" data-end=\"3375\"><strong data-start=\"3295\" data-end=\"3322\">Weitere Mikron\u00e4hrstoffe<\/strong>, die zum Wohlbefinden von Mutter und Kind beitragen.<\/p>\n<\/li>\n<\/ul>\n<p data-start=\"3377\" data-end=\"3495\"><strong data-start=\"3377\" data-end=\"3402\">Empfohlene Dosierung:<\/strong><br data-start=\"3402\" data-end=\"3405\" \/>Einmal t\u00e4glich eine Tablette zu einer Mahlzeit einnehmen oder gem\u00e4\u00df \u00e4rztlicher Empfehlung.<\/p>\n<p data-start=\"3497\" data-end=\"3780\"><strong data-start=\"3497\" data-end=\"3514\">Warnhinweise:<\/strong><br data-start=\"3514\" data-end=\"3517\" \/>Die empfohlene Tagesdosis nicht \u00fcberschreiten. F\u00fcr Kinder unzug\u00e4nglich aufbewahren. Vor der Anwendung R\u00fccksprache mit einem Arzt oder Apotheker halten bei Schwangerschaft, Stillzeit, bei gleichzeitiger Einnahme von Arzneimitteln oder bei bestehenden Erkrankungen.<\/p>\n<p data-start=\"3782\" data-end=\"4045\"><strong data-start=\"3782\" data-end=\"3816\">Allgemeine Vorsichtsma\u00dfnahmen:<\/strong><br data-start=\"3816\" data-end=\"3819\" \/>Eisenhaltige Pr\u00e4parate k\u00f6nnen bei einigen Personen Magen-Darm-Beschwerden verursachen. W\u00e4hrend der Schwangerschaft wird eine regelm\u00e4\u00dfige \u00e4rztliche \u00dcberwachung empfohlen, um eine angemessene N\u00e4hrstoffversorgung sicherzustellen.<\/p>\n","protected":false},"excerpt":{"rendered":"<p>Limitless Prenatal Original 30 Tabletten Beschreibung:Ein umfassendes pr\u00e4natales Vitamin- und Mineralstoffpr\u00e4parat, das speziell zur Unterst\u00fctzung des N\u00e4hrstoffbedarfs von Frauen vor, w\u00e4hrend und nach der Schwangerschaft entwickelt wurde. Anwendungsgebiete:Zur Unterst\u00fctzung des m\u00fctterlichen N\u00e4hrstoffbedarfs w\u00e4hrend der Phase der Schwangerschaftsplanung, der Schwangerschaft und der Stillzeit; tr\u00e4gt zur normalen Entwicklung des F\u00f6tus, zur Aufrechterhaltung des Energiehaushalts der Mutter sowie&#8230;<\/p>\n","protected":false},"featured_media":8942,"comment_status":"open","ping_status":"closed","template":"","meta":{"rs_blank_template":"","rs_page_bg_color":"","slide_template_v7":"","_bst_post_transparent":"default","_bst_post_title":"","_bst_post_layout":"default","_bst_post_sidebar_id":"","_bst_post_content_style":"default","_bst_post_vertical_padding":"default","_bst_post_feature":"","_bst_post_feature_position":"","_bst_post_header":false,"_bst_post_footer":false},"product_brand":[],"product_cat":[351,217,457,229],"product_tag":[],"product_brands":[],"class_list":{"0":"post-8943","1":"product","2":"type-product","3":"status-publish","4":"has-post-thumbnail","6":"product_cat-medical-forms","7":"product_cat-medicines","8":"product_cat-tablets-capsules","9":"product_cat-vitamins-general-supplements","11":"first","12":"instock","13":"shipping-taxable","14":"purchasable","15":"product-type-simple","16":"entry","17":"content-bg","18":"loop-entry"},"_links":{"self":[{"href":"https:\/\/nawarpharmacy.com\/de\/wp-json\/wp\/v2\/product\/8943","targetHints":{"allow":["GET"]}}],"collection":[{"href":"https:\/\/nawarpharmacy.com\/de\/wp-json\/wp\/v2\/product"}],"about":[{"href":"https:\/\/nawarpharmacy.com\/de\/wp-json\/wp\/v2\/types\/product"}],"replies":[{"embeddable":true,"href":"https:\/\/nawarpharmacy.com\/de\/wp-json\/wp\/v2\/comments?post=8943"}],"wp:featuredmedia":[{"embeddable":true,"href":"https:\/\/nawarpharmacy.com\/de\/wp-json\/wp\/v2\/media\/8942"}],"wp:attachment":[{"href":"https:\/\/nawarpharmacy.com\/de\/wp-json\/wp\/v2\/media?parent=8943"}],"wp:term":[{"taxonomy":"product_brand","embeddable":true,"href":"https:\/\/nawarpharmacy.com\/de\/wp-json\/wp\/v2\/product_brand?post=8943"},{"taxonomy":"product_cat","embeddable":true,"href":"https:\/\/nawarpharmacy.com\/de\/wp-json\/wp\/v2\/product_cat?post=8943"},{"taxonomy":"product_tag","embeddable":true,"href":"https:\/\/nawarpharmacy.com\/de\/wp-json\/wp\/v2\/product_tag?post=8943"},{"taxonomy":"product_brands","embeddable":true,"href":"https:\/\/nawarpharmacy.com\/de\/wp-json\/wp\/v2\/product_brands?post=8943"}],"curies":[{"name":"wp","href":"https:\/\/api.w.org\/{rel}","templated":true}]}}