{"id":8918,"date":"2025-12-22T00:41:01","date_gmt":"2025-12-22T00:41:01","guid":{"rendered":"https:\/\/nawarpharmacy.com\/?post_type=product&#038;p=8918"},"modified":"2026-01-29T17:20:15","modified_gmt":"2026-01-29T17:20:15","slug":"linorose-1000mg-30-capsules","status":"publish","type":"product","link":"https:\/\/nawarpharmacy.com\/de\/produkt\/linorose-1000mg-30-capsules\/","title":{"rendered":"Linorose 1000mg 30 Kapseln"},"content":{"rendered":"<p data-start=\"1651\" data-end=\"1684\"><strong data-start=\"1651\" data-end=\"1684\">Linorose 1000mg 30 Kapseln<\/strong><\/p>\n<p data-start=\"1686\" data-end=\"1954\"><strong data-start=\"1686\" data-end=\"1703\">Beschreibung:<\/strong><br data-start=\"1703\" data-end=\"1706\" \/>Ein Nahrungserg\u00e4nzungsmittel zur Bereitstellung von Linols\u00e4ure (h\u00e4ufig in Form von Gamma-Linolens\u00e4ure oder verwandten essenziellen Fetts\u00e4uren) zur Unterst\u00fctzung der Hautgesundheit, des metabolischen Gleichgewichts und des allgemeinen Wohlbefindens.<\/p>\n<p data-start=\"1956\" data-end=\"2195\"><strong data-start=\"1956\" data-end=\"1978\">Anwendungsgebiete:<\/strong><br data-start=\"1978\" data-end=\"1981\" \/>Zur Unterst\u00fctzung gesunder Haut und Haare, zur Aufrechterhaltung eines normalen Entz\u00fcndungsgleichgewichts sowie zur Deckung des N\u00e4hrstoffbedarfs bei unzureichender Zufuhr essenzieller Fetts\u00e4uren \u00fcber die Ern\u00e4hrung.<\/p>\n<p data-start=\"2197\" data-end=\"2291\"><strong data-start=\"2197\" data-end=\"2224\">Wirkstoff (pro Kapsel):<\/strong><br data-start=\"2224\" data-end=\"2227\" \/>Linols\u00e4ure (oder eine Quelle essenzieller Fetts\u00e4uren) \u2014 1000 mg.<\/p>\n<p data-start=\"2293\" data-end=\"2409\"><strong data-start=\"2293\" data-end=\"2318\">Empfohlene Dosierung:<\/strong><br data-start=\"2318\" data-end=\"2321\" \/>Einmal t\u00e4glich eine Kapsel zu einer Mahlzeit einnehmen oder gem\u00e4\u00df \u00e4rztlicher Empfehlung.<\/p>\n<p data-start=\"2411\" data-end=\"2726\"><strong data-start=\"2411\" data-end=\"2428\">Warnhinweise:<\/strong><br data-start=\"2428\" data-end=\"2431\" \/>Die empfohlene Tagesdosis nicht \u00fcberschreiten. F\u00fcr Kinder unzug\u00e4nglich aufbewahren. Vor der Anwendung R\u00fccksprache mit einem Arzt oder Apotheker halten bei Schwangerschaft, Stillzeit, bei gleichzeitiger Einnahme von Arzneimitteln (insbesondere Antikoagulanzien) oder bei bestehenden Erkrankungen.<\/p>\n<p data-start=\"2728\" data-end=\"3001\"><strong data-start=\"2728\" data-end=\"2762\">Allgemeine Vorsichtsma\u00dfnahmen:<\/strong><br data-start=\"2762\" data-end=\"2765\" \/>Personen mit Blutgerinnungsst\u00f6rungen oder bei gleichzeitiger Einnahme von blutverd\u00fcnnenden Medikamenten sollten das Produkt mit Vorsicht anwenden. Bei Auftreten unerw\u00fcnschter Wirkungen die Einnahme abbrechen und einen Arzt konsultieren.<\/p>\n","protected":false},"excerpt":{"rendered":"<p>Linorose 1000mg 30 Kapseln Beschreibung:Ein Nahrungserg\u00e4nzungsmittel zur Bereitstellung von Linols\u00e4ure (h\u00e4ufig in Form von Gamma-Linolens\u00e4ure oder verwandten essenziellen Fetts\u00e4uren) zur Unterst\u00fctzung der Hautgesundheit, des metabolischen Gleichgewichts und des allgemeinen Wohlbefindens. Anwendungsgebiete:Zur Unterst\u00fctzung gesunder Haut und Haare, zur Aufrechterhaltung eines normalen Entz\u00fcndungsgleichgewichts sowie zur Deckung des N\u00e4hrstoffbedarfs bei unzureichender Zufuhr essenzieller Fetts\u00e4uren \u00fcber die Ern\u00e4hrung. Wirkstoff&#8230;<\/p>\n","protected":false},"featured_media":8917,"comment_status":"open","ping_status":"closed","template":"","meta":{"rs_blank_template":"","rs_page_bg_color":"","slide_template_v7":"","_bst_post_transparent":"default","_bst_post_title":"","_bst_post_layout":"default","_bst_post_sidebar_id":"","_bst_post_content_style":"default","_bst_post_vertical_padding":"default","_bst_post_feature":"","_bst_post_feature_position":"","_bst_post_header":false,"_bst_post_footer":false},"product_brand":[],"product_cat":[351,313,217,457,229],"product_tag":[],"product_brands":[],"class_list":{"0":"post-8918","1":"product","2":"type-product","3":"status-publish","4":"has-post-thumbnail","6":"product_cat-medical-forms","7":"product_cat-feminine-care","8":"product_cat-medicines","9":"product_cat-tablets-capsules","10":"product_cat-vitamins-general-supplements","12":"first","13":"instock","14":"shipping-taxable","15":"purchasable","16":"product-type-simple","17":"entry","18":"content-bg","19":"loop-entry"},"_links":{"self":[{"href":"https:\/\/nawarpharmacy.com\/de\/wp-json\/wp\/v2\/product\/8918","targetHints":{"allow":["GET"]}}],"collection":[{"href":"https:\/\/nawarpharmacy.com\/de\/wp-json\/wp\/v2\/product"}],"about":[{"href":"https:\/\/nawarpharmacy.com\/de\/wp-json\/wp\/v2\/types\/product"}],"replies":[{"embeddable":true,"href":"https:\/\/nawarpharmacy.com\/de\/wp-json\/wp\/v2\/comments?post=8918"}],"wp:featuredmedia":[{"embeddable":true,"href":"https:\/\/nawarpharmacy.com\/de\/wp-json\/wp\/v2\/media\/8917"}],"wp:attachment":[{"href":"https:\/\/nawarpharmacy.com\/de\/wp-json\/wp\/v2\/media?parent=8918"}],"wp:term":[{"taxonomy":"product_brand","embeddable":true,"href":"https:\/\/nawarpharmacy.com\/de\/wp-json\/wp\/v2\/product_brand?post=8918"},{"taxonomy":"product_cat","embeddable":true,"href":"https:\/\/nawarpharmacy.com\/de\/wp-json\/wp\/v2\/product_cat?post=8918"},{"taxonomy":"product_tag","embeddable":true,"href":"https:\/\/nawarpharmacy.com\/de\/wp-json\/wp\/v2\/product_tag?post=8918"},{"taxonomy":"product_brands","embeddable":true,"href":"https:\/\/nawarpharmacy.com\/de\/wp-json\/wp\/v2\/product_brands?post=8918"}],"curies":[{"name":"wp","href":"https:\/\/api.w.org\/{rel}","templated":true}]}}