{"id":8902,"date":"2025-12-22T07:18:17","date_gmt":"2025-12-22T07:18:17","guid":{"rendered":"https:\/\/nawarpharmacy.com\/?post_type=product&#038;p=8902"},"modified":"2026-01-29T17:17:13","modified_gmt":"2026-01-29T17:17:13","slug":"mag-whites-30-tablets","status":"publish","type":"product","link":"https:\/\/nawarpharmacy.com\/de\/produkt\/mag-whites-30-tablets\/","title":{"rendered":"Mag Whites 30 Tabletten"},"content":{"rendered":"<div class=\"flex flex-col text-sm pb-25\">\n<article class=\"text-token-text-primary w-full focus:outline-none [--shadow-height:45px] has-data-writing-block:pointer-events-none has-data-writing-block:-mt-(--shadow-height) has-data-writing-block:pt-(--shadow-height) [&amp;:has([data-writing-block])&gt;*]:pointer-events-auto scroll-mt-[calc(var(--header-height)+min(200px,max(70px,20svh)))]\" dir=\"auto\" data-turn-id=\"request-694e6b10-04e8-832b-952c-d7399b2e4344-11\" data-testid=\"conversation-turn-72\" data-scroll-anchor=\"true\" data-turn=\"assistant\">\n<div class=\"text-base my-auto mx-auto pb-10 [--thread-content-margin:--spacing(4)] @w-sm\/main:[--thread-content-margin:--spacing(6)] @w-lg\/main:[--thread-content-margin:--spacing(16)] px-(--thread-content-margin)\">\n<div class=\"[--thread-content-max-width:40rem] @w-lg\/main:[--thread-content-max-width:48rem] mx-auto max-w-(--thread-content-max-width) flex-1 group\/turn-messages focus-visible:outline-hidden relative flex w-full min-w-0 flex-col agent-turn\">\n<div class=\"flex max-w-full flex-col grow\">\n<div class=\"min-h-8 text-message relative flex w-full flex-col items-end gap-2 text-start break-words whitespace-normal [.text-message+&amp;]:mt-1\" dir=\"auto\" data-message-author-role=\"assistant\" data-message-id=\"76553bcb-f887-4632-ac19-8b8858ee0999\" data-message-model-slug=\"gpt-5-mini\">\n<div class=\"flex w-full flex-col gap-1 empty:hidden first:pt-[1px]\">\n<div class=\"markdown prose dark:prose-invert w-full break-words light markdown-new-styling\">\n<p data-start=\"1927\" data-end=\"1956\"><strong data-start=\"1927\" data-end=\"1956\">Mag Whites 30 Tabletten<\/strong><\/p>\n<p data-start=\"1958\" data-end=\"2265\"><strong data-start=\"1958\" data-end=\"1975\">Beschreibung:<\/strong><br data-start=\"1975\" data-end=\"1978\" \/>Ein Magnesium-Nahrungserg\u00e4nzungsmittel mit hoch bioverf\u00fcgbarem Magnesium in Form von Magnesiumglycinat. Magnesium ist ein essenzieller Mineralstoff, der an zahlreichen biochemischen Prozessen beteiligt ist, darunter Muskel- und Nervenfunktion, Energiestoffwechsel und Elektrolythaushalt.<\/p>\n<p data-start=\"2267\" data-end=\"2586\"><strong data-start=\"2267\" data-end=\"2289\">Anwendungsgebiete:<\/strong><br data-start=\"2289\" data-end=\"2292\" \/>Zur Unterst\u00fctzung bei der Reduktion von Muskelkr\u00e4mpfen und -spasmen, zur Linderung von Beinkr\u00e4mpfen, zur Verbesserung der sportlichen Leistungsf\u00e4higkeit und Regeneration, zur Unterst\u00fctzung der Knochengesundheit sowie zur F\u00f6rderung des allgemeinen Stoffwechsel- und Herz-Kreislauf-Wohlbefindens.<\/p>\n<p data-start=\"2588\" data-end=\"2663\"><strong data-start=\"2588\" data-end=\"2617\">Wirkstoff (pro Tablette):<\/strong><br data-start=\"2617\" data-end=\"2620\" \/>Magnesium (als Magnesiumglycinat) \u2014 500 mg.<\/p>\n<p data-start=\"2665\" data-end=\"2821\"><strong data-start=\"2665\" data-end=\"2690\">Empfohlene Dosierung:<\/strong><br data-start=\"2690\" data-end=\"2693\" \/>Einmal t\u00e4glich eine Tablette mit ausreichend Wasser einnehmen, vorzugsweise zu einer Mahlzeit, oder gem\u00e4\u00df \u00e4rztlicher Empfehlung.<\/p>\n<p data-start=\"2823\" data-end=\"3285\"><strong data-start=\"2823\" data-end=\"2840\">Warnhinweise:<\/strong><br data-start=\"2840\" data-end=\"2843\" \/>Die empfohlene Tagesdosis nicht \u00fcberschreiten. F\u00fcr Kinder unzug\u00e4nglich aufbewahren. Vor der Anwendung R\u00fccksprache mit einem Arzt oder Apotheker halten bei Schwangerschaft, Stillzeit, bei gleichzeitiger Einnahme von Arzneimitteln oder bei bestehenden Erkrankungen, insbesondere Nierenerkrankungen. Magnesiumpr\u00e4parate k\u00f6nnen mit bestimmten Arzneimitteln und gesundheitlichen Zust\u00e4nden interagieren, daher wird eine fachliche Beratung empfohlen.<\/p>\n<p data-start=\"3287\" data-end=\"3532\"><strong data-start=\"3287\" data-end=\"3306\">Nebenwirkungen:<\/strong><br data-start=\"3306\" data-end=\"3309\" \/>Magen-Darm-Beschwerden wie Durchfall oder Bauchkr\u00e4mpfe k\u00f6nnen auftreten, insbesondere bei h\u00f6heren Dosierungen. In seltenen F\u00e4llen kann eine sehr hohe Magnesiumzufuhr zu Herzrhythmusst\u00f6rungen oder niedrigem Blutdruck f\u00fchren.<\/p>\n<\/div>\n<\/div>\n<\/div>\n<\/div>\n<\/div>\n<\/div>\n<\/article>\n<\/div>\n","protected":false},"excerpt":{"rendered":"<p>Mag Whites 30 Tabletten Beschreibung:Ein Magnesium-Nahrungserg\u00e4nzungsmittel mit hoch bioverf\u00fcgbarem Magnesium in Form von Magnesiumglycinat. Magnesium ist ein essenzieller Mineralstoff, der an zahlreichen biochemischen Prozessen beteiligt ist, darunter Muskel- und Nervenfunktion, Energiestoffwechsel und Elektrolythaushalt. Anwendungsgebiete:Zur Unterst\u00fctzung bei der Reduktion von Muskelkr\u00e4mpfen und -spasmen, zur Linderung von Beinkr\u00e4mpfen, zur Verbesserung der sportlichen Leistungsf\u00e4higkeit und Regeneration, zur Unterst\u00fctzung&#8230;<\/p>\n","protected":false},"featured_media":0,"comment_status":"open","ping_status":"closed","template":"","meta":{"rs_blank_template":"","rs_page_bg_color":"","slide_template_v7":"","_bst_post_transparent":"default","_bst_post_title":"","_bst_post_layout":"default","_bst_post_sidebar_id":"","_bst_post_content_style":"default","_bst_post_vertical_padding":"default","_bst_post_feature":"","_bst_post_feature_position":"","_bst_post_header":false,"_bst_post_footer":false},"product_brand":[],"product_cat":[351,239,217,457,229],"product_tag":[],"product_brands":[],"class_list":{"0":"post-8902","1":"product","2":"type-product","3":"status-publish","5":"product_cat-medical-forms","6":"product_cat-bone-joint-health","7":"product_cat-medicines","8":"product_cat-tablets-capsules","9":"product_cat-vitamins-general-supplements","11":"first","12":"instock","13":"shipping-taxable","14":"purchasable","15":"product-type-simple","16":"entry","17":"content-bg","18":"loop-entry"},"_links":{"self":[{"href":"https:\/\/nawarpharmacy.com\/de\/wp-json\/wp\/v2\/product\/8902","targetHints":{"allow":["GET"]}}],"collection":[{"href":"https:\/\/nawarpharmacy.com\/de\/wp-json\/wp\/v2\/product"}],"about":[{"href":"https:\/\/nawarpharmacy.com\/de\/wp-json\/wp\/v2\/types\/product"}],"replies":[{"embeddable":true,"href":"https:\/\/nawarpharmacy.com\/de\/wp-json\/wp\/v2\/comments?post=8902"}],"wp:attachment":[{"href":"https:\/\/nawarpharmacy.com\/de\/wp-json\/wp\/v2\/media?parent=8902"}],"wp:term":[{"taxonomy":"product_brand","embeddable":true,"href":"https:\/\/nawarpharmacy.com\/de\/wp-json\/wp\/v2\/product_brand?post=8902"},{"taxonomy":"product_cat","embeddable":true,"href":"https:\/\/nawarpharmacy.com\/de\/wp-json\/wp\/v2\/product_cat?post=8902"},{"taxonomy":"product_tag","embeddable":true,"href":"https:\/\/nawarpharmacy.com\/de\/wp-json\/wp\/v2\/product_tag?post=8902"},{"taxonomy":"product_brands","embeddable":true,"href":"https:\/\/nawarpharmacy.com\/de\/wp-json\/wp\/v2\/product_brands?post=8902"}],"curies":[{"name":"wp","href":"https:\/\/api.w.org\/{rel}","templated":true}]}}