{"id":8889,"date":"2025-12-22T07:24:23","date_gmt":"2025-12-22T07:24:23","guid":{"rendered":"https:\/\/nawarpharmacy.com\/?post_type=product&#038;p=8889"},"modified":"2026-01-29T17:08:17","modified_gmt":"2026-01-29T17:08:17","slug":"magne-b6-90-tablets","status":"publish","type":"product","link":"https:\/\/nawarpharmacy.com\/de\/produkt\/magne-b6-90-tablets\/","title":{"rendered":"Magne B6 90 Tabletten"},"content":{"rendered":"<div class=\"flex max-w-full flex-col grow\">\n<div class=\"min-h-8 text-message relative flex w-full flex-col items-end gap-2 text-start break-words whitespace-normal [.text-message+&amp;]:mt-1\" dir=\"auto\" data-message-author-role=\"assistant\" data-message-id=\"c0be3d00-65bc-4ffe-9786-9f8f041c9336\" data-message-model-slug=\"gpt-5-2\">\n<div class=\"flex w-full flex-col gap-1 empty:hidden first:pt-[1px]\">\n<div class=\"markdown prose dark:prose-invert w-full break-words light markdown-new-styling\">\n<p data-start=\"1456\" data-end=\"1483\"><strong data-start=\"1456\" data-end=\"1483\">Magne B6 90 Tabletten<\/strong><\/p>\n<p data-start=\"1485\" data-end=\"1668\"><strong data-start=\"1485\" data-end=\"1502\">Beschreibung:<\/strong><br data-start=\"1502\" data-end=\"1505\" \/>Ein Nahrungserg\u00e4nzungsmittel mit Magnesium und Vitamin B6 zur Unterst\u00fctzung der normalen Muskelfunktion, der Nervengesundheit sowie wichtiger Stoffwechselprozesse.<\/p>\n<p data-start=\"1670\" data-end=\"1893\"><strong data-start=\"1670\" data-end=\"1692\">Anwendungsgebiete:<\/strong><br data-start=\"1692\" data-end=\"1695\" \/>Zur Unterst\u00fctzung der normalen Muskelfunktion, zur Verringerung von M\u00fcdigkeit und Erm\u00fcdung, zur Aufrechterhaltung des Elektrolytgleichgewichts sowie zur Unterst\u00fctzung der Funktion des Nervensystems.<\/p>\n<p data-start=\"1895\" data-end=\"1927\"><strong data-start=\"1895\" data-end=\"1925\">Wirkstoffe (pro Tablette):<\/strong><\/p>\n<ul data-start=\"1928\" data-end=\"1986\">\n<li data-start=\"1928\" data-end=\"1957\">\n<p data-start=\"1930\" data-end=\"1957\"><strong data-start=\"1930\" data-end=\"1955\">Magnesium (elementar)<\/strong><\/p>\n<\/li>\n<li data-start=\"1958\" data-end=\"1986\">\n<p data-start=\"1960\" data-end=\"1986\"><strong data-start=\"1960\" data-end=\"1986\">Vitamin B6 (Pyridoxin)<\/strong><\/p>\n<\/li>\n<\/ul>\n<p data-start=\"1988\" data-end=\"2106\"><strong data-start=\"1988\" data-end=\"2013\">Empfohlene Dosierung:<\/strong><br data-start=\"2013\" data-end=\"2016\" \/>Einmal t\u00e4glich eine Tablette zu einer Mahlzeit einnehmen oder gem\u00e4\u00df \u00e4rztlicher Empfehlung.<\/p>\n<p data-start=\"2108\" data-end=\"2424\"><strong data-start=\"2108\" data-end=\"2125\">Warnhinweise:<\/strong><br data-start=\"2125\" data-end=\"2128\" \/>Die empfohlene Tagesdosis nicht \u00fcberschreiten. F\u00fcr Kinder unzug\u00e4nglich aufbewahren. Vor der Anwendung R\u00fccksprache mit einem Arzt oder Apotheker halten bei Schwangerschaft, Stillzeit, bei gleichzeitiger Einnahme von Arzneimitteln oder bei bestehenden Erkrankungen, insbesondere Nierenerkrankungen.<\/p>\n<p data-start=\"2426\" data-end=\"2634\"><strong data-start=\"2426\" data-end=\"2460\">Allgemeine Vorsichtsma\u00dfnahmen:<\/strong><br data-start=\"2460\" data-end=\"2463\" \/>Hohe Magnesiumdosen k\u00f6nnen Magen-Darm-Beschwerden wie Durchfall verursachen. Personen mit eingeschr\u00e4nkter Nierenfunktion sollten vor der Anwendung \u00e4rztlichen Rat einholen.<\/p>\n<\/div>\n<\/div>\n<\/div>\n<\/div>\n","protected":false},"excerpt":{"rendered":"<p>Magne B6 90 Tabletten Beschreibung:Ein Nahrungserg\u00e4nzungsmittel mit Magnesium und Vitamin B6 zur Unterst\u00fctzung der normalen Muskelfunktion, der Nervengesundheit sowie wichtiger Stoffwechselprozesse. Anwendungsgebiete:Zur Unterst\u00fctzung der normalen Muskelfunktion, zur Verringerung von M\u00fcdigkeit und Erm\u00fcdung, zur Aufrechterhaltung des Elektrolytgleichgewichts sowie zur Unterst\u00fctzung der Funktion des Nervensystems. Wirkstoffe (pro Tablette): Magnesium (elementar) Vitamin B6 (Pyridoxin) Empfohlene Dosierung:Einmal t\u00e4glich eine&#8230;<\/p>\n","protected":false},"featured_media":0,"comment_status":"open","ping_status":"closed","template":"","meta":{"rs_blank_template":"","rs_page_bg_color":"","slide_template_v7":"","_bst_post_transparent":"default","_bst_post_title":"","_bst_post_layout":"default","_bst_post_sidebar_id":"","_bst_post_content_style":"default","_bst_post_vertical_padding":"default","_bst_post_feature":"","_bst_post_feature_position":"","_bst_post_header":false,"_bst_post_footer":false},"product_brand":[],"product_cat":[351,239,217,457,229],"product_tag":[],"product_brands":[],"class_list":{"0":"post-8889","1":"product","2":"type-product","3":"status-publish","5":"product_cat-medical-forms","6":"product_cat-bone-joint-health","7":"product_cat-medicines","8":"product_cat-tablets-capsules","9":"product_cat-vitamins-general-supplements","11":"first","12":"instock","13":"shipping-taxable","14":"purchasable","15":"product-type-simple","16":"entry","17":"content-bg","18":"loop-entry"},"_links":{"self":[{"href":"https:\/\/nawarpharmacy.com\/de\/wp-json\/wp\/v2\/product\/8889","targetHints":{"allow":["GET"]}}],"collection":[{"href":"https:\/\/nawarpharmacy.com\/de\/wp-json\/wp\/v2\/product"}],"about":[{"href":"https:\/\/nawarpharmacy.com\/de\/wp-json\/wp\/v2\/types\/product"}],"replies":[{"embeddable":true,"href":"https:\/\/nawarpharmacy.com\/de\/wp-json\/wp\/v2\/comments?post=8889"}],"wp:attachment":[{"href":"https:\/\/nawarpharmacy.com\/de\/wp-json\/wp\/v2\/media?parent=8889"}],"wp:term":[{"taxonomy":"product_brand","embeddable":true,"href":"https:\/\/nawarpharmacy.com\/de\/wp-json\/wp\/v2\/product_brand?post=8889"},{"taxonomy":"product_cat","embeddable":true,"href":"https:\/\/nawarpharmacy.com\/de\/wp-json\/wp\/v2\/product_cat?post=8889"},{"taxonomy":"product_tag","embeddable":true,"href":"https:\/\/nawarpharmacy.com\/de\/wp-json\/wp\/v2\/product_tag?post=8889"},{"taxonomy":"product_brands","embeddable":true,"href":"https:\/\/nawarpharmacy.com\/de\/wp-json\/wp\/v2\/product_brands?post=8889"}],"curies":[{"name":"wp","href":"https:\/\/api.w.org\/{rel}","templated":true}]}}