{"id":8863,"date":"2025-12-22T07:36:29","date_gmt":"2025-12-22T07:36:29","guid":{"rendered":"https:\/\/nawarpharmacy.com\/?post_type=product&#038;p=8863"},"modified":"2026-01-29T16:56:37","modified_gmt":"2026-01-29T16:56:37","slug":"organic-nation-melatonin-5mg-60-tablets","status":"publish","type":"product","link":"https:\/\/nawarpharmacy.com\/de\/produkt\/organic-nation-melatonin-5mg-60-tablets\/","title":{"rendered":"Organic Nation Melatonin 5mg 60 Tabletten"},"content":{"rendered":"<p data-start=\"1643\" data-end=\"1691\"><strong data-start=\"1643\" data-end=\"1691\">Organic Nation Melatonin 5mg 60 Tabletten<\/strong><\/p>\n<p data-start=\"1693\" data-end=\"1889\"><strong data-start=\"1693\" data-end=\"1710\">Beschreibung:<\/strong><br data-start=\"1710\" data-end=\"1713\" \/>Ein Nahrungserg\u00e4nzungsmittel mit Melatonin, einem nat\u00fcrlich vorkommenden Hormon zur Regulation des Schlaf-Wach-Rhythmus und zur F\u00f6rderung eines erholsamen, nat\u00fcrlichen Schlafs.<\/p>\n<p data-start=\"1891\" data-end=\"2104\"><strong data-start=\"1891\" data-end=\"1913\">Anwendungsgebiete:<\/strong><br data-start=\"1913\" data-end=\"1916\" \/>Zur Unterst\u00fctzung des Einschlafens und der Aufrechterhaltung eines gesunden Schlafrhythmus; kann bei gelegentlicher Schlaflosigkeit, Jetlag oder unregelm\u00e4\u00dfigen Schlafzeiten hilfreich sein.<\/p>\n<p data-start=\"2106\" data-end=\"2155\"><strong data-start=\"2106\" data-end=\"2135\">Wirkstoff (pro Tablette):<\/strong><br data-start=\"2135\" data-end=\"2138\" \/>Melatonin \u2014 5 mg.<\/p>\n<p data-start=\"2157\" data-end=\"2280\"><strong data-start=\"2157\" data-end=\"2182\">Empfohlene Dosierung:<\/strong><br data-start=\"2182\" data-end=\"2185\" \/>Eine Tablette etwa 30 Minuten vor dem Schlafengehen einnehmen oder gem\u00e4\u00df \u00e4rztlicher Empfehlung.<\/p>\n<p data-start=\"2282\" data-end=\"2609\"><strong data-start=\"2282\" data-end=\"2299\">Warnhinweise:<\/strong><br data-start=\"2299\" data-end=\"2302\" \/>Die empfohlene Tagesdosis nicht \u00fcberschreiten. F\u00fcr Kinder unzug\u00e4nglich aufbewahren. Vor der Anwendung R\u00fccksprache mit einem Arzt oder Apotheker halten bei Schwangerschaft, Stillzeit, bei gleichzeitiger Einnahme von Arzneimitteln (insbesondere Sedativa oder Antidepressiva) oder bei bestehenden Erkrankungen.<\/p>\n<p data-start=\"2611\" data-end=\"2938\"><strong data-start=\"2611\" data-end=\"2645\">Allgemeine Vorsichtsma\u00dfnahmen:<\/strong><br data-start=\"2645\" data-end=\"2648\" \/>Kann Schl\u00e4frigkeit verursachen. Nach der Einnahme sollten keine Fahrzeuge gef\u00fchrt oder Maschinen bedient werden. Vorsicht ist geboten bei Personen mit Stimmungsst\u00f6rungen oder hormonellen Erkrankungen. Bei Auftreten unerw\u00fcnschter Wirkungen die Einnahme abbrechen und einen Arzt konsultieren.<\/p>\n<p data-start=\"2940\" data-end=\"3000\"><strong data-start=\"2940\" data-end=\"2961\">Darreichungsform:<\/strong><br data-start=\"2961\" data-end=\"2964\" \/>Tabletten, 60 Tabletten pro Packung.<\/p>\n","protected":false},"excerpt":{"rendered":"<p>Organic Nation Melatonin 5mg 60 Tabletten Beschreibung:Ein Nahrungserg\u00e4nzungsmittel mit Melatonin, einem nat\u00fcrlich vorkommenden Hormon zur Regulation des Schlaf-Wach-Rhythmus und zur F\u00f6rderung eines erholsamen, nat\u00fcrlichen Schlafs. Anwendungsgebiete:Zur Unterst\u00fctzung des Einschlafens und der Aufrechterhaltung eines gesunden Schlafrhythmus; kann bei gelegentlicher Schlaflosigkeit, Jetlag oder unregelm\u00e4\u00dfigen Schlafzeiten hilfreich sein. Wirkstoff (pro Tablette):Melatonin \u2014 5 mg. Empfohlene Dosierung:Eine Tablette etwa&#8230;<\/p>\n","protected":false},"featured_media":8862,"comment_status":"open","ping_status":"closed","template":"","meta":{"rs_blank_template":"","rs_page_bg_color":"","slide_template_v7":"","_bst_post_transparent":"default","_bst_post_title":"","_bst_post_layout":"default","_bst_post_sidebar_id":"","_bst_post_content_style":"default","_bst_post_vertical_padding":"default","_bst_post_feature":"","_bst_post_feature_position":"","_bst_post_header":false,"_bst_post_footer":false},"product_brand":[],"product_cat":[351,217,419,457,229],"product_tag":[],"product_brands":[],"class_list":{"0":"post-8863","1":"product","2":"type-product","3":"status-publish","4":"has-post-thumbnail","6":"product_cat-medical-forms","7":"product_cat-medicines","8":"product_cat-sleep-sedative-medicines","9":"product_cat-tablets-capsules","10":"product_cat-vitamins-general-supplements","12":"first","13":"instock","14":"shipping-taxable","15":"purchasable","16":"product-type-simple","17":"entry","18":"content-bg","19":"loop-entry"},"_links":{"self":[{"href":"https:\/\/nawarpharmacy.com\/de\/wp-json\/wp\/v2\/product\/8863","targetHints":{"allow":["GET"]}}],"collection":[{"href":"https:\/\/nawarpharmacy.com\/de\/wp-json\/wp\/v2\/product"}],"about":[{"href":"https:\/\/nawarpharmacy.com\/de\/wp-json\/wp\/v2\/types\/product"}],"replies":[{"embeddable":true,"href":"https:\/\/nawarpharmacy.com\/de\/wp-json\/wp\/v2\/comments?post=8863"}],"wp:featuredmedia":[{"embeddable":true,"href":"https:\/\/nawarpharmacy.com\/de\/wp-json\/wp\/v2\/media\/8862"}],"wp:attachment":[{"href":"https:\/\/nawarpharmacy.com\/de\/wp-json\/wp\/v2\/media?parent=8863"}],"wp:term":[{"taxonomy":"product_brand","embeddable":true,"href":"https:\/\/nawarpharmacy.com\/de\/wp-json\/wp\/v2\/product_brand?post=8863"},{"taxonomy":"product_cat","embeddable":true,"href":"https:\/\/nawarpharmacy.com\/de\/wp-json\/wp\/v2\/product_cat?post=8863"},{"taxonomy":"product_tag","embeddable":true,"href":"https:\/\/nawarpharmacy.com\/de\/wp-json\/wp\/v2\/product_tag?post=8863"},{"taxonomy":"product_brands","embeddable":true,"href":"https:\/\/nawarpharmacy.com\/de\/wp-json\/wp\/v2\/product_brands?post=8863"}],"curies":[{"name":"wp","href":"https:\/\/api.w.org\/{rel}","templated":true}]}}