{"id":8830,"date":"2025-12-22T07:41:14","date_gmt":"2025-12-22T07:41:14","guid":{"rendered":"https:\/\/nawarpharmacy.com\/?post_type=product&#038;p=8830"},"modified":"2026-01-29T16:45:11","modified_gmt":"2026-01-29T16:45:11","slug":"milga-advance-30-tablets","status":"publish","type":"product","link":"https:\/\/nawarpharmacy.com\/de\/produkt\/milga-advance-30-tablets\/","title":{"rendered":"Milga Advance 30 Tabletten"},"content":{"rendered":"<div class=\"flex flex-col text-sm pb-25\">\n<article class=\"text-token-text-primary w-full focus:outline-none [--shadow-height:45px] has-data-writing-block:pointer-events-none has-data-writing-block:-mt-(--shadow-height) has-data-writing-block:pt-(--shadow-height) [&amp;:has([data-writing-block])&gt;*]:pointer-events-auto scroll-mt-[calc(var(--header-height)+min(200px,max(70px,20svh)))]\" dir=\"auto\" data-turn-id=\"request-WEB:ab28f22f-aab0-4858-8199-88c78b0e3398-24\" data-testid=\"conversation-turn-44\" data-scroll-anchor=\"true\" data-turn=\"assistant\">\n<div class=\"text-base my-auto mx-auto pb-10 [--thread-content-margin:--spacing(4)] @w-sm\/main:[--thread-content-margin:--spacing(6)] @w-lg\/main:[--thread-content-margin:--spacing(16)] px-(--thread-content-margin)\">\n<div class=\"[--thread-content-max-width:40rem] @w-lg\/main:[--thread-content-max-width:48rem] mx-auto max-w-(--thread-content-max-width) flex-1 group\/turn-messages focus-visible:outline-hidden relative flex w-full min-w-0 flex-col agent-turn\">\n<div class=\"flex max-w-full flex-col grow\">\n<div class=\"min-h-8 text-message relative flex w-full flex-col items-end gap-2 text-start break-words whitespace-normal [.text-message+&amp;]:mt-1\" dir=\"auto\" data-message-author-role=\"assistant\" data-message-id=\"f2c94ac8-6730-40d3-8257-c64aa0871bdb\" data-message-model-slug=\"gpt-5-mini\">\n<div class=\"flex w-full flex-col gap-1 empty:hidden first:pt-[1px]\">\n<div class=\"markdown prose dark:prose-invert w-full break-words light markdown-new-styling\">\n<p data-start=\"1743\" data-end=\"1775\"><strong data-start=\"1743\" data-end=\"1775\">Milga Advance 30 Tabletten<\/strong><\/p>\n<p data-start=\"1777\" data-end=\"2062\"><strong data-start=\"1777\" data-end=\"1794\">Beschreibung:<\/strong><br data-start=\"1794\" data-end=\"1797\" \/>Ein Kombinations-Nahrungserg\u00e4nzungsmittel zur Unterst\u00fctzung der Nervengesundheit und zur Linderung von Beschwerden im Zusammenhang mit Nervenreizungen. Enth\u00e4lt in der Regel einen Vitamin-B-Komplex sowie weitere N\u00e4hrstoffe, die zur normalen Nervenfunktion beitragen.<\/p>\n<p data-start=\"2064\" data-end=\"2274\"><strong data-start=\"2064\" data-end=\"2086\">Anwendungsgebiete:<\/strong><br data-start=\"2086\" data-end=\"2089\" \/>Zur Unterst\u00fctzung der peripheren Nervengesundheit, zur Linderung nervenbedingter Beschwerden sowie zur erg\u00e4nzenden N\u00e4hrstoffversorgung, wenn die normale Ern\u00e4hrung nicht ausreichend ist.<\/p>\n<p data-start=\"2276\" data-end=\"2347\"><strong data-start=\"2276\" data-end=\"2320\">Wesentliche Bestandteile (pro Tablette):<\/strong><br data-start=\"2320\" data-end=\"2323\" \/>Enth\u00e4lt \u00fcblicherweise:<\/p>\n<ul data-start=\"2348\" data-end=\"2534\">\n<li data-start=\"2348\" data-end=\"2376\">\n<p data-start=\"2350\" data-end=\"2376\"><strong data-start=\"2350\" data-end=\"2374\">Vitamin B1 (Thiamin)<\/strong><\/p>\n<\/li>\n<li data-start=\"2377\" data-end=\"2407\">\n<p data-start=\"2379\" data-end=\"2407\"><strong data-start=\"2379\" data-end=\"2405\">Vitamin B6 (Pyridoxin)<\/strong><\/p>\n<\/li>\n<li data-start=\"2408\" data-end=\"2439\">\n<p data-start=\"2410\" data-end=\"2439\"><strong data-start=\"2410\" data-end=\"2437\">Vitamin B12 (Cobalamin)<\/strong><\/p>\n<\/li>\n<li data-start=\"2440\" data-end=\"2534\">\n<p data-start=\"2442\" data-end=\"2534\"><strong data-start=\"2442\" data-end=\"2479\">Weitere unterst\u00fctzende N\u00e4hrstoffe<\/strong>, die zur normalen Funktion des Nervensystems beitragen<\/p>\n<\/li>\n<\/ul>\n<p data-start=\"2536\" data-end=\"2654\"><strong data-start=\"2536\" data-end=\"2561\">Empfohlene Dosierung:<\/strong><br data-start=\"2561\" data-end=\"2564\" \/>Einmal t\u00e4glich eine Tablette zu einer Mahlzeit einnehmen oder gem\u00e4\u00df \u00e4rztlicher Empfehlung.<\/p>\n<p data-start=\"2656\" data-end=\"2939\"><strong data-start=\"2656\" data-end=\"2673\">Warnhinweise:<\/strong><br data-start=\"2673\" data-end=\"2676\" \/>Die empfohlene Tagesdosis nicht \u00fcberschreiten. F\u00fcr Kinder unzug\u00e4nglich aufbewahren. Vor der Anwendung R\u00fccksprache mit einem Arzt oder Apotheker halten bei Schwangerschaft, Stillzeit, bei gleichzeitiger Einnahme von Arzneimitteln oder bei bestehenden Erkrankungen.<\/p>\n<p data-start=\"2941\" data-end=\"3141\"><strong data-start=\"2941\" data-end=\"2975\">Allgemeine Vorsichtsma\u00dfnahmen:<\/strong><br data-start=\"2975\" data-end=\"2978\" \/>Personen mit spezifischen Nervenerkrankungen oder bei langfristiger Therapie sollten eine individuelle Beratung durch einen Arzt oder Apotheker in Anspruch nehmen.<\/p>\n<\/div>\n<\/div>\n<\/div>\n<\/div>\n<\/div>\n<\/div>\n<\/article>\n<\/div>\n","protected":false},"excerpt":{"rendered":"<p>Milga Advance 30 Tabletten Beschreibung:Ein Kombinations-Nahrungserg\u00e4nzungsmittel zur Unterst\u00fctzung der Nervengesundheit und zur Linderung von Beschwerden im Zusammenhang mit Nervenreizungen. Enth\u00e4lt in der Regel einen Vitamin-B-Komplex sowie weitere N\u00e4hrstoffe, die zur normalen Nervenfunktion beitragen. Anwendungsgebiete:Zur Unterst\u00fctzung der peripheren Nervengesundheit, zur Linderung nervenbedingter Beschwerden sowie zur erg\u00e4nzenden N\u00e4hrstoffversorgung, wenn die normale Ern\u00e4hrung nicht ausreichend ist. Wesentliche Bestandteile&#8230;<\/p>\n","protected":false},"featured_media":8829,"comment_status":"open","ping_status":"closed","template":"","meta":{"rs_blank_template":"","rs_page_bg_color":"","slide_template_v7":"","_bst_post_transparent":"default","_bst_post_title":"","_bst_post_layout":"default","_bst_post_sidebar_id":"","_bst_post_content_style":"default","_bst_post_vertical_padding":"default","_bst_post_feature":"","_bst_post_feature_position":"","_bst_post_header":false,"_bst_post_footer":false},"product_brand":[],"product_cat":[351,217,277,457,229],"product_tag":[],"product_brands":[],"class_list":{"0":"post-8830","1":"product","2":"type-product","3":"status-publish","4":"has-post-thumbnail","6":"product_cat-medical-forms","7":"product_cat-medicines","8":"product_cat-nervous-system-medications","9":"product_cat-tablets-capsules","10":"product_cat-vitamins-general-supplements","12":"first","13":"instock","14":"shipping-taxable","15":"purchasable","16":"product-type-simple","17":"entry","18":"content-bg","19":"loop-entry"},"_links":{"self":[{"href":"https:\/\/nawarpharmacy.com\/de\/wp-json\/wp\/v2\/product\/8830","targetHints":{"allow":["GET"]}}],"collection":[{"href":"https:\/\/nawarpharmacy.com\/de\/wp-json\/wp\/v2\/product"}],"about":[{"href":"https:\/\/nawarpharmacy.com\/de\/wp-json\/wp\/v2\/types\/product"}],"replies":[{"embeddable":true,"href":"https:\/\/nawarpharmacy.com\/de\/wp-json\/wp\/v2\/comments?post=8830"}],"wp:featuredmedia":[{"embeddable":true,"href":"https:\/\/nawarpharmacy.com\/de\/wp-json\/wp\/v2\/media\/8829"}],"wp:attachment":[{"href":"https:\/\/nawarpharmacy.com\/de\/wp-json\/wp\/v2\/media?parent=8830"}],"wp:term":[{"taxonomy":"product_brand","embeddable":true,"href":"https:\/\/nawarpharmacy.com\/de\/wp-json\/wp\/v2\/product_brand?post=8830"},{"taxonomy":"product_cat","embeddable":true,"href":"https:\/\/nawarpharmacy.com\/de\/wp-json\/wp\/v2\/product_cat?post=8830"},{"taxonomy":"product_tag","embeddable":true,"href":"https:\/\/nawarpharmacy.com\/de\/wp-json\/wp\/v2\/product_tag?post=8830"},{"taxonomy":"product_brands","embeddable":true,"href":"https:\/\/nawarpharmacy.com\/de\/wp-json\/wp\/v2\/product_brands?post=8830"}],"curies":[{"name":"wp","href":"https:\/\/api.w.org\/{rel}","templated":true}]}}