{"id":8781,"date":"2025-12-22T07:45:39","date_gmt":"2025-12-22T07:45:39","guid":{"rendered":"https:\/\/nawarpharmacy.com\/?post_type=product&#038;p=8781"},"modified":"2026-01-29T14:53:35","modified_gmt":"2026-01-29T14:53:35","slug":"now-l-tryptophan-500mg-60-capsules","status":"publish","type":"product","link":"https:\/\/nawarpharmacy.com\/de\/produkt\/now-l-tryptophan-500mg-60-capsules\/","title":{"rendered":"NOW L-Tryptophan 500mg 60 Kapseln"},"content":{"rendered":"<p data-start=\"1609\" data-end=\"1649\"><strong data-start=\"1609\" data-end=\"1649\">NOW L-Tryptophan 500mg 60 Kapseln<\/strong><\/p>\n<p data-start=\"1651\" data-end=\"1864\"><strong data-start=\"1651\" data-end=\"1668\">Beschreibung:<\/strong><br data-start=\"1668\" data-end=\"1671\" \/>Ein Nahrungserg\u00e4nzungsmittel mit L-Tryptophan, einer essenziellen Aminos\u00e4ure und Vorstufe von Serotonin und Melatonin, zur Unterst\u00fctzung des emotionalen Gleichgewichts und der Schlafregulation.<\/p>\n<p data-start=\"1866\" data-end=\"2079\"><strong data-start=\"1866\" data-end=\"1888\">Anwendungsgebiete:<\/strong><br data-start=\"1888\" data-end=\"1891\" \/>Zur Unterst\u00fctzung einer normalen Stimmungslage, der Entspannung sowie gesunder Schlafmuster; kann bei leichten stressbedingten Stimmungsschwankungen oder Einschlafproblemen hilfreich sein.<\/p>\n<p data-start=\"2081\" data-end=\"2133\"><strong data-start=\"2081\" data-end=\"2108\">Wirkstoff (pro Kapsel):<\/strong><br data-start=\"2108\" data-end=\"2111\" \/>L-Tryptophan \u2014 500 mg.<\/p>\n<p data-start=\"2135\" data-end=\"2269\"><strong data-start=\"2135\" data-end=\"2160\">Empfohlene Dosierung:<\/strong><br data-start=\"2160\" data-end=\"2163\" \/>Einmal t\u00e4glich eine Kapsel einnehmen, vorzugsweise auf n\u00fcchternen Magen, oder gem\u00e4\u00df \u00e4rztlicher Empfehlung.<\/p>\n<p data-start=\"2271\" data-end=\"2598\"><strong data-start=\"2271\" data-end=\"2288\">Warnhinweise:<\/strong><br data-start=\"2288\" data-end=\"2291\" \/>Die empfohlene Tagesdosis nicht \u00fcberschreiten. F\u00fcr Kinder unzug\u00e4nglich aufbewahren. Vor der Anwendung R\u00fccksprache mit einem Arzt oder Apotheker halten bei Schwangerschaft, Stillzeit, bei gleichzeitiger Einnahme von Arzneimitteln (insbesondere Antidepressiva oder Sedativa) oder bei bestehenden Erkrankungen.<\/p>\n<p data-start=\"2600\" data-end=\"2881\"><strong data-start=\"2600\" data-end=\"2634\">Allgemeine Vorsichtsma\u00dfnahmen:<\/strong><br data-start=\"2634\" data-end=\"2637\" \/>Vorsicht ist geboten bei Personen mit bekannten Stimmungsst\u00f6rungen oder bei gleichzeitiger Einnahme von Pr\u00e4paraten, die den Serotoninspiegel beeinflussen. Bei Auftreten unerw\u00fcnschter Wirkungen die Einnahme abbrechen und einen Arzt konsultieren.<\/p>\n","protected":false},"excerpt":{"rendered":"<p>NOW L-Tryptophan 500mg 60 Kapseln Beschreibung:Ein Nahrungserg\u00e4nzungsmittel mit L-Tryptophan, einer essenziellen Aminos\u00e4ure und Vorstufe von Serotonin und Melatonin, zur Unterst\u00fctzung des emotionalen Gleichgewichts und der Schlafregulation. Anwendungsgebiete:Zur Unterst\u00fctzung einer normalen Stimmungslage, der Entspannung sowie gesunder Schlafmuster; kann bei leichten stressbedingten Stimmungsschwankungen oder Einschlafproblemen hilfreich sein. Wirkstoff (pro Kapsel):L-Tryptophan \u2014 500 mg. Empfohlene Dosierung:Einmal t\u00e4glich eine&#8230;<\/p>\n","protected":false},"featured_media":8780,"comment_status":"open","ping_status":"closed","template":"","meta":{"rs_blank_template":"","rs_page_bg_color":"","slide_template_v7":"","_bst_post_transparent":"default","_bst_post_title":"","_bst_post_layout":"default","_bst_post_sidebar_id":"","_bst_post_content_style":"default","_bst_post_vertical_padding":"default","_bst_post_feature":"","_bst_post_feature_position":"","_bst_post_header":false,"_bst_post_footer":false},"product_brand":[],"product_cat":[351,217,419,457,229],"product_tag":[],"product_brands":[],"class_list":{"0":"post-8781","1":"product","2":"type-product","3":"status-publish","4":"has-post-thumbnail","6":"product_cat-medical-forms","7":"product_cat-medicines","8":"product_cat-sleep-sedative-medicines","9":"product_cat-tablets-capsules","10":"product_cat-vitamins-general-supplements","12":"first","13":"instock","14":"shipping-taxable","15":"purchasable","16":"product-type-simple","17":"entry","18":"content-bg","19":"loop-entry"},"_links":{"self":[{"href":"https:\/\/nawarpharmacy.com\/de\/wp-json\/wp\/v2\/product\/8781","targetHints":{"allow":["GET"]}}],"collection":[{"href":"https:\/\/nawarpharmacy.com\/de\/wp-json\/wp\/v2\/product"}],"about":[{"href":"https:\/\/nawarpharmacy.com\/de\/wp-json\/wp\/v2\/types\/product"}],"replies":[{"embeddable":true,"href":"https:\/\/nawarpharmacy.com\/de\/wp-json\/wp\/v2\/comments?post=8781"}],"wp:featuredmedia":[{"embeddable":true,"href":"https:\/\/nawarpharmacy.com\/de\/wp-json\/wp\/v2\/media\/8780"}],"wp:attachment":[{"href":"https:\/\/nawarpharmacy.com\/de\/wp-json\/wp\/v2\/media?parent=8781"}],"wp:term":[{"taxonomy":"product_brand","embeddable":true,"href":"https:\/\/nawarpharmacy.com\/de\/wp-json\/wp\/v2\/product_brand?post=8781"},{"taxonomy":"product_cat","embeddable":true,"href":"https:\/\/nawarpharmacy.com\/de\/wp-json\/wp\/v2\/product_cat?post=8781"},{"taxonomy":"product_tag","embeddable":true,"href":"https:\/\/nawarpharmacy.com\/de\/wp-json\/wp\/v2\/product_tag?post=8781"},{"taxonomy":"product_brands","embeddable":true,"href":"https:\/\/nawarpharmacy.com\/de\/wp-json\/wp\/v2\/product_brands?post=8781"}],"curies":[{"name":"wp","href":"https:\/\/api.w.org\/{rel}","templated":true}]}}