{"id":8758,"date":"2025-12-22T07:50:41","date_gmt":"2025-12-22T07:50:41","guid":{"rendered":"https:\/\/nawarpharmacy.com\/?post_type=product&#038;p=8758"},"modified":"2026-01-29T14:47:21","modified_gmt":"2026-01-29T14:47:21","slug":"nitora-30-tablets","status":"publish","type":"product","link":"https:\/\/nawarpharmacy.com\/de\/produkt\/nitora-30-tablets\/","title":{"rendered":"Nitora 30 Tabletten"},"content":{"rendered":"<div class=\"flex flex-col text-sm pb-25\">\n<article class=\"text-token-text-primary w-full focus:outline-none [--shadow-height:45px] has-data-writing-block:pointer-events-none has-data-writing-block:-mt-(--shadow-height) has-data-writing-block:pt-(--shadow-height) [&amp;:has([data-writing-block])&gt;*]:pointer-events-auto scroll-mt-[calc(var(--header-height)+min(200px,max(70px,20svh)))]\" dir=\"auto\" data-turn-id=\"request-WEB:ab28f22f-aab0-4858-8199-88c78b0e3398-14\" data-testid=\"conversation-turn-24\" data-scroll-anchor=\"true\" data-turn=\"assistant\">\n<div class=\"text-base my-auto mx-auto pb-10 [--thread-content-margin:--spacing(4)] @w-sm\/main:[--thread-content-margin:--spacing(6)] @w-lg\/main:[--thread-content-margin:--spacing(16)] px-(--thread-content-margin)\">\n<div class=\"[--thread-content-max-width:40rem] @w-lg\/main:[--thread-content-max-width:48rem] mx-auto max-w-(--thread-content-max-width) flex-1 group\/turn-messages focus-visible:outline-hidden relative flex w-full min-w-0 flex-col agent-turn\">\n<div class=\"flex max-w-full flex-col grow\">\n<div class=\"min-h-8 text-message relative flex w-full flex-col items-end gap-2 text-start break-words whitespace-normal [.text-message+&amp;]:mt-1\" dir=\"auto\" data-message-author-role=\"assistant\" data-message-id=\"f776441a-0b2a-4841-a233-250fd54bb5c4\" data-message-model-slug=\"gpt-5-mini\">\n<div class=\"flex w-full flex-col gap-1 empty:hidden first:pt-[1px]\">\n<div class=\"markdown prose dark:prose-invert w-full break-words light markdown-new-styling\">\n<p data-start=\"1728\" data-end=\"1753\"><strong data-start=\"1728\" data-end=\"1753\">Nitora 30 Tabletten<\/strong><\/p>\n<p data-start=\"1755\" data-end=\"2031\"><strong data-start=\"1755\" data-end=\"1772\">Beschreibung:<\/strong><br data-start=\"1772\" data-end=\"1775\" \/>Ein Mikron\u00e4hrstoff-Nahrungserg\u00e4nzungsmittel zur Unterst\u00fctzung der allgemeinen Gesundheit, des Energiestoffwechsels und des ern\u00e4hrungsphysiologischen Gleichgewichts, das in der Regel eine Kombination aus Vitaminen, Mineralstoffen und Antioxidantien enth\u00e4lt.<\/p>\n<p data-start=\"2033\" data-end=\"2275\"><strong data-start=\"2033\" data-end=\"2055\">Anwendungsgebiete:<\/strong><br data-start=\"2055\" data-end=\"2058\" \/>Zur allgemeinen N\u00e4hrstoffversorgung, wenn die normale Ern\u00e4hrung nicht ausreichend Vitamine und Mineralstoffe liefert; tr\u00e4gt zur Aufrechterhaltung des Energiehaushalts, der Immunfunktion und metabolischer Prozesse bei.<\/p>\n<p data-start=\"2277\" data-end=\"2529\"><strong data-start=\"2277\" data-end=\"2321\">Wesentliche Bestandteile (pro Tablette):<\/strong><br data-start=\"2321\" data-end=\"2324\" \/>Enth\u00e4lt in der Regel eine Kombination aus essenziellen Vitaminen wie B-Komplex, Vitamin C, Vitamin D, Vitamin E sowie wichtigen Mineralstoffen; die genaue Zusammensetzung kann je nach Hersteller variieren.<\/p>\n<p data-start=\"2531\" data-end=\"2649\"><strong data-start=\"2531\" data-end=\"2556\">Empfohlene Dosierung:<\/strong><br data-start=\"2556\" data-end=\"2559\" \/>Einmal t\u00e4glich eine Tablette zu einer Mahlzeit einnehmen oder gem\u00e4\u00df \u00e4rztlicher Empfehlung.<\/p>\n<p data-start=\"2651\" data-end=\"2931\"><strong data-start=\"2651\" data-end=\"2668\">Warnhinweise:<\/strong><br data-start=\"2668\" data-end=\"2671\" \/>Die empfohlene Tagesdosis nicht \u00fcberschreiten. F\u00fcr Kinder unzug\u00e4nglich aufbewahren. Bei Schwangerschaft oder Stillzeit, bei gleichzeitiger Einnahme anderer Arzneimittel oder bei bestehenden Erkrankungen vor der Anwendung einen Arzt oder Apotheker konsultieren.<\/p>\n<p data-start=\"2933\" data-end=\"3181\"><strong data-start=\"2933\" data-end=\"2967\">Allgemeine Vorsichtsma\u00dfnahmen:<\/strong><br data-start=\"2967\" data-end=\"2970\" \/>Bei bestimmten Mangelzust\u00e4nden oder gesundheitlichen Einschr\u00e4nkungen kann eine individuell angepasste Dosierung erforderlich sein. Bei langfristiger Anwendung wird eine regelm\u00e4\u00dfige \u00e4rztliche Kontrolle empfohlen.<\/p>\n<\/div>\n<\/div>\n<\/div>\n<\/div>\n<\/div>\n<\/div>\n<\/article>\n<\/div>\n","protected":false},"excerpt":{"rendered":"<p>Nitora 30 Tabletten Beschreibung:Ein Mikron\u00e4hrstoff-Nahrungserg\u00e4nzungsmittel zur Unterst\u00fctzung der allgemeinen Gesundheit, des Energiestoffwechsels und des ern\u00e4hrungsphysiologischen Gleichgewichts, das in der Regel eine Kombination aus Vitaminen, Mineralstoffen und Antioxidantien enth\u00e4lt. Anwendungsgebiete:Zur allgemeinen N\u00e4hrstoffversorgung, wenn die normale Ern\u00e4hrung nicht ausreichend Vitamine und Mineralstoffe liefert; tr\u00e4gt zur Aufrechterhaltung des Energiehaushalts, der Immunfunktion und metabolischer Prozesse bei. Wesentliche Bestandteile (pro&#8230;<\/p>\n","protected":false},"featured_media":8757,"comment_status":"open","ping_status":"closed","template":"","meta":{"rs_blank_template":"","rs_page_bg_color":"","slide_template_v7":"","_bst_post_transparent":"default","_bst_post_title":"","_bst_post_layout":"default","_bst_post_sidebar_id":"","_bst_post_content_style":"default","_bst_post_vertical_padding":"default","_bst_post_feature":"","_bst_post_feature_position":"","_bst_post_header":false,"_bst_post_footer":false},"product_brand":[],"product_cat":[315,217,231,229],"product_tag":[],"product_brands":[],"class_list":{"0":"post-8758","1":"product","2":"type-product","3":"status-publish","4":"has-post-thumbnail","6":"product_cat-hair-care","7":"product_cat-medicines","8":"product_cat-mineral-supplements","9":"product_cat-vitamins-general-supplements","11":"first","12":"instock","13":"shipping-taxable","14":"purchasable","15":"product-type-simple","16":"entry","17":"content-bg","18":"loop-entry"},"_links":{"self":[{"href":"https:\/\/nawarpharmacy.com\/de\/wp-json\/wp\/v2\/product\/8758","targetHints":{"allow":["GET"]}}],"collection":[{"href":"https:\/\/nawarpharmacy.com\/de\/wp-json\/wp\/v2\/product"}],"about":[{"href":"https:\/\/nawarpharmacy.com\/de\/wp-json\/wp\/v2\/types\/product"}],"replies":[{"embeddable":true,"href":"https:\/\/nawarpharmacy.com\/de\/wp-json\/wp\/v2\/comments?post=8758"}],"wp:featuredmedia":[{"embeddable":true,"href":"https:\/\/nawarpharmacy.com\/de\/wp-json\/wp\/v2\/media\/8757"}],"wp:attachment":[{"href":"https:\/\/nawarpharmacy.com\/de\/wp-json\/wp\/v2\/media?parent=8758"}],"wp:term":[{"taxonomy":"product_brand","embeddable":true,"href":"https:\/\/nawarpharmacy.com\/de\/wp-json\/wp\/v2\/product_brand?post=8758"},{"taxonomy":"product_cat","embeddable":true,"href":"https:\/\/nawarpharmacy.com\/de\/wp-json\/wp\/v2\/product_cat?post=8758"},{"taxonomy":"product_tag","embeddable":true,"href":"https:\/\/nawarpharmacy.com\/de\/wp-json\/wp\/v2\/product_tag?post=8758"},{"taxonomy":"product_brands","embeddable":true,"href":"https:\/\/nawarpharmacy.com\/de\/wp-json\/wp\/v2\/product_brands?post=8758"}],"curies":[{"name":"wp","href":"https:\/\/api.w.org\/{rel}","templated":true}]}}