{"id":8754,"date":"2025-12-22T07:52:07","date_gmt":"2025-12-22T07:52:07","guid":{"rendered":"https:\/\/nawarpharmacy.com\/?post_type=product&#038;p=8754"},"modified":"2026-01-29T14:45:52","modified_gmt":"2026-01-29T14:45:52","slug":"nelex-d3-50000iu-4-tablets","status":"publish","type":"product","link":"https:\/\/nawarpharmacy.com\/de\/produkt\/nelex-d3-50000iu-4-tablets\/","title":{"rendered":"Nelex D3 50000IE 4 Tabletten"},"content":{"rendered":"<div class=\"flex flex-col text-sm pb-25\">\n<article class=\"text-token-text-primary w-full focus:outline-none [--shadow-height:45px] has-data-writing-block:pointer-events-none has-data-writing-block:-mt-(--shadow-height) has-data-writing-block:pt-(--shadow-height) [&amp;:has([data-writing-block])&gt;*]:pointer-events-auto scroll-mt-[calc(var(--header-height)+min(200px,max(70px,20svh)))]\" dir=\"auto\" data-turn-id=\"request-WEB:ab28f22f-aab0-4858-8199-88c78b0e3398-13\" data-testid=\"conversation-turn-22\" data-scroll-anchor=\"true\" data-turn=\"assistant\">\n<div class=\"text-base my-auto mx-auto pb-10 [--thread-content-margin:--spacing(4)] @w-sm\/main:[--thread-content-margin:--spacing(6)] @w-lg\/main:[--thread-content-margin:--spacing(16)] px-(--thread-content-margin)\">\n<div class=\"[--thread-content-max-width:40rem] @w-lg\/main:[--thread-content-max-width:48rem] mx-auto max-w-(--thread-content-max-width) flex-1 group\/turn-messages focus-visible:outline-hidden relative flex w-full min-w-0 flex-col agent-turn\">\n<div class=\"flex max-w-full flex-col grow\">\n<div class=\"min-h-8 text-message relative flex w-full flex-col items-end gap-2 text-start break-words whitespace-normal [.text-message+&amp;]:mt-1\" dir=\"auto\" data-message-author-role=\"assistant\" data-message-id=\"8ed06f16-fd0a-4133-b5a7-b865d76c6bca\" data-message-model-slug=\"gpt-5-mini\">\n<div class=\"flex w-full flex-col gap-1 empty:hidden first:pt-[1px]\">\n<div class=\"markdown prose dark:prose-invert w-full break-words light markdown-new-styling\">\n<p data-start=\"1597\" data-end=\"1635\"><strong data-start=\"1597\" data-end=\"1635\">Nelex D3 50000IE 4 Tabletten<\/strong><\/p>\n<p data-start=\"1637\" data-end=\"1804\"><strong data-start=\"1637\" data-end=\"1654\">Beschreibung:<\/strong><br data-start=\"1654\" data-end=\"1657\" \/>Ein hochdosiertes Vitamin-D3-Pr\u00e4parat zur raschen Behebung eines Vitamin-D-Mangels sowie zur Unterst\u00fctzung der normalen Knochen- und Immunfunktion.<\/p>\n<p data-start=\"1806\" data-end=\"2043\"><strong data-start=\"1806\" data-end=\"1828\">Anwendungsgebiete:<\/strong><br data-start=\"1828\" data-end=\"1831\" \/>Zur Behandlung und Vorbeugung eines Vitamin-D-Mangels; zur Unterst\u00fctzung der Calciumresorption und der Knochenmineralisierung; einsetzbar in F\u00e4llen, in denen klinisch h\u00f6here Dosen von Vitamin D erforderlich sind.<\/p>\n<p data-start=\"2045\" data-end=\"2119\"><strong data-start=\"2045\" data-end=\"2074\">Wirkstoff (pro Tablette):<\/strong><br data-start=\"2074\" data-end=\"2077\" \/>Vitamin D3 (Cholecalciferol) \u2014 50.000 I.E.<\/p>\n<p data-start=\"2121\" data-end=\"2224\"><strong data-start=\"2121\" data-end=\"2146\">Empfohlene Dosierung:<\/strong><br data-start=\"2146\" data-end=\"2149\" \/>Einmal w\u00f6chentlich eine Tablette einnehmen oder gem\u00e4\u00df \u00e4rztlicher Anweisung.<\/p>\n<p data-start=\"2226\" data-end=\"2584\"><strong data-start=\"2226\" data-end=\"2243\">Warnhinweise:<\/strong><br data-start=\"2243\" data-end=\"2246\" \/>Die empfohlene Dosis nicht \u00fcberschreiten. F\u00fcr Kinder unzug\u00e4nglich aufbewahren. Vorsicht bei Patienten mit Hyperkalz\u00e4mie oder Erkrankungen, die mit erh\u00f6hten Calciumspiegeln einhergehen. Vor der Anwendung R\u00fccksprache mit einem Arzt halten bei Schwangerschaft, Stillzeit, Nierenerkrankungen oder gleichzeitiger Einnahme anderer Arzneimittel.<\/p>\n<p data-start=\"2586\" data-end=\"2824\"><strong data-start=\"2586\" data-end=\"2619\">Besondere Vorsichtsma\u00dfnahmen:<\/strong><br data-start=\"2619\" data-end=\"2622\" \/>Bei l\u00e4ngerer Anwendung sollten die Serum-Vitamin-D- und Calciumwerte \u00fcberwacht werden. Anzeichen einer Vitamin-D-\u00dcberdosierung k\u00f6nnen \u00dcbelkeit, Erbrechen, Schw\u00e4che und erh\u00f6hte Calciumwerte im Blut sein.<\/p>\n<\/div>\n<\/div>\n<\/div>\n<\/div>\n<\/div>\n<\/div>\n<\/article>\n<\/div>\n","protected":false},"excerpt":{"rendered":"<p>Nelex D3 50000IE 4 Tabletten Beschreibung:Ein hochdosiertes Vitamin-D3-Pr\u00e4parat zur raschen Behebung eines Vitamin-D-Mangels sowie zur Unterst\u00fctzung der normalen Knochen- und Immunfunktion. Anwendungsgebiete:Zur Behandlung und Vorbeugung eines Vitamin-D-Mangels; zur Unterst\u00fctzung der Calciumresorption und der Knochenmineralisierung; einsetzbar in F\u00e4llen, in denen klinisch h\u00f6here Dosen von Vitamin D erforderlich sind. Wirkstoff (pro Tablette):Vitamin D3 (Cholecalciferol) \u2014 50.000 I.E&#8230;.<\/p>\n","protected":false},"featured_media":8753,"comment_status":"open","ping_status":"closed","template":"","meta":{"rs_blank_template":"","rs_page_bg_color":"","slide_template_v7":"","_bst_post_transparent":"default","_bst_post_title":"","_bst_post_layout":"default","_bst_post_sidebar_id":"","_bst_post_content_style":"default","_bst_post_vertical_padding":"default","_bst_post_feature":"","_bst_post_feature_position":"","_bst_post_header":false,"_bst_post_footer":false},"product_brand":[],"product_cat":[351,239,217,457,229],"product_tag":[],"product_brands":[],"class_list":{"0":"post-8754","1":"product","2":"type-product","3":"status-publish","4":"has-post-thumbnail","6":"product_cat-medical-forms","7":"product_cat-bone-joint-health","8":"product_cat-medicines","9":"product_cat-tablets-capsules","10":"product_cat-vitamins-general-supplements","12":"first","13":"instock","14":"shipping-taxable","15":"purchasable","16":"product-type-simple","17":"entry","18":"content-bg","19":"loop-entry"},"_links":{"self":[{"href":"https:\/\/nawarpharmacy.com\/de\/wp-json\/wp\/v2\/product\/8754","targetHints":{"allow":["GET"]}}],"collection":[{"href":"https:\/\/nawarpharmacy.com\/de\/wp-json\/wp\/v2\/product"}],"about":[{"href":"https:\/\/nawarpharmacy.com\/de\/wp-json\/wp\/v2\/types\/product"}],"replies":[{"embeddable":true,"href":"https:\/\/nawarpharmacy.com\/de\/wp-json\/wp\/v2\/comments?post=8754"}],"wp:featuredmedia":[{"embeddable":true,"href":"https:\/\/nawarpharmacy.com\/de\/wp-json\/wp\/v2\/media\/8753"}],"wp:attachment":[{"href":"https:\/\/nawarpharmacy.com\/de\/wp-json\/wp\/v2\/media?parent=8754"}],"wp:term":[{"taxonomy":"product_brand","embeddable":true,"href":"https:\/\/nawarpharmacy.com\/de\/wp-json\/wp\/v2\/product_brand?post=8754"},{"taxonomy":"product_cat","embeddable":true,"href":"https:\/\/nawarpharmacy.com\/de\/wp-json\/wp\/v2\/product_cat?post=8754"},{"taxonomy":"product_tag","embeddable":true,"href":"https:\/\/nawarpharmacy.com\/de\/wp-json\/wp\/v2\/product_tag?post=8754"},{"taxonomy":"product_brands","embeddable":true,"href":"https:\/\/nawarpharmacy.com\/de\/wp-json\/wp\/v2\/product_brands?post=8754"}],"curies":[{"name":"wp","href":"https:\/\/api.w.org\/{rel}","templated":true}]}}