{"id":8741,"date":"2025-12-22T07:55:17","date_gmt":"2025-12-22T07:55:17","guid":{"rendered":"https:\/\/nawarpharmacy.com\/?post_type=product&#038;p=8741"},"modified":"2026-01-29T14:37:50","modified_gmt":"2026-01-29T14:37:50","slug":"neurovit-30-tablets","status":"publish","type":"product","link":"https:\/\/nawarpharmacy.com\/de\/produkt\/neurovit-30-tablets\/","title":{"rendered":"Neurovit 30 Tabletten"},"content":{"rendered":"<p data-start=\"1301\" data-end=\"1328\"><strong data-start=\"1301\" data-end=\"1328\">Neurovit 30 Tabletten<\/strong><\/p>\n<p data-start=\"1330\" data-end=\"1523\"><strong data-start=\"1330\" data-end=\"1347\">Beschreibung:<\/strong><br data-start=\"1347\" data-end=\"1350\" \/>Ein Vitaminpr\u00e4parat, das speziell zur Unterst\u00fctzung der Nervengesundheit und der normalen Funktion des Nervensystems durch eine Kombination von B-Vitaminen entwickelt wurde.<\/p>\n<p data-start=\"1525\" data-end=\"1709\"><strong data-start=\"1525\" data-end=\"1547\">Anwendungsgebiete:<\/strong><br data-start=\"1547\" data-end=\"1550\" \/>Zur Unterst\u00fctzung des Nervenstoffwechsels, zur Linderung von Symptomen bei Vitamin-B-Mangel sowie zur Aufrechterhaltung einer normalen neurologischen Funktion.<\/p>\n<p data-start=\"1711\" data-end=\"1823\"><strong data-start=\"1711\" data-end=\"1755\">Wesentliche Bestandteile (pro Tablette):<\/strong><br data-start=\"1755\" data-end=\"1758\" \/>Enth\u00e4lt in der Regel einen Vitamin-B-Komplex, wie zum Beispiel:<\/p>\n<ul data-start=\"1824\" data-end=\"1901\">\n<li data-start=\"1824\" data-end=\"1848\">\n<p data-start=\"1826\" data-end=\"1848\">Vitamin B1 (Thiamin)<\/p>\n<\/li>\n<li data-start=\"1849\" data-end=\"1875\">\n<p data-start=\"1851\" data-end=\"1875\">Vitamin B6 (Pyridoxin)<\/p>\n<\/li>\n<li data-start=\"1876\" data-end=\"1901\">\n<p data-start=\"1878\" data-end=\"1901\">Vitamin B12 (Cobalamin)<\/p>\n<\/li>\n<\/ul>\n<p data-start=\"1903\" data-end=\"2021\"><strong data-start=\"1903\" data-end=\"1928\">Empfohlene Dosierung:<\/strong><br data-start=\"1928\" data-end=\"1931\" \/>Einmal t\u00e4glich eine Tablette zu einer Mahlzeit einnehmen oder gem\u00e4\u00df \u00e4rztlicher Empfehlung.<\/p>\n<p data-start=\"2023\" data-end=\"2300\"><strong data-start=\"2023\" data-end=\"2040\">Warnhinweise:<\/strong><br data-start=\"2040\" data-end=\"2043\" \/>Die empfohlene Tagesdosis nicht \u00fcberschreiten. F\u00fcr Kinder unzug\u00e4nglich aufbewahren. Bei Schwangerschaft oder Stillzeit, bei gleichzeitiger Einnahme von Arzneimitteln oder bei bestehenden Erkrankungen vor der Anwendung einen Arzt oder Apotheker konsultieren.<\/p>\n","protected":false},"excerpt":{"rendered":"<p>Neurovit 30 Tabletten Beschreibung:Ein Vitaminpr\u00e4parat, das speziell zur Unterst\u00fctzung der Nervengesundheit und der normalen Funktion des Nervensystems durch eine Kombination von B-Vitaminen entwickelt wurde. Anwendungsgebiete:Zur Unterst\u00fctzung des Nervenstoffwechsels, zur Linderung von Symptomen bei Vitamin-B-Mangel sowie zur Aufrechterhaltung einer normalen neurologischen Funktion. Wesentliche Bestandteile (pro Tablette):Enth\u00e4lt in der Regel einen Vitamin-B-Komplex, wie zum Beispiel: Vitamin B1&#8230;<\/p>\n","protected":false},"featured_media":8740,"comment_status":"open","ping_status":"closed","template":"","meta":{"rs_blank_template":"","rs_page_bg_color":"","slide_template_v7":"","_bst_post_transparent":"default","_bst_post_title":"","_bst_post_layout":"default","_bst_post_sidebar_id":"","_bst_post_content_style":"default","_bst_post_vertical_padding":"default","_bst_post_feature":"","_bst_post_feature_position":"","_bst_post_header":false,"_bst_post_footer":false},"product_brand":[],"product_cat":[351,217,277,457,229],"product_tag":[],"product_brands":[],"class_list":{"0":"post-8741","1":"product","2":"type-product","3":"status-publish","4":"has-post-thumbnail","6":"product_cat-medical-forms","7":"product_cat-medicines","8":"product_cat-nervous-system-medications","9":"product_cat-tablets-capsules","10":"product_cat-vitamins-general-supplements","12":"first","13":"instock","14":"shipping-taxable","15":"purchasable","16":"product-type-simple","17":"entry","18":"content-bg","19":"loop-entry"},"_links":{"self":[{"href":"https:\/\/nawarpharmacy.com\/de\/wp-json\/wp\/v2\/product\/8741","targetHints":{"allow":["GET"]}}],"collection":[{"href":"https:\/\/nawarpharmacy.com\/de\/wp-json\/wp\/v2\/product"}],"about":[{"href":"https:\/\/nawarpharmacy.com\/de\/wp-json\/wp\/v2\/types\/product"}],"replies":[{"embeddable":true,"href":"https:\/\/nawarpharmacy.com\/de\/wp-json\/wp\/v2\/comments?post=8741"}],"wp:featuredmedia":[{"embeddable":true,"href":"https:\/\/nawarpharmacy.com\/de\/wp-json\/wp\/v2\/media\/8740"}],"wp:attachment":[{"href":"https:\/\/nawarpharmacy.com\/de\/wp-json\/wp\/v2\/media?parent=8741"}],"wp:term":[{"taxonomy":"product_brand","embeddable":true,"href":"https:\/\/nawarpharmacy.com\/de\/wp-json\/wp\/v2\/product_brand?post=8741"},{"taxonomy":"product_cat","embeddable":true,"href":"https:\/\/nawarpharmacy.com\/de\/wp-json\/wp\/v2\/product_cat?post=8741"},{"taxonomy":"product_tag","embeddable":true,"href":"https:\/\/nawarpharmacy.com\/de\/wp-json\/wp\/v2\/product_tag?post=8741"},{"taxonomy":"product_brands","embeddable":true,"href":"https:\/\/nawarpharmacy.com\/de\/wp-json\/wp\/v2\/product_brands?post=8741"}],"curies":[{"name":"wp","href":"https:\/\/api.w.org\/{rel}","templated":true}]}}