{"id":8728,"date":"2025-12-22T07:59:03","date_gmt":"2025-12-22T07:59:03","guid":{"rendered":"https:\/\/nawarpharmacy.com\/?post_type=product&#038;p=8728"},"modified":"2026-01-29T14:34:05","modified_gmt":"2026-01-29T14:34:05","slug":"healthy-bc-30-tablets","status":"publish","type":"product","link":"https:\/\/nawarpharmacy.com\/de\/produkt\/healthy-bc-30-tablets\/","title":{"rendered":"Healthy B-Komplex 30 Tabletten"},"content":{"rendered":"<div class=\"flex flex-col text-sm pb-25\">\n<article class=\"text-token-text-primary w-full focus:outline-none [--shadow-height:45px] has-data-writing-block:pointer-events-none has-data-writing-block:-mt-(--shadow-height) has-data-writing-block:pt-(--shadow-height) [&amp;:has([data-writing-block])&gt;*]:pointer-events-auto scroll-mt-[calc(var(--header-height)+min(200px,max(70px,20svh)))]\" dir=\"auto\" data-turn-id=\"request-WEB:ab28f22f-aab0-4858-8199-88c78b0e3398-6\" data-testid=\"conversation-turn-8\" data-scroll-anchor=\"true\" data-turn=\"assistant\">\n<div class=\"text-base my-auto mx-auto pb-10 [--thread-content-margin:--spacing(4)] @w-sm\/main:[--thread-content-margin:--spacing(6)] @w-lg\/main:[--thread-content-margin:--spacing(16)] px-(--thread-content-margin)\">\n<div class=\"[--thread-content-max-width:40rem] @w-lg\/main:[--thread-content-max-width:48rem] mx-auto max-w-(--thread-content-max-width) flex-1 group\/turn-messages focus-visible:outline-hidden relative flex w-full min-w-0 flex-col agent-turn\">\n<div class=\"flex max-w-full flex-col grow\">\n<div class=\"min-h-8 text-message relative flex w-full flex-col items-end gap-2 text-start break-words whitespace-normal [.text-message+&amp;]:mt-1\" dir=\"auto\" data-message-author-role=\"assistant\" data-message-id=\"43f497e7-877a-4fd9-aded-caa387d09eb5\" data-message-model-slug=\"gpt-5-2\">\n<div class=\"flex w-full flex-col gap-1 empty:hidden first:pt-[1px]\">\n<div class=\"markdown prose dark:prose-invert w-full break-words light markdown-new-styling\">\n<p data-start=\"1276\" data-end=\"1312\"><strong data-start=\"1276\" data-end=\"1312\">Healthy B-Komplex 30 Tabletten<\/strong><\/p>\n<p data-start=\"1314\" data-end=\"1484\"><strong data-start=\"1314\" data-end=\"1331\">Beschreibung:<\/strong><br data-start=\"1331\" data-end=\"1334\" \/>Ein hochdosiertes Vitamin-B-Komplex-Pr\u00e4parat zur Unterst\u00fctzung der Energieproduktion, der Funktion des Nervensystems sowie des Stoffwechselgeschehens.<\/p>\n<p data-start=\"1486\" data-end=\"1671\"><strong data-start=\"1486\" data-end=\"1508\">Anwendungsgebiete:<\/strong><br data-start=\"1508\" data-end=\"1511\" \/>Erg\u00e4nzende Versorgung mit Vitaminen des B-Komplexes zur Unterst\u00fctzung der Energiebereitstellung, der kognitiven Funktionen und allgemeiner Stoffwechselprozesse.<\/p>\n<p data-start=\"1673\" data-end=\"1886\"><strong data-start=\"1673\" data-end=\"1717\">Wesentliche Bestandteile (pro Tablette):<\/strong><br data-start=\"1717\" data-end=\"1720\" \/>Vitamin B1 (Thiamin), Vitamin B2 (Riboflavin), Vitamin B3 (Niacin), Vitamin B5 (Pantothens\u00e4ure), Vitamin B6 (Pyridoxin), Vitamin B12 (Cobalamin), Fols\u00e4ure und Biotin.<\/p>\n<p data-start=\"1888\" data-end=\"2006\"><strong data-start=\"1888\" data-end=\"1913\">Empfohlene Dosierung:<\/strong><br data-start=\"1913\" data-end=\"1916\" \/>Einmal t\u00e4glich eine Tablette zu einer Mahlzeit einnehmen oder gem\u00e4\u00df \u00e4rztlicher Empfehlung.<\/p>\n<p data-start=\"2008\" data-end=\"2249\"><strong data-start=\"2008\" data-end=\"2025\">Warnhinweise:<\/strong><br data-start=\"2025\" data-end=\"2028\" \/>Die empfohlene Tagesdosis nicht \u00fcberschreiten. F\u00fcr Kinder unzug\u00e4nglich aufbewahren. Bei gleichzeitiger Einnahme von Arzneimitteln oder bei bestehenden Erkrankungen vor der Anwendung einen Arzt oder Apotheker konsultieren.<\/p>\n<\/div>\n<\/div>\n<\/div>\n<\/div>\n<\/div>\n<\/div>\n<\/article>\n<\/div>\n","protected":false},"excerpt":{"rendered":"<p>Healthy B-Komplex 30 Tabletten Beschreibung:Ein hochdosiertes Vitamin-B-Komplex-Pr\u00e4parat zur Unterst\u00fctzung der Energieproduktion, der Funktion des Nervensystems sowie des Stoffwechselgeschehens. Anwendungsgebiete:Erg\u00e4nzende Versorgung mit Vitaminen des B-Komplexes zur Unterst\u00fctzung der Energiebereitstellung, der kognitiven Funktionen und allgemeiner Stoffwechselprozesse. Wesentliche Bestandteile (pro Tablette):Vitamin B1 (Thiamin), Vitamin B2 (Riboflavin), Vitamin B3 (Niacin), Vitamin B5 (Pantothens\u00e4ure), Vitamin B6 (Pyridoxin), Vitamin B12 (Cobalamin),&#8230;<\/p>\n","protected":false},"featured_media":8727,"comment_status":"open","ping_status":"closed","template":"","meta":{"rs_blank_template":"","rs_page_bg_color":"","slide_template_v7":"","_bst_post_transparent":"default","_bst_post_title":"","_bst_post_layout":"default","_bst_post_sidebar_id":"","_bst_post_content_style":"default","_bst_post_vertical_padding":"default","_bst_post_feature":"","_bst_post_feature_position":"","_bst_post_header":false,"_bst_post_footer":false},"product_brand":[],"product_cat":[351,217,457,229],"product_tag":[],"product_brands":[],"class_list":{"0":"post-8728","1":"product","2":"type-product","3":"status-publish","4":"has-post-thumbnail","6":"product_cat-medical-forms","7":"product_cat-medicines","8":"product_cat-tablets-capsules","9":"product_cat-vitamins-general-supplements","11":"first","12":"instock","13":"shipping-taxable","14":"purchasable","15":"product-type-simple","16":"entry","17":"content-bg","18":"loop-entry"},"_links":{"self":[{"href":"https:\/\/nawarpharmacy.com\/de\/wp-json\/wp\/v2\/product\/8728","targetHints":{"allow":["GET"]}}],"collection":[{"href":"https:\/\/nawarpharmacy.com\/de\/wp-json\/wp\/v2\/product"}],"about":[{"href":"https:\/\/nawarpharmacy.com\/de\/wp-json\/wp\/v2\/types\/product"}],"replies":[{"embeddable":true,"href":"https:\/\/nawarpharmacy.com\/de\/wp-json\/wp\/v2\/comments?post=8728"}],"wp:featuredmedia":[{"embeddable":true,"href":"https:\/\/nawarpharmacy.com\/de\/wp-json\/wp\/v2\/media\/8727"}],"wp:attachment":[{"href":"https:\/\/nawarpharmacy.com\/de\/wp-json\/wp\/v2\/media?parent=8728"}],"wp:term":[{"taxonomy":"product_brand","embeddable":true,"href":"https:\/\/nawarpharmacy.com\/de\/wp-json\/wp\/v2\/product_brand?post=8728"},{"taxonomy":"product_cat","embeddable":true,"href":"https:\/\/nawarpharmacy.com\/de\/wp-json\/wp\/v2\/product_cat?post=8728"},{"taxonomy":"product_tag","embeddable":true,"href":"https:\/\/nawarpharmacy.com\/de\/wp-json\/wp\/v2\/product_tag?post=8728"},{"taxonomy":"product_brands","embeddable":true,"href":"https:\/\/nawarpharmacy.com\/de\/wp-json\/wp\/v2\/product_brands?post=8728"}],"curies":[{"name":"wp","href":"https:\/\/api.w.org\/{rel}","templated":true}]}}