{"id":8716,"date":"2025-12-22T08:01:07","date_gmt":"2025-12-22T08:01:07","guid":{"rendered":"https:\/\/nawarpharmacy.com\/?post_type=product&#038;p=8716"},"modified":"2026-01-29T14:30:18","modified_gmt":"2026-01-29T14:30:18","slug":"wellman-original-30-tablets","status":"publish","type":"product","link":"https:\/\/nawarpharmacy.com\/de\/produkt\/wellman-original-30-tablets\/","title":{"rendered":"Wellman Original 30 Tabletten"},"content":{"rendered":"<div class=\"flex flex-col text-sm pb-25\">\n<article class=\"text-token-text-primary w-full focus:outline-none [--shadow-height:45px] has-data-writing-block:pointer-events-none has-data-writing-block:-mt-(--shadow-height) has-data-writing-block:pt-(--shadow-height) [&amp;:has([data-writing-block])&gt;*]:pointer-events-auto scroll-mt-[calc(var(--header-height)+min(200px,max(70px,20svh)))]\" dir=\"auto\" data-turn-id=\"request-WEB:ab28f22f-aab0-4858-8199-88c78b0e3398-4\" data-testid=\"conversation-turn-4\" data-scroll-anchor=\"true\" data-turn=\"assistant\">\n<div class=\"text-base my-auto mx-auto pb-10 [--thread-content-margin:--spacing(4)] @w-sm\/main:[--thread-content-margin:--spacing(6)] @w-lg\/main:[--thread-content-margin:--spacing(16)] px-(--thread-content-margin)\">\n<div class=\"[--thread-content-max-width:40rem] @w-lg\/main:[--thread-content-max-width:48rem] mx-auto max-w-(--thread-content-max-width) flex-1 group\/turn-messages focus-visible:outline-hidden relative flex w-full min-w-0 flex-col agent-turn\">\n<div class=\"flex max-w-full flex-col grow\">\n<div class=\"min-h-8 text-message relative flex w-full flex-col items-end gap-2 text-start break-words whitespace-normal [.text-message+&amp;]:mt-1\" dir=\"auto\" data-message-author-role=\"assistant\" data-message-id=\"279b3eaa-436a-4a74-a343-8c7821a26d41\" data-message-model-slug=\"gpt-5-2\">\n<div class=\"flex w-full flex-col gap-1 empty:hidden first:pt-[1px]\">\n<div class=\"markdown prose dark:prose-invert w-full break-words light markdown-new-styling\">\n<p data-start=\"1615\" data-end=\"1650\"><strong data-start=\"1615\" data-end=\"1650\">Wellman Original 30 Tabletten<\/strong><\/p>\n<p data-start=\"1652\" data-end=\"1685\"><strong data-start=\"1652\" data-end=\"1673\">Darreichungsform:<\/strong><br data-start=\"1673\" data-end=\"1676\" \/>Tabletten<\/p>\n<p data-start=\"1687\" data-end=\"1893\"><strong data-start=\"1687\" data-end=\"1709\">Anwendungsgebiete:<\/strong><br data-start=\"1709\" data-end=\"1712\" \/>Ein umfassendes Vitamin- und Mineralstoffpr\u00e4parat zur Unterst\u00fctzung der allgemeinen M\u00e4nnergesundheit, des Energiehaushalts, der Immunfunktion sowie der geistigen Leistungsf\u00e4higkeit.<\/p>\n<p data-start=\"1895\" data-end=\"2112\"><strong data-start=\"1895\" data-end=\"1919\">Aktive Bestandteile:<\/strong><br data-start=\"1919\" data-end=\"1922\" \/>Enth\u00e4lt eine ausgewogene Kombination aus Vitaminen (einschlie\u00dflich B-Komplex, Vitamin C, Vitamin D, Vitamin E), essenziellen Mineralstoffen (wie Zink, Magnesium, Selen) sowie Antioxidantien.<\/p>\n<p data-start=\"2114\" data-end=\"2284\"><strong data-start=\"2114\" data-end=\"2150\">Dosierung und Art der Anwendung:<\/strong><br data-start=\"2150\" data-end=\"2153\" \/>Einmal t\u00e4glich eine Tablette zu einer Hauptmahlzeit einnehmen. Mit Wasser schlucken. Die empfohlene Tagesdosis nicht \u00fcberschreiten.<\/p>\n<p data-start=\"2286\" data-end=\"2441\"><strong data-start=\"2286\" data-end=\"2305\">Nebenwirkungen:<\/strong><br data-start=\"2305\" data-end=\"2308\" \/>In der Regel gut vertr\u00e4glich. In seltenen F\u00e4llen k\u00f6nnen leichte gastrointestinale Beschwerden, \u00dcbelkeit oder Kopfschmerzen auftreten.<\/p>\n<p data-start=\"2443\" data-end=\"2527\"><strong data-start=\"2443\" data-end=\"2461\">Gegenanzeigen:<\/strong><br data-start=\"2461\" data-end=\"2464\" \/>\u00dcberempfindlichkeit gegen einen der Bestandteile des Pr\u00e4parats.<\/p>\n<p data-start=\"2529\" data-end=\"2781\"><strong data-start=\"2529\" data-end=\"2552\">Vorsichtsma\u00dfnahmen:<\/strong><br data-start=\"2552\" data-end=\"2555\" \/>Kein Ersatz f\u00fcr eine ausgewogene und abwechslungsreiche Ern\u00e4hrung. Bei bestehenden chronischen Erkrankungen oder gleichzeitiger Einnahme anderer Arzneimittel sollte vor der Anwendung ein Arzt oder Apotheker konsultiert werden.<\/p>\n<p data-start=\"2783\" data-end=\"2897\"><strong data-start=\"2783\" data-end=\"2800\">Aufbewahrung:<\/strong><br data-start=\"2800\" data-end=\"2803\" \/>K\u00fchl und trocken bei einer Temperatur unter 25 \u00b0C lagern. F\u00fcr Kinder unzug\u00e4nglich aufbewahren.<\/p>\n<\/div>\n<\/div>\n<\/div>\n<\/div>\n<\/div>\n<\/div>\n<\/article>\n<\/div>\n","protected":false},"excerpt":{"rendered":"<p>Wellman Original 30 Tabletten Darreichungsform:Tabletten Anwendungsgebiete:Ein umfassendes Vitamin- und Mineralstoffpr\u00e4parat zur Unterst\u00fctzung der allgemeinen M\u00e4nnergesundheit, des Energiehaushalts, der Immunfunktion sowie der geistigen Leistungsf\u00e4higkeit. Aktive Bestandteile:Enth\u00e4lt eine ausgewogene Kombination aus Vitaminen (einschlie\u00dflich B-Komplex, Vitamin C, Vitamin D, Vitamin E), essenziellen Mineralstoffen (wie Zink, Magnesium, Selen) sowie Antioxidantien. Dosierung und Art der Anwendung:Einmal t\u00e4glich eine Tablette zu&#8230;<\/p>\n","protected":false},"featured_media":8715,"comment_status":"open","ping_status":"closed","template":"","meta":{"rs_blank_template":"","rs_page_bg_color":"","slide_template_v7":"","_bst_post_transparent":"default","_bst_post_title":"","_bst_post_layout":"default","_bst_post_sidebar_id":"","_bst_post_content_style":"default","_bst_post_vertical_padding":"default","_bst_post_feature":"","_bst_post_feature_position":"","_bst_post_header":false,"_bst_post_footer":false},"product_brand":[],"product_cat":[351,217,457,229],"product_tag":[],"product_brands":[],"class_list":{"0":"post-8716","1":"product","2":"type-product","3":"status-publish","4":"has-post-thumbnail","6":"product_cat-medical-forms","7":"product_cat-medicines","8":"product_cat-tablets-capsules","9":"product_cat-vitamins-general-supplements","11":"first","12":"instock","13":"shipping-taxable","14":"purchasable","15":"product-type-simple","16":"entry","17":"content-bg","18":"loop-entry"},"_links":{"self":[{"href":"https:\/\/nawarpharmacy.com\/de\/wp-json\/wp\/v2\/product\/8716","targetHints":{"allow":["GET"]}}],"collection":[{"href":"https:\/\/nawarpharmacy.com\/de\/wp-json\/wp\/v2\/product"}],"about":[{"href":"https:\/\/nawarpharmacy.com\/de\/wp-json\/wp\/v2\/types\/product"}],"replies":[{"embeddable":true,"href":"https:\/\/nawarpharmacy.com\/de\/wp-json\/wp\/v2\/comments?post=8716"}],"wp:featuredmedia":[{"embeddable":true,"href":"https:\/\/nawarpharmacy.com\/de\/wp-json\/wp\/v2\/media\/8715"}],"wp:attachment":[{"href":"https:\/\/nawarpharmacy.com\/de\/wp-json\/wp\/v2\/media?parent=8716"}],"wp:term":[{"taxonomy":"product_brand","embeddable":true,"href":"https:\/\/nawarpharmacy.com\/de\/wp-json\/wp\/v2\/product_brand?post=8716"},{"taxonomy":"product_cat","embeddable":true,"href":"https:\/\/nawarpharmacy.com\/de\/wp-json\/wp\/v2\/product_cat?post=8716"},{"taxonomy":"product_tag","embeddable":true,"href":"https:\/\/nawarpharmacy.com\/de\/wp-json\/wp\/v2\/product_tag?post=8716"},{"taxonomy":"product_brands","embeddable":true,"href":"https:\/\/nawarpharmacy.com\/de\/wp-json\/wp\/v2\/product_brands?post=8716"}],"curies":[{"name":"wp","href":"https:\/\/api.w.org\/{rel}","templated":true}]}}