{"id":8707,"date":"2025-12-27T11:15:54","date_gmt":"2025-12-27T11:15:54","guid":{"rendered":"https:\/\/nawarpharmacy.com\/?post_type=product&#038;p=8707"},"modified":"2026-01-28T17:24:36","modified_gmt":"2026-01-28T17:24:36","slug":"ursofalk-250mg-20-capsules","status":"publish","type":"product","link":"https:\/\/nawarpharmacy.com\/de\/produkt\/ursofalk-250mg-20-capsules\/","title":{"rendered":"Ursofalk 250mg 20 Kapseln"},"content":{"rendered":"<div class=\"flex flex-col text-sm pb-25\">\n<article class=\"text-token-text-primary w-full focus:outline-none [--shadow-height:45px] has-data-writing-block:pointer-events-none has-data-writing-block:-mt-(--shadow-height) has-data-writing-block:pt-(--shadow-height) [&amp;:has([data-writing-block])&gt;*]:pointer-events-auto scroll-mt-[calc(var(--header-height)+min(200px,max(70px,20svh)))]\" dir=\"auto\" data-turn-id=\"request-694e6b10-04e8-832b-952c-d7399b2e4344-1\" data-testid=\"conversation-turn-170\" data-scroll-anchor=\"true\" data-turn=\"assistant\">\n<div class=\"text-base my-auto mx-auto pb-10 [--thread-content-margin:--spacing(4)] @w-sm\/main:[--thread-content-margin:--spacing(6)] @w-lg\/main:[--thread-content-margin:--spacing(16)] px-(--thread-content-margin)\">\n<div class=\"[--thread-content-max-width:40rem] @w-lg\/main:[--thread-content-max-width:48rem] mx-auto max-w-(--thread-content-max-width) flex-1 group\/turn-messages focus-visible:outline-hidden relative flex w-full min-w-0 flex-col agent-turn\">\n<div class=\"flex max-w-full flex-col grow\">\n<div class=\"min-h-8 text-message relative flex w-full flex-col items-end gap-2 text-start break-words whitespace-normal [.text-message+&amp;]:mt-1\" dir=\"auto\" data-message-author-role=\"assistant\" data-message-id=\"74be9b90-ba9a-493a-8b10-e4f5876fbd75\" data-message-model-slug=\"gpt-5-2\">\n<div class=\"flex w-full flex-col gap-1 empty:hidden first:pt-[1px]\">\n<div class=\"markdown prose dark:prose-invert w-full break-words light markdown-new-styling\">\n<p data-start=\"2448\" data-end=\"2480\"><strong data-start=\"2448\" data-end=\"2480\">Ursofalk 250mg 20 Kapseln<\/strong><\/p>\n<h3 data-start=\"2482\" data-end=\"2503\"><strong data-start=\"2486\" data-end=\"2503\">Beschreibung:<\/strong><\/h3>\n<p data-start=\"2504\" data-end=\"2739\">Verschreibungspflichtiges Arzneimittel mit <strong data-start=\"2547\" data-end=\"2570\">Ursodesoxychols\u00e4ure<\/strong>, einer nat\u00fcrlich vorkommenden Gallens\u00e4ure, die den Gallenfluss f\u00f6rdert und Leberzellen sch\u00fctzt. Es wird h\u00e4ufig bei Erkrankungen der Leber und der Gallenwege eingesetzt.<\/p>\n<h3 data-start=\"2741\" data-end=\"2767\"><strong data-start=\"2745\" data-end=\"2767\">Anwendungsgebiete:<\/strong><\/h3>\n<p data-start=\"2768\" data-end=\"2790\">Zur Unterst\u00fctzung bei:<\/p>\n<ul data-start=\"2791\" data-end=\"3147\">\n<li data-start=\"2791\" data-end=\"2931\">\n<p data-start=\"2793\" data-end=\"2931\">Aufl\u00f6sung bestimmter Cholesterin-Gallensteine bei Patienten mit funktionsf\u00e4higer Gallenblase, die nicht f\u00fcr eine Operation geeignet sind<\/p>\n<\/li>\n<li data-start=\"2932\" data-end=\"3042\">\n<p data-start=\"2934\" data-end=\"3042\">Behandlung der prim\u00e4r bili\u00e4ren Cholangitis (PBC) sowie anderer chronisch cholestatischer Lebererkrankungen<\/p>\n<\/li>\n<li data-start=\"3043\" data-end=\"3147\">\n<p data-start=\"3045\" data-end=\"3147\">Verbesserung des Gallenflusses und Senkung erh\u00f6hter Leberenzymwerte bei ausgew\u00e4hlten Lebererkrankungen<\/p>\n<\/li>\n<\/ul>\n<h3 data-start=\"3149\" data-end=\"3180\"><strong data-start=\"3153\" data-end=\"3180\">Wirkstoff (pro Kapsel):<\/strong><\/h3>\n<p data-start=\"3181\" data-end=\"3222\"><strong data-start=\"3181\" data-end=\"3222\">Ursodesoxychols\u00e4ure (Ursodiol) 250 mg<\/strong><\/p>\n<h3 data-start=\"3224\" data-end=\"3256\"><strong data-start=\"3228\" data-end=\"3256\">Dosierung und Anwendung:<\/strong><\/h3>\n<p data-start=\"3257\" data-end=\"3518\">Einnahme ausschlie\u00dflich nach \u00e4rztlicher Anweisung. Die Dosierung richtet sich nach der jeweiligen Indikation und wird in der Regel auf zwei bis drei Einzeldosen pro Tag aufgeteilt. Die Einnahme sollte zu den Mahlzeiten erfolgen, um die Resorption zu verbessern.<\/p>\n<h3 data-start=\"3520\" data-end=\"3544\"><strong data-start=\"3524\" data-end=\"3544\">Wirkmechanismus:<\/strong><\/h3>\n<p data-start=\"3545\" data-end=\"3827\">Ursodesoxychols\u00e4ure verringert die Cholesterins\u00e4ttigung der Galle und kann dadurch zur allm\u00e4hlichen Aufl\u00f6sung von Cholesterin-Gallensteinen beitragen. Zus\u00e4tzlich stabilisiert sie die Zellmembranen der Leber, verbessert den Gallenfluss und reduziert gallens\u00e4urebedingte Lebersch\u00e4den.<\/p>\n<h3 data-start=\"3829\" data-end=\"3850\"><strong data-start=\"3833\" data-end=\"3850\">Warnhinweise:<\/strong><\/h3>\n<p data-start=\"3851\" data-end=\"4119\">Nur unter \u00e4rztlicher Aufsicht anwenden. Die verordnete Dosis nicht \u00fcberschreiten. F\u00fcr Kinder unzug\u00e4nglich aufbewahren. Vor der Anwendung \u00e4rztlichen Rat einholen bei Schwangerschaft, Stillzeit, gleichzeitiger Einnahme anderer Arzneimittel oder bestehenden Erkrankungen.<\/p>\n<h3 data-start=\"4121\" data-end=\"4153\"><strong data-start=\"4125\" data-end=\"4153\">M\u00f6gliche Nebenwirkungen:<\/strong><\/h3>\n<p data-start=\"4154\" data-end=\"4253\">Leichte gastrointestinale Beschwerden wie Durchfall, \u00dcbelkeit oder Bauchschmerzen k\u00f6nnen auftreten.<\/p>\n<h3 data-start=\"4255\" data-end=\"4282\"><strong data-start=\"4259\" data-end=\"4282\">Vorsichtsma\u00dfnahmen:<\/strong><\/h3>\n<p data-start=\"4283\" data-end=\"4601\">W\u00e4hrend der Behandlung sollten die Leberfunktionswerte und der klinische Verlauf regelm\u00e4\u00dfig \u00fcberwacht werden. Das Arzneimittel ist bei vollst\u00e4ndigem Verschluss der Gallenwege kontraindiziert. Informieren Sie Ihren Arzt \u00fcber alle eingenommenen Medikamente und Nahrungserg\u00e4nzungsmittel, um Wechselwirkungen zu vermeiden.<\/p>\n<\/div>\n<\/div>\n<\/div>\n<\/div>\n<\/div>\n<\/div>\n<\/article>\n<\/div>\n","protected":false},"excerpt":{"rendered":"<p>Ursofalk 250mg 20 Kapseln Beschreibung: Verschreibungspflichtiges Arzneimittel mit Ursodesoxychols\u00e4ure, einer nat\u00fcrlich vorkommenden Gallens\u00e4ure, die den Gallenfluss f\u00f6rdert und Leberzellen sch\u00fctzt. Es wird h\u00e4ufig bei Erkrankungen der Leber und der Gallenwege eingesetzt. Anwendungsgebiete: Zur Unterst\u00fctzung bei: Aufl\u00f6sung bestimmter Cholesterin-Gallensteine bei Patienten mit funktionsf\u00e4higer Gallenblase, die nicht f\u00fcr eine Operation geeignet sind Behandlung der prim\u00e4r bili\u00e4ren Cholangitis&#8230;<\/p>\n","protected":false},"featured_media":8706,"comment_status":"open","ping_status":"closed","template":"","meta":{"rs_blank_template":"","rs_page_bg_color":"","slide_template_v7":"","_bst_post_transparent":"default","_bst_post_title":"","_bst_post_layout":"default","_bst_post_sidebar_id":"","_bst_post_content_style":"default","_bst_post_vertical_padding":"default","_bst_post_feature":"","_bst_post_feature_position":"","_bst_post_header":false,"_bst_post_footer":false},"product_brand":[],"product_cat":[351,283,217,457],"product_tag":[],"product_brands":[],"class_list":{"0":"post-8707","1":"product","2":"type-product","3":"status-publish","4":"has-post-thumbnail","6":"product_cat-medical-forms","7":"product_cat-liver-support","8":"product_cat-medicines","9":"product_cat-tablets-capsules","11":"first","12":"instock","13":"shipping-taxable","14":"purchasable","15":"product-type-simple","16":"entry","17":"content-bg","18":"loop-entry"},"_links":{"self":[{"href":"https:\/\/nawarpharmacy.com\/de\/wp-json\/wp\/v2\/product\/8707","targetHints":{"allow":["GET"]}}],"collection":[{"href":"https:\/\/nawarpharmacy.com\/de\/wp-json\/wp\/v2\/product"}],"about":[{"href":"https:\/\/nawarpharmacy.com\/de\/wp-json\/wp\/v2\/types\/product"}],"replies":[{"embeddable":true,"href":"https:\/\/nawarpharmacy.com\/de\/wp-json\/wp\/v2\/comments?post=8707"}],"wp:featuredmedia":[{"embeddable":true,"href":"https:\/\/nawarpharmacy.com\/de\/wp-json\/wp\/v2\/media\/8706"}],"wp:attachment":[{"href":"https:\/\/nawarpharmacy.com\/de\/wp-json\/wp\/v2\/media?parent=8707"}],"wp:term":[{"taxonomy":"product_brand","embeddable":true,"href":"https:\/\/nawarpharmacy.com\/de\/wp-json\/wp\/v2\/product_brand?post=8707"},{"taxonomy":"product_cat","embeddable":true,"href":"https:\/\/nawarpharmacy.com\/de\/wp-json\/wp\/v2\/product_cat?post=8707"},{"taxonomy":"product_tag","embeddable":true,"href":"https:\/\/nawarpharmacy.com\/de\/wp-json\/wp\/v2\/product_tag?post=8707"},{"taxonomy":"product_brands","embeddable":true,"href":"https:\/\/nawarpharmacy.com\/de\/wp-json\/wp\/v2\/product_brands?post=8707"}],"curies":[{"name":"wp","href":"https:\/\/api.w.org\/{rel}","templated":true}]}}